{"id":990,"date":"2019-08-21T20:59:18","date_gmt":"2019-08-21T17:59:18","guid":{"rendered":"https:\/\/www.sistemteknik.com\/ferrous\/?page_id=990"},"modified":"2023-08-04T13:03:41","modified_gmt":"2023-08-04T10:03:41","slug":"ozel-isil-islem-hatlari","status":"publish","type":"page","link":"https:\/\/www.sistemteknik.com\/ferrous\/ozel-isil-islem-hatlari\/","title":{"rendered":"\u00d6zel Is\u0131l \u0130\u015flem Hatlar\u0131"},"content":{"rendered":"<div class=\"wpb-content-wrapper\"><p>[vc_row][vc_column][vc_row_inner equal_height=&#8221;yes&#8221;][vc_column_inner width=&#8221;1\/2&#8243; css=&#8221;.vc_custom_1568130487827{margin-bottom: 0px !important;padding-bottom: 0px !important;}&#8221;][vc_column_text]Demir ve \u00c7elik sekt\u00f6r\u00fcnde standart f\u0131r\u0131nlar\u0131n yan\u0131 s\u0131ra malzeme ve prosesleriniz i\u00e7in talebe \u00f6zel dizayn edilmi\u015f \u0131s\u0131l i\u015flem hatlar\u0131 \u00fcretimleri ger\u00e7ekle\u015ftirmekteyiz.<\/p>\n<p>\u00d6zel Is\u0131l i\u015flem ihtiya\u00e7lar\u0131n\u0131za uygun \u00e7\u00f6z\u00fcmleriniz i\u00e7in uzman sat\u0131\u015f ekibimiz ile ileti\u015fime ge\u00e7ebilirsiniz.[\/vc_column_text][\/vc_column_inner][vc_column_inner width=&#8221;1\/2&#8243; css=&#8221;.vc_custom_1568130495629{margin-bottom: 0px !important;padding-bottom: 0px !important;}&#8221;][vc_gallery type=&#8221;flexslider_slide&#8221; interval=&#8221;0&#8243; images=&#8221;3596,3599&#8243; img_size=&#8221;full&#8221; onclick=&#8221;&#8221;][\/vc_column_inner][\/vc_row_inner][\/vc_column][vc_column width=&#8221;1\/2&#8243; css=&#8221;.vc_custom_1568130501456{padding-top: 0px !important;}&#8221;][vc_btn title=&#8221;KATALO\u011eU \u0130ND\u0130R&#8221; style=&#8221;outline-custom&#8221; outline_custom_color=&#8221;#cf291e&#8221; outline_custom_hover_background=&#8221;#cf291e&#8221; outline_custom_hover_text=&#8221;#ffffff&#8221; align=&#8221;left&#8221; i_icon_fontawesome=&#8221;fas fa-file-pdf&#8221; add_icon=&#8221;true&#8221; link=&#8221;url:https%3A%2F%2Fwww.sistemteknik.com%2Fferrous%2Fwp-content%2Fuploads%2F2019%2F03%2Fornek-pdf.pdf||target:%20_blank|&#8221;][\/vc_column][vc_column][vc_custom_heading text=&#8221;Teklif \u0130ste&#8221; use_theme_fonts=&#8221;yes&#8221;]\n<div class=\"wpcf7 no-js\" id=\"wpcf7-f532-o1\" lang=\"tr-TR\" dir=\"ltr\">\n<div class=\"screen-reader-response\"><p role=\"status\" aria-live=\"polite\" aria-atomic=\"true\"><\/p> <ul><\/ul><\/div>\n<form action=\"\/ferrous\/wp-json\/wp\/v2\/pages\/990#wpcf7-f532-o1\" method=\"post\" class=\"wpcf7-form init\" aria-label=\"Contact form\" novalidate=\"novalidate\" data-status=\"init\">\n<div style=\"display: none;\">\n<input type=\"hidden\" name=\"_wpcf7\" value=\"532\" \/>\n<input type=\"hidden\" name=\"_wpcf7_version\" value=\"5.8.6\" \/>\n<input type=\"hidden\" name=\"_wpcf7_locale\" value=\"tr_TR\" \/>\n<input type=\"hidden\" name=\"_wpcf7_unit_tag\" value=\"wpcf7-f532-o1\" \/>\n<input type=\"hidden\" name=\"_wpcf7_container_post\" value=\"0\" \/>\n<input type=\"hidden\" name=\"_wpcf7_posted_data_hash\" value=\"\" \/>\n<\/div>\n<div class=\"c-form o-layout\">\n\t<div class=\"o-layout__item u-1\/2@tablet\">\n\t\t<div class=\"c-form__group\">\n\t\t\t<p><span class=\"wpcf7-form-control-wrap\" data-name=\"adsoyad\"><input size=\"40\" class=\"wpcf7-form-control wpcf7-text wpcf7-validates-as-required c-form__input\" aria-required=\"true\" aria-invalid=\"false\" placeholder=\"Ad Soyad*\" value=\"\" type=\"text\" name=\"adsoyad\" \/><\/span>\n\t\t\t<\/p>\n\t\t<\/div>\n\t\t<div class=\"c-form__group\">\n\t\t\t<p><span class=\"wpcf7-form-control-wrap\" data-name=\"eposta\"><input size=\"40\" class=\"wpcf7-form-control wpcf7-email wpcf7-validates-as-required wpcf7-text wpcf7-validates-as-email c-form__input\" aria-required=\"true\" aria-invalid=\"false\" placeholder=\"E-Posta*\" value=\"\" type=\"email\" name=\"eposta\" \/><\/span>\n\t\t\t<\/p>\n\t\t<\/div>\n\t\t<div class=\"c-form__group\">\n\t\t\t<p><span class=\"wpcf7-form-control-wrap\" data-name=\"telefon\"><input size=\"40\" class=\"wpcf7-form-control wpcf7-text wpcf7-validates-as-required c-form__input\" aria-required=\"true\" aria-invalid=\"false\" placeholder=\"Telefon*\" value=\"\" type=\"text\" name=\"telefon\" \/><\/span>\n\t\t\t<\/p>\n\t\t<\/div>\n\t\t<div class=\"c-form__group\">\n\t\t\t<p><span class=\"wpcf7-form-control-wrap\" data-name=\"firma\"><input size=\"40\" class=\"wpcf7-form-control wpcf7-text c-form__input\" aria-invalid=\"false\" placeholder=\"Firma\" value=\"\" type=\"text\" name=\"firma\" \/><\/span>\n\t\t\t<\/p>\n\t\t<\/div>\n\t\t<div class=\"c-form__group\">\n\t\t\t<p><span class=\"wpcf7-form-control-wrap\" data-name=\"adres\"><textarea cols=\"40\" rows=\"2\" class=\"wpcf7-form-control wpcf7-textarea c-form__input\" aria-invalid=\"false\" placeholder=\"Adres\" name=\"adres\"><\/textarea><\/span>\n\t\t\t<\/p>\n\t\t<\/div>\n\t<\/div>\n\t<div class=\"o-layout__item u-1\/2@tablet\">\n\t\t<div class=\"c-form__group\">\n\t\t\t<p><span class=\"wpcf7-form-control-wrap\" data-name=\"mesaj\"><textarea cols=\"40\" rows=\"19\" class=\"wpcf7-form-control wpcf7-textarea c-form__input\" aria-invalid=\"false\" placeholder=\"Mesaj\" name=\"mesaj\"><\/textarea><\/span>\n\t\t\t<\/p>\n\t\t<\/div>\n\t<\/div>\n\t<div class=\"o-layout__item\">\n\t\t<div class=\"c-form__group u-align-right\">\n\t\t\t<p><input class=\"wpcf7-form-control wpcf7-submit has-spinner c-form__submit\" type=\"submit\" value=\"G\u00f6nder\" \/>\n\t\t\t<\/p>\n\t\t<\/div>\n\t<\/div>\n<\/div><p style=\"display: none !important;\" class=\"akismet-fields-container\" data-prefix=\"_wpcf7_ak_\"><label>&#916;<textarea name=\"_wpcf7_ak_hp_textarea\" cols=\"45\" rows=\"8\" maxlength=\"100\"><\/textarea><\/label><input type=\"hidden\" id=\"ak_js_1\" name=\"_wpcf7_ak_js\" value=\"43\"\/><script>document.getElementById( \"ak_js_1\" ).setAttribute( \"value\", ( new Date() ).getTime() );<\/script><\/p><div class=\"wpcf7-response-output\" aria-hidden=\"true\"><\/div>\n<\/form>\n<\/div>\n[\/vc_column][\/vc_row]<\/p>\n<\/div>","protected":false},"excerpt":{"rendered":"<p>[vc_row][vc_column][vc_row_inner equal_height=&#8221;yes&#8221;][vc_column_inner width=&#8221;1\/2&#8243; css=&#8221;.vc_custom_1568130487827{margin-bottom: 0px !important;padding-bottom: 0px !important;}&#8221;][vc_column_text]Demir ve \u00c7elik [&hellip;]<\/p>\n","protected":false},"author":2,"featured_media":749,"parent":0,"menu_order":100,"comment_status":"closed","ping_status":"closed","template":"","meta":{"footnotes":""},"acf":[],"yoast_head":"<!-- This site is optimized with the Yoast SEO plugin v21.8.1 - https:\/\/yoast.com\/wordpress\/plugins\/seo\/ -->\n<title>\u00d6zel Tasar\u0131m Is\u0131l \u0130\u015flem Hatlar\u0131 - Teklif Al | Sistem Teknik<\/title>\n<meta name=\"description\" content=\"Termal dif\u00fczyon kaplama, d\u00f6ner tabanl\u0131, infrared, IR, kompozit f\u0131r\u0131n\u0131, demilitarizasyon tesisleri gibi talepleriniz i\u00e7in \u00f6zel tasar\u0131m hatlar Sitem Teknik&#039;de!\" \/>\n<meta name=\"robots\" content=\"index, follow, max-snippet:-1, max-image-preview:large, max-video-preview:-1\" \/>\n<link rel=\"canonical\" href=\"https:\/\/www.sistemteknik.com\/ferrous\/ozel-isil-islem-hatlari\/\" \/>\n<meta property=\"og:locale\" content=\"tr_TR\" \/>\n<meta property=\"og:type\" content=\"article\" \/>\n<meta property=\"og:title\" content=\"\u00d6zel Tasar\u0131m Is\u0131l \u0130\u015flem Hatlar\u0131 - Teklif Al | Sistem Teknik\" \/>\n<meta property=\"og:description\" content=\"Termal dif\u00fczyon kaplama, d\u00f6ner tabanl\u0131, infrared, IR, kompozit f\u0131r\u0131n\u0131, demilitarizasyon tesisleri gibi talepleriniz i\u00e7in \u00f6zel tasar\u0131m hatlar Sitem Teknik&#039;de!\" \/>\n<meta property=\"og:url\" content=\"https:\/\/www.sistemteknik.com\/ferrous\/ozel-isil-islem-hatlari\/\" \/>\n<meta property=\"og:site_name\" content=\"Sistem Teknik Sanayi F\u0131r\u0131nlar\u0131 A.\u015e.\" \/>\n<meta property=\"article:publisher\" content=\"https:\/\/www.facebook.com\/sistemteknikindustrialfurnace\" \/>\n<meta property=\"article:modified_time\" content=\"2023-08-04T10:03:41+00:00\" \/>\n<meta property=\"og:image\" content=\"https:\/\/www.sistemteknik.com\/ferrous\/wp-content\/uploads\/2019\/07\/img02-e1613524824820.jpg\" \/>\n\t<meta property=\"og:image:width\" content=\"1500\" \/>\n\t<meta property=\"og:image:height\" content=\"2241\" \/>\n\t<meta property=\"og:image:type\" content=\"image\/jpeg\" \/>\n<meta name=\"twitter:card\" content=\"summary_large_image\" \/>\n<meta name=\"twitter:label1\" content=\"Tahmini okuma s\u00fcresi\" \/>\n\t<meta name=\"twitter:data1\" content=\"1 dakika\" \/>\n<script type=\"application\/ld+json\" class=\"yoast-schema-graph\">{\"@context\":\"https:\/\/schema.org\",\"@graph\":[{\"@type\":\"TechArticle\",\"@id\":\"https:\/\/www.sistemteknik.com\/ferrous\/ozel-isil-islem-hatlari\/#article\",\"isPartOf\":{\"@id\":\"https:\/\/www.sistemteknik.com\/ferrous\/ozel-isil-islem-hatlari\/\"},\"author\":{\"name\":\"levent\",\"@id\":\"https:\/\/www.sistemteknik.com\/ferrous\/#\/schema\/person\/75132085906856e76b395571c680f61e\"},\"headline\":\"\u00d6zel Is\u0131l \u0130\u015flem Hatlar\u0131\",\"datePublished\":\"2019-08-21T17:59:18+00:00\",\"dateModified\":\"2023-08-04T10:03:41+00:00\",\"mainEntityOfPage\":{\"@id\":\"https:\/\/www.sistemteknik.com\/ferrous\/ozel-isil-islem-hatlari\/\"},\"wordCount\":204,\"publisher\":{\"@id\":\"https:\/\/www.sistemteknik.com\/ferrous\/#organization\"},\"inLanguage\":\"tr\"},{\"@type\":[\"WebPage\",\"ItemPage\"],\"@id\":\"https:\/\/www.sistemteknik.com\/ferrous\/ozel-isil-islem-hatlari\/\",\"url\":\"https:\/\/www.sistemteknik.com\/ferrous\/ozel-isil-islem-hatlari\/\",\"name\":\"\u00d6zel Tasar\u0131m Is\u0131l \u0130\u015flem Hatlar\u0131 - Teklif Al | Sistem Teknik\",\"isPartOf\":{\"@id\":\"https:\/\/www.sistemteknik.com\/ferrous\/#website\"},\"datePublished\":\"2019-08-21T17:59:18+00:00\",\"dateModified\":\"2023-08-04T10:03:41+00:00\",\"description\":\"Termal dif\u00fczyon kaplama, d\u00f6ner tabanl\u0131, infrared, IR, kompozit f\u0131r\u0131n\u0131, demilitarizasyon tesisleri gibi talepleriniz i\u00e7in \u00f6zel tasar\u0131m hatlar Sitem Teknik'de!\",\"breadcrumb\":{\"@id\":\"https:\/\/www.sistemteknik.com\/ferrous\/ozel-isil-islem-hatlari\/#breadcrumb\"},\"inLanguage\":\"tr\",\"potentialAction\":[{\"@type\":\"ReadAction\",\"target\":[\"https:\/\/www.sistemteknik.com\/ferrous\/ozel-isil-islem-hatlari\/\"]}]},{\"@type\":\"BreadcrumbList\",\"@id\":\"https:\/\/www.sistemteknik.com\/ferrous\/ozel-isil-islem-hatlari\/#breadcrumb\",\"itemListElement\":[{\"@type\":\"ListItem\",\"position\":1,\"name\":\"Ana sayfa\",\"item\":\"https:\/\/www.sistemteknik.com\/ferrous\/\"},{\"@type\":\"ListItem\",\"position\":2,\"name\":\"\u00d6zel Is\u0131l \u0130\u015flem Hatlar\u0131\"}]},{\"@type\":\"WebSite\",\"@id\":\"https:\/\/www.sistemteknik.com\/ferrous\/#website\",\"url\":\"https:\/\/www.sistemteknik.com\/ferrous\/\",\"name\":\"Sistem Teknik Sanayi F\u0131r\u0131nlar\u0131 A.\u015e.\",\"description\":\"\",\"publisher\":{\"@id\":\"https:\/\/www.sistemteknik.com\/ferrous\/#organization\"},\"potentialAction\":[{\"@type\":\"SearchAction\",\"target\":{\"@type\":\"EntryPoint\",\"urlTemplate\":\"https:\/\/www.sistemteknik.com\/ferrous\/?s={search_term_string}\"},\"query-input\":\"required name=search_term_string\"}],\"inLanguage\":\"tr\"},{\"@type\":\"Organization\",\"@id\":\"https:\/\/www.sistemteknik.com\/ferrous\/#organization\",\"name\":\"Sistem Teknik Sanayi F\u0131r\u0131nlar\u0131 A.\u015e.\",\"url\":\"https:\/\/www.sistemteknik.com\/ferrous\/\",\"logo\":{\"@type\":\"ImageObject\",\"inLanguage\":\"tr\",\"@id\":\"https:\/\/www.sistemteknik.com\/ferrous\/#\/schema\/logo\/image\/\",\"url\":\"https:\/\/www.sistemteknik.com\/ferrous\/wp-content\/uploads\/2022\/08\/logo2x-1.png\",\"contentUrl\":\"https:\/\/www.sistemteknik.com\/ferrous\/wp-content\/uploads\/2022\/08\/logo2x-1.png\",\"width\":200,\"height\":140,\"caption\":\"Sistem Teknik Sanayi F\u0131r\u0131nlar\u0131 A.\u015e.\"},\"image\":{\"@id\":\"https:\/\/www.sistemteknik.com\/ferrous\/#\/schema\/logo\/image\/\"},\"sameAs\":[\"https:\/\/www.facebook.com\/sistemteknikindustrialfurnace\",\"https:\/\/www.linkedin.com\/company\/sistem-teknik-industrial-furnaces\/\",\"https:\/\/www.instagram.com\/sistemteknikas\/\"]},{\"@type\":\"Person\",\"@id\":\"https:\/\/www.sistemteknik.com\/ferrous\/#\/schema\/person\/75132085906856e76b395571c680f61e\",\"name\":\"levent\",\"image\":{\"@type\":\"ImageObject\",\"inLanguage\":\"tr\",\"@id\":\"https:\/\/www.sistemteknik.com\/ferrous\/#\/schema\/person\/image\/\",\"url\":\"https:\/\/secure.gravatar.com\/avatar\/0ac5caeef10db431ce4a54333c2e43fc?s=96&d=mm&r=g\",\"contentUrl\":\"https:\/\/secure.gravatar.com\/avatar\/0ac5caeef10db431ce4a54333c2e43fc?s=96&d=mm&r=g\",\"caption\":\"levent\"},\"url\":\"https:\/\/www.sistemteknik.com\/ferrous\/author\/levent\/\"}]}<\/script>\n<!-- \/ Yoast SEO plugin. -->","yoast_head_json":{"title":"\u00d6zel Tasar\u0131m Is\u0131l \u0130\u015flem Hatlar\u0131 - Teklif Al | Sistem Teknik","description":"Termal dif\u00fczyon kaplama, d\u00f6ner tabanl\u0131, infrared, IR, kompozit f\u0131r\u0131n\u0131, demilitarizasyon tesisleri gibi talepleriniz i\u00e7in \u00f6zel tasar\u0131m hatlar Sitem Teknik'de!","robots":{"index":"index","follow":"follow","max-snippet":"max-snippet:-1","max-image-preview":"max-image-preview:large","max-video-preview":"max-video-preview:-1"},"canonical":"https:\/\/www.sistemteknik.com\/ferrous\/ozel-isil-islem-hatlari\/","og_locale":"tr_TR","og_type":"article","og_title":"\u00d6zel Tasar\u0131m Is\u0131l \u0130\u015flem Hatlar\u0131 - Teklif Al | Sistem Teknik","og_description":"Termal dif\u00fczyon kaplama, d\u00f6ner tabanl\u0131, infrared, IR, kompozit f\u0131r\u0131n\u0131, demilitarizasyon tesisleri gibi talepleriniz i\u00e7in \u00f6zel tasar\u0131m hatlar Sitem Teknik'de!","og_url":"https:\/\/www.sistemteknik.com\/ferrous\/ozel-isil-islem-hatlari\/","og_site_name":"Sistem Teknik Sanayi F\u0131r\u0131nlar\u0131 A.\u015e.","article_publisher":"https:\/\/www.facebook.com\/sistemteknikindustrialfurnace","article_modified_time":"2023-08-04T10:03:41+00:00","og_image":[{"width":1500,"height":2241,"url":"https:\/\/www.sistemteknik.com\/ferrous\/wp-content\/uploads\/2019\/07\/img02-e1613524824820.jpg","type":"image\/jpeg"}],"twitter_card":"summary_large_image","twitter_misc":{"Tahmini okuma s\u00fcresi":"1 dakika"},"schema":{"@context":"https:\/\/schema.org","@graph":[{"@type":"TechArticle","@id":"https:\/\/www.sistemteknik.com\/ferrous\/ozel-isil-islem-hatlari\/#article","isPartOf":{"@id":"https:\/\/www.sistemteknik.com\/ferrous\/ozel-isil-islem-hatlari\/"},"author":{"name":"levent","@id":"https:\/\/www.sistemteknik.com\/ferrous\/#\/schema\/person\/75132085906856e76b395571c680f61e"},"headline":"\u00d6zel Is\u0131l \u0130\u015flem Hatlar\u0131","datePublished":"2019-08-21T17:59:18+00:00","dateModified":"2023-08-04T10:03:41+00:00","mainEntityOfPage":{"@id":"https:\/\/www.sistemteknik.com\/ferrous\/ozel-isil-islem-hatlari\/"},"wordCount":204,"publisher":{"@id":"https:\/\/www.sistemteknik.com\/ferrous\/#organization"},"inLanguage":"tr"},{"@type":["WebPage","ItemPage"],"@id":"https:\/\/www.sistemteknik.com\/ferrous\/ozel-isil-islem-hatlari\/","url":"https:\/\/www.sistemteknik.com\/ferrous\/ozel-isil-islem-hatlari\/","name":"\u00d6zel Tasar\u0131m Is\u0131l \u0130\u015flem Hatlar\u0131 - Teklif Al | Sistem Teknik","isPartOf":{"@id":"https:\/\/www.sistemteknik.com\/ferrous\/#website"},"datePublished":"2019-08-21T17:59:18+00:00","dateModified":"2023-08-04T10:03:41+00:00","description":"Termal dif\u00fczyon kaplama, d\u00f6ner tabanl\u0131, infrared, IR, kompozit f\u0131r\u0131n\u0131, demilitarizasyon tesisleri gibi talepleriniz i\u00e7in \u00f6zel tasar\u0131m hatlar Sitem Teknik'de!","breadcrumb":{"@id":"https:\/\/www.sistemteknik.com\/ferrous\/ozel-isil-islem-hatlari\/#breadcrumb"},"inLanguage":"tr","potentialAction":[{"@type":"ReadAction","target":["https:\/\/www.sistemteknik.com\/ferrous\/ozel-isil-islem-hatlari\/"]}]},{"@type":"BreadcrumbList","@id":"https:\/\/www.sistemteknik.com\/ferrous\/ozel-isil-islem-hatlari\/#breadcrumb","itemListElement":[{"@type":"ListItem","position":1,"name":"Ana sayfa","item":"https:\/\/www.sistemteknik.com\/ferrous\/"},{"@type":"ListItem","position":2,"name":"\u00d6zel Is\u0131l \u0130\u015flem Hatlar\u0131"}]},{"@type":"WebSite","@id":"https:\/\/www.sistemteknik.com\/ferrous\/#website","url":"https:\/\/www.sistemteknik.com\/ferrous\/","name":"Sistem Teknik Sanayi F\u0131r\u0131nlar\u0131 A.\u015e.","description":"","publisher":{"@id":"https:\/\/www.sistemteknik.com\/ferrous\/#organization"},"potentialAction":[{"@type":"SearchAction","target":{"@type":"EntryPoint","urlTemplate":"https:\/\/www.sistemteknik.com\/ferrous\/?s={search_term_string}"},"query-input":"required name=search_term_string"}],"inLanguage":"tr"},{"@type":"Organization","@id":"https:\/\/www.sistemteknik.com\/ferrous\/#organization","name":"Sistem Teknik Sanayi F\u0131r\u0131nlar\u0131 A.\u015e.","url":"https:\/\/www.sistemteknik.com\/ferrous\/","logo":{"@type":"ImageObject","inLanguage":"tr","@id":"https:\/\/www.sistemteknik.com\/ferrous\/#\/schema\/logo\/image\/","url":"https:\/\/www.sistemteknik.com\/ferrous\/wp-content\/uploads\/2022\/08\/logo2x-1.png","contentUrl":"https:\/\/www.sistemteknik.com\/ferrous\/wp-content\/uploads\/2022\/08\/logo2x-1.png","width":200,"height":140,"caption":"Sistem Teknik Sanayi F\u0131r\u0131nlar\u0131 A.\u015e."},"image":{"@id":"https:\/\/www.sistemteknik.com\/ferrous\/#\/schema\/logo\/image\/"},"sameAs":["https:\/\/www.facebook.com\/sistemteknikindustrialfurnace","https:\/\/www.linkedin.com\/company\/sistem-teknik-industrial-furnaces\/","https:\/\/www.instagram.com\/sistemteknikas\/"]},{"@type":"Person","@id":"https:\/\/www.sistemteknik.com\/ferrous\/#\/schema\/person\/75132085906856e76b395571c680f61e","name":"levent","image":{"@type":"ImageObject","inLanguage":"tr","@id":"https:\/\/www.sistemteknik.com\/ferrous\/#\/schema\/person\/image\/","url":"https:\/\/secure.gravatar.com\/avatar\/0ac5caeef10db431ce4a54333c2e43fc?s=96&d=mm&r=g","contentUrl":"https:\/\/secure.gravatar.com\/avatar\/0ac5caeef10db431ce4a54333c2e43fc?s=96&d=mm&r=g","caption":"levent"},"url":"https:\/\/www.sistemteknik.com\/ferrous\/author\/levent\/"}]}},"_links":{"self":[{"href":"https:\/\/www.sistemteknik.com\/ferrous\/wp-json\/wp\/v2\/pages\/990"}],"collection":[{"href":"https:\/\/www.sistemteknik.com\/ferrous\/wp-json\/wp\/v2\/pages"}],"about":[{"href":"https:\/\/www.sistemteknik.com\/ferrous\/wp-json\/wp\/v2\/types\/page"}],"author":[{"embeddable":true,"href":"https:\/\/www.sistemteknik.com\/ferrous\/wp-json\/wp\/v2\/users\/2"}],"replies":[{"embeddable":true,"href":"https:\/\/www.sistemteknik.com\/ferrous\/wp-json\/wp\/v2\/comments?post=990"}],"version-history":[{"count":0,"href":"https:\/\/www.sistemteknik.com\/ferrous\/wp-json\/wp\/v2\/pages\/990\/revisions"}],"wp:featuredmedia":[{"embeddable":true,"href":"https:\/\/www.sistemteknik.com\/ferrous\/wp-json\/wp\/v2\/media\/749"}],"wp:attachment":[{"href":"https:\/\/www.sistemteknik.com\/ferrous\/wp-json\/wp\/v2\/media?parent=990"}],"curies":[{"name":"wp","href":"https:\/\/api.w.org\/{rel}","templated":true}]}}