{"id":861,"date":"2019-07-26T14:38:58","date_gmt":"2019-07-26T11:38:58","guid":{"rendered":"https:\/\/www.sistemteknik.com\/ferrous\/?page_id=861"},"modified":"2022-09-30T11:24:32","modified_gmt":"2022-09-30T08:24:32","slug":"yuruyen-tabanli-firinlar","status":"publish","type":"page","link":"https:\/\/www.sistemteknik.com\/ferrous\/yuruyen-tabanli-firinlar\/","title":{"rendered":"Y\u00fcr\u00fcyen Tabanl\u0131 F\u0131r\u0131nlar"},"content":{"rendered":"<div class=\"wpb-content-wrapper\"><p>[vc_row][vc_column][vc_row_inner equal_height=&#8221;yes&#8221;][vc_column_inner width=&#8221;1\/2&#8243; css=&#8221;.vc_custom_1568131816900{margin-bottom: 0px !important;padding-bottom: 0px !important;}&#8221;][vc_column_text]Sistem Teknik olarak \u00fcretmekte oldu\u011fumuz \u201cY\u00fcr\u00fcyen Tabanl\u0131 Is\u0131l i\u015flem F\u0131r\u0131nlar\u0131\u201d k\u00f6\u015fegen, lama veya dairesel millerin veya saclar\u0131n \u015fekil verilmeden \u00f6nce \u0131s\u0131t\u0131lmas\u0131 i\u00e7in tasarlanm\u0131\u015ft\u0131r. Kontin\u00fc tipte olan bu f\u0131r\u0131n \u0131s\u0131l i\u015flem g\u00f6recek malzemeyi \u00f6zel tasar\u0131m hareketli taban sayesinde e\u015fit aral\u0131klarda ta\u015f\u0131yarak \u0131s\u0131l i\u015flem g\u00f6rmesini sa\u011flamaktad\u0131r.<\/p>\n<p>Is\u0131l i\u015flem g\u00f6recek malzemenin Y\u00fckleme\/Bo\u015faltma durumu ya da par\u00e7an\u0131n daha sonra g\u00f6rece\u011fi i\u015fleme g\u00f6re f\u0131r\u0131na b\u00f6l\u00fcmler eklemek m\u00fcmk\u00fcnd\u00fcr. Bu b\u00f6l\u00fcmler;<\/p>\n<ul>\n<li>Rulolu y\u00fckleme\/bo\u015faltma konvey\u00f6rleri<\/li>\n<li>Yay\/bobin sarma makineleri<\/li>\n<li>Damgalama\/pres makineleri<\/li>\n<li>Su verme tanklar\u0131<\/li>\n<\/ul>\n<p>[\/vc_column_text][\/vc_column_inner][vc_column_inner width=&#8221;1\/2&#8243; css=&#8221;.vc_custom_1568131828900{margin-bottom: 0px !important;padding-bottom: 0px !important;}&#8221;][vc_gallery type=&#8221;flexslider_slide&#8221; interval=&#8221;0&#8243; images=&#8221;3561,3564,3567&#8243; img_size=&#8221;full&#8221; onclick=&#8221;&#8221;][\/vc_column_inner][\/vc_row_inner][\/vc_column][vc_column width=&#8221;1\/2&#8243; css=&#8221;.vc_custom_1568131835066{padding-top: 0px !important;}&#8221;][vc_custom_heading text=&#8221;Genel \u00d6zellikler&#8221; use_theme_fonts=&#8221;yes&#8221;][vc_column_text]<\/p>\n<ul>\n<li>M\u00fc\u015fteri iste\u011fine g\u00f6re \u00f6zel \u00f6l\u00e7\u00fc ve kapasitede \u00fcretim<\/li>\n<li>Homojen \u0131s\u0131 da\u011f\u0131l\u0131m\u0131, y\u00fcksek \u00fcr\u00fcn kalitesi<\/li>\n<li>Oksijen kontrol\u00fc ile d\u00fc\u015f\u00fck dekarb\u00fcrizasyon<\/li>\n<li>Y\u00fcksek enerji verimi<\/li>\n<li>D\u00fc\u015f\u00fck bak\u0131m maliyetleri<\/li>\n<li>Y\u00fckleme\/Bo\u015faltma Rulo Sistemlerinde otomatik ya\u011flama imk\u00e2n\u0131<\/li>\n<li>Uzun \u00f6m\u00fcrl\u00fc, \u00f6zel tasar\u0131m su so\u011futmal\u0131 Y\u00fckleme\/Bo\u015faltma konvey\u00f6r rulolar\u0131<\/li>\n<li>Kullan\u0131c\u0131 dostu, uzaktan eri\u015fim imk\u00e2n\u0131 bulunan Tam otomatik PLC kontrol sistemi<\/li>\n<\/ul>\n<p>[\/vc_column_text][\/vc_column][vc_column width=&#8221;1\/2&#8243; css=&#8221;.vc_custom_1568131840162{padding-top: 0px !important;}&#8221;][vc_custom_heading text=&#8221;Teknik \u00d6zellikler&#8221; use_theme_fonts=&#8221;yes&#8221;][vc_column_text][\/vc_column_text][vc_btn title=&#8221;KATALO\u011eU \u0130ND\u0130R&#8221; style=&#8221;outline-custom&#8221; outline_custom_color=&#8221;#cf291e&#8221; outline_custom_hover_background=&#8221;#cf291e&#8221; outline_custom_hover_text=&#8221;#ffffff&#8221; align=&#8221;left&#8221; i_icon_fontawesome=&#8221;fas fa-file-pdf&#8221; add_icon=&#8221;true&#8221; link=&#8221;url:https%3A%2F%2Fwww.sistemteknik.com%2Fferrous%2Fwp-content%2Fuploads%2F2019%2F03%2Fornek-pdf.pdf||target:%20_blank|&#8221;][\/vc_column][vc_column][vc_custom_heading text=&#8221;Teklif \u0130ste&#8221; use_theme_fonts=&#8221;yes&#8221;]\n<div class=\"wpcf7 no-js\" id=\"wpcf7-f532-o1\" lang=\"tr-TR\" dir=\"ltr\">\n<div class=\"screen-reader-response\"><p role=\"status\" aria-live=\"polite\" aria-atomic=\"true\"><\/p> <ul><\/ul><\/div>\n<form action=\"\/ferrous\/wp-json\/wp\/v2\/pages\/861#wpcf7-f532-o1\" method=\"post\" class=\"wpcf7-form init\" aria-label=\"Contact form\" novalidate=\"novalidate\" data-status=\"init\">\n<div style=\"display: none;\">\n<input type=\"hidden\" name=\"_wpcf7\" value=\"532\" \/>\n<input type=\"hidden\" name=\"_wpcf7_version\" value=\"5.8.6\" \/>\n<input type=\"hidden\" name=\"_wpcf7_locale\" value=\"tr_TR\" \/>\n<input type=\"hidden\" name=\"_wpcf7_unit_tag\" value=\"wpcf7-f532-o1\" \/>\n<input type=\"hidden\" name=\"_wpcf7_container_post\" value=\"0\" \/>\n<input type=\"hidden\" name=\"_wpcf7_posted_data_hash\" value=\"\" \/>\n<\/div>\n<div class=\"c-form o-layout\">\n\t<div class=\"o-layout__item u-1\/2@tablet\">\n\t\t<div class=\"c-form__group\">\n\t\t\t<p><span class=\"wpcf7-form-control-wrap\" data-name=\"adsoyad\"><input size=\"40\" class=\"wpcf7-form-control wpcf7-text wpcf7-validates-as-required c-form__input\" aria-required=\"true\" aria-invalid=\"false\" placeholder=\"Ad Soyad*\" value=\"\" type=\"text\" name=\"adsoyad\" \/><\/span>\n\t\t\t<\/p>\n\t\t<\/div>\n\t\t<div class=\"c-form__group\">\n\t\t\t<p><span class=\"wpcf7-form-control-wrap\" data-name=\"eposta\"><input size=\"40\" class=\"wpcf7-form-control wpcf7-email wpcf7-validates-as-required wpcf7-text wpcf7-validates-as-email c-form__input\" aria-required=\"true\" aria-invalid=\"false\" placeholder=\"E-Posta*\" value=\"\" type=\"email\" name=\"eposta\" \/><\/span>\n\t\t\t<\/p>\n\t\t<\/div>\n\t\t<div class=\"c-form__group\">\n\t\t\t<p><span class=\"wpcf7-form-control-wrap\" data-name=\"telefon\"><input size=\"40\" class=\"wpcf7-form-control wpcf7-text wpcf7-validates-as-required c-form__input\" aria-required=\"true\" aria-invalid=\"false\" placeholder=\"Telefon*\" value=\"\" type=\"text\" name=\"telefon\" \/><\/span>\n\t\t\t<\/p>\n\t\t<\/div>\n\t\t<div class=\"c-form__group\">\n\t\t\t<p><span class=\"wpcf7-form-control-wrap\" data-name=\"firma\"><input size=\"40\" class=\"wpcf7-form-control wpcf7-text c-form__input\" aria-invalid=\"false\" placeholder=\"Firma\" value=\"\" type=\"text\" name=\"firma\" \/><\/span>\n\t\t\t<\/p>\n\t\t<\/div>\n\t\t<div class=\"c-form__group\">\n\t\t\t<p><span class=\"wpcf7-form-control-wrap\" data-name=\"adres\"><textarea cols=\"40\" rows=\"2\" class=\"wpcf7-form-control wpcf7-textarea c-form__input\" aria-invalid=\"false\" placeholder=\"Adres\" name=\"adres\"><\/textarea><\/span>\n\t\t\t<\/p>\n\t\t<\/div>\n\t<\/div>\n\t<div class=\"o-layout__item u-1\/2@tablet\">\n\t\t<div class=\"c-form__group\">\n\t\t\t<p><span class=\"wpcf7-form-control-wrap\" data-name=\"mesaj\"><textarea cols=\"40\" rows=\"19\" class=\"wpcf7-form-control wpcf7-textarea c-form__input\" aria-invalid=\"false\" placeholder=\"Mesaj\" name=\"mesaj\"><\/textarea><\/span>\n\t\t\t<\/p>\n\t\t<\/div>\n\t<\/div>\n\t<div class=\"o-layout__item\">\n\t\t<div class=\"c-form__group u-align-right\">\n\t\t\t<p><input class=\"wpcf7-form-control wpcf7-submit has-spinner c-form__submit\" type=\"submit\" value=\"G\u00f6nder\" \/>\n\t\t\t<\/p>\n\t\t<\/div>\n\t<\/div>\n<\/div><p style=\"display: none !important;\" class=\"akismet-fields-container\" data-prefix=\"_wpcf7_ak_\"><label>&#916;<textarea name=\"_wpcf7_ak_hp_textarea\" cols=\"45\" rows=\"8\" maxlength=\"100\"><\/textarea><\/label><input type=\"hidden\" id=\"ak_js_1\" name=\"_wpcf7_ak_js\" value=\"8\"\/><script>document.getElementById( \"ak_js_1\" ).setAttribute( \"value\", ( new Date() ).getTime() );<\/script><\/p><div class=\"wpcf7-response-output\" aria-hidden=\"true\"><\/div>\n<\/form>\n<\/div>\n[\/vc_column][\/vc_row]<\/p>\n<\/div>","protected":false},"excerpt":{"rendered":"<p>[vc_row][vc_column][vc_row_inner equal_height=&#8221;yes&#8221;][vc_column_inner width=&#8221;1\/2&#8243; css=&#8221;.vc_custom_1568131816900{margin-bottom: 0px !important;padding-bottom: 0px !important;}&#8221;][vc_column_text]Sistem Teknik olarak [&hellip;]<\/p>\n","protected":false},"author":3,"featured_media":862,"parent":0,"menu_order":97,"comment_status":"closed","ping_status":"closed","template":"","meta":{"footnotes":""},"acf":[],"yoast_head":"<!-- This site is optimized with the Yoast SEO plugin v21.8.1 - https:\/\/yoast.com\/wordpress\/plugins\/seo\/ -->\n<title>Y\u00fcr\u00fcyen Tabanl\u0131 F\u0131r\u0131nlar - Hemen Teklif Al\u0131n | Sistem Teknik<\/title>\n<meta name=\"description\" content=\"Son teknoloji hareketli taban\u0131 ile iste\u011finize uygun \u00f6zel \u00f6l\u00e7\u00fc ve \u00fcretim sa\u011flayacak y\u00fcr\u00fcyen tabanl\u0131 sanayi f\u0131r\u0131nlar\u0131 i\u00e7in Sistem Teknik&#039;den teklif al\u0131n!\" \/>\n<meta name=\"robots\" content=\"index, follow, max-snippet:-1, max-image-preview:large, max-video-preview:-1\" \/>\n<link rel=\"canonical\" href=\"https:\/\/www.sistemteknik.com\/ferrous\/yuruyen-tabanli-firinlar\/\" \/>\n<meta property=\"og:locale\" content=\"tr_TR\" \/>\n<meta property=\"og:type\" content=\"article\" \/>\n<meta property=\"og:title\" content=\"Y\u00fcr\u00fcyen Tabanl\u0131 F\u0131r\u0131nlar - Hemen Teklif Al\u0131n | Sistem Teknik\" \/>\n<meta property=\"og:description\" content=\"Son teknoloji hareketli taban\u0131 ile iste\u011finize uygun \u00f6zel \u00f6l\u00e7\u00fc ve \u00fcretim sa\u011flayacak y\u00fcr\u00fcyen tabanl\u0131 sanayi f\u0131r\u0131nlar\u0131 i\u00e7in Sistem Teknik&#039;den teklif al\u0131n!\" \/>\n<meta property=\"og:url\" content=\"https:\/\/www.sistemteknik.com\/ferrous\/yuruyen-tabanli-firinlar\/\" \/>\n<meta property=\"og:site_name\" content=\"Sistem Teknik Sanayi F\u0131r\u0131nlar\u0131 A.\u015e.\" \/>\n<meta property=\"article:publisher\" content=\"https:\/\/www.facebook.com\/sistemteknikindustrialfurnace\" \/>\n<meta property=\"article:modified_time\" content=\"2022-09-30T08:24:32+00:00\" \/>\n<meta property=\"og:image\" content=\"https:\/\/www.sistemteknik.com\/ferrous\/wp-content\/uploads\/2019\/07\/1-4.jpg\" \/>\n\t<meta property=\"og:image:width\" content=\"1024\" \/>\n\t<meta property=\"og:image:height\" content=\"685\" \/>\n\t<meta property=\"og:image:type\" content=\"image\/jpeg\" \/>\n<meta name=\"twitter:card\" content=\"summary_large_image\" \/>\n<meta name=\"twitter:label1\" content=\"Tahmini okuma s\u00fcresi\" \/>\n\t<meta name=\"twitter:data1\" content=\"2 dakika\" \/>\n<script type=\"application\/ld+json\" class=\"yoast-schema-graph\">{\"@context\":\"https:\/\/schema.org\",\"@graph\":[{\"@type\":\"TechArticle\",\"@id\":\"https:\/\/www.sistemteknik.com\/ferrous\/yuruyen-tabanli-firinlar\/#article\",\"isPartOf\":{\"@id\":\"https:\/\/www.sistemteknik.com\/ferrous\/yuruyen-tabanli-firinlar\/\"},\"author\":{\"name\":\"Editor\",\"@id\":\"https:\/\/www.sistemteknik.com\/ferrous\/#\/schema\/person\/dccc206b7f79006d888f9c38150ee734\"},\"headline\":\"Y\u00fcr\u00fcyen Tabanl\u0131 F\u0131r\u0131nlar\",\"datePublished\":\"2019-07-26T11:38:58+00:00\",\"dateModified\":\"2022-09-30T08:24:32+00:00\",\"mainEntityOfPage\":{\"@id\":\"https:\/\/www.sistemteknik.com\/ferrous\/yuruyen-tabanli-firinlar\/\"},\"wordCount\":403,\"publisher\":{\"@id\":\"https:\/\/www.sistemteknik.com\/ferrous\/#organization\"},\"inLanguage\":\"tr\"},{\"@type\":[\"WebPage\",\"ItemPage\"],\"@id\":\"https:\/\/www.sistemteknik.com\/ferrous\/yuruyen-tabanli-firinlar\/\",\"url\":\"https:\/\/www.sistemteknik.com\/ferrous\/yuruyen-tabanli-firinlar\/\",\"name\":\"Y\u00fcr\u00fcyen Tabanl\u0131 F\u0131r\u0131nlar - Hemen Teklif Al\u0131n | Sistem Teknik\",\"isPartOf\":{\"@id\":\"https:\/\/www.sistemteknik.com\/ferrous\/#website\"},\"datePublished\":\"2019-07-26T11:38:58+00:00\",\"dateModified\":\"2022-09-30T08:24:32+00:00\",\"description\":\"Son teknoloji hareketli taban\u0131 ile iste\u011finize uygun \u00f6zel \u00f6l\u00e7\u00fc ve \u00fcretim sa\u011flayacak y\u00fcr\u00fcyen tabanl\u0131 sanayi f\u0131r\u0131nlar\u0131 i\u00e7in Sistem Teknik'den teklif al\u0131n!\",\"breadcrumb\":{\"@id\":\"https:\/\/www.sistemteknik.com\/ferrous\/yuruyen-tabanli-firinlar\/#breadcrumb\"},\"inLanguage\":\"tr\",\"potentialAction\":[{\"@type\":\"ReadAction\",\"target\":[\"https:\/\/www.sistemteknik.com\/ferrous\/yuruyen-tabanli-firinlar\/\"]}]},{\"@type\":\"BreadcrumbList\",\"@id\":\"https:\/\/www.sistemteknik.com\/ferrous\/yuruyen-tabanli-firinlar\/#breadcrumb\",\"itemListElement\":[{\"@type\":\"ListItem\",\"position\":1,\"name\":\"Ana sayfa\",\"item\":\"https:\/\/www.sistemteknik.com\/ferrous\/\"},{\"@type\":\"ListItem\",\"position\":2,\"name\":\"Y\u00fcr\u00fcyen Tabanl\u0131 F\u0131r\u0131nlar\"}]},{\"@type\":\"WebSite\",\"@id\":\"https:\/\/www.sistemteknik.com\/ferrous\/#website\",\"url\":\"https:\/\/www.sistemteknik.com\/ferrous\/\",\"name\":\"Sistem Teknik Sanayi F\u0131r\u0131nlar\u0131 A.\u015e.\",\"description\":\"\",\"publisher\":{\"@id\":\"https:\/\/www.sistemteknik.com\/ferrous\/#organization\"},\"potentialAction\":[{\"@type\":\"SearchAction\",\"target\":{\"@type\":\"EntryPoint\",\"urlTemplate\":\"https:\/\/www.sistemteknik.com\/ferrous\/?s={search_term_string}\"},\"query-input\":\"required name=search_term_string\"}],\"inLanguage\":\"tr\"},{\"@type\":\"Organization\",\"@id\":\"https:\/\/www.sistemteknik.com\/ferrous\/#organization\",\"name\":\"Sistem Teknik Sanayi F\u0131r\u0131nlar\u0131 A.\u015e.\",\"url\":\"https:\/\/www.sistemteknik.com\/ferrous\/\",\"logo\":{\"@type\":\"ImageObject\",\"inLanguage\":\"tr\",\"@id\":\"https:\/\/www.sistemteknik.com\/ferrous\/#\/schema\/logo\/image\/\",\"url\":\"https:\/\/www.sistemteknik.com\/ferrous\/wp-content\/uploads\/2022\/08\/logo2x-1.png\",\"contentUrl\":\"https:\/\/www.sistemteknik.com\/ferrous\/wp-content\/uploads\/2022\/08\/logo2x-1.png\",\"width\":200,\"height\":140,\"caption\":\"Sistem Teknik Sanayi F\u0131r\u0131nlar\u0131 A.\u015e.\"},\"image\":{\"@id\":\"https:\/\/www.sistemteknik.com\/ferrous\/#\/schema\/logo\/image\/\"},\"sameAs\":[\"https:\/\/www.facebook.com\/sistemteknikindustrialfurnace\",\"https:\/\/www.linkedin.com\/company\/sistem-teknik-industrial-furnaces\/\",\"https:\/\/www.instagram.com\/sistemteknikas\/\"]},{\"@type\":\"Person\",\"@id\":\"https:\/\/www.sistemteknik.com\/ferrous\/#\/schema\/person\/dccc206b7f79006d888f9c38150ee734\",\"name\":\"Editor\",\"image\":{\"@type\":\"ImageObject\",\"inLanguage\":\"tr\",\"@id\":\"https:\/\/www.sistemteknik.com\/ferrous\/#\/schema\/person\/image\/\",\"url\":\"https:\/\/secure.gravatar.com\/avatar\/e54587e2e6f007242e7e595899c1cda4?s=96&d=mm&r=g\",\"contentUrl\":\"https:\/\/secure.gravatar.com\/avatar\/e54587e2e6f007242e7e595899c1cda4?s=96&d=mm&r=g\",\"caption\":\"Editor\"},\"url\":\"https:\/\/www.sistemteknik.com\/ferrous\/author\/editor\/\"}]}<\/script>\n<!-- \/ Yoast SEO plugin. -->","yoast_head_json":{"title":"Y\u00fcr\u00fcyen Tabanl\u0131 F\u0131r\u0131nlar - Hemen Teklif Al\u0131n | Sistem Teknik","description":"Son teknoloji hareketli taban\u0131 ile iste\u011finize uygun \u00f6zel \u00f6l\u00e7\u00fc ve \u00fcretim sa\u011flayacak y\u00fcr\u00fcyen tabanl\u0131 sanayi f\u0131r\u0131nlar\u0131 i\u00e7in Sistem Teknik'den teklif al\u0131n!","robots":{"index":"index","follow":"follow","max-snippet":"max-snippet:-1","max-image-preview":"max-image-preview:large","max-video-preview":"max-video-preview:-1"},"canonical":"https:\/\/www.sistemteknik.com\/ferrous\/yuruyen-tabanli-firinlar\/","og_locale":"tr_TR","og_type":"article","og_title":"Y\u00fcr\u00fcyen Tabanl\u0131 F\u0131r\u0131nlar - Hemen Teklif Al\u0131n | Sistem Teknik","og_description":"Son teknoloji hareketli taban\u0131 ile iste\u011finize uygun \u00f6zel \u00f6l\u00e7\u00fc ve \u00fcretim sa\u011flayacak y\u00fcr\u00fcyen tabanl\u0131 sanayi f\u0131r\u0131nlar\u0131 i\u00e7in Sistem Teknik'den teklif al\u0131n!","og_url":"https:\/\/www.sistemteknik.com\/ferrous\/yuruyen-tabanli-firinlar\/","og_site_name":"Sistem Teknik Sanayi F\u0131r\u0131nlar\u0131 A.\u015e.","article_publisher":"https:\/\/www.facebook.com\/sistemteknikindustrialfurnace","article_modified_time":"2022-09-30T08:24:32+00:00","og_image":[{"width":1024,"height":685,"url":"https:\/\/www.sistemteknik.com\/ferrous\/wp-content\/uploads\/2019\/07\/1-4.jpg","type":"image\/jpeg"}],"twitter_card":"summary_large_image","twitter_misc":{"Tahmini okuma s\u00fcresi":"2 dakika"},"schema":{"@context":"https:\/\/schema.org","@graph":[{"@type":"TechArticle","@id":"https:\/\/www.sistemteknik.com\/ferrous\/yuruyen-tabanli-firinlar\/#article","isPartOf":{"@id":"https:\/\/www.sistemteknik.com\/ferrous\/yuruyen-tabanli-firinlar\/"},"author":{"name":"Editor","@id":"https:\/\/www.sistemteknik.com\/ferrous\/#\/schema\/person\/dccc206b7f79006d888f9c38150ee734"},"headline":"Y\u00fcr\u00fcyen Tabanl\u0131 F\u0131r\u0131nlar","datePublished":"2019-07-26T11:38:58+00:00","dateModified":"2022-09-30T08:24:32+00:00","mainEntityOfPage":{"@id":"https:\/\/www.sistemteknik.com\/ferrous\/yuruyen-tabanli-firinlar\/"},"wordCount":403,"publisher":{"@id":"https:\/\/www.sistemteknik.com\/ferrous\/#organization"},"inLanguage":"tr"},{"@type":["WebPage","ItemPage"],"@id":"https:\/\/www.sistemteknik.com\/ferrous\/yuruyen-tabanli-firinlar\/","url":"https:\/\/www.sistemteknik.com\/ferrous\/yuruyen-tabanli-firinlar\/","name":"Y\u00fcr\u00fcyen Tabanl\u0131 F\u0131r\u0131nlar - Hemen Teklif Al\u0131n | Sistem Teknik","isPartOf":{"@id":"https:\/\/www.sistemteknik.com\/ferrous\/#website"},"datePublished":"2019-07-26T11:38:58+00:00","dateModified":"2022-09-30T08:24:32+00:00","description":"Son teknoloji hareketli taban\u0131 ile iste\u011finize uygun \u00f6zel \u00f6l\u00e7\u00fc ve \u00fcretim sa\u011flayacak y\u00fcr\u00fcyen tabanl\u0131 sanayi f\u0131r\u0131nlar\u0131 i\u00e7in Sistem Teknik'den teklif al\u0131n!","breadcrumb":{"@id":"https:\/\/www.sistemteknik.com\/ferrous\/yuruyen-tabanli-firinlar\/#breadcrumb"},"inLanguage":"tr","potentialAction":[{"@type":"ReadAction","target":["https:\/\/www.sistemteknik.com\/ferrous\/yuruyen-tabanli-firinlar\/"]}]},{"@type":"BreadcrumbList","@id":"https:\/\/www.sistemteknik.com\/ferrous\/yuruyen-tabanli-firinlar\/#breadcrumb","itemListElement":[{"@type":"ListItem","position":1,"name":"Ana sayfa","item":"https:\/\/www.sistemteknik.com\/ferrous\/"},{"@type":"ListItem","position":2,"name":"Y\u00fcr\u00fcyen Tabanl\u0131 F\u0131r\u0131nlar"}]},{"@type":"WebSite","@id":"https:\/\/www.sistemteknik.com\/ferrous\/#website","url":"https:\/\/www.sistemteknik.com\/ferrous\/","name":"Sistem Teknik Sanayi F\u0131r\u0131nlar\u0131 A.\u015e.","description":"","publisher":{"@id":"https:\/\/www.sistemteknik.com\/ferrous\/#organization"},"potentialAction":[{"@type":"SearchAction","target":{"@type":"EntryPoint","urlTemplate":"https:\/\/www.sistemteknik.com\/ferrous\/?s={search_term_string}"},"query-input":"required name=search_term_string"}],"inLanguage":"tr"},{"@type":"Organization","@id":"https:\/\/www.sistemteknik.com\/ferrous\/#organization","name":"Sistem Teknik Sanayi F\u0131r\u0131nlar\u0131 A.\u015e.","url":"https:\/\/www.sistemteknik.com\/ferrous\/","logo":{"@type":"ImageObject","inLanguage":"tr","@id":"https:\/\/www.sistemteknik.com\/ferrous\/#\/schema\/logo\/image\/","url":"https:\/\/www.sistemteknik.com\/ferrous\/wp-content\/uploads\/2022\/08\/logo2x-1.png","contentUrl":"https:\/\/www.sistemteknik.com\/ferrous\/wp-content\/uploads\/2022\/08\/logo2x-1.png","width":200,"height":140,"caption":"Sistem Teknik Sanayi F\u0131r\u0131nlar\u0131 A.\u015e."},"image":{"@id":"https:\/\/www.sistemteknik.com\/ferrous\/#\/schema\/logo\/image\/"},"sameAs":["https:\/\/www.facebook.com\/sistemteknikindustrialfurnace","https:\/\/www.linkedin.com\/company\/sistem-teknik-industrial-furnaces\/","https:\/\/www.instagram.com\/sistemteknikas\/"]},{"@type":"Person","@id":"https:\/\/www.sistemteknik.com\/ferrous\/#\/schema\/person\/dccc206b7f79006d888f9c38150ee734","name":"Editor","image":{"@type":"ImageObject","inLanguage":"tr","@id":"https:\/\/www.sistemteknik.com\/ferrous\/#\/schema\/person\/image\/","url":"https:\/\/secure.gravatar.com\/avatar\/e54587e2e6f007242e7e595899c1cda4?s=96&d=mm&r=g","contentUrl":"https:\/\/secure.gravatar.com\/avatar\/e54587e2e6f007242e7e595899c1cda4?s=96&d=mm&r=g","caption":"Editor"},"url":"https:\/\/www.sistemteknik.com\/ferrous\/author\/editor\/"}]}},"_links":{"self":[{"href":"https:\/\/www.sistemteknik.com\/ferrous\/wp-json\/wp\/v2\/pages\/861"}],"collection":[{"href":"https:\/\/www.sistemteknik.com\/ferrous\/wp-json\/wp\/v2\/pages"}],"about":[{"href":"https:\/\/www.sistemteknik.com\/ferrous\/wp-json\/wp\/v2\/types\/page"}],"author":[{"embeddable":true,"href":"https:\/\/www.sistemteknik.com\/ferrous\/wp-json\/wp\/v2\/users\/3"}],"replies":[{"embeddable":true,"href":"https:\/\/www.sistemteknik.com\/ferrous\/wp-json\/wp\/v2\/comments?post=861"}],"version-history":[{"count":0,"href":"https:\/\/www.sistemteknik.com\/ferrous\/wp-json\/wp\/v2\/pages\/861\/revisions"}],"wp:featuredmedia":[{"embeddable":true,"href":"https:\/\/www.sistemteknik.com\/ferrous\/wp-json\/wp\/v2\/media\/862"}],"wp:attachment":[{"href":"https:\/\/www.sistemteknik.com\/ferrous\/wp-json\/wp\/v2\/media?parent=861"}],"curies":[{"name":"wp","href":"https:\/\/api.w.org\/{rel}","templated":true}]}}