{"id":756,"date":"2019-07-26T14:18:55","date_gmt":"2019-07-26T11:18:55","guid":{"rendered":"https:\/\/www.sistemteknik.com\/ferrous\/?page_id=756"},"modified":"2022-08-29T16:24:26","modified_gmt":"2022-08-29T13:24:26","slug":"vakum-firinlari-2","status":"publish","type":"page","link":"https:\/\/www.sistemteknik.com\/ferrous\/vakum-firinlari-2\/","title":{"rendered":"Vakum F\u0131r\u0131nlar\u0131"},"content":{"rendered":"<div class=\"wpb-content-wrapper\"><p>[vc_row][vc_column][vc_row_inner equal_height=&#8221;yes&#8221;][vc_column_inner width=&#8221;1\/2&#8243;][vc_column_text]Bu standartlar\u0131m\u0131z\u0131n d\u0131\u015f\u0131nda \u00fcretimlerimiz hakk\u0131nda bilgi almak i\u00e7in ileti\u015fime ge\u00e7iniz.<\/p>\n<p>\u00d6zellikler<\/p>\n<ul>\n<li>Tam otomatik kontrol<\/li>\n<li>Y\u00fcksek \u0131s\u0131 homojenli\u011fi<\/li>\n<li>De\u011fi\u015fken so\u011fuma h\u0131z\u0131 ve so\u011fuma y\u00f6nleri ile homojen so\u011futma<\/li>\n<li>K\u0131sa d\u00f6ng\u00fc s\u00fcreleri ile zaman tasarrufu<\/li>\n<li>Her proses sonunda tekrarlanabilir sonu\u00e7lar<\/li>\n<li>Minimum par\u00e7a distorsiyonu<\/li>\n<\/ul>\n<ul>\n<li>D\u00fc\u015f\u00fck termal kay\u0131plar nedeniyle y\u00fcksek enerji verimlili\u011fi<\/li>\n<li>D\u00fc\u015f\u00fck g\u00fcr\u00fclt\u00fc emisyonu<\/li>\n<\/ul>\n<p>[\/vc_column_text][\/vc_column_inner][vc_column_inner width=&#8221;1\/2&#8243;][vc_gallery type=&#8221;flexslider_slide&#8221; interval=&#8221;0&#8243; images=&#8221;757,760,763,766,769,772,775,778,781,784,787,790,793&#8243; img_size=&#8221;full&#8221; onclick=&#8221;&#8221;][\/vc_column_inner][\/vc_row_inner][\/vc_column][vc_column width=&#8221;1\/2&#8243;][vc_custom_heading text=&#8221;Proses&#8221; use_theme_fonts=&#8221;yes&#8221;][vc_column_text]<\/p>\n<ul>\n<li>Tavlama<\/li>\n<li>Sertle\u015ftirme<\/li>\n<li>Brazing<\/li>\n<li>Temperleme<\/li>\n<li>Martemperleme<\/li>\n<li>D\u00fc\u015f\u00fck Bas\u0131n\u00e7ta Sementasyon<\/li>\n<li>Nitrasyon<\/li>\n<\/ul>\n<p>[\/vc_column_text][vc_custom_heading text=&#8221;Teknik Parametreler&#8221; use_theme_fonts=&#8221;yes&#8221;][vc_column_text]<strong>Kapasite:<\/strong> 50 &#8211; 2.500 kg\/\u015farj\u2019a kadar<\/p>\n<p><strong>Vakum Seviyesi:<\/strong> 10<sup>-6<\/sup> mbar\u2019a kadar<\/p>\n<p><strong>Is\u0131tma Sistemi:<\/strong> Elektrik<\/p>\n<p><strong>Is\u0131t\u0131c\u0131lar:<\/strong> Grafit \u2013 Molibden<\/p>\n<p><strong>S\u0131cakl\u0131k:<\/strong> 180 \u2013 1.350 Derece<\/p>\n<p><strong>\u0130zolasyon:<\/strong> Grafit &#8211; Metalik<\/p>\n<p><strong>Y\u00fckleme:<\/strong> Yatay \u2013 Dikey (Alttan y\u00fcklemeli)<\/p>\n<p><strong>Uyumluluk:<\/strong> ASTM, AMS-2750E, CQI-9[\/vc_column_text][\/vc_column][vc_column width=&#8221;1\/2&#8243;][vc_custom_heading text=&#8221;Teknik \u00d6zellikler&#8221; use_theme_fonts=&#8221;yes&#8221;][vc_table vc_table_theme=&#8221;classic&#8221; el_class=&#8221;table-nowrap-first-column table-compact&#8221;]Tip,Faydal%C4%B1%20Boyutlar,Tip,Faydal%C4%B1%20Boyutlar,Tip|EnxBoyxUzunluk,Faydal%C4%B1%20Hacim,%C5%9Earj%20y%C3%BCk%C3%BC,EnxBoyxUzunluk,Faydal%C4%B1%20Hacim|kg.,Is%C4%B1tma%20G%C3%BCc%C3%BC,kg.,Is%C4%B1tma%20G%C3%BCc%C3%BC,kg.|kw.,kw.,kw.,kw.,kw.|VF-2D-A-333,300x300x300,27,50,45|VF-2D-A-353,300x500x300,40,80,50|VF-2D-A-464,400x600x400,96,200,72|VF-2D-A-664,600x600x400,144,300,100|VF-2D-A-696,600x900x600,324,600,140|VF-2D-A-996,900x900x600,488,750,180|VF-2D-A-8128,800x1200x800,768,800,180|VF-2D-A-9127,900x1200x700,756,800,180[\/vc_table][vc_btn title=&#8221;KATALO\u011eU \u0130ND\u0130R&#8221; style=&#8221;outline-custom&#8221; outline_custom_color=&#8221;#cf291e&#8221; outline_custom_hover_background=&#8221;#cf291e&#8221; outline_custom_hover_text=&#8221;#ffffff&#8221; align=&#8221;left&#8221; i_icon_fontawesome=&#8221;fas fa-file-pdf&#8221; add_icon=&#8221;true&#8221; link=&#8221;url:https%3A%2F%2Fwww.sistemteknik.com%2Fferrous%2Fwp-content%2Fuploads%2F2019%2F03%2Fornek-pdf.pdf||target:%20_blank|&#8221;][\/vc_column][vc_column][vc_custom_heading text=&#8221;Teklif \u0130ste&#8221; use_theme_fonts=&#8221;yes&#8221;]\n<div class=\"wpcf7 no-js\" id=\"wpcf7-f532-o1\" lang=\"tr-TR\" dir=\"ltr\">\n<div class=\"screen-reader-response\"><p role=\"status\" aria-live=\"polite\" aria-atomic=\"true\"><\/p> <ul><\/ul><\/div>\n<form action=\"\/ferrous\/wp-json\/wp\/v2\/pages\/756#wpcf7-f532-o1\" method=\"post\" class=\"wpcf7-form init\" aria-label=\"Contact form\" novalidate=\"novalidate\" data-status=\"init\">\n<div style=\"display: none;\">\n<input type=\"hidden\" name=\"_wpcf7\" value=\"532\" \/>\n<input type=\"hidden\" name=\"_wpcf7_version\" value=\"5.8.6\" \/>\n<input type=\"hidden\" name=\"_wpcf7_locale\" value=\"tr_TR\" \/>\n<input type=\"hidden\" name=\"_wpcf7_unit_tag\" value=\"wpcf7-f532-o1\" \/>\n<input type=\"hidden\" name=\"_wpcf7_container_post\" value=\"0\" \/>\n<input type=\"hidden\" name=\"_wpcf7_posted_data_hash\" value=\"\" \/>\n<\/div>\n<div class=\"c-form o-layout\">\n\t<div class=\"o-layout__item u-1\/2@tablet\">\n\t\t<div class=\"c-form__group\">\n\t\t\t<p><span class=\"wpcf7-form-control-wrap\" data-name=\"adsoyad\"><input size=\"40\" class=\"wpcf7-form-control wpcf7-text wpcf7-validates-as-required c-form__input\" aria-required=\"true\" aria-invalid=\"false\" placeholder=\"Ad Soyad*\" value=\"\" type=\"text\" name=\"adsoyad\" \/><\/span>\n\t\t\t<\/p>\n\t\t<\/div>\n\t\t<div class=\"c-form__group\">\n\t\t\t<p><span class=\"wpcf7-form-control-wrap\" data-name=\"eposta\"><input size=\"40\" class=\"wpcf7-form-control wpcf7-email wpcf7-validates-as-required wpcf7-text wpcf7-validates-as-email c-form__input\" aria-required=\"true\" aria-invalid=\"false\" placeholder=\"E-Posta*\" value=\"\" type=\"email\" name=\"eposta\" \/><\/span>\n\t\t\t<\/p>\n\t\t<\/div>\n\t\t<div class=\"c-form__group\">\n\t\t\t<p><span class=\"wpcf7-form-control-wrap\" data-name=\"telefon\"><input size=\"40\" class=\"wpcf7-form-control wpcf7-text wpcf7-validates-as-required c-form__input\" aria-required=\"true\" aria-invalid=\"false\" placeholder=\"Telefon*\" value=\"\" type=\"text\" name=\"telefon\" \/><\/span>\n\t\t\t<\/p>\n\t\t<\/div>\n\t\t<div class=\"c-form__group\">\n\t\t\t<p><span class=\"wpcf7-form-control-wrap\" data-name=\"firma\"><input size=\"40\" class=\"wpcf7-form-control wpcf7-text c-form__input\" aria-invalid=\"false\" placeholder=\"Firma\" value=\"\" type=\"text\" name=\"firma\" \/><\/span>\n\t\t\t<\/p>\n\t\t<\/div>\n\t\t<div class=\"c-form__group\">\n\t\t\t<p><span class=\"wpcf7-form-control-wrap\" data-name=\"adres\"><textarea cols=\"40\" rows=\"2\" class=\"wpcf7-form-control wpcf7-textarea c-form__input\" aria-invalid=\"false\" placeholder=\"Adres\" name=\"adres\"><\/textarea><\/span>\n\t\t\t<\/p>\n\t\t<\/div>\n\t<\/div>\n\t<div class=\"o-layout__item u-1\/2@tablet\">\n\t\t<div class=\"c-form__group\">\n\t\t\t<p><span class=\"wpcf7-form-control-wrap\" data-name=\"mesaj\"><textarea cols=\"40\" rows=\"19\" class=\"wpcf7-form-control wpcf7-textarea c-form__input\" aria-invalid=\"false\" placeholder=\"Mesaj\" name=\"mesaj\"><\/textarea><\/span>\n\t\t\t<\/p>\n\t\t<\/div>\n\t<\/div>\n\t<div class=\"o-layout__item\">\n\t\t<div class=\"c-form__group u-align-right\">\n\t\t\t<p><input class=\"wpcf7-form-control wpcf7-submit has-spinner c-form__submit\" type=\"submit\" value=\"G\u00f6nder\" \/>\n\t\t\t<\/p>\n\t\t<\/div>\n\t<\/div>\n<\/div><p style=\"display: none !important;\" class=\"akismet-fields-container\" data-prefix=\"_wpcf7_ak_\"><label>&#916;<textarea name=\"_wpcf7_ak_hp_textarea\" cols=\"45\" rows=\"8\" maxlength=\"100\"><\/textarea><\/label><input type=\"hidden\" id=\"ak_js_1\" name=\"_wpcf7_ak_js\" value=\"191\"\/><script>document.getElementById( \"ak_js_1\" ).setAttribute( \"value\", ( new Date() ).getTime() );<\/script><\/p><div class=\"wpcf7-response-output\" aria-hidden=\"true\"><\/div>\n<\/form>\n<\/div>\n[\/vc_column][\/vc_row]<\/p>\n<\/div>","protected":false},"excerpt":{"rendered":"<p>[vc_row][vc_column][vc_row_inner equal_height=&#8221;yes&#8221;][vc_column_inner width=&#8221;1\/2&#8243;][vc_column_text]Bu standartlar\u0131m\u0131z\u0131n d\u0131\u015f\u0131nda \u00fcretimlerimiz hakk\u0131nda bilgi almak i\u00e7in [&hellip;]<\/p>\n","protected":false},"author":3,"featured_media":757,"parent":0,"menu_order":82,"comment_status":"closed","ping_status":"closed","template":"","meta":{"footnotes":""},"acf":[],"yoast_head":"<!-- This site is optimized with the Yoast SEO plugin v21.8.1 - https:\/\/yoast.com\/wordpress\/plugins\/seo\/ -->\n<title>Vakum F\u0131r\u0131nlar\u0131 Process &amp; Teknik Parametreler | Sistem Teknik<\/title>\n<meta name=\"description\" content=\"Bu standartlar\u0131m\u0131z\u0131n d\u0131\u015f\u0131nda \u00fcretimlerimiz hakk\u0131nda bilgi almak i\u00e7in ve ileti\u015fime ge\u00e7mek i\u00e7in hemen Sistem Teknik&#039;i ziyaret edin!\" \/>\n<meta name=\"robots\" content=\"index, follow, max-snippet:-1, max-image-preview:large, max-video-preview:-1\" \/>\n<link rel=\"canonical\" href=\"https:\/\/www.sistemteknik.com\/ferrous\/vakum-firinlari-2\/\" \/>\n<meta property=\"og:locale\" content=\"tr_TR\" \/>\n<meta property=\"og:type\" content=\"article\" \/>\n<meta property=\"og:title\" content=\"Vakum F\u0131r\u0131nlar\u0131 Process &amp; Teknik Parametreler | Sistem Teknik\" \/>\n<meta property=\"og:description\" content=\"Bu standartlar\u0131m\u0131z\u0131n d\u0131\u015f\u0131nda \u00fcretimlerimiz hakk\u0131nda bilgi almak i\u00e7in ve ileti\u015fime ge\u00e7mek i\u00e7in hemen Sistem Teknik&#039;i ziyaret edin!\" \/>\n<meta property=\"og:url\" content=\"https:\/\/www.sistemteknik.com\/ferrous\/vakum-firinlari-2\/\" \/>\n<meta property=\"og:site_name\" content=\"Sistem Teknik Sanayi F\u0131r\u0131nlar\u0131 A.\u015e.\" \/>\n<meta property=\"article:publisher\" content=\"https:\/\/www.facebook.com\/sistemteknikindustrialfurnace\" \/>\n<meta property=\"article:modified_time\" content=\"2022-08-29T13:24:26+00:00\" \/>\n<meta property=\"og:image\" content=\"https:\/\/www.sistemteknik.com\/ferrous\/wp-content\/uploads\/2019\/07\/asdd1.jpg\" \/>\n\t<meta property=\"og:image:width\" content=\"1035\" \/>\n\t<meta property=\"og:image:height\" content=\"838\" \/>\n\t<meta property=\"og:image:type\" content=\"image\/jpeg\" \/>\n<meta name=\"twitter:card\" content=\"summary_large_image\" \/>\n<meta name=\"twitter:label1\" content=\"Tahmini okuma s\u00fcresi\" \/>\n\t<meta name=\"twitter:data1\" content=\"1 dakika\" \/>\n<script type=\"application\/ld+json\" class=\"yoast-schema-graph\">{\"@context\":\"https:\/\/schema.org\",\"@graph\":[{\"@type\":\"WebPage\",\"@id\":\"https:\/\/www.sistemteknik.com\/ferrous\/vakum-firinlari-2\/\",\"url\":\"https:\/\/www.sistemteknik.com\/ferrous\/vakum-firinlari-2\/\",\"name\":\"Vakum F\u0131r\u0131nlar\u0131 Process & Teknik Parametreler | Sistem Teknik\",\"isPartOf\":{\"@id\":\"https:\/\/www.sistemteknik.com\/ferrous\/#website\"},\"datePublished\":\"2019-07-26T11:18:55+00:00\",\"dateModified\":\"2022-08-29T13:24:26+00:00\",\"description\":\"Bu standartlar\u0131m\u0131z\u0131n d\u0131\u015f\u0131nda \u00fcretimlerimiz hakk\u0131nda bilgi almak i\u00e7in ve ileti\u015fime ge\u00e7mek i\u00e7in hemen Sistem Teknik'i ziyaret edin!\",\"breadcrumb\":{\"@id\":\"https:\/\/www.sistemteknik.com\/ferrous\/vakum-firinlari-2\/#breadcrumb\"},\"inLanguage\":\"tr\",\"potentialAction\":[{\"@type\":\"ReadAction\",\"target\":[\"https:\/\/www.sistemteknik.com\/ferrous\/vakum-firinlari-2\/\"]}]},{\"@type\":\"BreadcrumbList\",\"@id\":\"https:\/\/www.sistemteknik.com\/ferrous\/vakum-firinlari-2\/#breadcrumb\",\"itemListElement\":[{\"@type\":\"ListItem\",\"position\":1,\"name\":\"Ana sayfa\",\"item\":\"https:\/\/www.sistemteknik.com\/ferrous\/\"},{\"@type\":\"ListItem\",\"position\":2,\"name\":\"Vakum F\u0131r\u0131nlar\u0131\"}]},{\"@type\":\"WebSite\",\"@id\":\"https:\/\/www.sistemteknik.com\/ferrous\/#website\",\"url\":\"https:\/\/www.sistemteknik.com\/ferrous\/\",\"name\":\"Sistem Teknik Sanayi F\u0131r\u0131nlar\u0131 A.\u015e.\",\"description\":\"\",\"publisher\":{\"@id\":\"https:\/\/www.sistemteknik.com\/ferrous\/#organization\"},\"potentialAction\":[{\"@type\":\"SearchAction\",\"target\":{\"@type\":\"EntryPoint\",\"urlTemplate\":\"https:\/\/www.sistemteknik.com\/ferrous\/?s={search_term_string}\"},\"query-input\":\"required name=search_term_string\"}],\"inLanguage\":\"tr\"},{\"@type\":\"Organization\",\"@id\":\"https:\/\/www.sistemteknik.com\/ferrous\/#organization\",\"name\":\"Sistem Teknik Sanayi F\u0131r\u0131nlar\u0131 A.\u015e.\",\"url\":\"https:\/\/www.sistemteknik.com\/ferrous\/\",\"logo\":{\"@type\":\"ImageObject\",\"inLanguage\":\"tr\",\"@id\":\"https:\/\/www.sistemteknik.com\/ferrous\/#\/schema\/logo\/image\/\",\"url\":\"https:\/\/www.sistemteknik.com\/ferrous\/wp-content\/uploads\/2022\/08\/logo2x-1.png\",\"contentUrl\":\"https:\/\/www.sistemteknik.com\/ferrous\/wp-content\/uploads\/2022\/08\/logo2x-1.png\",\"width\":200,\"height\":140,\"caption\":\"Sistem Teknik Sanayi F\u0131r\u0131nlar\u0131 A.\u015e.\"},\"image\":{\"@id\":\"https:\/\/www.sistemteknik.com\/ferrous\/#\/schema\/logo\/image\/\"},\"sameAs\":[\"https:\/\/www.facebook.com\/sistemteknikindustrialfurnace\",\"https:\/\/www.linkedin.com\/company\/sistem-teknik-industrial-furnaces\/\",\"https:\/\/www.instagram.com\/sistemteknikas\/\"]}]}<\/script>\n<!-- \/ Yoast SEO plugin. -->","yoast_head_json":{"title":"Vakum F\u0131r\u0131nlar\u0131 Process & Teknik Parametreler | Sistem Teknik","description":"Bu standartlar\u0131m\u0131z\u0131n d\u0131\u015f\u0131nda \u00fcretimlerimiz hakk\u0131nda bilgi almak i\u00e7in ve ileti\u015fime ge\u00e7mek i\u00e7in hemen Sistem Teknik'i ziyaret edin!","robots":{"index":"index","follow":"follow","max-snippet":"max-snippet:-1","max-image-preview":"max-image-preview:large","max-video-preview":"max-video-preview:-1"},"canonical":"https:\/\/www.sistemteknik.com\/ferrous\/vakum-firinlari-2\/","og_locale":"tr_TR","og_type":"article","og_title":"Vakum F\u0131r\u0131nlar\u0131 Process & Teknik Parametreler | Sistem Teknik","og_description":"Bu standartlar\u0131m\u0131z\u0131n d\u0131\u015f\u0131nda \u00fcretimlerimiz hakk\u0131nda bilgi almak i\u00e7in ve ileti\u015fime ge\u00e7mek i\u00e7in hemen Sistem Teknik'i ziyaret edin!","og_url":"https:\/\/www.sistemteknik.com\/ferrous\/vakum-firinlari-2\/","og_site_name":"Sistem Teknik Sanayi F\u0131r\u0131nlar\u0131 A.\u015e.","article_publisher":"https:\/\/www.facebook.com\/sistemteknikindustrialfurnace","article_modified_time":"2022-08-29T13:24:26+00:00","og_image":[{"width":1035,"height":838,"url":"https:\/\/www.sistemteknik.com\/ferrous\/wp-content\/uploads\/2019\/07\/asdd1.jpg","type":"image\/jpeg"}],"twitter_card":"summary_large_image","twitter_misc":{"Tahmini okuma s\u00fcresi":"1 dakika"},"schema":{"@context":"https:\/\/schema.org","@graph":[{"@type":"WebPage","@id":"https:\/\/www.sistemteknik.com\/ferrous\/vakum-firinlari-2\/","url":"https:\/\/www.sistemteknik.com\/ferrous\/vakum-firinlari-2\/","name":"Vakum F\u0131r\u0131nlar\u0131 Process & Teknik Parametreler | Sistem Teknik","isPartOf":{"@id":"https:\/\/www.sistemteknik.com\/ferrous\/#website"},"datePublished":"2019-07-26T11:18:55+00:00","dateModified":"2022-08-29T13:24:26+00:00","description":"Bu standartlar\u0131m\u0131z\u0131n d\u0131\u015f\u0131nda \u00fcretimlerimiz hakk\u0131nda bilgi almak i\u00e7in ve ileti\u015fime ge\u00e7mek i\u00e7in hemen Sistem Teknik'i ziyaret edin!","breadcrumb":{"@id":"https:\/\/www.sistemteknik.com\/ferrous\/vakum-firinlari-2\/#breadcrumb"},"inLanguage":"tr","potentialAction":[{"@type":"ReadAction","target":["https:\/\/www.sistemteknik.com\/ferrous\/vakum-firinlari-2\/"]}]},{"@type":"BreadcrumbList","@id":"https:\/\/www.sistemteknik.com\/ferrous\/vakum-firinlari-2\/#breadcrumb","itemListElement":[{"@type":"ListItem","position":1,"name":"Ana sayfa","item":"https:\/\/www.sistemteknik.com\/ferrous\/"},{"@type":"ListItem","position":2,"name":"Vakum F\u0131r\u0131nlar\u0131"}]},{"@type":"WebSite","@id":"https:\/\/www.sistemteknik.com\/ferrous\/#website","url":"https:\/\/www.sistemteknik.com\/ferrous\/","name":"Sistem Teknik Sanayi F\u0131r\u0131nlar\u0131 A.\u015e.","description":"","publisher":{"@id":"https:\/\/www.sistemteknik.com\/ferrous\/#organization"},"potentialAction":[{"@type":"SearchAction","target":{"@type":"EntryPoint","urlTemplate":"https:\/\/www.sistemteknik.com\/ferrous\/?s={search_term_string}"},"query-input":"required name=search_term_string"}],"inLanguage":"tr"},{"@type":"Organization","@id":"https:\/\/www.sistemteknik.com\/ferrous\/#organization","name":"Sistem Teknik Sanayi F\u0131r\u0131nlar\u0131 A.\u015e.","url":"https:\/\/www.sistemteknik.com\/ferrous\/","logo":{"@type":"ImageObject","inLanguage":"tr","@id":"https:\/\/www.sistemteknik.com\/ferrous\/#\/schema\/logo\/image\/","url":"https:\/\/www.sistemteknik.com\/ferrous\/wp-content\/uploads\/2022\/08\/logo2x-1.png","contentUrl":"https:\/\/www.sistemteknik.com\/ferrous\/wp-content\/uploads\/2022\/08\/logo2x-1.png","width":200,"height":140,"caption":"Sistem Teknik Sanayi F\u0131r\u0131nlar\u0131 A.\u015e."},"image":{"@id":"https:\/\/www.sistemteknik.com\/ferrous\/#\/schema\/logo\/image\/"},"sameAs":["https:\/\/www.facebook.com\/sistemteknikindustrialfurnace","https:\/\/www.linkedin.com\/company\/sistem-teknik-industrial-furnaces\/","https:\/\/www.instagram.com\/sistemteknikas\/"]}]}},"_links":{"self":[{"href":"https:\/\/www.sistemteknik.com\/ferrous\/wp-json\/wp\/v2\/pages\/756"}],"collection":[{"href":"https:\/\/www.sistemteknik.com\/ferrous\/wp-json\/wp\/v2\/pages"}],"about":[{"href":"https:\/\/www.sistemteknik.com\/ferrous\/wp-json\/wp\/v2\/types\/page"}],"author":[{"embeddable":true,"href":"https:\/\/www.sistemteknik.com\/ferrous\/wp-json\/wp\/v2\/users\/3"}],"replies":[{"embeddable":true,"href":"https:\/\/www.sistemteknik.com\/ferrous\/wp-json\/wp\/v2\/comments?post=756"}],"version-history":[{"count":0,"href":"https:\/\/www.sistemteknik.com\/ferrous\/wp-json\/wp\/v2\/pages\/756\/revisions"}],"wp:featuredmedia":[{"embeddable":true,"href":"https:\/\/www.sistemteknik.com\/ferrous\/wp-json\/wp\/v2\/media\/757"}],"wp:attachment":[{"href":"https:\/\/www.sistemteknik.com\/ferrous\/wp-json\/wp\/v2\/media?parent=756"}],"curies":[{"name":"wp","href":"https:\/\/api.w.org\/{rel}","templated":true}]}}