{"id":748,"date":"2019-07-26T14:05:34","date_gmt":"2019-07-26T11:05:34","guid":{"rendered":"https:\/\/www.sistemteknik.com\/ferrous\/?page_id=748"},"modified":"2025-09-10T10:03:33","modified_gmt":"2025-09-10T07:03:33","slug":"trafo-kurutma-firinlari","status":"publish","type":"page","link":"https:\/\/www.sistemteknik.com\/ferrous\/trafo-kurutma-firinlari\/","title":{"rendered":"Trafo Kurutma F\u0131r\u0131nlar\u0131"},"content":{"rendered":"<div class=\"wpb-content-wrapper\"><p>[vc_row][vc_column][vc_row_inner equal_height=&#8221;yes&#8221;][vc_column_inner width=&#8221;1\/2&#8243; css=&#8221;.vc_custom_1568131063422{margin-bottom: 0px !important;padding-bottom: 0px !important;}&#8221;][vc_column_text]Trafo sekt\u00f6r\u00fcne y\u00f6nelik, vakum alt\u0131nda trafo kurutma i\u015flemi i\u00e7in dizayn edilmi\u015f f\u0131r\u0131nlard\u0131r.<\/p>\n<p>Yetkin ve homojen \u0131s\u0131tma sistemi ile \u00fcr\u00fcn kalitesini art\u0131rmakla birlikte, imalat s\u00fcresini k\u0131saltarak \u00fcretime do\u011frudan katk\u0131 vermektedir.<\/p>\n<p>PLC program ile kontrol edilerek, i\u015flemin izlenebilirli\u011fi ve do\u011frulu\u011fu sa\u011flanmaktad\u0131r.[\/vc_column_text][\/vc_column_inner][vc_column_inner width=&#8221;1\/2&#8243; css=&#8221;.vc_custom_1568131071726{margin-bottom: 0px !important;padding-bottom: 0px !important;}&#8221;][vc_single_image image=&#8221;4538&#8243; img_size=&#8221;full&#8221; alignment=&#8221;center&#8221; style=&#8221;vc_box_rounded&#8221;][\/vc_column_inner][\/vc_row_inner][\/vc_column][vc_column width=&#8221;1\/2&#8243; css=&#8221;.vc_custom_1568131079012{padding-top: 0px !important;}&#8221;][vc_custom_heading text=&#8221;Proses&#8221; use_theme_fonts=&#8221;yes&#8221;][vc_column_text]<\/p>\n<ul>\n<li>Kurutma<\/li>\n<li>K\u00fcrleme<\/li>\n<\/ul>\n<p>[\/vc_column_text][\/vc_column][vc_column width=&#8221;1\/2&#8243; css=&#8221;.vc_custom_1568131084614{padding-top: 0px !important;}&#8221;][vc_custom_heading text=&#8221;Teknik \u00d6zellikler&#8221; use_theme_fonts=&#8221;yes&#8221;][vc_column_text]<strong>Kapasite ; <\/strong><em>60.000 kg\/\u015farj \u2019a kadar<\/em><\/p>\n<p><strong>Is\u0131tma Sistemi ; <\/strong><em>\u00a0<\/em><em>Elektrik, S\u0131cak Su, Buhar<\/em><\/p>\n<p><strong>S\u0131cakl\u0131k ;<\/strong> <em>200 <\/em><em>\u02da<\/em><em>C \u2019a kadar<\/em>[\/vc_column_text][\/vc_column][vc_column][vc_custom_heading text=&#8221;Teklif \u0130ste&#8221; use_theme_fonts=&#8221;yes&#8221;]\n<div class=\"wpcf7 no-js\" id=\"wpcf7-f532-o1\" lang=\"tr-TR\" dir=\"ltr\">\n<div class=\"screen-reader-response\"><p role=\"status\" aria-live=\"polite\" aria-atomic=\"true\"><\/p> <ul><\/ul><\/div>\n<form action=\"\/ferrous\/wp-json\/wp\/v2\/pages\/748#wpcf7-f532-o1\" method=\"post\" class=\"wpcf7-form init\" aria-label=\"Contact form\" novalidate=\"novalidate\" data-status=\"init\">\n<div style=\"display: none;\">\n<input type=\"hidden\" name=\"_wpcf7\" value=\"532\" \/>\n<input type=\"hidden\" name=\"_wpcf7_version\" value=\"5.8.6\" \/>\n<input type=\"hidden\" name=\"_wpcf7_locale\" value=\"tr_TR\" \/>\n<input type=\"hidden\" name=\"_wpcf7_unit_tag\" value=\"wpcf7-f532-o1\" \/>\n<input type=\"hidden\" name=\"_wpcf7_container_post\" value=\"0\" \/>\n<input type=\"hidden\" name=\"_wpcf7_posted_data_hash\" value=\"\" \/>\n<\/div>\n<div class=\"c-form o-layout\">\n\t<div class=\"o-layout__item u-1\/2@tablet\">\n\t\t<div class=\"c-form__group\">\n\t\t\t<p><span class=\"wpcf7-form-control-wrap\" data-name=\"adsoyad\"><input size=\"40\" class=\"wpcf7-form-control wpcf7-text wpcf7-validates-as-required c-form__input\" aria-required=\"true\" aria-invalid=\"false\" placeholder=\"Ad Soyad*\" value=\"\" type=\"text\" name=\"adsoyad\" \/><\/span>\n\t\t\t<\/p>\n\t\t<\/div>\n\t\t<div class=\"c-form__group\">\n\t\t\t<p><span class=\"wpcf7-form-control-wrap\" data-name=\"eposta\"><input size=\"40\" class=\"wpcf7-form-control wpcf7-email wpcf7-validates-as-required wpcf7-text wpcf7-validates-as-email c-form__input\" aria-required=\"true\" aria-invalid=\"false\" placeholder=\"E-Posta*\" value=\"\" type=\"email\" name=\"eposta\" \/><\/span>\n\t\t\t<\/p>\n\t\t<\/div>\n\t\t<div class=\"c-form__group\">\n\t\t\t<p><span class=\"wpcf7-form-control-wrap\" data-name=\"telefon\"><input size=\"40\" class=\"wpcf7-form-control wpcf7-text wpcf7-validates-as-required c-form__input\" aria-required=\"true\" aria-invalid=\"false\" placeholder=\"Telefon*\" value=\"\" type=\"text\" name=\"telefon\" \/><\/span>\n\t\t\t<\/p>\n\t\t<\/div>\n\t\t<div class=\"c-form__group\">\n\t\t\t<p><span class=\"wpcf7-form-control-wrap\" data-name=\"firma\"><input size=\"40\" class=\"wpcf7-form-control wpcf7-text c-form__input\" aria-invalid=\"false\" placeholder=\"Firma\" value=\"\" type=\"text\" name=\"firma\" \/><\/span>\n\t\t\t<\/p>\n\t\t<\/div>\n\t\t<div class=\"c-form__group\">\n\t\t\t<p><span class=\"wpcf7-form-control-wrap\" data-name=\"adres\"><textarea cols=\"40\" rows=\"2\" class=\"wpcf7-form-control wpcf7-textarea c-form__input\" aria-invalid=\"false\" placeholder=\"Adres\" name=\"adres\"><\/textarea><\/span>\n\t\t\t<\/p>\n\t\t<\/div>\n\t<\/div>\n\t<div class=\"o-layout__item u-1\/2@tablet\">\n\t\t<div class=\"c-form__group\">\n\t\t\t<p><span class=\"wpcf7-form-control-wrap\" data-name=\"mesaj\"><textarea cols=\"40\" rows=\"19\" class=\"wpcf7-form-control wpcf7-textarea c-form__input\" aria-invalid=\"false\" placeholder=\"Mesaj\" name=\"mesaj\"><\/textarea><\/span>\n\t\t\t<\/p>\n\t\t<\/div>\n\t<\/div>\n\t<div class=\"o-layout__item\">\n\t\t<div class=\"c-form__group u-align-right\">\n\t\t\t<p><input class=\"wpcf7-form-control wpcf7-submit has-spinner c-form__submit\" type=\"submit\" value=\"G\u00f6nder\" \/>\n\t\t\t<\/p>\n\t\t<\/div>\n\t<\/div>\n<\/div><p style=\"display: none !important;\" class=\"akismet-fields-container\" data-prefix=\"_wpcf7_ak_\"><label>&#916;<textarea name=\"_wpcf7_ak_hp_textarea\" cols=\"45\" rows=\"8\" maxlength=\"100\"><\/textarea><\/label><input type=\"hidden\" id=\"ak_js_1\" name=\"_wpcf7_ak_js\" value=\"185\"\/><script>document.getElementById( \"ak_js_1\" ).setAttribute( \"value\", ( new Date() ).getTime() );<\/script><\/p><div class=\"wpcf7-response-output\" aria-hidden=\"true\"><\/div>\n<\/form>\n<\/div>\n[\/vc_column][\/vc_row]<\/p>\n<\/div>","protected":false},"excerpt":{"rendered":"<p>[vc_row][vc_column][vc_row_inner equal_height=&#8221;yes&#8221;][vc_column_inner width=&#8221;1\/2&#8243; css=&#8221;.vc_custom_1568131063422{margin-bottom: 0px !important;padding-bottom: 0px !important;}&#8221;][vc_column_text]Trafo sekt\u00f6r\u00fcne y\u00f6nelik, [&hellip;]<\/p>\n","protected":false},"author":3,"featured_media":749,"parent":0,"menu_order":76,"comment_status":"closed","ping_status":"closed","template":"","meta":{"footnotes":""},"acf":[],"yoast_head":"<!-- This site is optimized with the Yoast SEO plugin v21.8.1 - https:\/\/yoast.com\/wordpress\/plugins\/seo\/ -->\n<title>Trafo Kurutma F\u0131r\u0131nlar\u0131 ve Teknik \u00d6zellikleri | Sistem Teknik<\/title>\n<meta name=\"description\" content=\"Son derece hassas olan trafo kurutma f\u0131r\u0131n\u0131 Sistemteknik.com&#039;da! \u0130malat s\u00fcresini k\u0131saltarak \u00fcretime do\u011frudan katk\u0131 sa\u011flayan f\u0131r\u0131nlar i\u00e7in hemen bilgi al\u0131n!\" \/>\n<meta name=\"robots\" content=\"index, follow, max-snippet:-1, max-image-preview:large, max-video-preview:-1\" \/>\n<link rel=\"canonical\" href=\"https:\/\/www.sistemteknik.com\/ferrous\/trafo-kurutma-firinlari\/\" \/>\n<meta property=\"og:locale\" content=\"tr_TR\" \/>\n<meta property=\"og:type\" content=\"article\" \/>\n<meta property=\"og:title\" content=\"Trafo Kurutma F\u0131r\u0131nlar\u0131 ve Teknik \u00d6zellikleri | Sistem Teknik\" \/>\n<meta property=\"og:description\" content=\"Son derece hassas olan trafo kurutma f\u0131r\u0131n\u0131 Sistemteknik.com&#039;da! \u0130malat s\u00fcresini k\u0131saltarak \u00fcretime do\u011frudan katk\u0131 sa\u011flayan f\u0131r\u0131nlar i\u00e7in hemen bilgi al\u0131n!\" \/>\n<meta property=\"og:url\" content=\"https:\/\/www.sistemteknik.com\/ferrous\/trafo-kurutma-firinlari\/\" \/>\n<meta property=\"og:site_name\" content=\"Sistem Teknik Sanayi F\u0131r\u0131nlar\u0131 A.\u015e.\" \/>\n<meta property=\"article:publisher\" content=\"https:\/\/www.facebook.com\/sistemteknikindustrialfurnace\" \/>\n<meta property=\"article:modified_time\" content=\"2025-09-10T07:03:33+00:00\" \/>\n<meta property=\"og:image\" content=\"https:\/\/www.sistemteknik.com\/ferrous\/wp-content\/uploads\/2019\/07\/img02-e1613524824820.jpg\" \/>\n\t<meta property=\"og:image:width\" content=\"1500\" \/>\n\t<meta property=\"og:image:height\" content=\"2241\" \/>\n\t<meta property=\"og:image:type\" content=\"image\/jpeg\" \/>\n<meta name=\"twitter:card\" content=\"summary_large_image\" \/>\n<meta name=\"twitter:label1\" content=\"Tahmini okuma s\u00fcresi\" \/>\n\t<meta name=\"twitter:data1\" content=\"1 dakika\" \/>\n<script type=\"application\/ld+json\" class=\"yoast-schema-graph\">{\"@context\":\"https:\/\/schema.org\",\"@graph\":[{\"@type\":\"TechArticle\",\"@id\":\"https:\/\/www.sistemteknik.com\/ferrous\/trafo-kurutma-firinlari\/#article\",\"isPartOf\":{\"@id\":\"https:\/\/www.sistemteknik.com\/ferrous\/trafo-kurutma-firinlari\/\"},\"author\":{\"name\":\"Editor\",\"@id\":\"https:\/\/www.sistemteknik.com\/ferrous\/#\/schema\/person\/dccc206b7f79006d888f9c38150ee734\"},\"headline\":\"Trafo Kurutma F\u0131r\u0131nlar\u0131\",\"datePublished\":\"2019-07-26T11:05:34+00:00\",\"dateModified\":\"2025-09-10T07:03:33+00:00\",\"mainEntityOfPage\":{\"@id\":\"https:\/\/www.sistemteknik.com\/ferrous\/trafo-kurutma-firinlari\/\"},\"wordCount\":224,\"publisher\":{\"@id\":\"https:\/\/www.sistemteknik.com\/ferrous\/#organization\"},\"inLanguage\":\"tr\"},{\"@type\":[\"WebPage\",\"ItemPage\"],\"@id\":\"https:\/\/www.sistemteknik.com\/ferrous\/trafo-kurutma-firinlari\/\",\"url\":\"https:\/\/www.sistemteknik.com\/ferrous\/trafo-kurutma-firinlari\/\",\"name\":\"Trafo Kurutma F\u0131r\u0131nlar\u0131 ve Teknik \u00d6zellikleri | Sistem Teknik\",\"isPartOf\":{\"@id\":\"https:\/\/www.sistemteknik.com\/ferrous\/#website\"},\"datePublished\":\"2019-07-26T11:05:34+00:00\",\"dateModified\":\"2025-09-10T07:03:33+00:00\",\"description\":\"Son derece hassas olan trafo kurutma f\u0131r\u0131n\u0131 Sistemteknik.com'da! \u0130malat s\u00fcresini k\u0131saltarak \u00fcretime do\u011frudan katk\u0131 sa\u011flayan f\u0131r\u0131nlar i\u00e7in hemen bilgi al\u0131n!\",\"breadcrumb\":{\"@id\":\"https:\/\/www.sistemteknik.com\/ferrous\/trafo-kurutma-firinlari\/#breadcrumb\"},\"inLanguage\":\"tr\",\"potentialAction\":[{\"@type\":\"ReadAction\",\"target\":[\"https:\/\/www.sistemteknik.com\/ferrous\/trafo-kurutma-firinlari\/\"]}]},{\"@type\":\"BreadcrumbList\",\"@id\":\"https:\/\/www.sistemteknik.com\/ferrous\/trafo-kurutma-firinlari\/#breadcrumb\",\"itemListElement\":[{\"@type\":\"ListItem\",\"position\":1,\"name\":\"Ana sayfa\",\"item\":\"https:\/\/www.sistemteknik.com\/ferrous\/\"},{\"@type\":\"ListItem\",\"position\":2,\"name\":\"Trafo Kurutma F\u0131r\u0131nlar\u0131\"}]},{\"@type\":\"WebSite\",\"@id\":\"https:\/\/www.sistemteknik.com\/ferrous\/#website\",\"url\":\"https:\/\/www.sistemteknik.com\/ferrous\/\",\"name\":\"Sistem Teknik Sanayi F\u0131r\u0131nlar\u0131 A.\u015e.\",\"description\":\"\",\"publisher\":{\"@id\":\"https:\/\/www.sistemteknik.com\/ferrous\/#organization\"},\"potentialAction\":[{\"@type\":\"SearchAction\",\"target\":{\"@type\":\"EntryPoint\",\"urlTemplate\":\"https:\/\/www.sistemteknik.com\/ferrous\/?s={search_term_string}\"},\"query-input\":\"required name=search_term_string\"}],\"inLanguage\":\"tr\"},{\"@type\":\"Organization\",\"@id\":\"https:\/\/www.sistemteknik.com\/ferrous\/#organization\",\"name\":\"Sistem Teknik Sanayi F\u0131r\u0131nlar\u0131 A.\u015e.\",\"url\":\"https:\/\/www.sistemteknik.com\/ferrous\/\",\"logo\":{\"@type\":\"ImageObject\",\"inLanguage\":\"tr\",\"@id\":\"https:\/\/www.sistemteknik.com\/ferrous\/#\/schema\/logo\/image\/\",\"url\":\"https:\/\/www.sistemteknik.com\/ferrous\/wp-content\/uploads\/2022\/08\/logo2x-1.png\",\"contentUrl\":\"https:\/\/www.sistemteknik.com\/ferrous\/wp-content\/uploads\/2022\/08\/logo2x-1.png\",\"width\":200,\"height\":140,\"caption\":\"Sistem Teknik Sanayi F\u0131r\u0131nlar\u0131 A.\u015e.\"},\"image\":{\"@id\":\"https:\/\/www.sistemteknik.com\/ferrous\/#\/schema\/logo\/image\/\"},\"sameAs\":[\"https:\/\/www.facebook.com\/sistemteknikindustrialfurnace\",\"https:\/\/www.linkedin.com\/company\/sistem-teknik-industrial-furnaces\/\",\"https:\/\/www.instagram.com\/sistemteknikas\/\"]},{\"@type\":\"Person\",\"@id\":\"https:\/\/www.sistemteknik.com\/ferrous\/#\/schema\/person\/dccc206b7f79006d888f9c38150ee734\",\"name\":\"Editor\",\"image\":{\"@type\":\"ImageObject\",\"inLanguage\":\"tr\",\"@id\":\"https:\/\/www.sistemteknik.com\/ferrous\/#\/schema\/person\/image\/\",\"url\":\"https:\/\/secure.gravatar.com\/avatar\/e54587e2e6f007242e7e595899c1cda4?s=96&d=mm&r=g\",\"contentUrl\":\"https:\/\/secure.gravatar.com\/avatar\/e54587e2e6f007242e7e595899c1cda4?s=96&d=mm&r=g\",\"caption\":\"Editor\"},\"url\":\"https:\/\/www.sistemteknik.com\/ferrous\/author\/editor\/\"}]}<\/script>\n<!-- \/ Yoast SEO plugin. -->","yoast_head_json":{"title":"Trafo Kurutma F\u0131r\u0131nlar\u0131 ve Teknik \u00d6zellikleri | Sistem Teknik","description":"Son derece hassas olan trafo kurutma f\u0131r\u0131n\u0131 Sistemteknik.com'da! \u0130malat s\u00fcresini k\u0131saltarak \u00fcretime do\u011frudan katk\u0131 sa\u011flayan f\u0131r\u0131nlar i\u00e7in hemen bilgi al\u0131n!","robots":{"index":"index","follow":"follow","max-snippet":"max-snippet:-1","max-image-preview":"max-image-preview:large","max-video-preview":"max-video-preview:-1"},"canonical":"https:\/\/www.sistemteknik.com\/ferrous\/trafo-kurutma-firinlari\/","og_locale":"tr_TR","og_type":"article","og_title":"Trafo Kurutma F\u0131r\u0131nlar\u0131 ve Teknik \u00d6zellikleri | Sistem Teknik","og_description":"Son derece hassas olan trafo kurutma f\u0131r\u0131n\u0131 Sistemteknik.com'da! \u0130malat s\u00fcresini k\u0131saltarak \u00fcretime do\u011frudan katk\u0131 sa\u011flayan f\u0131r\u0131nlar i\u00e7in hemen bilgi al\u0131n!","og_url":"https:\/\/www.sistemteknik.com\/ferrous\/trafo-kurutma-firinlari\/","og_site_name":"Sistem Teknik Sanayi F\u0131r\u0131nlar\u0131 A.\u015e.","article_publisher":"https:\/\/www.facebook.com\/sistemteknikindustrialfurnace","article_modified_time":"2025-09-10T07:03:33+00:00","og_image":[{"width":1500,"height":2241,"url":"https:\/\/www.sistemteknik.com\/ferrous\/wp-content\/uploads\/2019\/07\/img02-e1613524824820.jpg","type":"image\/jpeg"}],"twitter_card":"summary_large_image","twitter_misc":{"Tahmini okuma s\u00fcresi":"1 dakika"},"schema":{"@context":"https:\/\/schema.org","@graph":[{"@type":"TechArticle","@id":"https:\/\/www.sistemteknik.com\/ferrous\/trafo-kurutma-firinlari\/#article","isPartOf":{"@id":"https:\/\/www.sistemteknik.com\/ferrous\/trafo-kurutma-firinlari\/"},"author":{"name":"Editor","@id":"https:\/\/www.sistemteknik.com\/ferrous\/#\/schema\/person\/dccc206b7f79006d888f9c38150ee734"},"headline":"Trafo Kurutma F\u0131r\u0131nlar\u0131","datePublished":"2019-07-26T11:05:34+00:00","dateModified":"2025-09-10T07:03:33+00:00","mainEntityOfPage":{"@id":"https:\/\/www.sistemteknik.com\/ferrous\/trafo-kurutma-firinlari\/"},"wordCount":224,"publisher":{"@id":"https:\/\/www.sistemteknik.com\/ferrous\/#organization"},"inLanguage":"tr"},{"@type":["WebPage","ItemPage"],"@id":"https:\/\/www.sistemteknik.com\/ferrous\/trafo-kurutma-firinlari\/","url":"https:\/\/www.sistemteknik.com\/ferrous\/trafo-kurutma-firinlari\/","name":"Trafo Kurutma F\u0131r\u0131nlar\u0131 ve Teknik \u00d6zellikleri | Sistem Teknik","isPartOf":{"@id":"https:\/\/www.sistemteknik.com\/ferrous\/#website"},"datePublished":"2019-07-26T11:05:34+00:00","dateModified":"2025-09-10T07:03:33+00:00","description":"Son derece hassas olan trafo kurutma f\u0131r\u0131n\u0131 Sistemteknik.com'da! \u0130malat s\u00fcresini k\u0131saltarak \u00fcretime do\u011frudan katk\u0131 sa\u011flayan f\u0131r\u0131nlar i\u00e7in hemen bilgi al\u0131n!","breadcrumb":{"@id":"https:\/\/www.sistemteknik.com\/ferrous\/trafo-kurutma-firinlari\/#breadcrumb"},"inLanguage":"tr","potentialAction":[{"@type":"ReadAction","target":["https:\/\/www.sistemteknik.com\/ferrous\/trafo-kurutma-firinlari\/"]}]},{"@type":"BreadcrumbList","@id":"https:\/\/www.sistemteknik.com\/ferrous\/trafo-kurutma-firinlari\/#breadcrumb","itemListElement":[{"@type":"ListItem","position":1,"name":"Ana sayfa","item":"https:\/\/www.sistemteknik.com\/ferrous\/"},{"@type":"ListItem","position":2,"name":"Trafo Kurutma F\u0131r\u0131nlar\u0131"}]},{"@type":"WebSite","@id":"https:\/\/www.sistemteknik.com\/ferrous\/#website","url":"https:\/\/www.sistemteknik.com\/ferrous\/","name":"Sistem Teknik Sanayi F\u0131r\u0131nlar\u0131 A.\u015e.","description":"","publisher":{"@id":"https:\/\/www.sistemteknik.com\/ferrous\/#organization"},"potentialAction":[{"@type":"SearchAction","target":{"@type":"EntryPoint","urlTemplate":"https:\/\/www.sistemteknik.com\/ferrous\/?s={search_term_string}"},"query-input":"required name=search_term_string"}],"inLanguage":"tr"},{"@type":"Organization","@id":"https:\/\/www.sistemteknik.com\/ferrous\/#organization","name":"Sistem Teknik Sanayi F\u0131r\u0131nlar\u0131 A.\u015e.","url":"https:\/\/www.sistemteknik.com\/ferrous\/","logo":{"@type":"ImageObject","inLanguage":"tr","@id":"https:\/\/www.sistemteknik.com\/ferrous\/#\/schema\/logo\/image\/","url":"https:\/\/www.sistemteknik.com\/ferrous\/wp-content\/uploads\/2022\/08\/logo2x-1.png","contentUrl":"https:\/\/www.sistemteknik.com\/ferrous\/wp-content\/uploads\/2022\/08\/logo2x-1.png","width":200,"height":140,"caption":"Sistem Teknik Sanayi F\u0131r\u0131nlar\u0131 A.\u015e."},"image":{"@id":"https:\/\/www.sistemteknik.com\/ferrous\/#\/schema\/logo\/image\/"},"sameAs":["https:\/\/www.facebook.com\/sistemteknikindustrialfurnace","https:\/\/www.linkedin.com\/company\/sistem-teknik-industrial-furnaces\/","https:\/\/www.instagram.com\/sistemteknikas\/"]},{"@type":"Person","@id":"https:\/\/www.sistemteknik.com\/ferrous\/#\/schema\/person\/dccc206b7f79006d888f9c38150ee734","name":"Editor","image":{"@type":"ImageObject","inLanguage":"tr","@id":"https:\/\/www.sistemteknik.com\/ferrous\/#\/schema\/person\/image\/","url":"https:\/\/secure.gravatar.com\/avatar\/e54587e2e6f007242e7e595899c1cda4?s=96&d=mm&r=g","contentUrl":"https:\/\/secure.gravatar.com\/avatar\/e54587e2e6f007242e7e595899c1cda4?s=96&d=mm&r=g","caption":"Editor"},"url":"https:\/\/www.sistemteknik.com\/ferrous\/author\/editor\/"}]}},"_links":{"self":[{"href":"https:\/\/www.sistemteknik.com\/ferrous\/wp-json\/wp\/v2\/pages\/748"}],"collection":[{"href":"https:\/\/www.sistemteknik.com\/ferrous\/wp-json\/wp\/v2\/pages"}],"about":[{"href":"https:\/\/www.sistemteknik.com\/ferrous\/wp-json\/wp\/v2\/types\/page"}],"author":[{"embeddable":true,"href":"https:\/\/www.sistemteknik.com\/ferrous\/wp-json\/wp\/v2\/users\/3"}],"replies":[{"embeddable":true,"href":"https:\/\/www.sistemteknik.com\/ferrous\/wp-json\/wp\/v2\/comments?post=748"}],"version-history":[{"count":3,"href":"https:\/\/www.sistemteknik.com\/ferrous\/wp-json\/wp\/v2\/pages\/748\/revisions"}],"predecessor-version":[{"id":4540,"href":"https:\/\/www.sistemteknik.com\/ferrous\/wp-json\/wp\/v2\/pages\/748\/revisions\/4540"}],"wp:featuredmedia":[{"embeddable":true,"href":"https:\/\/www.sistemteknik.com\/ferrous\/wp-json\/wp\/v2\/media\/749"}],"wp:attachment":[{"href":"https:\/\/www.sistemteknik.com\/ferrous\/wp-json\/wp\/v2\/media?parent=748"}],"curies":[{"name":"wp","href":"https:\/\/api.w.org\/{rel}","templated":true}]}}