{"id":676,"date":"2019-07-26T13:28:40","date_gmt":"2019-07-26T10:28:40","guid":{"rendered":"https:\/\/www.sistemteknik.com\/ferrous\/?page_id=676"},"modified":"2025-07-28T11:14:36","modified_gmt":"2025-07-28T08:14:36","slug":"gaz-jeneratorleri","status":"publish","type":"page","link":"https:\/\/www.sistemteknik.com\/ferrous\/gaz-jeneratorleri\/","title":{"rendered":"Gaz Jenerat\u00f6rleri"},"content":{"rendered":"<div class=\"wpb-content-wrapper\"><p>[vc_row][vc_column][vc_row_inner equal_height=&#8221;yes&#8221;][vc_column_inner width=&#8221;1\/2&#8243; css=&#8221;.vc_custom_1568128769143{margin-bottom: 0px !important;padding-bottom: 0px !important;}&#8221;][vc_column_text]Sistem Teknik Sanayi F\u0131r\u0131nlar\u0131, Endotermik jenerat\u00f6r, Amonyak k\u0131r\u0131c\u0131, Ekzotermik jenerat\u00f6r ve Azot-Metanol sistemlerinden olu\u015fan geni\u015f yelpazede atmosfer jenerat\u00f6rleri \u00fcretmektedir.<\/p>\n<p>T\u00fcm jenerat\u00f6rler, maksimum \u00e7al\u0131\u015fma g\u00fcvenilirli\u011fi ve maksimum tasarruflu olarak, son gaz kontrol\u00fc hassas olarak yap\u0131labilecek \u015fekilde tasarlanm\u0131\u015ft\u0131r.<\/p>\n<p>Verimli izolasyon sayesinde d\u00fc\u015f\u00fck enerji t\u00fcketimi ve k\u0131sa \u0131s\u0131nma s\u00fcresine, basit yap\u0131lar\u0131 ile kolay bak\u0131m gereksinime sahiptirler.<\/p>\n<p><em><strong>Jenerat\u00f6r Tipleri<\/strong><\/em><\/p>\n<p><strong>Endotermik Gaz Jenerat\u00f6r\u00fc:<\/strong><\/p>\n<p><strong>Kapasite:<\/strong> 15\u2019den 200 m\u00b3\/saat\u2019e<\/p>\n<p><strong>Ekzotermik Gaz Jenerat\u00f6r\u00fc:<\/strong><\/p>\n<p><strong>Kapasite:<\/strong> 15\u2019dan 120 m\u00b3\/saat\u2019e<\/p>\n<p><strong>Amonyak K\u0131r\u0131c\u0131:<\/strong><\/p>\n<p>Bu \u00fcnite, \u00e7ok d\u00fc\u015f\u00fck yo\u011fu\u015fma noktas\u0131na sahip gazlar ile, Amonyak\u2019\u0131n Hidrojen\u2019e(%75) ve Azot\u2019a(%25) par\u00e7alanmas\u0131 i\u00e7in kullan\u0131l\u0131r.<\/p>\n<p><strong>Kapasite:<\/strong> 15\u2019den 80 m\u00b3\/saat\u2019e[\/vc_column_text][\/vc_column_inner][vc_column_inner width=&#8221;1\/2&#8243; css=&#8221;.vc_custom_1568128777852{margin-bottom: 0px !important;padding-bottom: 0px !important;}&#8221;][vc_single_image image=&#8221;3477&#8243; img_size=&#8221;full&#8221; alignment=&#8221;center&#8221; style=&#8221;vc_box_rounded&#8221;][\/vc_column_inner][\/vc_row_inner][\/vc_column][vc_column width=&#8221;1\/2&#8243; css=&#8221;.vc_custom_1568128785919{padding-top: 0px !important;}&#8221;][vc_custom_heading text=&#8221;Proses&#8221; use_theme_fonts=&#8221;yes&#8221;][vc_column_text]<\/p>\n<ul>\n<li>Basit yap\u0131s\u0131 ile az ve kolay bak\u0131m gereksinimi,<\/li>\n<li>Verimli izolasyon sayesinde d\u00fc\u015f\u00fck enerji t\u00fcketimi,<\/li>\n<li>K\u0131sa \u0131s\u0131nma s\u00fcresi,<\/li>\n<li>Kolay operasyon,<\/li>\n<li>Kolay \u00e7\u0131k\u0131\u015f kontrol\u00fc,<\/li>\n<li>D\u00fc\u015f\u00fck so\u011futma suyu t\u00fcketimi<\/li>\n<\/ul>\n<p>[\/vc_column_text][\/vc_column][vc_column width=&#8221;1\/2&#8243; css=&#8221;.vc_custom_1568128792680{padding-top: 0px !important;}&#8221;][vc_custom_heading text=&#8221;Teknik \u00d6zellikler&#8221; use_theme_fonts=&#8221;yes&#8221;][vc_column_text]<strong>Farkl\u0131 Atmosfer Bile\u015fenlerinin % Hacmi<\/strong>[\/vc_column_text][vc_table vc_table_theme=&#8221;classic&#8221; el_class=&#8221;table-nowrap-first-column table-compact&#8221;]Metod,N%E2%82%82,H%E2%82%82,CO,CO%E2%82%82,H%E2%82%82O,CH%E2%82%84|Eksogaz,79,7,5,8,0.5,%E2%80%93|Endogaz,40,40,20,0.3,0.7,%E2%80%93|Monogaz,87,7,5,0.05,0.05,%E2%80%93|Amonyak%20K%C4%B1r%C4%B1c%C4%B1,25,75,%E2%80%93,%E2%80%93,%E2%80%93,%E2%80%93[\/vc_table][\/vc_column][vc_column][vc_custom_heading text=&#8221;Teklif \u0130ste&#8221; use_theme_fonts=&#8221;yes&#8221;]\n<div class=\"wpcf7 no-js\" id=\"wpcf7-f532-o1\" lang=\"tr-TR\" dir=\"ltr\">\n<div class=\"screen-reader-response\"><p role=\"status\" aria-live=\"polite\" aria-atomic=\"true\"><\/p> <ul><\/ul><\/div>\n<form action=\"\/ferrous\/wp-json\/wp\/v2\/pages\/676#wpcf7-f532-o1\" method=\"post\" class=\"wpcf7-form init\" aria-label=\"Contact form\" novalidate=\"novalidate\" data-status=\"init\">\n<div style=\"display: none;\">\n<input type=\"hidden\" name=\"_wpcf7\" value=\"532\" \/>\n<input type=\"hidden\" name=\"_wpcf7_version\" value=\"5.8.6\" \/>\n<input type=\"hidden\" name=\"_wpcf7_locale\" value=\"tr_TR\" \/>\n<input type=\"hidden\" name=\"_wpcf7_unit_tag\" value=\"wpcf7-f532-o1\" \/>\n<input type=\"hidden\" name=\"_wpcf7_container_post\" value=\"0\" \/>\n<input type=\"hidden\" name=\"_wpcf7_posted_data_hash\" value=\"\" \/>\n<\/div>\n<div class=\"c-form o-layout\">\n\t<div class=\"o-layout__item u-1\/2@tablet\">\n\t\t<div class=\"c-form__group\">\n\t\t\t<p><span class=\"wpcf7-form-control-wrap\" data-name=\"adsoyad\"><input size=\"40\" class=\"wpcf7-form-control wpcf7-text wpcf7-validates-as-required c-form__input\" aria-required=\"true\" aria-invalid=\"false\" placeholder=\"Ad Soyad*\" value=\"\" type=\"text\" name=\"adsoyad\" \/><\/span>\n\t\t\t<\/p>\n\t\t<\/div>\n\t\t<div class=\"c-form__group\">\n\t\t\t<p><span class=\"wpcf7-form-control-wrap\" data-name=\"eposta\"><input size=\"40\" class=\"wpcf7-form-control wpcf7-email wpcf7-validates-as-required wpcf7-text wpcf7-validates-as-email c-form__input\" aria-required=\"true\" aria-invalid=\"false\" placeholder=\"E-Posta*\" value=\"\" type=\"email\" name=\"eposta\" \/><\/span>\n\t\t\t<\/p>\n\t\t<\/div>\n\t\t<div class=\"c-form__group\">\n\t\t\t<p><span class=\"wpcf7-form-control-wrap\" data-name=\"telefon\"><input size=\"40\" class=\"wpcf7-form-control wpcf7-text wpcf7-validates-as-required c-form__input\" aria-required=\"true\" aria-invalid=\"false\" placeholder=\"Telefon*\" value=\"\" type=\"text\" name=\"telefon\" \/><\/span>\n\t\t\t<\/p>\n\t\t<\/div>\n\t\t<div class=\"c-form__group\">\n\t\t\t<p><span class=\"wpcf7-form-control-wrap\" data-name=\"firma\"><input size=\"40\" class=\"wpcf7-form-control wpcf7-text c-form__input\" aria-invalid=\"false\" placeholder=\"Firma\" value=\"\" type=\"text\" name=\"firma\" \/><\/span>\n\t\t\t<\/p>\n\t\t<\/div>\n\t\t<div class=\"c-form__group\">\n\t\t\t<p><span class=\"wpcf7-form-control-wrap\" data-name=\"adres\"><textarea cols=\"40\" rows=\"2\" class=\"wpcf7-form-control wpcf7-textarea c-form__input\" aria-invalid=\"false\" placeholder=\"Adres\" name=\"adres\"><\/textarea><\/span>\n\t\t\t<\/p>\n\t\t<\/div>\n\t<\/div>\n\t<div class=\"o-layout__item u-1\/2@tablet\">\n\t\t<div class=\"c-form__group\">\n\t\t\t<p><span class=\"wpcf7-form-control-wrap\" data-name=\"mesaj\"><textarea cols=\"40\" rows=\"19\" class=\"wpcf7-form-control wpcf7-textarea c-form__input\" aria-invalid=\"false\" placeholder=\"Mesaj\" name=\"mesaj\"><\/textarea><\/span>\n\t\t\t<\/p>\n\t\t<\/div>\n\t<\/div>\n\t<div class=\"o-layout__item\">\n\t\t<div class=\"c-form__group u-align-right\">\n\t\t\t<p><input class=\"wpcf7-form-control wpcf7-submit has-spinner c-form__submit\" type=\"submit\" value=\"G\u00f6nder\" \/>\n\t\t\t<\/p>\n\t\t<\/div>\n\t<\/div>\n<\/div><p style=\"display: none !important;\" class=\"akismet-fields-container\" data-prefix=\"_wpcf7_ak_\"><label>&#916;<textarea name=\"_wpcf7_ak_hp_textarea\" cols=\"45\" rows=\"8\" maxlength=\"100\"><\/textarea><\/label><input type=\"hidden\" id=\"ak_js_1\" name=\"_wpcf7_ak_js\" value=\"243\"\/><script>document.getElementById( \"ak_js_1\" ).setAttribute( \"value\", ( new Date() ).getTime() );<\/script><\/p><div class=\"wpcf7-response-output\" aria-hidden=\"true\"><\/div>\n<\/form>\n<\/div>\n[\/vc_column][\/vc_row]<\/p>\n<\/div>","protected":false},"excerpt":{"rendered":"<p>[vc_row][vc_column][vc_row_inner equal_height=&#8221;yes&#8221;][vc_column_inner width=&#8221;1\/2&#8243; css=&#8221;.vc_custom_1568128769143{margin-bottom: 0px !important;padding-bottom: 0px !important;}&#8221;][vc_column_text]Sistem Teknik Sanayi [&hellip;]<\/p>\n","protected":false},"author":3,"featured_media":3474,"parent":0,"menu_order":51,"comment_status":"closed","ping_status":"closed","template":"","meta":{"footnotes":""},"acf":[],"yoast_head":"<!-- This site is optimized with the Yoast SEO plugin v21.8.1 - https:\/\/yoast.com\/wordpress\/plugins\/seo\/ -->\n<title>Gaz Jenerat\u00f6rleri - Endogaz &amp; Egzogaz Jenerat\u00f6r | Sistem Teknik<\/title>\n<meta name=\"description\" content=\"Gaz jenerat\u00f6rleri ve ileri teknolojiler Sistemteknik.com&#039;da. Is\u0131l i\u015fleminizi \u00fcst seviyeye \u00e7\u0131karacak endogaz, egzogaz, amonyak k\u0131r\u0131c\u0131 jenerat\u00f6rler i\u00e7in teklif al\u0131n!\" \/>\n<meta name=\"robots\" content=\"index, follow, max-snippet:-1, max-image-preview:large, max-video-preview:-1\" \/>\n<link rel=\"canonical\" href=\"https:\/\/www.sistemteknik.com\/ferrous\/gaz-jeneratorleri\/\" \/>\n<meta property=\"og:locale\" content=\"tr_TR\" \/>\n<meta property=\"og:type\" content=\"article\" \/>\n<meta property=\"og:title\" content=\"Gaz Jenerat\u00f6rleri - Endogaz &amp; Egzogaz Jenerat\u00f6r | Sistem Teknik\" \/>\n<meta property=\"og:description\" content=\"Gaz jenerat\u00f6rleri ve ileri teknolojiler Sistemteknik.com&#039;da. Is\u0131l i\u015fleminizi \u00fcst seviyeye \u00e7\u0131karacak endogaz, egzogaz, amonyak k\u0131r\u0131c\u0131 jenerat\u00f6rler i\u00e7in teklif al\u0131n!\" \/>\n<meta property=\"og:url\" content=\"https:\/\/www.sistemteknik.com\/ferrous\/gaz-jeneratorleri\/\" \/>\n<meta property=\"og:site_name\" content=\"Sistem Teknik Sanayi F\u0131r\u0131nlar\u0131 A.\u015e.\" \/>\n<meta property=\"article:publisher\" content=\"https:\/\/www.facebook.com\/sistemteknikindustrialfurnace\" \/>\n<meta property=\"article:modified_time\" content=\"2025-07-28T08:14:36+00:00\" \/>\n<meta property=\"og:image\" content=\"https:\/\/www.sistemteknik.com\/ferrous\/wp-content\/uploads\/2022\/09\/gaz-jeneratorleri.jpg\" \/>\n\t<meta property=\"og:image:width\" content=\"1500\" \/>\n\t<meta property=\"og:image:height\" content=\"2250\" \/>\n\t<meta property=\"og:image:type\" content=\"image\/jpeg\" \/>\n<meta name=\"twitter:card\" content=\"summary_large_image\" \/>\n<meta name=\"twitter:label1\" content=\"Tahmini okuma s\u00fcresi\" \/>\n\t<meta name=\"twitter:data1\" content=\"2 dakika\" \/>\n<script type=\"application\/ld+json\" class=\"yoast-schema-graph\">{\"@context\":\"https:\/\/schema.org\",\"@graph\":[{\"@type\":[\"WebPage\",\"ItemPage\"],\"@id\":\"https:\/\/www.sistemteknik.com\/ferrous\/gaz-jeneratorleri\/\",\"url\":\"https:\/\/www.sistemteknik.com\/ferrous\/gaz-jeneratorleri\/\",\"name\":\"Gaz Jenerat\u00f6rleri - Endogaz & Egzogaz Jenerat\u00f6r | Sistem Teknik\",\"isPartOf\":{\"@id\":\"https:\/\/www.sistemteknik.com\/ferrous\/#website\"},\"datePublished\":\"2019-07-26T10:28:40+00:00\",\"dateModified\":\"2025-07-28T08:14:36+00:00\",\"description\":\"Gaz jenerat\u00f6rleri ve ileri teknolojiler Sistemteknik.com'da. Is\u0131l i\u015fleminizi \u00fcst seviyeye \u00e7\u0131karacak endogaz, egzogaz, amonyak k\u0131r\u0131c\u0131 jenerat\u00f6rler i\u00e7in teklif al\u0131n!\",\"breadcrumb\":{\"@id\":\"https:\/\/www.sistemteknik.com\/ferrous\/gaz-jeneratorleri\/#breadcrumb\"},\"inLanguage\":\"tr\",\"potentialAction\":[{\"@type\":\"ReadAction\",\"target\":[\"https:\/\/www.sistemteknik.com\/ferrous\/gaz-jeneratorleri\/\"]}]},{\"@type\":\"BreadcrumbList\",\"@id\":\"https:\/\/www.sistemteknik.com\/ferrous\/gaz-jeneratorleri\/#breadcrumb\",\"itemListElement\":[{\"@type\":\"ListItem\",\"position\":1,\"name\":\"Ana sayfa\",\"item\":\"https:\/\/www.sistemteknik.com\/ferrous\/\"},{\"@type\":\"ListItem\",\"position\":2,\"name\":\"Gaz Jenerat\u00f6rleri\"}]},{\"@type\":\"WebSite\",\"@id\":\"https:\/\/www.sistemteknik.com\/ferrous\/#website\",\"url\":\"https:\/\/www.sistemteknik.com\/ferrous\/\",\"name\":\"Sistem Teknik Sanayi F\u0131r\u0131nlar\u0131 A.\u015e.\",\"description\":\"\",\"publisher\":{\"@id\":\"https:\/\/www.sistemteknik.com\/ferrous\/#organization\"},\"potentialAction\":[{\"@type\":\"SearchAction\",\"target\":{\"@type\":\"EntryPoint\",\"urlTemplate\":\"https:\/\/www.sistemteknik.com\/ferrous\/?s={search_term_string}\"},\"query-input\":\"required name=search_term_string\"}],\"inLanguage\":\"tr\"},{\"@type\":\"Organization\",\"@id\":\"https:\/\/www.sistemteknik.com\/ferrous\/#organization\",\"name\":\"Sistem Teknik Sanayi F\u0131r\u0131nlar\u0131 A.\u015e.\",\"url\":\"https:\/\/www.sistemteknik.com\/ferrous\/\",\"logo\":{\"@type\":\"ImageObject\",\"inLanguage\":\"tr\",\"@id\":\"https:\/\/www.sistemteknik.com\/ferrous\/#\/schema\/logo\/image\/\",\"url\":\"https:\/\/www.sistemteknik.com\/ferrous\/wp-content\/uploads\/2022\/08\/logo2x-1.png\",\"contentUrl\":\"https:\/\/www.sistemteknik.com\/ferrous\/wp-content\/uploads\/2022\/08\/logo2x-1.png\",\"width\":200,\"height\":140,\"caption\":\"Sistem Teknik Sanayi F\u0131r\u0131nlar\u0131 A.\u015e.\"},\"image\":{\"@id\":\"https:\/\/www.sistemteknik.com\/ferrous\/#\/schema\/logo\/image\/\"},\"sameAs\":[\"https:\/\/www.facebook.com\/sistemteknikindustrialfurnace\",\"https:\/\/www.linkedin.com\/company\/sistem-teknik-industrial-furnaces\/\",\"https:\/\/www.instagram.com\/sistemteknikas\/\"]}]}<\/script>\n<!-- \/ Yoast SEO plugin. -->","yoast_head_json":{"title":"Gaz Jenerat\u00f6rleri - Endogaz & Egzogaz Jenerat\u00f6r | Sistem Teknik","description":"Gaz jenerat\u00f6rleri ve ileri teknolojiler Sistemteknik.com'da. Is\u0131l i\u015fleminizi \u00fcst seviyeye \u00e7\u0131karacak endogaz, egzogaz, amonyak k\u0131r\u0131c\u0131 jenerat\u00f6rler i\u00e7in teklif al\u0131n!","robots":{"index":"index","follow":"follow","max-snippet":"max-snippet:-1","max-image-preview":"max-image-preview:large","max-video-preview":"max-video-preview:-1"},"canonical":"https:\/\/www.sistemteknik.com\/ferrous\/gaz-jeneratorleri\/","og_locale":"tr_TR","og_type":"article","og_title":"Gaz Jenerat\u00f6rleri - Endogaz & Egzogaz Jenerat\u00f6r | Sistem Teknik","og_description":"Gaz jenerat\u00f6rleri ve ileri teknolojiler Sistemteknik.com'da. Is\u0131l i\u015fleminizi \u00fcst seviyeye \u00e7\u0131karacak endogaz, egzogaz, amonyak k\u0131r\u0131c\u0131 jenerat\u00f6rler i\u00e7in teklif al\u0131n!","og_url":"https:\/\/www.sistemteknik.com\/ferrous\/gaz-jeneratorleri\/","og_site_name":"Sistem Teknik Sanayi F\u0131r\u0131nlar\u0131 A.\u015e.","article_publisher":"https:\/\/www.facebook.com\/sistemteknikindustrialfurnace","article_modified_time":"2025-07-28T08:14:36+00:00","og_image":[{"width":1500,"height":2250,"url":"https:\/\/www.sistemteknik.com\/ferrous\/wp-content\/uploads\/2022\/09\/gaz-jeneratorleri.jpg","type":"image\/jpeg"}],"twitter_card":"summary_large_image","twitter_misc":{"Tahmini okuma s\u00fcresi":"2 dakika"},"schema":{"@context":"https:\/\/schema.org","@graph":[{"@type":["WebPage","ItemPage"],"@id":"https:\/\/www.sistemteknik.com\/ferrous\/gaz-jeneratorleri\/","url":"https:\/\/www.sistemteknik.com\/ferrous\/gaz-jeneratorleri\/","name":"Gaz Jenerat\u00f6rleri - Endogaz & Egzogaz Jenerat\u00f6r | Sistem Teknik","isPartOf":{"@id":"https:\/\/www.sistemteknik.com\/ferrous\/#website"},"datePublished":"2019-07-26T10:28:40+00:00","dateModified":"2025-07-28T08:14:36+00:00","description":"Gaz jenerat\u00f6rleri ve ileri teknolojiler Sistemteknik.com'da. Is\u0131l i\u015fleminizi \u00fcst seviyeye \u00e7\u0131karacak endogaz, egzogaz, amonyak k\u0131r\u0131c\u0131 jenerat\u00f6rler i\u00e7in teklif al\u0131n!","breadcrumb":{"@id":"https:\/\/www.sistemteknik.com\/ferrous\/gaz-jeneratorleri\/#breadcrumb"},"inLanguage":"tr","potentialAction":[{"@type":"ReadAction","target":["https:\/\/www.sistemteknik.com\/ferrous\/gaz-jeneratorleri\/"]}]},{"@type":"BreadcrumbList","@id":"https:\/\/www.sistemteknik.com\/ferrous\/gaz-jeneratorleri\/#breadcrumb","itemListElement":[{"@type":"ListItem","position":1,"name":"Ana sayfa","item":"https:\/\/www.sistemteknik.com\/ferrous\/"},{"@type":"ListItem","position":2,"name":"Gaz Jenerat\u00f6rleri"}]},{"@type":"WebSite","@id":"https:\/\/www.sistemteknik.com\/ferrous\/#website","url":"https:\/\/www.sistemteknik.com\/ferrous\/","name":"Sistem Teknik Sanayi F\u0131r\u0131nlar\u0131 A.\u015e.","description":"","publisher":{"@id":"https:\/\/www.sistemteknik.com\/ferrous\/#organization"},"potentialAction":[{"@type":"SearchAction","target":{"@type":"EntryPoint","urlTemplate":"https:\/\/www.sistemteknik.com\/ferrous\/?s={search_term_string}"},"query-input":"required name=search_term_string"}],"inLanguage":"tr"},{"@type":"Organization","@id":"https:\/\/www.sistemteknik.com\/ferrous\/#organization","name":"Sistem Teknik Sanayi F\u0131r\u0131nlar\u0131 A.\u015e.","url":"https:\/\/www.sistemteknik.com\/ferrous\/","logo":{"@type":"ImageObject","inLanguage":"tr","@id":"https:\/\/www.sistemteknik.com\/ferrous\/#\/schema\/logo\/image\/","url":"https:\/\/www.sistemteknik.com\/ferrous\/wp-content\/uploads\/2022\/08\/logo2x-1.png","contentUrl":"https:\/\/www.sistemteknik.com\/ferrous\/wp-content\/uploads\/2022\/08\/logo2x-1.png","width":200,"height":140,"caption":"Sistem Teknik Sanayi F\u0131r\u0131nlar\u0131 A.\u015e."},"image":{"@id":"https:\/\/www.sistemteknik.com\/ferrous\/#\/schema\/logo\/image\/"},"sameAs":["https:\/\/www.facebook.com\/sistemteknikindustrialfurnace","https:\/\/www.linkedin.com\/company\/sistem-teknik-industrial-furnaces\/","https:\/\/www.instagram.com\/sistemteknikas\/"]}]}},"_links":{"self":[{"href":"https:\/\/www.sistemteknik.com\/ferrous\/wp-json\/wp\/v2\/pages\/676"}],"collection":[{"href":"https:\/\/www.sistemteknik.com\/ferrous\/wp-json\/wp\/v2\/pages"}],"about":[{"href":"https:\/\/www.sistemteknik.com\/ferrous\/wp-json\/wp\/v2\/types\/page"}],"author":[{"embeddable":true,"href":"https:\/\/www.sistemteknik.com\/ferrous\/wp-json\/wp\/v2\/users\/3"}],"replies":[{"embeddable":true,"href":"https:\/\/www.sistemteknik.com\/ferrous\/wp-json\/wp\/v2\/comments?post=676"}],"version-history":[{"count":2,"href":"https:\/\/www.sistemteknik.com\/ferrous\/wp-json\/wp\/v2\/pages\/676\/revisions"}],"predecessor-version":[{"id":4146,"href":"https:\/\/www.sistemteknik.com\/ferrous\/wp-json\/wp\/v2\/pages\/676\/revisions\/4146"}],"wp:featuredmedia":[{"embeddable":true,"href":"https:\/\/www.sistemteknik.com\/ferrous\/wp-json\/wp\/v2\/media\/3474"}],"wp:attachment":[{"href":"https:\/\/www.sistemteknik.com\/ferrous\/wp-json\/wp\/v2\/media?parent=676"}],"curies":[{"name":"wp","href":"https:\/\/api.w.org\/{rel}","templated":true}]}}