{"id":616,"date":"2019-04-16T13:53:10","date_gmt":"2019-04-16T10:53:10","guid":{"rendered":"https:\/\/www.sistemteknik.com\/ferrous\/?page_id=616"},"modified":"2025-07-28T11:39:42","modified_gmt":"2025-07-28T08:39:42","slug":"araba-tabanli-firinlar","status":"publish","type":"page","link":"https:\/\/www.sistemteknik.com\/ferrous\/araba-tabanli-firinlar\/","title":{"rendered":"Araba Tabanl\u0131 F\u0131r\u0131nlar"},"content":{"rendered":"<div class=\"wpb-content-wrapper\"><p>[vc_row][vc_column][vc_row_inner equal_height=&#8221;yes&#8221;][vc_column_inner width=&#8221;1\/2&#8243; css=&#8221;.vc_custom_1568126180697{margin-bottom: 0px !important;padding-bottom: 0px !important;}&#8221;][vc_column_text]Enerji Verimlili\u011fi i\u00e7in: Merkezi Rek\u00fcperat\u00f6r, Self-Rek\u00fcperatif yak\u0131c\u0131, Alevsiz Yanma Sistemleri,<\/p>\n<p>En k\u00fc\u00e7\u00fck havac\u0131l\u0131k par\u00e7alar\u0131n\u0131zdan, en b\u00fcy\u00fck d\u00f6k\u00fcm par\u00e7alar\u0131n\u0131za kadar, her t\u00fcrl\u00fc boyutta ve a\u011f\u0131rl\u0131kta par\u00e7alar\u0131n\u0131z\u0131n \u0131s\u0131l i\u015flemi i\u00e7in tasarlanm\u0131\u015ft\u0131r. M\u00fc\u015fterilerimizin i\u015flem yapaca\u011f\u0131 par\u00e7alara \u00f6zel olarak dizayn edilmi\u015f f\u0131r\u0131nlar\u0131m\u0131z AMS-2750 ve CQI-9 gibi y\u00fcksek kabiliyet gerektiren standartlara uygun tasarlanmakta ve \u00e7al\u0131\u015fmaktad\u0131r. Araba tabanl\u0131 f\u0131r\u0131nlar elektrik gibi temiz enerjilerin kullan\u0131m\u0131na uygun oldu\u011fu gibi, do\u011falgaz ve LPG gibi yakma sistemlerinde de verimlilik i\u00e7in Merkezi rek\u00fcperat\u00f6r, self-rek\u00fcperatif yak\u0131c\u0131 ve d\u00fc\u015f\u00fck NOx sal\u0131n\u0131m\u0131 olan alevsiz yanma sistemleri kullan\u0131lmaktad\u0131r.<\/p>\n<p>\u00d6zel proseslerinize uygun \u00e7\u00f6z\u00fcmleriniz i\u00e7in uzman sat\u0131\u015f ekibimiz ile ileti\u015fime ge\u00e7ebilirsiniz.[\/vc_column_text][\/vc_column_inner][vc_column_inner width=&#8221;1\/2&#8243; css=&#8221;.vc_custom_1568126188309{margin-bottom: 0px !important;padding-bottom: 0px !important;}&#8221;][vc_single_image image=&#8221;3551&#8243; img_size=&#8221;full&#8221; alignment=&#8221;center&#8221; style=&#8221;vc_box_rounded&#8221;][\/vc_column_inner][\/vc_row_inner][\/vc_column][vc_column width=&#8221;1\/2&#8243; css=&#8221;.vc_custom_1568126263148{padding-top: 0px !important;}&#8221;][vc_custom_heading text=&#8221;Proses&#8221; use_theme_fonts=&#8221;yes&#8221;][vc_column_text]<\/p>\n<ul>\n<li><span class=\"TextRun SCXW90756772 BCX0\" lang=\"EN-US\" xml:lang=\"EN-US\" data-contrast=\"none\"><span class=\"SpellingError SCXW90756772 BCX0\">Tavlama<\/span><\/span><span class=\"TextRun SCXW90756772 BCX0\" lang=\"EN-US\" xml:lang=\"EN-US\" data-contrast=\"none\"><span class=\"NormalTextRun SCXW90756772 BCX0\">,\u00a0<\/span><\/span><\/li>\n<li><span class=\"TextRun SCXW90756772 BCX0\" lang=\"EN-US\" xml:lang=\"EN-US\" data-contrast=\"none\"><span class=\"SpellingError SCXW90756772 BCX0\">Sertle\u015ftirme<\/span><\/span><span class=\"TextRun SCXW90756772 BCX0\" lang=\"EN-US\" xml:lang=\"EN-US\" data-contrast=\"none\"><span class=\"NormalTextRun SCXW90756772 BCX0\">,\u00a0<\/span><\/span><\/li>\n<li><span class=\"TextRun SCXW90756772 BCX0\" lang=\"EN-US\" xml:lang=\"EN-US\" data-contrast=\"none\"><span class=\"SpellingError SCXW90756772 BCX0\">Kaynak<\/span><\/span><span class=\"TextRun SCXW90756772 BCX0\" lang=\"EN-US\" xml:lang=\"EN-US\" data-contrast=\"none\"><span class=\"NormalTextRun SCXW90756772 BCX0\">\u00a0<\/span><\/span><span class=\"TextRun SCXW90756772 BCX0\" lang=\"EN-US\" xml:lang=\"EN-US\" data-contrast=\"none\"><span class=\"SpellingError SCXW90756772 BCX0\">Sonras\u0131<\/span><\/span><span class=\"TextRun SCXW90756772 BCX0\" lang=\"EN-US\" xml:lang=\"EN-US\" data-contrast=\"none\"><span class=\"NormalTextRun SCXW90756772 BCX0\">\u00a0<\/span><\/span><span class=\"TextRun SCXW90756772 BCX0\" lang=\"EN-US\" xml:lang=\"EN-US\" data-contrast=\"none\"><span class=\"SpellingError SCXW90756772 BCX0\">Is\u0131l<\/span><\/span><span class=\"TextRun SCXW90756772 BCX0\" lang=\"EN-US\" xml:lang=\"EN-US\" data-contrast=\"none\"><span class=\"NormalTextRun SCXW90756772 BCX0\">\u00a0<\/span><\/span><span class=\"TextRun SCXW90756772 BCX0\" lang=\"EN-US\" xml:lang=\"EN-US\" data-contrast=\"none\"><span class=\"SpellingError SCXW90756772 BCX0\">\u0130\u015flemi<\/span><\/span><span class=\"TextRun SCXW90756772 BCX0\" lang=\"EN-US\" xml:lang=\"EN-US\" data-contrast=\"none\"><span class=\"NormalTextRun SCXW90756772 BCX0\">,\u00a0<\/span><\/span><\/li>\n<li><span class=\"TextRun SCXW90756772 BCX0\" lang=\"EN-US\" xml:lang=\"EN-US\" data-contrast=\"none\"><span class=\"SpellingError SCXW90756772 BCX0\">Normalizasyon<\/span><\/span><span class=\"TextRun SCXW90756772 BCX0\" lang=\"EN-US\" xml:lang=\"EN-US\" data-contrast=\"none\"><span class=\"NormalTextRun SCXW90756772 BCX0\">,\u00a0<\/span><\/span><\/li>\n<li><span class=\"TextRun SCXW90756772 BCX0\" lang=\"EN-US\" xml:lang=\"EN-US\" data-contrast=\"none\"><span class=\"SpellingError SCXW90756772 BCX0\">Gerilim<\/span><\/span><span class=\"TextRun SCXW90756772 BCX0\" lang=\"EN-US\" xml:lang=\"EN-US\" data-contrast=\"none\"><span class=\"NormalTextRun SCXW90756772 BCX0\">\u00a0<\/span><\/span><span class=\"TextRun SCXW90756772 BCX0\" lang=\"EN-US\" xml:lang=\"EN-US\" data-contrast=\"none\"><span class=\"SpellingError SCXW90756772 BCX0\">Giderme<\/span><\/span><span class=\"TextRun SCXW90756772 BCX0\" lang=\"EN-US\" xml:lang=\"EN-US\" data-contrast=\"none\"><span class=\"NormalTextRun SCXW90756772 BCX0\">, <\/span><\/span><\/li>\n<li><span class=\"TextRun SCXW90756772 BCX0\" lang=\"EN-US\" xml:lang=\"EN-US\" data-contrast=\"none\"><span class=\"NormalTextRun SCXW90756772 BCX0\">Quench (<\/span><\/span><span class=\"TextRun SCXW90756772 BCX0\" lang=\"EN-US\" xml:lang=\"EN-US\" data-contrast=\"none\"><span class=\"SpellingError SCXW90756772 BCX0\">Su<\/span><\/span><span class=\"TextRun SCXW90756772 BCX0\" lang=\"EN-US\" xml:lang=\"EN-US\" data-contrast=\"none\"><span class=\"NormalTextRun SCXW90756772 BCX0\">\u00a0Verme), <\/span><\/span><\/li>\n<li><span class=\"TextRun SCXW90756772 BCX0\" lang=\"EN-US\" xml:lang=\"EN-US\" data-contrast=\"none\"><span class=\"NormalTextRun SCXW90756772 BCX0\">Temper,\u00a0<\/span><\/span><\/li>\n<li><span class=\"TextRun SCXW90756772 BCX0\" lang=\"EN-US\" xml:lang=\"EN-US\" data-contrast=\"none\"><span class=\"SpellingError SCXW90756772 BCX0\">Kurutma<\/span><\/span><span class=\"TextRun SCXW90756772 BCX0\" lang=\"EN-US\" xml:lang=\"EN-US\" data-contrast=\"none\"><span class=\"NormalTextRun SCXW90756772 BCX0\">,<\/span><\/span><span class=\"TextRun SCXW90756772 BCX0\" lang=\"EN-US\" xml:lang=\"EN-US\" data-contrast=\"none\"><span class=\"NormalTextRun SCXW90756772 BCX0\">\u00a0<\/span><\/span><\/li>\n<li><span class=\"TextRun SCXW90756772 BCX0\" lang=\"EN-US\" xml:lang=\"EN-US\" data-contrast=\"none\"><span class=\"SpellingError SCXW90756772 BCX0\">K\u00fcrleme<\/span><\/span><span class=\"EOP SCXW90756772 BCX0\" data-ccp-props=\"{&quot;134233117&quot;:true,&quot;134233118&quot;:true}\">\u00a0<\/span><\/li>\n<\/ul>\n<p>[\/vc_column_text][\/vc_column][vc_column width=&#8221;1\/2&#8243; css=&#8221;.vc_custom_1568126270938{padding-top: 0px !important;}&#8221;][vc_custom_heading text=&#8221;Teknik \u00d6zellikler&#8221; use_theme_fonts=&#8221;yes&#8221;][vc_column_text]<strong>Kapasite:<\/strong> 120.000 kg\/\u015farj \u2018a kadar<br \/>\n<strong>Is\u0131tma Sistemi:<\/strong> Elektrik, Do\u011falgaz, LPG, Dizel<br \/>\n<strong>S\u0131cakl\u0131k:<\/strong> 200 \u2013 1.300 Derece<br \/>\n<strong>Uyumluluk:<\/strong> ASTM, AMS-2750, CQI-9[\/vc_column_text][\/vc_column][vc_column][vc_custom_heading text=&#8221;Teklif \u0130ste&#8221; use_theme_fonts=&#8221;yes&#8221;]\n<div class=\"wpcf7 no-js\" id=\"wpcf7-f532-o1\" lang=\"tr-TR\" dir=\"ltr\">\n<div class=\"screen-reader-response\"><p role=\"status\" aria-live=\"polite\" aria-atomic=\"true\"><\/p> <ul><\/ul><\/div>\n<form action=\"\/ferrous\/wp-json\/wp\/v2\/pages\/616#wpcf7-f532-o1\" method=\"post\" class=\"wpcf7-form init\" aria-label=\"Contact form\" novalidate=\"novalidate\" data-status=\"init\">\n<div style=\"display: none;\">\n<input type=\"hidden\" name=\"_wpcf7\" value=\"532\" \/>\n<input type=\"hidden\" name=\"_wpcf7_version\" value=\"5.8.6\" \/>\n<input type=\"hidden\" name=\"_wpcf7_locale\" value=\"tr_TR\" \/>\n<input type=\"hidden\" name=\"_wpcf7_unit_tag\" value=\"wpcf7-f532-o1\" \/>\n<input type=\"hidden\" name=\"_wpcf7_container_post\" value=\"0\" \/>\n<input type=\"hidden\" name=\"_wpcf7_posted_data_hash\" value=\"\" \/>\n<\/div>\n<div class=\"c-form o-layout\">\n\t<div class=\"o-layout__item u-1\/2@tablet\">\n\t\t<div class=\"c-form__group\">\n\t\t\t<p><span class=\"wpcf7-form-control-wrap\" data-name=\"adsoyad\"><input size=\"40\" class=\"wpcf7-form-control wpcf7-text wpcf7-validates-as-required c-form__input\" aria-required=\"true\" aria-invalid=\"false\" placeholder=\"Ad Soyad*\" value=\"\" type=\"text\" name=\"adsoyad\" \/><\/span>\n\t\t\t<\/p>\n\t\t<\/div>\n\t\t<div class=\"c-form__group\">\n\t\t\t<p><span class=\"wpcf7-form-control-wrap\" data-name=\"eposta\"><input size=\"40\" class=\"wpcf7-form-control wpcf7-email wpcf7-validates-as-required wpcf7-text wpcf7-validates-as-email c-form__input\" aria-required=\"true\" aria-invalid=\"false\" placeholder=\"E-Posta*\" value=\"\" type=\"email\" name=\"eposta\" \/><\/span>\n\t\t\t<\/p>\n\t\t<\/div>\n\t\t<div class=\"c-form__group\">\n\t\t\t<p><span class=\"wpcf7-form-control-wrap\" data-name=\"telefon\"><input size=\"40\" class=\"wpcf7-form-control wpcf7-text wpcf7-validates-as-required c-form__input\" aria-required=\"true\" aria-invalid=\"false\" placeholder=\"Telefon*\" value=\"\" type=\"text\" name=\"telefon\" \/><\/span>\n\t\t\t<\/p>\n\t\t<\/div>\n\t\t<div class=\"c-form__group\">\n\t\t\t<p><span class=\"wpcf7-form-control-wrap\" data-name=\"firma\"><input size=\"40\" class=\"wpcf7-form-control wpcf7-text c-form__input\" aria-invalid=\"false\" placeholder=\"Firma\" value=\"\" type=\"text\" name=\"firma\" \/><\/span>\n\t\t\t<\/p>\n\t\t<\/div>\n\t\t<div class=\"c-form__group\">\n\t\t\t<p><span class=\"wpcf7-form-control-wrap\" data-name=\"adres\"><textarea cols=\"40\" rows=\"2\" class=\"wpcf7-form-control wpcf7-textarea c-form__input\" aria-invalid=\"false\" placeholder=\"Adres\" name=\"adres\"><\/textarea><\/span>\n\t\t\t<\/p>\n\t\t<\/div>\n\t<\/div>\n\t<div class=\"o-layout__item u-1\/2@tablet\">\n\t\t<div class=\"c-form__group\">\n\t\t\t<p><span class=\"wpcf7-form-control-wrap\" data-name=\"mesaj\"><textarea cols=\"40\" rows=\"19\" class=\"wpcf7-form-control wpcf7-textarea c-form__input\" aria-invalid=\"false\" placeholder=\"Mesaj\" name=\"mesaj\"><\/textarea><\/span>\n\t\t\t<\/p>\n\t\t<\/div>\n\t<\/div>\n\t<div class=\"o-layout__item\">\n\t\t<div class=\"c-form__group u-align-right\">\n\t\t\t<p><input class=\"wpcf7-form-control wpcf7-submit has-spinner c-form__submit\" type=\"submit\" value=\"G\u00f6nder\" \/>\n\t\t\t<\/p>\n\t\t<\/div>\n\t<\/div>\n<\/div><p style=\"display: none !important;\" class=\"akismet-fields-container\" data-prefix=\"_wpcf7_ak_\"><label>&#916;<textarea name=\"_wpcf7_ak_hp_textarea\" cols=\"45\" rows=\"8\" maxlength=\"100\"><\/textarea><\/label><input type=\"hidden\" id=\"ak_js_1\" name=\"_wpcf7_ak_js\" value=\"140\"\/><script>document.getElementById( \"ak_js_1\" ).setAttribute( \"value\", ( new Date() ).getTime() );<\/script><\/p><div class=\"wpcf7-response-output\" aria-hidden=\"true\"><\/div>\n<\/form>\n<\/div>\n[\/vc_column][\/vc_row]<\/p>\n<\/div>","protected":false},"excerpt":{"rendered":"<p>[vc_row][vc_column][vc_row_inner equal_height=&#8221;yes&#8221;][vc_column_inner width=&#8221;1\/2&#8243; css=&#8221;.vc_custom_1568126180697{margin-bottom: 0px !important;padding-bottom: 0px !important;}&#8221;][vc_column_text]Enerji Verimlili\u011fi i\u00e7in: [&hellip;]<\/p>\n","protected":false},"author":1,"featured_media":624,"parent":0,"menu_order":38,"comment_status":"closed","ping_status":"closed","template":"","meta":{"footnotes":""},"acf":[],"yoast_head":"<!-- This site is optimized with the Yoast SEO plugin v21.8.1 - https:\/\/yoast.com\/wordpress\/plugins\/seo\/ -->\n<title>Araba Tabanl\u0131 Sanayi F\u0131r\u0131nlar\u0131 ve Teknik \u00d6zellikler | Sistem Teknik<\/title>\n<meta name=\"description\" content=\"Araba tabanl\u0131 sanayi f\u0131r\u0131nlar Sistem Teknik&#039;de. AMS-2750 ve CQI-9 standartlarda tasarlanan \u00f6zel tasar\u0131m f\u0131r\u0131nlar i\u00e7in teklif almak i\u00e7in hemen t\u0131klay\u0131n!\" \/>\n<meta name=\"robots\" content=\"index, follow, max-snippet:-1, max-image-preview:large, max-video-preview:-1\" \/>\n<link rel=\"canonical\" href=\"https:\/\/www.sistemteknik.com\/ferrous\/araba-tabanli-firinlar\/\" \/>\n<meta property=\"og:locale\" content=\"tr_TR\" \/>\n<meta property=\"og:type\" content=\"article\" \/>\n<meta property=\"og:title\" content=\"Araba Tabanl\u0131 Sanayi F\u0131r\u0131nlar\u0131 ve Teknik \u00d6zellikler | Sistem Teknik\" \/>\n<meta property=\"og:description\" content=\"Araba tabanl\u0131 sanayi f\u0131r\u0131nlar Sistem Teknik&#039;de. AMS-2750 ve CQI-9 standartlarda tasarlanan \u00f6zel tasar\u0131m f\u0131r\u0131nlar i\u00e7in teklif almak i\u00e7in hemen t\u0131klay\u0131n!\" \/>\n<meta property=\"og:url\" content=\"https:\/\/www.sistemteknik.com\/ferrous\/araba-tabanli-firinlar\/\" \/>\n<meta property=\"og:site_name\" content=\"Sistem Teknik Sanayi F\u0131r\u0131nlar\u0131 A.\u015e.\" \/>\n<meta property=\"article:publisher\" content=\"https:\/\/www.facebook.com\/sistemteknikindustrialfurnace\" \/>\n<meta property=\"article:modified_time\" content=\"2025-07-28T08:39:42+00:00\" \/>\n<meta property=\"og:image\" content=\"https:\/\/www.sistemteknik.com\/ferrous\/wp-content\/uploads\/2019\/04\/araba-tabanli-firin-1-1.jpg\" \/>\n\t<meta property=\"og:image:width\" content=\"1500\" \/>\n\t<meta property=\"og:image:height\" content=\"997\" \/>\n\t<meta property=\"og:image:type\" content=\"image\/jpeg\" \/>\n<meta name=\"twitter:card\" content=\"summary_large_image\" \/>\n<meta name=\"twitter:label1\" content=\"Tahmini okuma s\u00fcresi\" \/>\n\t<meta name=\"twitter:data1\" content=\"2 dakika\" \/>\n<script type=\"application\/ld+json\" class=\"yoast-schema-graph\">{\"@context\":\"https:\/\/schema.org\",\"@graph\":[{\"@type\":\"TechArticle\",\"@id\":\"https:\/\/www.sistemteknik.com\/ferrous\/araba-tabanli-firinlar\/#article\",\"isPartOf\":{\"@id\":\"https:\/\/www.sistemteknik.com\/ferrous\/araba-tabanli-firinlar\/\"},\"author\":{\"name\":\"webmaster\",\"@id\":\"https:\/\/www.sistemteknik.com\/ferrous\/#\/schema\/person\/8fa45d3b918413238187199781ef842f\"},\"headline\":\"Araba Tabanl\u0131 F\u0131r\u0131nlar\",\"datePublished\":\"2019-04-16T10:53:10+00:00\",\"dateModified\":\"2025-07-28T08:39:42+00:00\",\"mainEntityOfPage\":{\"@id\":\"https:\/\/www.sistemteknik.com\/ferrous\/araba-tabanli-firinlar\/\"},\"wordCount\":336,\"publisher\":{\"@id\":\"https:\/\/www.sistemteknik.com\/ferrous\/#organization\"},\"inLanguage\":\"tr\"},{\"@type\":[\"WebPage\",\"ItemPage\"],\"@id\":\"https:\/\/www.sistemteknik.com\/ferrous\/araba-tabanli-firinlar\/\",\"url\":\"https:\/\/www.sistemteknik.com\/ferrous\/araba-tabanli-firinlar\/\",\"name\":\"Araba Tabanl\u0131 Sanayi F\u0131r\u0131nlar\u0131 ve Teknik \u00d6zellikler | Sistem Teknik\",\"isPartOf\":{\"@id\":\"https:\/\/www.sistemteknik.com\/ferrous\/#website\"},\"datePublished\":\"2019-04-16T10:53:10+00:00\",\"dateModified\":\"2025-07-28T08:39:42+00:00\",\"description\":\"Araba tabanl\u0131 sanayi f\u0131r\u0131nlar Sistem Teknik'de. AMS-2750 ve CQI-9 standartlarda tasarlanan \u00f6zel tasar\u0131m f\u0131r\u0131nlar i\u00e7in teklif almak i\u00e7in hemen t\u0131klay\u0131n!\",\"breadcrumb\":{\"@id\":\"https:\/\/www.sistemteknik.com\/ferrous\/araba-tabanli-firinlar\/#breadcrumb\"},\"inLanguage\":\"tr\",\"potentialAction\":[{\"@type\":\"ReadAction\",\"target\":[\"https:\/\/www.sistemteknik.com\/ferrous\/araba-tabanli-firinlar\/\"]}]},{\"@type\":\"BreadcrumbList\",\"@id\":\"https:\/\/www.sistemteknik.com\/ferrous\/araba-tabanli-firinlar\/#breadcrumb\",\"itemListElement\":[{\"@type\":\"ListItem\",\"position\":1,\"name\":\"Ana sayfa\",\"item\":\"https:\/\/www.sistemteknik.com\/ferrous\/\"},{\"@type\":\"ListItem\",\"position\":2,\"name\":\"Araba Tabanl\u0131 F\u0131r\u0131nlar\"}]},{\"@type\":\"WebSite\",\"@id\":\"https:\/\/www.sistemteknik.com\/ferrous\/#website\",\"url\":\"https:\/\/www.sistemteknik.com\/ferrous\/\",\"name\":\"Sistem Teknik Sanayi F\u0131r\u0131nlar\u0131 A.\u015e.\",\"description\":\"\",\"publisher\":{\"@id\":\"https:\/\/www.sistemteknik.com\/ferrous\/#organization\"},\"potentialAction\":[{\"@type\":\"SearchAction\",\"target\":{\"@type\":\"EntryPoint\",\"urlTemplate\":\"https:\/\/www.sistemteknik.com\/ferrous\/?s={search_term_string}\"},\"query-input\":\"required name=search_term_string\"}],\"inLanguage\":\"tr\"},{\"@type\":\"Organization\",\"@id\":\"https:\/\/www.sistemteknik.com\/ferrous\/#organization\",\"name\":\"Sistem Teknik Sanayi F\u0131r\u0131nlar\u0131 A.\u015e.\",\"url\":\"https:\/\/www.sistemteknik.com\/ferrous\/\",\"logo\":{\"@type\":\"ImageObject\",\"inLanguage\":\"tr\",\"@id\":\"https:\/\/www.sistemteknik.com\/ferrous\/#\/schema\/logo\/image\/\",\"url\":\"https:\/\/www.sistemteknik.com\/ferrous\/wp-content\/uploads\/2022\/08\/logo2x-1.png\",\"contentUrl\":\"https:\/\/www.sistemteknik.com\/ferrous\/wp-content\/uploads\/2022\/08\/logo2x-1.png\",\"width\":200,\"height\":140,\"caption\":\"Sistem Teknik Sanayi F\u0131r\u0131nlar\u0131 A.\u015e.\"},\"image\":{\"@id\":\"https:\/\/www.sistemteknik.com\/ferrous\/#\/schema\/logo\/image\/\"},\"sameAs\":[\"https:\/\/www.facebook.com\/sistemteknikindustrialfurnace\",\"https:\/\/www.linkedin.com\/company\/sistem-teknik-industrial-furnaces\/\",\"https:\/\/www.instagram.com\/sistemteknikas\/\"]},{\"@type\":\"Person\",\"@id\":\"https:\/\/www.sistemteknik.com\/ferrous\/#\/schema\/person\/8fa45d3b918413238187199781ef842f\",\"name\":\"webmaster\",\"image\":{\"@type\":\"ImageObject\",\"inLanguage\":\"tr\",\"@id\":\"https:\/\/www.sistemteknik.com\/ferrous\/#\/schema\/person\/image\/\",\"url\":\"https:\/\/secure.gravatar.com\/avatar\/2aa86fa948ec329b3268d06b9ffe4f72?s=96&d=mm&r=g\",\"contentUrl\":\"https:\/\/secure.gravatar.com\/avatar\/2aa86fa948ec329b3268d06b9ffe4f72?s=96&d=mm&r=g\",\"caption\":\"webmaster\"},\"url\":\"https:\/\/www.sistemteknik.com\/ferrous\/author\/webmaster\/\"}]}<\/script>\n<!-- \/ Yoast SEO plugin. -->","yoast_head_json":{"title":"Araba Tabanl\u0131 Sanayi F\u0131r\u0131nlar\u0131 ve Teknik \u00d6zellikler | Sistem Teknik","description":"Araba tabanl\u0131 sanayi f\u0131r\u0131nlar Sistem Teknik'de. AMS-2750 ve CQI-9 standartlarda tasarlanan \u00f6zel tasar\u0131m f\u0131r\u0131nlar i\u00e7in teklif almak i\u00e7in hemen t\u0131klay\u0131n!","robots":{"index":"index","follow":"follow","max-snippet":"max-snippet:-1","max-image-preview":"max-image-preview:large","max-video-preview":"max-video-preview:-1"},"canonical":"https:\/\/www.sistemteknik.com\/ferrous\/araba-tabanli-firinlar\/","og_locale":"tr_TR","og_type":"article","og_title":"Araba Tabanl\u0131 Sanayi F\u0131r\u0131nlar\u0131 ve Teknik \u00d6zellikler | Sistem Teknik","og_description":"Araba tabanl\u0131 sanayi f\u0131r\u0131nlar Sistem Teknik'de. AMS-2750 ve CQI-9 standartlarda tasarlanan \u00f6zel tasar\u0131m f\u0131r\u0131nlar i\u00e7in teklif almak i\u00e7in hemen t\u0131klay\u0131n!","og_url":"https:\/\/www.sistemteknik.com\/ferrous\/araba-tabanli-firinlar\/","og_site_name":"Sistem Teknik Sanayi F\u0131r\u0131nlar\u0131 A.\u015e.","article_publisher":"https:\/\/www.facebook.com\/sistemteknikindustrialfurnace","article_modified_time":"2025-07-28T08:39:42+00:00","og_image":[{"width":1500,"height":997,"url":"https:\/\/www.sistemteknik.com\/ferrous\/wp-content\/uploads\/2019\/04\/araba-tabanli-firin-1-1.jpg","type":"image\/jpeg"}],"twitter_card":"summary_large_image","twitter_misc":{"Tahmini okuma s\u00fcresi":"2 dakika"},"schema":{"@context":"https:\/\/schema.org","@graph":[{"@type":"TechArticle","@id":"https:\/\/www.sistemteknik.com\/ferrous\/araba-tabanli-firinlar\/#article","isPartOf":{"@id":"https:\/\/www.sistemteknik.com\/ferrous\/araba-tabanli-firinlar\/"},"author":{"name":"webmaster","@id":"https:\/\/www.sistemteknik.com\/ferrous\/#\/schema\/person\/8fa45d3b918413238187199781ef842f"},"headline":"Araba Tabanl\u0131 F\u0131r\u0131nlar","datePublished":"2019-04-16T10:53:10+00:00","dateModified":"2025-07-28T08:39:42+00:00","mainEntityOfPage":{"@id":"https:\/\/www.sistemteknik.com\/ferrous\/araba-tabanli-firinlar\/"},"wordCount":336,"publisher":{"@id":"https:\/\/www.sistemteknik.com\/ferrous\/#organization"},"inLanguage":"tr"},{"@type":["WebPage","ItemPage"],"@id":"https:\/\/www.sistemteknik.com\/ferrous\/araba-tabanli-firinlar\/","url":"https:\/\/www.sistemteknik.com\/ferrous\/araba-tabanli-firinlar\/","name":"Araba Tabanl\u0131 Sanayi F\u0131r\u0131nlar\u0131 ve Teknik \u00d6zellikler | Sistem Teknik","isPartOf":{"@id":"https:\/\/www.sistemteknik.com\/ferrous\/#website"},"datePublished":"2019-04-16T10:53:10+00:00","dateModified":"2025-07-28T08:39:42+00:00","description":"Araba tabanl\u0131 sanayi f\u0131r\u0131nlar Sistem Teknik'de. AMS-2750 ve CQI-9 standartlarda tasarlanan \u00f6zel tasar\u0131m f\u0131r\u0131nlar i\u00e7in teklif almak i\u00e7in hemen t\u0131klay\u0131n!","breadcrumb":{"@id":"https:\/\/www.sistemteknik.com\/ferrous\/araba-tabanli-firinlar\/#breadcrumb"},"inLanguage":"tr","potentialAction":[{"@type":"ReadAction","target":["https:\/\/www.sistemteknik.com\/ferrous\/araba-tabanli-firinlar\/"]}]},{"@type":"BreadcrumbList","@id":"https:\/\/www.sistemteknik.com\/ferrous\/araba-tabanli-firinlar\/#breadcrumb","itemListElement":[{"@type":"ListItem","position":1,"name":"Ana sayfa","item":"https:\/\/www.sistemteknik.com\/ferrous\/"},{"@type":"ListItem","position":2,"name":"Araba Tabanl\u0131 F\u0131r\u0131nlar"}]},{"@type":"WebSite","@id":"https:\/\/www.sistemteknik.com\/ferrous\/#website","url":"https:\/\/www.sistemteknik.com\/ferrous\/","name":"Sistem Teknik Sanayi F\u0131r\u0131nlar\u0131 A.\u015e.","description":"","publisher":{"@id":"https:\/\/www.sistemteknik.com\/ferrous\/#organization"},"potentialAction":[{"@type":"SearchAction","target":{"@type":"EntryPoint","urlTemplate":"https:\/\/www.sistemteknik.com\/ferrous\/?s={search_term_string}"},"query-input":"required name=search_term_string"}],"inLanguage":"tr"},{"@type":"Organization","@id":"https:\/\/www.sistemteknik.com\/ferrous\/#organization","name":"Sistem Teknik Sanayi F\u0131r\u0131nlar\u0131 A.\u015e.","url":"https:\/\/www.sistemteknik.com\/ferrous\/","logo":{"@type":"ImageObject","inLanguage":"tr","@id":"https:\/\/www.sistemteknik.com\/ferrous\/#\/schema\/logo\/image\/","url":"https:\/\/www.sistemteknik.com\/ferrous\/wp-content\/uploads\/2022\/08\/logo2x-1.png","contentUrl":"https:\/\/www.sistemteknik.com\/ferrous\/wp-content\/uploads\/2022\/08\/logo2x-1.png","width":200,"height":140,"caption":"Sistem Teknik Sanayi F\u0131r\u0131nlar\u0131 A.\u015e."},"image":{"@id":"https:\/\/www.sistemteknik.com\/ferrous\/#\/schema\/logo\/image\/"},"sameAs":["https:\/\/www.facebook.com\/sistemteknikindustrialfurnace","https:\/\/www.linkedin.com\/company\/sistem-teknik-industrial-furnaces\/","https:\/\/www.instagram.com\/sistemteknikas\/"]},{"@type":"Person","@id":"https:\/\/www.sistemteknik.com\/ferrous\/#\/schema\/person\/8fa45d3b918413238187199781ef842f","name":"webmaster","image":{"@type":"ImageObject","inLanguage":"tr","@id":"https:\/\/www.sistemteknik.com\/ferrous\/#\/schema\/person\/image\/","url":"https:\/\/secure.gravatar.com\/avatar\/2aa86fa948ec329b3268d06b9ffe4f72?s=96&d=mm&r=g","contentUrl":"https:\/\/secure.gravatar.com\/avatar\/2aa86fa948ec329b3268d06b9ffe4f72?s=96&d=mm&r=g","caption":"webmaster"},"url":"https:\/\/www.sistemteknik.com\/ferrous\/author\/webmaster\/"}]}},"_links":{"self":[{"href":"https:\/\/www.sistemteknik.com\/ferrous\/wp-json\/wp\/v2\/pages\/616"}],"collection":[{"href":"https:\/\/www.sistemteknik.com\/ferrous\/wp-json\/wp\/v2\/pages"}],"about":[{"href":"https:\/\/www.sistemteknik.com\/ferrous\/wp-json\/wp\/v2\/types\/page"}],"author":[{"embeddable":true,"href":"https:\/\/www.sistemteknik.com\/ferrous\/wp-json\/wp\/v2\/users\/1"}],"replies":[{"embeddable":true,"href":"https:\/\/www.sistemteknik.com\/ferrous\/wp-json\/wp\/v2\/comments?post=616"}],"version-history":[{"count":3,"href":"https:\/\/www.sistemteknik.com\/ferrous\/wp-json\/wp\/v2\/pages\/616\/revisions"}],"predecessor-version":[{"id":4157,"href":"https:\/\/www.sistemteknik.com\/ferrous\/wp-json\/wp\/v2\/pages\/616\/revisions\/4157"}],"wp:featuredmedia":[{"embeddable":true,"href":"https:\/\/www.sistemteknik.com\/ferrous\/wp-json\/wp\/v2\/media\/624"}],"wp:attachment":[{"href":"https:\/\/www.sistemteknik.com\/ferrous\/wp-json\/wp\/v2\/media?parent=616"}],"curies":[{"name":"wp","href":"https:\/\/api.w.org\/{rel}","templated":true}]}}