{"id":4435,"date":"2025-08-07T14:04:13","date_gmt":"2025-08-07T11:04:13","guid":{"rendered":"https:\/\/www.sistemteknik.com\/ferrous\/?page_id=4435"},"modified":"2025-08-08T11:48:52","modified_gmt":"2025-08-08T08:48:52","slug":"savunma-sanayi-firinlari","status":"publish","type":"page","link":"https:\/\/www.sistemteknik.com\/ferrous\/savunma-sanayi-firinlari\/","title":{"rendered":"Savunma Sanayi F\u0131r\u0131nlar\u0131"},"content":{"rendered":"<div class=\"wpb-content-wrapper\"><p>[vc_row][vc_column][vc_empty_space][vc_row_inner][vc_column_inner width=&#8221;1\/2&#8243;][vc_custom_heading text=&#8221;Kompozit K\u00fcrleme F\u0131r\u0131nlar\u0131&#8221; font_container=&#8221;tag:h3|text_align:center&#8221; css_animation=&#8221;fadeInLeft&#8221; link=&#8221;url:https%3A%2F%2Fwww.sistemteknik.com%2Fferrous%2Fkompozit-kurleme-firinlari%2F&#8221;][\/vc_column_inner][vc_column_inner width=&#8221;1\/2&#8243;][vc_custom_heading text=&#8221;Bas\u0131n\u00e7l\u0131 Olgunla\u015ft\u0131rma F\u0131r\u0131nlar\u0131&#8221; font_container=&#8221;tag:h3|text_align:center&#8221; css_animation=&#8221;fadeInRight&#8221; link=&#8221;url:https%3A%2F%2Fwww.sistemteknik.com%2Fferrous%2Fbasincli-olgunlastirma-firinlari%2F&#8221;][\/vc_column_inner][\/vc_row_inner][vc_separator border_width=&#8221;3&#8243;][vc_column_text]Savunma sanayiinin y\u00fcksek standartlar\u0131na ve isterlerine uygun, hassas ve g\u00fcvenilir \u0131s\u0131l i\u015flem f\u0131r\u0131nlar\u0131 ve tesisleri \u00fcretiyoruz. M\u00fchimmat g\u00f6vdesi \u00fcretim f\u0131r\u0131nlar\u0131ndan, kompozit yap\u0131sal par\u00e7alar\u0131n \u00fcretimine kadar farkl\u0131 ihtiya\u00e7lara y\u00f6nelik; bas\u0131n\u00e7l\u0131 olgunla\u015ft\u0131rma, kompozit k\u00fcrleme, gerilim giderme, sertle\u015ftirme ve \u00f6zel \u00fcretim hatlar\u0131 sunuyoruz.<\/p>\n<p>Araba tabanl\u0131, kuyu tipi, kamara tipi ve s\u00fcrekli (kontin\u00fc) sistemlerdeki esnek tasar\u0131m kabiliyetimizle, her projeye \u00f6zel \u00e7\u00f6z\u00fcm geli\u015ftiriyoruz.\u00a0 Kritik uygulamalar i\u00e7in, m\u00fchendislik g\u00fcc\u00fcm\u00fczle y\u00fcksek g\u00fcvenlik, maksimum verimlilik ve uzun \u00f6m\u00fcrl\u00fc \u00e7\u00f6z\u00fcmler sunuyoruz.[\/vc_column_text][vc_empty_space][\/vc_column][\/vc_row]<\/p>\n<\/div>","protected":false},"excerpt":{"rendered":"<p>[vc_row][vc_column][vc_empty_space][vc_row_inner][vc_column_inner width=&#8221;1\/2&#8243;][vc_custom_heading text=&#8221;Kompozit K\u00fcrleme F\u0131r\u0131nlar\u0131&#8221; font_container=&#8221;tag:h3|text_align:center&#8221; css_animation=&#8221;fadeInLeft&#8221; link=&#8221;url:https%3A%2F%2Fwww.sistemteknik.com%2Fferrous%2Fkompozit-kurleme-firinlari%2F&#8221;][\/vc_column_inner][vc_column_inner width=&#8221;1\/2&#8243;][vc_custom_heading text=&#8221;Bas\u0131n\u00e7l\u0131 [&hellip;]<\/p>\n","protected":false},"author":5,"featured_media":0,"parent":0,"menu_order":212,"comment_status":"closed","ping_status":"closed","template":"","meta":{"footnotes":""},"acf":[],"yoast_head":"<!-- This site is optimized with the Yoast SEO plugin v21.8.1 - https:\/\/yoast.com\/wordpress\/plugins\/seo\/ -->\n<title>Savunma Sanayi F\u0131r\u0131nlar\u0131 - Sistem Teknik Sanayi F\u0131r\u0131nlar\u0131 A.\u015e.<\/title>\n<meta name=\"robots\" content=\"index, follow, max-snippet:-1, max-image-preview:large, max-video-preview:-1\" \/>\n<link rel=\"canonical\" href=\"https:\/\/www.sistemteknik.com\/ferrous\/savunma-sanayi-firinlari\/\" \/>\n<meta property=\"og:locale\" content=\"tr_TR\" \/>\n<meta property=\"og:type\" content=\"article\" \/>\n<meta property=\"og:title\" content=\"Savunma Sanayi F\u0131r\u0131nlar\u0131 - Sistem Teknik Sanayi F\u0131r\u0131nlar\u0131 A.\u015e.\" \/>\n<meta property=\"og:description\" content=\"[vc_row][vc_column][vc_empty_space][vc_row_inner][vc_column_inner width=&#8221;1\/2&#8243;][vc_custom_heading text=&#8221;Kompozit K\u00fcrleme F\u0131r\u0131nlar\u0131&#8221; font_container=&#8221;tag:h3|text_align:center&#8221; css_animation=&#8221;fadeInLeft&#8221; link=&#8221;url:https%3A%2F%2Fwww.sistemteknik.com%2Fferrous%2Fkompozit-kurleme-firinlari%2F&#8221;][\/vc_column_inner][vc_column_inner width=&#8221;1\/2&#8243;][vc_custom_heading text=&#8221;Bas\u0131n\u00e7l\u0131 [&hellip;]\" \/>\n<meta property=\"og:url\" content=\"https:\/\/www.sistemteknik.com\/ferrous\/savunma-sanayi-firinlari\/\" \/>\n<meta property=\"og:site_name\" content=\"Sistem Teknik Sanayi F\u0131r\u0131nlar\u0131 A.\u015e.\" \/>\n<meta property=\"article:publisher\" content=\"https:\/\/www.facebook.com\/sistemteknikindustrialfurnace\" \/>\n<meta property=\"article:modified_time\" content=\"2025-08-08T08:48:52+00:00\" \/>\n<meta property=\"og:image\" content=\"https:\/\/www.sistemteknik.com\/ferrous\/wp-content\/uploads\/2022\/08\/logo2x-1.png\" \/>\n\t<meta property=\"og:image:width\" content=\"200\" \/>\n\t<meta property=\"og:image:height\" content=\"140\" \/>\n\t<meta property=\"og:image:type\" content=\"image\/png\" \/>\n<meta name=\"twitter:card\" content=\"summary_large_image\" \/>\n<meta name=\"twitter:label1\" content=\"Tahmini okuma s\u00fcresi\" \/>\n\t<meta name=\"twitter:data1\" content=\"1 dakika\" \/>\n<script type=\"application\/ld+json\" class=\"yoast-schema-graph\">{\"@context\":\"https:\/\/schema.org\",\"@graph\":[{\"@type\":\"WebPage\",\"@id\":\"https:\/\/www.sistemteknik.com\/ferrous\/savunma-sanayi-firinlari\/\",\"url\":\"https:\/\/www.sistemteknik.com\/ferrous\/savunma-sanayi-firinlari\/\",\"name\":\"Savunma Sanayi F\u0131r\u0131nlar\u0131 - Sistem Teknik Sanayi F\u0131r\u0131nlar\u0131 A.\u015e.\",\"isPartOf\":{\"@id\":\"https:\/\/www.sistemteknik.com\/ferrous\/#website\"},\"datePublished\":\"2025-08-07T11:04:13+00:00\",\"dateModified\":\"2025-08-08T08:48:52+00:00\",\"breadcrumb\":{\"@id\":\"https:\/\/www.sistemteknik.com\/ferrous\/savunma-sanayi-firinlari\/#breadcrumb\"},\"inLanguage\":\"tr\",\"potentialAction\":[{\"@type\":\"ReadAction\",\"target\":[\"https:\/\/www.sistemteknik.com\/ferrous\/savunma-sanayi-firinlari\/\"]}]},{\"@type\":\"BreadcrumbList\",\"@id\":\"https:\/\/www.sistemteknik.com\/ferrous\/savunma-sanayi-firinlari\/#breadcrumb\",\"itemListElement\":[{\"@type\":\"ListItem\",\"position\":1,\"name\":\"Ana sayfa\",\"item\":\"https:\/\/www.sistemteknik.com\/ferrous\/\"},{\"@type\":\"ListItem\",\"position\":2,\"name\":\"Savunma Sanayi F\u0131r\u0131nlar\u0131\"}]},{\"@type\":\"WebSite\",\"@id\":\"https:\/\/www.sistemteknik.com\/ferrous\/#website\",\"url\":\"https:\/\/www.sistemteknik.com\/ferrous\/\",\"name\":\"Sistem Teknik Sanayi F\u0131r\u0131nlar\u0131 A.\u015e.\",\"description\":\"\",\"publisher\":{\"@id\":\"https:\/\/www.sistemteknik.com\/ferrous\/#organization\"},\"potentialAction\":[{\"@type\":\"SearchAction\",\"target\":{\"@type\":\"EntryPoint\",\"urlTemplate\":\"https:\/\/www.sistemteknik.com\/ferrous\/?s={search_term_string}\"},\"query-input\":\"required name=search_term_string\"}],\"inLanguage\":\"tr\"},{\"@type\":\"Organization\",\"@id\":\"https:\/\/www.sistemteknik.com\/ferrous\/#organization\",\"name\":\"Sistem Teknik Sanayi F\u0131r\u0131nlar\u0131 A.\u015e.\",\"url\":\"https:\/\/www.sistemteknik.com\/ferrous\/\",\"logo\":{\"@type\":\"ImageObject\",\"inLanguage\":\"tr\",\"@id\":\"https:\/\/www.sistemteknik.com\/ferrous\/#\/schema\/logo\/image\/\",\"url\":\"https:\/\/www.sistemteknik.com\/ferrous\/wp-content\/uploads\/2022\/08\/logo2x-1.png\",\"contentUrl\":\"https:\/\/www.sistemteknik.com\/ferrous\/wp-content\/uploads\/2022\/08\/logo2x-1.png\",\"width\":200,\"height\":140,\"caption\":\"Sistem Teknik Sanayi F\u0131r\u0131nlar\u0131 A.\u015e.\"},\"image\":{\"@id\":\"https:\/\/www.sistemteknik.com\/ferrous\/#\/schema\/logo\/image\/\"},\"sameAs\":[\"https:\/\/www.facebook.com\/sistemteknikindustrialfurnace\",\"https:\/\/www.linkedin.com\/company\/sistem-teknik-industrial-furnaces\/\",\"https:\/\/www.instagram.com\/sistemteknikas\/\"]}]}<\/script>\n<!-- \/ Yoast SEO plugin. -->","yoast_head_json":{"title":"Savunma Sanayi F\u0131r\u0131nlar\u0131 - Sistem Teknik Sanayi F\u0131r\u0131nlar\u0131 A.\u015e.","robots":{"index":"index","follow":"follow","max-snippet":"max-snippet:-1","max-image-preview":"max-image-preview:large","max-video-preview":"max-video-preview:-1"},"canonical":"https:\/\/www.sistemteknik.com\/ferrous\/savunma-sanayi-firinlari\/","og_locale":"tr_TR","og_type":"article","og_title":"Savunma Sanayi F\u0131r\u0131nlar\u0131 - Sistem Teknik Sanayi F\u0131r\u0131nlar\u0131 A.\u015e.","og_description":"[vc_row][vc_column][vc_empty_space][vc_row_inner][vc_column_inner width=&#8221;1\/2&#8243;][vc_custom_heading text=&#8221;Kompozit K\u00fcrleme F\u0131r\u0131nlar\u0131&#8221; font_container=&#8221;tag:h3|text_align:center&#8221; css_animation=&#8221;fadeInLeft&#8221; link=&#8221;url:https%3A%2F%2Fwww.sistemteknik.com%2Fferrous%2Fkompozit-kurleme-firinlari%2F&#8221;][\/vc_column_inner][vc_column_inner width=&#8221;1\/2&#8243;][vc_custom_heading text=&#8221;Bas\u0131n\u00e7l\u0131 [&hellip;]","og_url":"https:\/\/www.sistemteknik.com\/ferrous\/savunma-sanayi-firinlari\/","og_site_name":"Sistem Teknik Sanayi F\u0131r\u0131nlar\u0131 A.\u015e.","article_publisher":"https:\/\/www.facebook.com\/sistemteknikindustrialfurnace","article_modified_time":"2025-08-08T08:48:52+00:00","og_image":[{"width":200,"height":140,"url":"https:\/\/www.sistemteknik.com\/ferrous\/wp-content\/uploads\/2022\/08\/logo2x-1.png","type":"image\/png"}],"twitter_card":"summary_large_image","twitter_misc":{"Tahmini okuma s\u00fcresi":"1 dakika"},"schema":{"@context":"https:\/\/schema.org","@graph":[{"@type":"WebPage","@id":"https:\/\/www.sistemteknik.com\/ferrous\/savunma-sanayi-firinlari\/","url":"https:\/\/www.sistemteknik.com\/ferrous\/savunma-sanayi-firinlari\/","name":"Savunma Sanayi F\u0131r\u0131nlar\u0131 - Sistem Teknik Sanayi F\u0131r\u0131nlar\u0131 A.\u015e.","isPartOf":{"@id":"https:\/\/www.sistemteknik.com\/ferrous\/#website"},"datePublished":"2025-08-07T11:04:13+00:00","dateModified":"2025-08-08T08:48:52+00:00","breadcrumb":{"@id":"https:\/\/www.sistemteknik.com\/ferrous\/savunma-sanayi-firinlari\/#breadcrumb"},"inLanguage":"tr","potentialAction":[{"@type":"ReadAction","target":["https:\/\/www.sistemteknik.com\/ferrous\/savunma-sanayi-firinlari\/"]}]},{"@type":"BreadcrumbList","@id":"https:\/\/www.sistemteknik.com\/ferrous\/savunma-sanayi-firinlari\/#breadcrumb","itemListElement":[{"@type":"ListItem","position":1,"name":"Ana sayfa","item":"https:\/\/www.sistemteknik.com\/ferrous\/"},{"@type":"ListItem","position":2,"name":"Savunma Sanayi F\u0131r\u0131nlar\u0131"}]},{"@type":"WebSite","@id":"https:\/\/www.sistemteknik.com\/ferrous\/#website","url":"https:\/\/www.sistemteknik.com\/ferrous\/","name":"Sistem Teknik Sanayi F\u0131r\u0131nlar\u0131 A.\u015e.","description":"","publisher":{"@id":"https:\/\/www.sistemteknik.com\/ferrous\/#organization"},"potentialAction":[{"@type":"SearchAction","target":{"@type":"EntryPoint","urlTemplate":"https:\/\/www.sistemteknik.com\/ferrous\/?s={search_term_string}"},"query-input":"required name=search_term_string"}],"inLanguage":"tr"},{"@type":"Organization","@id":"https:\/\/www.sistemteknik.com\/ferrous\/#organization","name":"Sistem Teknik Sanayi F\u0131r\u0131nlar\u0131 A.\u015e.","url":"https:\/\/www.sistemteknik.com\/ferrous\/","logo":{"@type":"ImageObject","inLanguage":"tr","@id":"https:\/\/www.sistemteknik.com\/ferrous\/#\/schema\/logo\/image\/","url":"https:\/\/www.sistemteknik.com\/ferrous\/wp-content\/uploads\/2022\/08\/logo2x-1.png","contentUrl":"https:\/\/www.sistemteknik.com\/ferrous\/wp-content\/uploads\/2022\/08\/logo2x-1.png","width":200,"height":140,"caption":"Sistem Teknik Sanayi F\u0131r\u0131nlar\u0131 A.\u015e."},"image":{"@id":"https:\/\/www.sistemteknik.com\/ferrous\/#\/schema\/logo\/image\/"},"sameAs":["https:\/\/www.facebook.com\/sistemteknikindustrialfurnace","https:\/\/www.linkedin.com\/company\/sistem-teknik-industrial-furnaces\/","https:\/\/www.instagram.com\/sistemteknikas\/"]}]}},"_links":{"self":[{"href":"https:\/\/www.sistemteknik.com\/ferrous\/wp-json\/wp\/v2\/pages\/4435"}],"collection":[{"href":"https:\/\/www.sistemteknik.com\/ferrous\/wp-json\/wp\/v2\/pages"}],"about":[{"href":"https:\/\/www.sistemteknik.com\/ferrous\/wp-json\/wp\/v2\/types\/page"}],"author":[{"embeddable":true,"href":"https:\/\/www.sistemteknik.com\/ferrous\/wp-json\/wp\/v2\/users\/5"}],"replies":[{"embeddable":true,"href":"https:\/\/www.sistemteknik.com\/ferrous\/wp-json\/wp\/v2\/comments?post=4435"}],"version-history":[{"count":12,"href":"https:\/\/www.sistemteknik.com\/ferrous\/wp-json\/wp\/v2\/pages\/4435\/revisions"}],"predecessor-version":[{"id":4500,"href":"https:\/\/www.sistemteknik.com\/ferrous\/wp-json\/wp\/v2\/pages\/4435\/revisions\/4500"}],"wp:attachment":[{"href":"https:\/\/www.sistemteknik.com\/ferrous\/wp-json\/wp\/v2\/media?parent=4435"}],"curies":[{"name":"wp","href":"https:\/\/api.w.org\/{rel}","templated":true}]}}