{"id":2030,"date":"2020-06-04T19:51:30","date_gmt":"2020-06-04T16:51:30","guid":{"rendered":"https:\/\/www.sistemteknik.com\/ferrous\/?page_id=2030"},"modified":"2022-07-13T17:38:30","modified_gmt":"2022-07-13T14:38:30","slug":"ar-ge-merkezi-sertifikasi","status":"publish","type":"page","link":"https:\/\/www.sistemteknik.com\/ferrous\/ar-ge\/ar-ge-merkezi-sertifikasi\/","title":{"rendered":"AR-GE Merkezi Sertifikas\u0131"},"content":{"rendered":"<div class=\"wpb-content-wrapper\"><p>[vc_row][vc_column][vc_single_image image=&#8221;2033&#8243; img_size=&#8221;full&#8221; onclick=&#8221;link_image&#8221;][\/vc_column][\/vc_row]<\/p>\n<\/div>","protected":false},"excerpt":{"rendered":"<p>[vc_row][vc_column][vc_single_image image=&#8221;2033&#8243; img_size=&#8221;full&#8221; onclick=&#8221;link_image&#8221;][\/vc_column][\/vc_row]<\/p>\n","protected":false},"author":1,"featured_media":0,"parent":1965,"menu_order":121,"comment_status":"closed","ping_status":"closed","template":"","meta":{"footnotes":""},"acf":[],"yoast_head":"<!-- This site is optimized with the Yoast SEO plugin v21.8.1 - https:\/\/yoast.com\/wordpress\/plugins\/seo\/ -->\n<title>AR-GE Merkezi Sertifikas\u0131 | Sistem Teknik<\/title>\n<meta name=\"description\" content=\"Sistemteknik.com Ar-Ge merkezi sertifikas\u0131na ula\u015fmak i\u00e7in t\u0131klay\u0131n!\" \/>\n<meta name=\"robots\" content=\"index, follow, max-snippet:-1, max-image-preview:large, max-video-preview:-1\" \/>\n<link rel=\"canonical\" href=\"https:\/\/www.sistemteknik.com\/ferrous\/ar-ge\/ar-ge-merkezi-sertifikasi\/\" \/>\n<meta property=\"og:locale\" content=\"tr_TR\" \/>\n<meta property=\"og:type\" content=\"article\" \/>\n<meta property=\"og:title\" content=\"AR-GE Merkezi Sertifikas\u0131 | Sistem Teknik\" \/>\n<meta property=\"og:description\" content=\"Sistemteknik.com Ar-Ge merkezi sertifikas\u0131na ula\u015fmak i\u00e7in t\u0131klay\u0131n!\" \/>\n<meta property=\"og:url\" content=\"https:\/\/www.sistemteknik.com\/ferrous\/ar-ge\/ar-ge-merkezi-sertifikasi\/\" \/>\n<meta property=\"og:site_name\" content=\"Sistem Teknik Sanayi F\u0131r\u0131nlar\u0131 A.\u015e.\" \/>\n<meta property=\"article:publisher\" content=\"https:\/\/www.facebook.com\/sistemteknikindustrialfurnace\" \/>\n<meta property=\"article:modified_time\" content=\"2022-07-13T14:38:30+00:00\" \/>\n<meta property=\"og:image\" content=\"https:\/\/www.sistemteknik.com\/ferrous\/wp-content\/uploads\/2022\/08\/logo2x-1.png\" \/>\n\t<meta property=\"og:image:width\" content=\"200\" \/>\n\t<meta property=\"og:image:height\" content=\"140\" \/>\n\t<meta property=\"og:image:type\" content=\"image\/png\" \/>\n<meta name=\"twitter:card\" content=\"summary_large_image\" \/>\n<script type=\"application\/ld+json\" class=\"yoast-schema-graph\">{\"@context\":\"https:\/\/schema.org\",\"@graph\":[{\"@type\":\"WebPage\",\"@id\":\"https:\/\/www.sistemteknik.com\/ferrous\/ar-ge\/ar-ge-merkezi-sertifikasi\/\",\"url\":\"https:\/\/www.sistemteknik.com\/ferrous\/ar-ge\/ar-ge-merkezi-sertifikasi\/\",\"name\":\"AR-GE Merkezi Sertifikas\u0131 | Sistem Teknik\",\"isPartOf\":{\"@id\":\"https:\/\/www.sistemteknik.com\/ferrous\/#website\"},\"datePublished\":\"2020-06-04T16:51:30+00:00\",\"dateModified\":\"2022-07-13T14:38:30+00:00\",\"description\":\"Sistemteknik.com Ar-Ge merkezi sertifikas\u0131na ula\u015fmak i\u00e7in t\u0131klay\u0131n!\",\"breadcrumb\":{\"@id\":\"https:\/\/www.sistemteknik.com\/ferrous\/ar-ge\/ar-ge-merkezi-sertifikasi\/#breadcrumb\"},\"inLanguage\":\"tr\",\"potentialAction\":[{\"@type\":\"ReadAction\",\"target\":[\"https:\/\/www.sistemteknik.com\/ferrous\/ar-ge\/ar-ge-merkezi-sertifikasi\/\"]}]},{\"@type\":\"BreadcrumbList\",\"@id\":\"https:\/\/www.sistemteknik.com\/ferrous\/ar-ge\/ar-ge-merkezi-sertifikasi\/#breadcrumb\",\"itemListElement\":[{\"@type\":\"ListItem\",\"position\":1,\"name\":\"Ana sayfa\",\"item\":\"https:\/\/www.sistemteknik.com\/ferrous\/\"},{\"@type\":\"ListItem\",\"position\":2,\"name\":\"AR-GE Merkezimiz\",\"item\":\"https:\/\/www.sistemteknik.com\/ferrous\/ar-ge\/\"},{\"@type\":\"ListItem\",\"position\":3,\"name\":\"AR-GE Merkezi Sertifikas\u0131\"}]},{\"@type\":\"WebSite\",\"@id\":\"https:\/\/www.sistemteknik.com\/ferrous\/#website\",\"url\":\"https:\/\/www.sistemteknik.com\/ferrous\/\",\"name\":\"Sistem Teknik Sanayi F\u0131r\u0131nlar\u0131 A.\u015e.\",\"description\":\"\",\"publisher\":{\"@id\":\"https:\/\/www.sistemteknik.com\/ferrous\/#organization\"},\"potentialAction\":[{\"@type\":\"SearchAction\",\"target\":{\"@type\":\"EntryPoint\",\"urlTemplate\":\"https:\/\/www.sistemteknik.com\/ferrous\/?s={search_term_string}\"},\"query-input\":\"required name=search_term_string\"}],\"inLanguage\":\"tr\"},{\"@type\":\"Organization\",\"@id\":\"https:\/\/www.sistemteknik.com\/ferrous\/#organization\",\"name\":\"Sistem Teknik Sanayi F\u0131r\u0131nlar\u0131 A.\u015e.\",\"url\":\"https:\/\/www.sistemteknik.com\/ferrous\/\",\"logo\":{\"@type\":\"ImageObject\",\"inLanguage\":\"tr\",\"@id\":\"https:\/\/www.sistemteknik.com\/ferrous\/#\/schema\/logo\/image\/\",\"url\":\"https:\/\/www.sistemteknik.com\/ferrous\/wp-content\/uploads\/2022\/08\/logo2x-1.png\",\"contentUrl\":\"https:\/\/www.sistemteknik.com\/ferrous\/wp-content\/uploads\/2022\/08\/logo2x-1.png\",\"width\":200,\"height\":140,\"caption\":\"Sistem Teknik Sanayi F\u0131r\u0131nlar\u0131 A.\u015e.\"},\"image\":{\"@id\":\"https:\/\/www.sistemteknik.com\/ferrous\/#\/schema\/logo\/image\/\"},\"sameAs\":[\"https:\/\/www.facebook.com\/sistemteknikindustrialfurnace\",\"https:\/\/www.linkedin.com\/company\/sistem-teknik-industrial-furnaces\/\",\"https:\/\/www.instagram.com\/sistemteknikas\/\"]}]}<\/script>\n<!-- \/ Yoast SEO plugin. -->","yoast_head_json":{"title":"AR-GE Merkezi Sertifikas\u0131 | Sistem Teknik","description":"Sistemteknik.com Ar-Ge merkezi sertifikas\u0131na ula\u015fmak i\u00e7in t\u0131klay\u0131n!","robots":{"index":"index","follow":"follow","max-snippet":"max-snippet:-1","max-image-preview":"max-image-preview:large","max-video-preview":"max-video-preview:-1"},"canonical":"https:\/\/www.sistemteknik.com\/ferrous\/ar-ge\/ar-ge-merkezi-sertifikasi\/","og_locale":"tr_TR","og_type":"article","og_title":"AR-GE Merkezi Sertifikas\u0131 | Sistem Teknik","og_description":"Sistemteknik.com Ar-Ge merkezi sertifikas\u0131na ula\u015fmak i\u00e7in t\u0131klay\u0131n!","og_url":"https:\/\/www.sistemteknik.com\/ferrous\/ar-ge\/ar-ge-merkezi-sertifikasi\/","og_site_name":"Sistem Teknik Sanayi F\u0131r\u0131nlar\u0131 A.\u015e.","article_publisher":"https:\/\/www.facebook.com\/sistemteknikindustrialfurnace","article_modified_time":"2022-07-13T14:38:30+00:00","og_image":[{"width":200,"height":140,"url":"https:\/\/www.sistemteknik.com\/ferrous\/wp-content\/uploads\/2022\/08\/logo2x-1.png","type":"image\/png"}],"twitter_card":"summary_large_image","schema":{"@context":"https:\/\/schema.org","@graph":[{"@type":"WebPage","@id":"https:\/\/www.sistemteknik.com\/ferrous\/ar-ge\/ar-ge-merkezi-sertifikasi\/","url":"https:\/\/www.sistemteknik.com\/ferrous\/ar-ge\/ar-ge-merkezi-sertifikasi\/","name":"AR-GE Merkezi Sertifikas\u0131 | Sistem Teknik","isPartOf":{"@id":"https:\/\/www.sistemteknik.com\/ferrous\/#website"},"datePublished":"2020-06-04T16:51:30+00:00","dateModified":"2022-07-13T14:38:30+00:00","description":"Sistemteknik.com Ar-Ge merkezi sertifikas\u0131na ula\u015fmak i\u00e7in t\u0131klay\u0131n!","breadcrumb":{"@id":"https:\/\/www.sistemteknik.com\/ferrous\/ar-ge\/ar-ge-merkezi-sertifikasi\/#breadcrumb"},"inLanguage":"tr","potentialAction":[{"@type":"ReadAction","target":["https:\/\/www.sistemteknik.com\/ferrous\/ar-ge\/ar-ge-merkezi-sertifikasi\/"]}]},{"@type":"BreadcrumbList","@id":"https:\/\/www.sistemteknik.com\/ferrous\/ar-ge\/ar-ge-merkezi-sertifikasi\/#breadcrumb","itemListElement":[{"@type":"ListItem","position":1,"name":"Ana sayfa","item":"https:\/\/www.sistemteknik.com\/ferrous\/"},{"@type":"ListItem","position":2,"name":"AR-GE Merkezimiz","item":"https:\/\/www.sistemteknik.com\/ferrous\/ar-ge\/"},{"@type":"ListItem","position":3,"name":"AR-GE Merkezi Sertifikas\u0131"}]},{"@type":"WebSite","@id":"https:\/\/www.sistemteknik.com\/ferrous\/#website","url":"https:\/\/www.sistemteknik.com\/ferrous\/","name":"Sistem Teknik Sanayi F\u0131r\u0131nlar\u0131 A.\u015e.","description":"","publisher":{"@id":"https:\/\/www.sistemteknik.com\/ferrous\/#organization"},"potentialAction":[{"@type":"SearchAction","target":{"@type":"EntryPoint","urlTemplate":"https:\/\/www.sistemteknik.com\/ferrous\/?s={search_term_string}"},"query-input":"required name=search_term_string"}],"inLanguage":"tr"},{"@type":"Organization","@id":"https:\/\/www.sistemteknik.com\/ferrous\/#organization","name":"Sistem Teknik Sanayi F\u0131r\u0131nlar\u0131 A.\u015e.","url":"https:\/\/www.sistemteknik.com\/ferrous\/","logo":{"@type":"ImageObject","inLanguage":"tr","@id":"https:\/\/www.sistemteknik.com\/ferrous\/#\/schema\/logo\/image\/","url":"https:\/\/www.sistemteknik.com\/ferrous\/wp-content\/uploads\/2022\/08\/logo2x-1.png","contentUrl":"https:\/\/www.sistemteknik.com\/ferrous\/wp-content\/uploads\/2022\/08\/logo2x-1.png","width":200,"height":140,"caption":"Sistem Teknik Sanayi F\u0131r\u0131nlar\u0131 A.\u015e."},"image":{"@id":"https:\/\/www.sistemteknik.com\/ferrous\/#\/schema\/logo\/image\/"},"sameAs":["https:\/\/www.facebook.com\/sistemteknikindustrialfurnace","https:\/\/www.linkedin.com\/company\/sistem-teknik-industrial-furnaces\/","https:\/\/www.instagram.com\/sistemteknikas\/"]}]}},"_links":{"self":[{"href":"https:\/\/www.sistemteknik.com\/ferrous\/wp-json\/wp\/v2\/pages\/2030"}],"collection":[{"href":"https:\/\/www.sistemteknik.com\/ferrous\/wp-json\/wp\/v2\/pages"}],"about":[{"href":"https:\/\/www.sistemteknik.com\/ferrous\/wp-json\/wp\/v2\/types\/page"}],"author":[{"embeddable":true,"href":"https:\/\/www.sistemteknik.com\/ferrous\/wp-json\/wp\/v2\/users\/1"}],"replies":[{"embeddable":true,"href":"https:\/\/www.sistemteknik.com\/ferrous\/wp-json\/wp\/v2\/comments?post=2030"}],"version-history":[{"count":0,"href":"https:\/\/www.sistemteknik.com\/ferrous\/wp-json\/wp\/v2\/pages\/2030\/revisions"}],"up":[{"embeddable":true,"href":"https:\/\/www.sistemteknik.com\/ferrous\/wp-json\/wp\/v2\/pages\/1965"}],"wp:attachment":[{"href":"https:\/\/www.sistemteknik.com\/ferrous\/wp-json\/wp\/v2\/media?parent=2030"}],"curies":[{"name":"wp","href":"https:\/\/api.w.org\/{rel}","templated":true}]}}