{"id":1971,"date":"2020-06-04T19:09:15","date_gmt":"2020-06-04T16:09:15","guid":{"rendered":"https:\/\/www.sistemteknik.com\/ferrous\/?page_id=1971"},"modified":"2022-07-14T10:00:05","modified_gmt":"2022-07-14T07:00:05","slug":"projeler","status":"publish","type":"page","link":"https:\/\/www.sistemteknik.com\/ferrous\/ar-ge\/projeler\/","title":{"rendered":"Projeler"},"content":{"rendered":"<div class=\"wpb-content-wrapper\"><p>[vc_row][vc_column][vc_column_text]16.06.2017\u2019den itibaren Sanayi Bakanl\u0131\u011f\u0131na bildirdi\u011fimiz Ar-Ge projelerimiz a\u015fa\u011f\u0131da tablo halinde verilmi\u015ftir.[\/vc_column_text][vc_column_text]<\/p>\n<table>\n<tbody>\n<tr>\n<td>1604<\/td>\n<td>Debriyaj Bask\u0131 Yaylar\u0131 Is\u0131l \u0130\u015flem Tesisi<\/td>\n<\/tr>\n<tr>\n<td>1605<\/td>\n<td>Patlay\u0131c\u0131 Tahliye ve Termal \u0130\u015flem At\u00f6lyesi Ekipmanlar\u0131 \u0130malat\u0131 ve Devreye Al\u0131nmas\u0131<\/td>\n<\/tr>\n<tr>\n<td>1607<\/td>\n<td>2800 mm \u00c7apa Kadar Bombelerin So\u011futma Hatt\u0131 Projesi<\/td>\n<\/tr>\n<tr>\n<td>1610<\/td>\n<td>Otomotiv Sekt\u00f6r\u00fc i\u00e7in \u00c7evreci \u00c7inko Kaplama Tesisi<\/td>\n<\/tr>\n<tr>\n<td>1614<\/td>\n<td>Muhtelif Helikopter Par\u00e7alar\u0131n\u0131n D\u00f6ner Tabanl\u0131 F\u0131r\u0131nda Is\u0131l \u0130\u015flem Prosesinin Geli\u015ftirilmesi<\/td>\n<\/tr>\n<tr>\n<td>1703<\/td>\n<td>Do\u011falgaz Is\u0131tmal\u0131, Rulo Konvey\u00f6rl\u00fc, LPG T\u00fcp Tav F\u0131r\u0131n\u0131 Prototipinin Geli\u015ftirilmesi<\/td>\n<\/tr>\n<tr>\n<td>1707<\/td>\n<td>Vakum Temper F\u0131r\u0131n\u0131 Prototipinin Geli\u015ftirilmesi<\/td>\n<\/tr>\n<tr>\n<td>1708<\/td>\n<td>Infrared Is\u0131tmal\u0131 Tel Konvey\u00f6rl\u00fc Cam Elyaf Takviyeli Polipropilen \u00d6n Is\u0131tma F\u0131r\u0131n\u0131<\/td>\n<\/tr>\n<tr>\n<td>1709<\/td>\n<td>Boru Tip Makas Par\u00e7alar i\u00e7in Is\u0131l \u0130\u015flem Tesisi<\/td>\n<\/tr>\n<tr>\n<td>1710<\/td>\n<td>Tel Bant Konvey\u00f6rl\u00fc S\u0131cak Hava Is\u0131tmal\u0131 \u00d6n Is\u0131tma F\u0131r\u0131n\u0131 Prototipinin Geli\u015ftirilmesi<\/td>\n<\/tr>\n<tr>\n<td>1799<\/td>\n<td>Vakum Ya\u011fda Sertle\u015ftirme Is\u0131l \u0130\u015flem F\u0131r\u0131n Tasar\u0131m ve Prototip \u0130malat\u0131<\/td>\n<\/tr>\n<tr>\n<td>1805<\/td>\n<td>Monoblok Gaz T\u00fcrbin Motor Diskleri ve \u015eaftlar\u0131na Y\u00f6nelik Is\u0131l \u0130\u015flem Proses ve Ekipman\u0131n\u0131n Geli\u015ftirilmesi<\/td>\n<\/tr>\n<tr>\n<td>1898<\/td>\n<td>Karbon Monoksit Gaz\u0131 \u00d6l\u00e7\u00fcm\u00a0Sistemi<\/td>\n<\/tr>\n<tr>\n<td>1899<\/td>\n<td>D\u00f6ner Mekanizmal\u0131 Sistemlerde S\u0131cakl\u0131k \u00d6l\u00e7\u00fcm\u00fc i\u00e7in Termokupl D\u00fczene\u011finin Geli\u015ftirilmesi<\/td>\n<\/tr>\n<tr>\n<td>1999<\/td>\n<td>Maksimum 300 Tona Kadar \u00c7e\u015fitli Yap\u0131daki Malzemelerin EN, ASTM, UL, BS, IMO Standartlar\u0131na G\u00f6re Yang\u0131na Kar\u015f\u0131 Dayan\u0131kl\u0131l\u0131\u011f\u0131n\u0131 Test Etmek \u0130\u00e7in T\u00fcm Yard\u0131mc\u0131 Ekipmanlar\u0131 ile Birlikte \u0130kiz Kombi, Dikey ve \u0130ndikatif Yang\u0131n Dayan\u0131m Test F\u0131r\u0131n\u0131 ve Tesisinin Geli\u015ftirilmesi<\/td>\n<\/tr>\n<tr>\n<td>1998<\/td>\n<td>Endogaz Atmosferli End\u00fcstriyel F\u0131r\u0131nlarda Karbon Potansiyelini Tayini i\u00e7in In-situ Oksijen Sens\u00f6r\u00fcn\u00fcn Geli\u015ftirilmesi<\/td>\n<\/tr>\n<tr>\n<td>1997<\/td>\n<td>End\u00fcstriyel Mikrodalga Kurutma F\u0131r\u0131n\u0131 Tasar\u0131m\u0131 ve Geli\u015ftirilmesi<\/td>\n<\/tr>\n<tr>\n<td>1993<\/td>\n<td>Is\u0131 Pompas\u0131 Prensibi ile \u00c7al\u0131\u015fan Vakum Evaporat\u00f6r Prototipinin Geli\u015ftirilmesi<\/td>\n<\/tr>\n<\/tbody>\n<\/table>\n<p>[\/vc_column_text][\/vc_column][\/vc_row]<\/p>\n<\/div>","protected":false},"excerpt":{"rendered":"<p>[vc_row][vc_column][vc_column_text]16.06.2017\u2019den itibaren Sanayi Bakanl\u0131\u011f\u0131na bildirdi\u011fimiz Ar-Ge projelerimiz a\u015fa\u011f\u0131da tablo halinde [&hellip;]<\/p>\n","protected":false},"author":1,"featured_media":0,"parent":1965,"menu_order":108,"comment_status":"closed","ping_status":"closed","template":"","meta":{"footnotes":""},"acf":[],"yoast_head":"<!-- This site is optimized with the Yoast SEO plugin v21.8.1 - https:\/\/yoast.com\/wordpress\/plugins\/seo\/ -->\n<title>Ar-Ge Projelerimiz | Sistem Teknik<\/title>\n<meta name=\"description\" content=\"Sanayi Bakanl\u0131\u011f\u0131na bildirdi\u011fimiz Ar-Ge projelerimizi incelemek i\u00e7in hemen t\u0131klay\u0131n!\" \/>\n<meta name=\"robots\" content=\"index, follow, max-snippet:-1, max-image-preview:large, max-video-preview:-1\" \/>\n<link rel=\"canonical\" href=\"https:\/\/www.sistemteknik.com\/ferrous\/ar-ge\/projeler\/\" \/>\n<meta property=\"og:locale\" content=\"tr_TR\" \/>\n<meta property=\"og:type\" content=\"article\" \/>\n<meta property=\"og:title\" content=\"Ar-Ge Projelerimiz | Sistem Teknik\" \/>\n<meta property=\"og:description\" content=\"Sanayi Bakanl\u0131\u011f\u0131na bildirdi\u011fimiz Ar-Ge projelerimizi incelemek i\u00e7in hemen t\u0131klay\u0131n!\" \/>\n<meta property=\"og:url\" content=\"https:\/\/www.sistemteknik.com\/ferrous\/ar-ge\/projeler\/\" \/>\n<meta property=\"og:site_name\" content=\"Sistem Teknik Sanayi F\u0131r\u0131nlar\u0131 A.\u015e.\" \/>\n<meta property=\"article:publisher\" content=\"https:\/\/www.facebook.com\/sistemteknikindustrialfurnace\" \/>\n<meta property=\"article:modified_time\" content=\"2022-07-14T07:00:05+00:00\" \/>\n<meta property=\"og:image\" content=\"https:\/\/www.sistemteknik.com\/ferrous\/wp-content\/uploads\/2022\/08\/logo2x-1.png\" \/>\n\t<meta property=\"og:image:width\" content=\"200\" \/>\n\t<meta property=\"og:image:height\" content=\"140\" \/>\n\t<meta property=\"og:image:type\" content=\"image\/png\" \/>\n<meta name=\"twitter:card\" content=\"summary_large_image\" \/>\n<meta name=\"twitter:label1\" content=\"Tahmini okuma s\u00fcresi\" \/>\n\t<meta name=\"twitter:data1\" content=\"2 dakika\" \/>\n<script type=\"application\/ld+json\" class=\"yoast-schema-graph\">{\"@context\":\"https:\/\/schema.org\",\"@graph\":[{\"@type\":\"WebPage\",\"@id\":\"https:\/\/www.sistemteknik.com\/ferrous\/ar-ge\/projeler\/\",\"url\":\"https:\/\/www.sistemteknik.com\/ferrous\/ar-ge\/projeler\/\",\"name\":\"Ar-Ge Projelerimiz | Sistem Teknik\",\"isPartOf\":{\"@id\":\"https:\/\/www.sistemteknik.com\/ferrous\/#website\"},\"datePublished\":\"2020-06-04T16:09:15+00:00\",\"dateModified\":\"2022-07-14T07:00:05+00:00\",\"description\":\"Sanayi Bakanl\u0131\u011f\u0131na bildirdi\u011fimiz Ar-Ge projelerimizi incelemek i\u00e7in hemen t\u0131klay\u0131n!\",\"breadcrumb\":{\"@id\":\"https:\/\/www.sistemteknik.com\/ferrous\/ar-ge\/projeler\/#breadcrumb\"},\"inLanguage\":\"tr\",\"potentialAction\":[{\"@type\":\"ReadAction\",\"target\":[\"https:\/\/www.sistemteknik.com\/ferrous\/ar-ge\/projeler\/\"]}]},{\"@type\":\"BreadcrumbList\",\"@id\":\"https:\/\/www.sistemteknik.com\/ferrous\/ar-ge\/projeler\/#breadcrumb\",\"itemListElement\":[{\"@type\":\"ListItem\",\"position\":1,\"name\":\"Ana sayfa\",\"item\":\"https:\/\/www.sistemteknik.com\/ferrous\/\"},{\"@type\":\"ListItem\",\"position\":2,\"name\":\"AR-GE Merkezimiz\",\"item\":\"https:\/\/www.sistemteknik.com\/ferrous\/ar-ge\/\"},{\"@type\":\"ListItem\",\"position\":3,\"name\":\"Projeler\"}]},{\"@type\":\"WebSite\",\"@id\":\"https:\/\/www.sistemteknik.com\/ferrous\/#website\",\"url\":\"https:\/\/www.sistemteknik.com\/ferrous\/\",\"name\":\"Sistem Teknik Sanayi F\u0131r\u0131nlar\u0131 A.\u015e.\",\"description\":\"\",\"publisher\":{\"@id\":\"https:\/\/www.sistemteknik.com\/ferrous\/#organization\"},\"potentialAction\":[{\"@type\":\"SearchAction\",\"target\":{\"@type\":\"EntryPoint\",\"urlTemplate\":\"https:\/\/www.sistemteknik.com\/ferrous\/?s={search_term_string}\"},\"query-input\":\"required name=search_term_string\"}],\"inLanguage\":\"tr\"},{\"@type\":\"Organization\",\"@id\":\"https:\/\/www.sistemteknik.com\/ferrous\/#organization\",\"name\":\"Sistem Teknik Sanayi F\u0131r\u0131nlar\u0131 A.\u015e.\",\"url\":\"https:\/\/www.sistemteknik.com\/ferrous\/\",\"logo\":{\"@type\":\"ImageObject\",\"inLanguage\":\"tr\",\"@id\":\"https:\/\/www.sistemteknik.com\/ferrous\/#\/schema\/logo\/image\/\",\"url\":\"https:\/\/www.sistemteknik.com\/ferrous\/wp-content\/uploads\/2022\/08\/logo2x-1.png\",\"contentUrl\":\"https:\/\/www.sistemteknik.com\/ferrous\/wp-content\/uploads\/2022\/08\/logo2x-1.png\",\"width\":200,\"height\":140,\"caption\":\"Sistem Teknik Sanayi F\u0131r\u0131nlar\u0131 A.\u015e.\"},\"image\":{\"@id\":\"https:\/\/www.sistemteknik.com\/ferrous\/#\/schema\/logo\/image\/\"},\"sameAs\":[\"https:\/\/www.facebook.com\/sistemteknikindustrialfurnace\",\"https:\/\/www.linkedin.com\/company\/sistem-teknik-industrial-furnaces\/\",\"https:\/\/www.instagram.com\/sistemteknikas\/\"]}]}<\/script>\n<!-- \/ Yoast SEO plugin. -->","yoast_head_json":{"title":"Ar-Ge Projelerimiz | Sistem Teknik","description":"Sanayi Bakanl\u0131\u011f\u0131na bildirdi\u011fimiz Ar-Ge projelerimizi incelemek i\u00e7in hemen t\u0131klay\u0131n!","robots":{"index":"index","follow":"follow","max-snippet":"max-snippet:-1","max-image-preview":"max-image-preview:large","max-video-preview":"max-video-preview:-1"},"canonical":"https:\/\/www.sistemteknik.com\/ferrous\/ar-ge\/projeler\/","og_locale":"tr_TR","og_type":"article","og_title":"Ar-Ge Projelerimiz | Sistem Teknik","og_description":"Sanayi Bakanl\u0131\u011f\u0131na bildirdi\u011fimiz Ar-Ge projelerimizi incelemek i\u00e7in hemen t\u0131klay\u0131n!","og_url":"https:\/\/www.sistemteknik.com\/ferrous\/ar-ge\/projeler\/","og_site_name":"Sistem Teknik Sanayi F\u0131r\u0131nlar\u0131 A.\u015e.","article_publisher":"https:\/\/www.facebook.com\/sistemteknikindustrialfurnace","article_modified_time":"2022-07-14T07:00:05+00:00","og_image":[{"width":200,"height":140,"url":"https:\/\/www.sistemteknik.com\/ferrous\/wp-content\/uploads\/2022\/08\/logo2x-1.png","type":"image\/png"}],"twitter_card":"summary_large_image","twitter_misc":{"Tahmini okuma s\u00fcresi":"2 dakika"},"schema":{"@context":"https:\/\/schema.org","@graph":[{"@type":"WebPage","@id":"https:\/\/www.sistemteknik.com\/ferrous\/ar-ge\/projeler\/","url":"https:\/\/www.sistemteknik.com\/ferrous\/ar-ge\/projeler\/","name":"Ar-Ge Projelerimiz | Sistem Teknik","isPartOf":{"@id":"https:\/\/www.sistemteknik.com\/ferrous\/#website"},"datePublished":"2020-06-04T16:09:15+00:00","dateModified":"2022-07-14T07:00:05+00:00","description":"Sanayi Bakanl\u0131\u011f\u0131na bildirdi\u011fimiz Ar-Ge projelerimizi incelemek i\u00e7in hemen t\u0131klay\u0131n!","breadcrumb":{"@id":"https:\/\/www.sistemteknik.com\/ferrous\/ar-ge\/projeler\/#breadcrumb"},"inLanguage":"tr","potentialAction":[{"@type":"ReadAction","target":["https:\/\/www.sistemteknik.com\/ferrous\/ar-ge\/projeler\/"]}]},{"@type":"BreadcrumbList","@id":"https:\/\/www.sistemteknik.com\/ferrous\/ar-ge\/projeler\/#breadcrumb","itemListElement":[{"@type":"ListItem","position":1,"name":"Ana sayfa","item":"https:\/\/www.sistemteknik.com\/ferrous\/"},{"@type":"ListItem","position":2,"name":"AR-GE Merkezimiz","item":"https:\/\/www.sistemteknik.com\/ferrous\/ar-ge\/"},{"@type":"ListItem","position":3,"name":"Projeler"}]},{"@type":"WebSite","@id":"https:\/\/www.sistemteknik.com\/ferrous\/#website","url":"https:\/\/www.sistemteknik.com\/ferrous\/","name":"Sistem Teknik Sanayi F\u0131r\u0131nlar\u0131 A.\u015e.","description":"","publisher":{"@id":"https:\/\/www.sistemteknik.com\/ferrous\/#organization"},"potentialAction":[{"@type":"SearchAction","target":{"@type":"EntryPoint","urlTemplate":"https:\/\/www.sistemteknik.com\/ferrous\/?s={search_term_string}"},"query-input":"required name=search_term_string"}],"inLanguage":"tr"},{"@type":"Organization","@id":"https:\/\/www.sistemteknik.com\/ferrous\/#organization","name":"Sistem Teknik Sanayi F\u0131r\u0131nlar\u0131 A.\u015e.","url":"https:\/\/www.sistemteknik.com\/ferrous\/","logo":{"@type":"ImageObject","inLanguage":"tr","@id":"https:\/\/www.sistemteknik.com\/ferrous\/#\/schema\/logo\/image\/","url":"https:\/\/www.sistemteknik.com\/ferrous\/wp-content\/uploads\/2022\/08\/logo2x-1.png","contentUrl":"https:\/\/www.sistemteknik.com\/ferrous\/wp-content\/uploads\/2022\/08\/logo2x-1.png","width":200,"height":140,"caption":"Sistem Teknik Sanayi F\u0131r\u0131nlar\u0131 A.\u015e."},"image":{"@id":"https:\/\/www.sistemteknik.com\/ferrous\/#\/schema\/logo\/image\/"},"sameAs":["https:\/\/www.facebook.com\/sistemteknikindustrialfurnace","https:\/\/www.linkedin.com\/company\/sistem-teknik-industrial-furnaces\/","https:\/\/www.instagram.com\/sistemteknikas\/"]}]}},"_links":{"self":[{"href":"https:\/\/www.sistemteknik.com\/ferrous\/wp-json\/wp\/v2\/pages\/1971"}],"collection":[{"href":"https:\/\/www.sistemteknik.com\/ferrous\/wp-json\/wp\/v2\/pages"}],"about":[{"href":"https:\/\/www.sistemteknik.com\/ferrous\/wp-json\/wp\/v2\/types\/page"}],"author":[{"embeddable":true,"href":"https:\/\/www.sistemteknik.com\/ferrous\/wp-json\/wp\/v2\/users\/1"}],"replies":[{"embeddable":true,"href":"https:\/\/www.sistemteknik.com\/ferrous\/wp-json\/wp\/v2\/comments?post=1971"}],"version-history":[{"count":0,"href":"https:\/\/www.sistemteknik.com\/ferrous\/wp-json\/wp\/v2\/pages\/1971\/revisions"}],"up":[{"embeddable":true,"href":"https:\/\/www.sistemteknik.com\/ferrous\/wp-json\/wp\/v2\/pages\/1965"}],"wp:attachment":[{"href":"https:\/\/www.sistemteknik.com\/ferrous\/wp-json\/wp\/v2\/media?parent=1971"}],"curies":[{"name":"wp","href":"https:\/\/api.w.org\/{rel}","templated":true}]}}