{"id":1965,"date":"2020-06-04T18:58:17","date_gmt":"2020-06-04T15:58:17","guid":{"rendered":"https:\/\/www.sistemteknik.com\/ferrous\/?page_id=1965"},"modified":"2022-08-16T13:24:47","modified_gmt":"2022-08-16T10:24:47","slug":"ar-ge","status":"publish","type":"page","link":"https:\/\/www.sistemteknik.com\/ferrous\/ar-ge\/","title":{"rendered":"AR-GE Merkezimiz"},"content":{"rendered":"<div class=\"wpb-content-wrapper\"><p>[vc_row content_placement=&#8221;middle&#8221;][vc_column][vc_single_image image=&#8221;2170&#8243; img_size=&#8221;full&#8221;][\/vc_column][\/vc_row][vc_row][vc_column][vc_column_text]<strong>Sistem Teknik Ar-Ge Merkezi T\u00fcrkiye\u2019nin 309. Ar-Ge merkezi olarak Bilim, Sanayi ve Teknoloji Bakanl\u0131\u011f\u0131 taraf\u0131ndan onaylanm\u0131\u015ft\u0131r.<\/strong><\/p>\n<p>2016 Aral\u0131k ay\u0131nda Sistem Teknik, kuruldu\u011fu g\u00fcnden bu yana s\u00fcrekli geli\u015fim ve d\u00f6n\u00fc\u015f\u00fcm i\u00e7in daha yenilik\u00e7i \u00fcr\u00fcn ve hizmet kalitesiyle bir\u00e7ok Ar-Ge projesini hayata ge\u00e7irmi\u015ftir. 5746 say\u0131l\u0131 Ara\u015ft\u0131rma ve Geli\u015ftirme Faaliyetlerinin Desteklenmesi hakk\u0131ndaki kanun kapsam\u0131na uygun olacak bir merkezin olu\u015fturulmas\u0131 i\u00e7in 2015 y\u0131l\u0131 i\u00e7erisinde \u00e7al\u0131\u015fmalara ba\u015flam\u0131\u015f, 8 Aral\u0131k 2016 tarihinde T.C. Bilim Sanayi ve Teknoloji Bakanl\u0131\u011f\u0131 taraf\u0131ndan T\u00fcrkiye\u2019nin 309. Ar-Ge merkezi olarak tescil edilmi\u015ftir.<\/p>\n<p>Sistem Teknik i\u00e7erisinde 431,23 m2 lik bir alan\u0131 kapsayan Ar-Ge merkezi b\u00fcnyesinde; Ar-Ge mekanik proje ofisi, Ar-Ge elektrik proje ofisi ve prototip test laboratuvar\u0131 bulunmaktad\u0131r.<\/p>\n<p>Ar-Ge merkezimizde 17 ara\u015ft\u0131rmac\u0131, 8 teknisyen, 2 destek personeli ile mevcut \u00fcr\u00fcn kalitesinin y\u00fckseltilmesi, yeni \u00fcretim teknolojilerinin gelis\u0327tirilmesi, maliyet d\u00fcs\u0327\u00fcr\u00fcc\u00fc yeniliklerin uygulanmas\u0131 ve \u00e7evreci yakla\u015f\u0131m\u0131 ile enerji verimlili\u011finin artt\u0131r\u0131lmas\u0131 gibi konularda \u00e7al\u0131\u015fmalar\u0131na h\u0131z kesmeden devam etmektedir. Gelece\u011fe y\u00f6n verebilmek ad\u0131na \u00fcniversiteler ile i\u015fbirlikleri yaparak daha yenilik\u00e7i projeler yapmaktad\u0131r.<\/p>\n<p>Teknik ve y\u00f6netimsel alanda daha nitelikli Ar-Ge personeli yeti\u015ftirmeyi ve e\u011fitim seviyelerini artt\u0131rmay\u0131 ama\u00e7l\u0131yor; bu kapsamda y\u0131l i\u00e7erisinde personelin fikirleri belirlenen komisyon taraf\u0131ndan de\u011ferlendirilip nitelikli proje fikirleri \u00f6d\u00fcllendiriliyor.<\/p>\n<p>Sistem Teknik\u2019e ait OTOKLAV\u2019da dahil olmak \u00fczere bir\u00e7ok Faydal\u0131 Model Belgesi ve End\u00fcstriyel Tasar\u0131m Tescillerimiz bulunmakta olup, inovatif uygulamalar konusunda s\u00fcrekli geli\u015fmekteyiz. 2009\u2019da TSE Belgesini de alan 22 Aral\u0131k 2011 tarihinde al\u00fcminyum ve kompozit sekt\u00f6r\u00fcne yo\u011funla\u015fmak \u00fczere Sistem Teknik End\u00fcstriyel F\u0131r\u0131nlar\u0131 Ltd. \u015eti. ad\u0131n\u0131 ve Marka Tescil Belgesini alm\u0131\u015ft\u0131r. Fikri m\u00fclkiyet haklar\u0131na verdi\u011fimiz \u00f6nem do\u011frultusunda \u00e7al\u0131\u015fmalar\u0131n\u0131 tamamlad\u0131\u011f\u0131m\u0131z Ar-Ge projelerimizin faydal\u0131 model ve patent ba\u015fvurular\u0131 devam etmektedir.<\/p>\n<p>Firmam\u0131z yapt\u0131\u011f\u0131 Ar-Ge \u00e7al\u0131\u015fmalar\u0131 ile T\u00dcB\u0130TAK, TTGV ve T\u00dcS\u0130AD taraf\u0131ndan d\u00fczenlenen VI. Teknoloji \u00d6d\u00fclleri\u2019nde Ba\u015far\u0131 \u00d6d\u00fcl\u00fc\u2019ne lay\u0131k g\u00f6r\u00fclm\u00fc\u015ft\u00fcr.<\/p>\n<p>Ayr\u0131ca Sistem Teknik olarak yeni OTOKLAV tasar\u0131m\u0131m\u0131z ile Airbus, Boeing, JSF, Skorsky, TAI \u2013 Atak, TAI \u2013 Anka gibi projelerde kullan\u0131lan sekt\u00f6re \u00f6zel uygulamalar kazand\u0131rm\u0131\u015ft\u0131r. 2013 y\u0131l\u0131nda TUB\u0130TAK TEYDEB deste\u011fi ile otoklav i\u00e7in ilk ar-ge deste\u011fi ve sonras\u0131nda da Kompozit Otoklav f\u0131r\u0131n\u0131m\u0131z teknolojik \u00fcr\u00fcn belgesi al\u0131nm\u0131\u015ft\u0131r.<\/p>\n<p>K\u0131sa vadeli hedeflerimiz aras\u0131nda \u00fcretti\u011fimiz end\u00fcstriyel f\u0131r\u0131nlarda mikro bazl\u0131 ekipmanlar\u0131n verim art\u0131\u015f\u0131n\u0131 hedefliyoruz. Uzun vadede ise daha sistemsel ve makro bazl\u0131 yenilikleri i\u00e7eren verim art\u0131\u015f\u0131 hedefli patent ve faydal\u0131 model ba\u015fvurular\u0131m\u0131z olacakt\u0131r. Ar-Ge yat\u0131r\u0131mlar\u0131m\u0131z\u0131 artt\u0131rarak teknoloji ve inovasyonda T\u00fcrkiye\u2019yi global arenada ba\u015far\u0131yla temsil etmenin s\u00fcreklili\u011fini hedeflemekteyiz.[\/vc_column_text][\/vc_column][\/vc_row]<\/p>\n<\/div>","protected":false},"excerpt":{"rendered":"<p>[vc_row content_placement=&#8221;middle&#8221;][vc_column][vc_single_image image=&#8221;2170&#8243; img_size=&#8221;full&#8221;][\/vc_column][\/vc_row][vc_row][vc_column][vc_column_text]Sistem Teknik Ar-Ge Merkezi T\u00fcrkiye\u2019nin 309. Ar-Ge [&hellip;]<\/p>\n","protected":false},"author":1,"featured_media":0,"parent":0,"menu_order":106,"comment_status":"closed","ping_status":"closed","template":"","meta":{"footnotes":""},"acf":[],"yoast_head":"<!-- This site is optimized with the Yoast SEO plugin v21.8.1 - https:\/\/yoast.com\/wordpress\/plugins\/seo\/ -->\n<title>Ar-Ge Merkezi | Sistem Teknik<\/title>\n<meta name=\"description\" content=\"Sistem Teknik Ar-Ge merkezi hakk\u0131nda bilgi almak i\u00e7in t\u0131klay\u0131n!\" \/>\n<meta name=\"robots\" content=\"index, follow, max-snippet:-1, max-image-preview:large, max-video-preview:-1\" \/>\n<link rel=\"canonical\" href=\"https:\/\/www.sistemteknik.com\/ferrous\/ar-ge\/\" \/>\n<meta property=\"og:locale\" content=\"tr_TR\" \/>\n<meta property=\"og:type\" content=\"article\" \/>\n<meta property=\"og:title\" content=\"Ar-Ge Merkezi | Sistem Teknik\" \/>\n<meta property=\"og:description\" content=\"Sistem Teknik Ar-Ge merkezi hakk\u0131nda bilgi almak i\u00e7in t\u0131klay\u0131n!\" \/>\n<meta property=\"og:url\" content=\"https:\/\/www.sistemteknik.com\/ferrous\/ar-ge\/\" \/>\n<meta property=\"og:site_name\" content=\"Sistem Teknik Sanayi F\u0131r\u0131nlar\u0131 A.\u015e.\" \/>\n<meta property=\"article:publisher\" content=\"https:\/\/www.facebook.com\/sistemteknikindustrialfurnace\" \/>\n<meta property=\"article:modified_time\" content=\"2022-08-16T10:24:47+00:00\" \/>\n<meta property=\"og:image\" content=\"https:\/\/www.sistemteknik.com\/ferrous\/wp-content\/uploads\/2022\/08\/logo2x-1.png\" \/>\n\t<meta property=\"og:image:width\" content=\"200\" \/>\n\t<meta property=\"og:image:height\" content=\"140\" \/>\n\t<meta property=\"og:image:type\" content=\"image\/png\" \/>\n<meta name=\"twitter:card\" content=\"summary_large_image\" \/>\n<meta name=\"twitter:label1\" content=\"Tahmini okuma s\u00fcresi\" \/>\n\t<meta name=\"twitter:data1\" content=\"3 dakika\" \/>\n<script type=\"application\/ld+json\" class=\"yoast-schema-graph\">{\"@context\":\"https:\/\/schema.org\",\"@graph\":[{\"@type\":\"WebPage\",\"@id\":\"https:\/\/www.sistemteknik.com\/ferrous\/ar-ge\/\",\"url\":\"https:\/\/www.sistemteknik.com\/ferrous\/ar-ge\/\",\"name\":\"Ar-Ge Merkezi | Sistem Teknik\",\"isPartOf\":{\"@id\":\"https:\/\/www.sistemteknik.com\/ferrous\/#website\"},\"datePublished\":\"2020-06-04T15:58:17+00:00\",\"dateModified\":\"2022-08-16T10:24:47+00:00\",\"description\":\"Sistem Teknik Ar-Ge merkezi hakk\u0131nda bilgi almak i\u00e7in t\u0131klay\u0131n!\",\"breadcrumb\":{\"@id\":\"https:\/\/www.sistemteknik.com\/ferrous\/ar-ge\/#breadcrumb\"},\"inLanguage\":\"tr\",\"potentialAction\":[{\"@type\":\"ReadAction\",\"target\":[\"https:\/\/www.sistemteknik.com\/ferrous\/ar-ge\/\"]}]},{\"@type\":\"BreadcrumbList\",\"@id\":\"https:\/\/www.sistemteknik.com\/ferrous\/ar-ge\/#breadcrumb\",\"itemListElement\":[{\"@type\":\"ListItem\",\"position\":1,\"name\":\"Ana sayfa\",\"item\":\"https:\/\/www.sistemteknik.com\/ferrous\/\"},{\"@type\":\"ListItem\",\"position\":2,\"name\":\"AR-GE Merkezimiz\"}]},{\"@type\":\"WebSite\",\"@id\":\"https:\/\/www.sistemteknik.com\/ferrous\/#website\",\"url\":\"https:\/\/www.sistemteknik.com\/ferrous\/\",\"name\":\"Sistem Teknik Sanayi F\u0131r\u0131nlar\u0131 A.\u015e.\",\"description\":\"\",\"publisher\":{\"@id\":\"https:\/\/www.sistemteknik.com\/ferrous\/#organization\"},\"potentialAction\":[{\"@type\":\"SearchAction\",\"target\":{\"@type\":\"EntryPoint\",\"urlTemplate\":\"https:\/\/www.sistemteknik.com\/ferrous\/?s={search_term_string}\"},\"query-input\":\"required name=search_term_string\"}],\"inLanguage\":\"tr\"},{\"@type\":\"Organization\",\"@id\":\"https:\/\/www.sistemteknik.com\/ferrous\/#organization\",\"name\":\"Sistem Teknik Sanayi F\u0131r\u0131nlar\u0131 A.\u015e.\",\"url\":\"https:\/\/www.sistemteknik.com\/ferrous\/\",\"logo\":{\"@type\":\"ImageObject\",\"inLanguage\":\"tr\",\"@id\":\"https:\/\/www.sistemteknik.com\/ferrous\/#\/schema\/logo\/image\/\",\"url\":\"https:\/\/www.sistemteknik.com\/ferrous\/wp-content\/uploads\/2022\/08\/logo2x-1.png\",\"contentUrl\":\"https:\/\/www.sistemteknik.com\/ferrous\/wp-content\/uploads\/2022\/08\/logo2x-1.png\",\"width\":200,\"height\":140,\"caption\":\"Sistem Teknik Sanayi F\u0131r\u0131nlar\u0131 A.\u015e.\"},\"image\":{\"@id\":\"https:\/\/www.sistemteknik.com\/ferrous\/#\/schema\/logo\/image\/\"},\"sameAs\":[\"https:\/\/www.facebook.com\/sistemteknikindustrialfurnace\",\"https:\/\/www.linkedin.com\/company\/sistem-teknik-industrial-furnaces\/\",\"https:\/\/www.instagram.com\/sistemteknikas\/\"]}]}<\/script>\n<!-- \/ Yoast SEO plugin. -->","yoast_head_json":{"title":"Ar-Ge Merkezi | Sistem Teknik","description":"Sistem Teknik Ar-Ge merkezi hakk\u0131nda bilgi almak i\u00e7in t\u0131klay\u0131n!","robots":{"index":"index","follow":"follow","max-snippet":"max-snippet:-1","max-image-preview":"max-image-preview:large","max-video-preview":"max-video-preview:-1"},"canonical":"https:\/\/www.sistemteknik.com\/ferrous\/ar-ge\/","og_locale":"tr_TR","og_type":"article","og_title":"Ar-Ge Merkezi | Sistem Teknik","og_description":"Sistem Teknik Ar-Ge merkezi hakk\u0131nda bilgi almak i\u00e7in t\u0131klay\u0131n!","og_url":"https:\/\/www.sistemteknik.com\/ferrous\/ar-ge\/","og_site_name":"Sistem Teknik Sanayi F\u0131r\u0131nlar\u0131 A.\u015e.","article_publisher":"https:\/\/www.facebook.com\/sistemteknikindustrialfurnace","article_modified_time":"2022-08-16T10:24:47+00:00","og_image":[{"width":200,"height":140,"url":"https:\/\/www.sistemteknik.com\/ferrous\/wp-content\/uploads\/2022\/08\/logo2x-1.png","type":"image\/png"}],"twitter_card":"summary_large_image","twitter_misc":{"Tahmini okuma s\u00fcresi":"3 dakika"},"schema":{"@context":"https:\/\/schema.org","@graph":[{"@type":"WebPage","@id":"https:\/\/www.sistemteknik.com\/ferrous\/ar-ge\/","url":"https:\/\/www.sistemteknik.com\/ferrous\/ar-ge\/","name":"Ar-Ge Merkezi | Sistem Teknik","isPartOf":{"@id":"https:\/\/www.sistemteknik.com\/ferrous\/#website"},"datePublished":"2020-06-04T15:58:17+00:00","dateModified":"2022-08-16T10:24:47+00:00","description":"Sistem Teknik Ar-Ge merkezi hakk\u0131nda bilgi almak i\u00e7in t\u0131klay\u0131n!","breadcrumb":{"@id":"https:\/\/www.sistemteknik.com\/ferrous\/ar-ge\/#breadcrumb"},"inLanguage":"tr","potentialAction":[{"@type":"ReadAction","target":["https:\/\/www.sistemteknik.com\/ferrous\/ar-ge\/"]}]},{"@type":"BreadcrumbList","@id":"https:\/\/www.sistemteknik.com\/ferrous\/ar-ge\/#breadcrumb","itemListElement":[{"@type":"ListItem","position":1,"name":"Ana sayfa","item":"https:\/\/www.sistemteknik.com\/ferrous\/"},{"@type":"ListItem","position":2,"name":"AR-GE Merkezimiz"}]},{"@type":"WebSite","@id":"https:\/\/www.sistemteknik.com\/ferrous\/#website","url":"https:\/\/www.sistemteknik.com\/ferrous\/","name":"Sistem Teknik Sanayi F\u0131r\u0131nlar\u0131 A.\u015e.","description":"","publisher":{"@id":"https:\/\/www.sistemteknik.com\/ferrous\/#organization"},"potentialAction":[{"@type":"SearchAction","target":{"@type":"EntryPoint","urlTemplate":"https:\/\/www.sistemteknik.com\/ferrous\/?s={search_term_string}"},"query-input":"required name=search_term_string"}],"inLanguage":"tr"},{"@type":"Organization","@id":"https:\/\/www.sistemteknik.com\/ferrous\/#organization","name":"Sistem Teknik Sanayi F\u0131r\u0131nlar\u0131 A.\u015e.","url":"https:\/\/www.sistemteknik.com\/ferrous\/","logo":{"@type":"ImageObject","inLanguage":"tr","@id":"https:\/\/www.sistemteknik.com\/ferrous\/#\/schema\/logo\/image\/","url":"https:\/\/www.sistemteknik.com\/ferrous\/wp-content\/uploads\/2022\/08\/logo2x-1.png","contentUrl":"https:\/\/www.sistemteknik.com\/ferrous\/wp-content\/uploads\/2022\/08\/logo2x-1.png","width":200,"height":140,"caption":"Sistem Teknik Sanayi F\u0131r\u0131nlar\u0131 A.\u015e."},"image":{"@id":"https:\/\/www.sistemteknik.com\/ferrous\/#\/schema\/logo\/image\/"},"sameAs":["https:\/\/www.facebook.com\/sistemteknikindustrialfurnace","https:\/\/www.linkedin.com\/company\/sistem-teknik-industrial-furnaces\/","https:\/\/www.instagram.com\/sistemteknikas\/"]}]}},"_links":{"self":[{"href":"https:\/\/www.sistemteknik.com\/ferrous\/wp-json\/wp\/v2\/pages\/1965"}],"collection":[{"href":"https:\/\/www.sistemteknik.com\/ferrous\/wp-json\/wp\/v2\/pages"}],"about":[{"href":"https:\/\/www.sistemteknik.com\/ferrous\/wp-json\/wp\/v2\/types\/page"}],"author":[{"embeddable":true,"href":"https:\/\/www.sistemteknik.com\/ferrous\/wp-json\/wp\/v2\/users\/1"}],"replies":[{"embeddable":true,"href":"https:\/\/www.sistemteknik.com\/ferrous\/wp-json\/wp\/v2\/comments?post=1965"}],"version-history":[{"count":0,"href":"https:\/\/www.sistemteknik.com\/ferrous\/wp-json\/wp\/v2\/pages\/1965\/revisions"}],"wp:attachment":[{"href":"https:\/\/www.sistemteknik.com\/ferrous\/wp-json\/wp\/v2\/media?parent=1965"}],"curies":[{"name":"wp","href":"https:\/\/api.w.org\/{rel}","templated":true}]}}