{"id":1928,"date":"2020-06-03T18:47:37","date_gmt":"2020-06-03T15:47:37","guid":{"rendered":"https:\/\/www.sistemteknik.com\/ferrous\/?page_id=1928"},"modified":"2021-04-02T18:16:57","modified_gmt":"2021-04-02T15:16:57","slug":"videolar","status":"publish","type":"page","link":"https:\/\/www.sistemteknik.com\/ferrous\/videolar\/","title":{"rendered":"Videolar"},"content":{"rendered":"<div class=\"wpb-content-wrapper\"><p>[vc_row gap=&#8221;30&#8243; equal_height=&#8221;yes&#8221; el_class=&#8221;c-video-list&#8221;][vc_column width=&#8221;1\/3&#8243;]\n<div class=\"o-youtube-embed\" data-url=\"https:\/\/www.youtube.com\/watch?v=x9McA-h1PLc\" data-prefetch=\"0\" data-mute=\"0\" data-show-cover-on-pause=\"1\">\n    <div class=\"o-youtube-embed__video\">\n        <div class=\"c-play o-youtube-embed__play\"><\/div>\n        <div class=\"o-youtube-embed__iframe\"><\/div>\n    <\/div>\n            <div class=\"o-youtube-embed__caption\">\n                            <span class=\"o-youtube-embed__title\">\n                S\u00fcper Ala\u015f\u0131ml\u0131 \u00c7eliklerin Is\u0131l \u0130\u015flemi \u0130\u00e7in \u00d6zel Tasarlad\u0131\u011f\u0131m\u0131z Tesis            <\/span>\n                    <\/div>\n    <\/div>[\/vc_column][vc_column width=&#8221;1\/3&#8243;]\n<div class=\"o-youtube-embed\" data-url=\"https:\/\/www.youtube.com\/watch?v=zw6BiUXHgeY\" data-prefetch=\"0\" data-mute=\"0\" data-show-cover-on-pause=\"1\">\n    <div class=\"o-youtube-embed__video\">\n        <div class=\"c-play o-youtube-embed__play\"><\/div>\n        <div class=\"o-youtube-embed__iframe\"><\/div>\n    <\/div>\n            <div class=\"o-youtube-embed__caption\">\n                            <span class=\"o-youtube-embed__title\">\n                M\u00fchimmat Ay\u0131rma ve Ay\u0131klama Tesisi            <\/span>\n                    <\/div>\n    <\/div>[\/vc_column][vc_column width=&#8221;1\/3&#8243;]\n<div class=\"o-youtube-embed\" data-url=\"https:\/\/www.youtube.com\/watch?v=QhMOAlm13M0\" data-prefetch=\"0\" data-mute=\"0\" data-show-cover-on-pause=\"1\">\n    <div class=\"o-youtube-embed__video\">\n        <div class=\"c-play o-youtube-embed__play\"><\/div>\n        <div class=\"o-youtube-embed__iframe\"><\/div>\n    <\/div>\n            <div class=\"o-youtube-embed__caption\">\n                            <span class=\"o-youtube-embed__title\">\n                Boji Ocak Tipi Tav F\u0131r\u0131n\u0131- Sistem Teknik Sanayi F\u0131r\u0131nlar\u0131 A.\u015e            <\/span>\n                    <\/div>\n    <\/div>[\/vc_column][vc_column width=&#8221;1\/3&#8243;]\n<div class=\"o-youtube-embed\" data-url=\"https:\/\/www.youtube.com\/watch?v=H1axx1razEo\" data-prefetch=\"0\" data-mute=\"0\" data-show-cover-on-pause=\"1\">\n    <div class=\"o-youtube-embed__video\">\n        <div class=\"c-play o-youtube-embed__play\"><\/div>\n        <div class=\"o-youtube-embed__iframe\"><\/div>\n    <\/div>\n            <div class=\"o-youtube-embed__caption\">\n                            <span class=\"o-youtube-embed__title\">\n                Otoklav F\u0131r\u0131nlar\u0131 - Sistem Teknik Sanayi F\u0131r\u0131nlar\u0131 A.\u015e.            <\/span>\n                    <\/div>\n    <\/div>[\/vc_column][vc_column width=&#8221;1\/3&#8243;]\n<div class=\"o-youtube-embed\" data-url=\"https:\/\/www.youtube.com\/watch?v=MyGDPWCkvtg\" data-prefetch=\"0\" data-mute=\"0\" data-show-cover-on-pause=\"1\">\n    <div class=\"o-youtube-embed__video\">\n        <div class=\"c-play o-youtube-embed__play\"><\/div>\n        <div class=\"o-youtube-embed__iframe\"><\/div>\n    <\/div>\n            <div class=\"o-youtube-embed__caption\">\n                            <span class=\"o-youtube-embed__title\">\n                LPG T\u00fcp Tav F\u0131r\u0131nlar\u0131 - Sistem Teknik Sanayi F\u0131r\u0131nlar\u0131 A.\u015e            <\/span>\n                    <\/div>\n    <\/div>[\/vc_column][\/vc_row][vc_row gap=&#8221;30&#8243; equal_height=&#8221;yes&#8221; el_class=&#8221;c-video-list&#8221;][vc_column width=&#8221;1\/3&#8243;]\n<div class=\"o-youtube-embed\" data-url=\"https:\/\/www.youtube.com\/watch?v=s9T1WmImm08&amp;t=2s\" data-prefetch=\"0\" data-mute=\"0\" data-show-cover-on-pause=\"1\">\n    <div class=\"o-youtube-embed__video\">\n        <div class=\"c-play o-youtube-embed__play\"><\/div>\n        <div class=\"o-youtube-embed__iframe\"><\/div>\n    <\/div>\n            <div class=\"o-youtube-embed__caption\">\n                            <span class=\"o-youtube-embed__title\">\n                Sistem Teknik Sanayi F\u0131r\u0131nlar\u0131 A.\u015e. Genel Tan\u0131t\u0131m Videosu            <\/span>\n                    <\/div>\n    <\/div>[\/vc_column][vc_column width=&#8221;1\/3&#8243;]\n<div class=\"o-youtube-embed\" data-url=\"https:\/\/www.youtube.com\/watch?v=wq_LTfKQtdA\" data-prefetch=\"0\" data-mute=\"0\" data-show-cover-on-pause=\"1\">\n    <div class=\"o-youtube-embed__video\">\n        <div class=\"c-play o-youtube-embed__play\"><\/div>\n        <div class=\"o-youtube-embed__iframe\"><\/div>\n    <\/div>\n            <div class=\"o-youtube-embed__caption\">\n                            <span class=\"o-youtube-embed__title\">\n                LPG T\u00fcp Tavlama \/ Gerilim Giderme F\u0131r\u0131nlar\u0131            <\/span>\n                    <\/div>\n    <\/div>[\/vc_column][vc_column width=&#8221;1\/3&#8243;]\n<div class=\"o-youtube-embed\" data-url=\"https:\/\/www.youtube.com\/watch?v=dK8lMhrRjgE\" data-prefetch=\"0\" data-mute=\"0\" data-show-cover-on-pause=\"1\">\n    <div class=\"o-youtube-embed__video\">\n        <div class=\"c-play o-youtube-embed__play\"><\/div>\n        <div class=\"o-youtube-embed__iframe\"><\/div>\n    <\/div>\n            <div class=\"o-youtube-embed__caption\">\n                            <span class=\"o-youtube-embed__title\">\n                Yaprak Yay ve Denge \u00c7ubu\u011fu Is\u0131l \u0130\u015flem Tesisleri - Sistem Teknik Sanayi F\u0131r\u0131nlar\u0131 A.\u015e.            <\/span>\n                    <\/div>\n    <\/div>[\/vc_column][vc_column width=&#8221;1\/3&#8243;]\n<div class=\"o-youtube-embed\" data-url=\"https:\/\/www.youtube.com\/watch?v=7qnmqq-Ri1M\" data-prefetch=\"0\" data-mute=\"0\" data-show-cover-on-pause=\"1\">\n    <div class=\"o-youtube-embed__video\">\n        <div class=\"c-play o-youtube-embed__play\"><\/div>\n        <div class=\"o-youtube-embed__iframe\"><\/div>\n    <\/div>\n            <div class=\"o-youtube-embed__caption\">\n                            <span class=\"o-youtube-embed__title\">\n                Vakum F\u0131r\u0131nlar\u0131 - Sistem Teknik Sanayi F\u0131r\u0131nlar\u0131 A.\u015e.            <\/span>\n                    <\/div>\n    <\/div>[\/vc_column][vc_column width=&#8221;1\/3&#8243;]\n<div class=\"o-youtube-embed\" data-url=\"https:\/\/www.youtube.com\/watch?v=kt59qCrI4-M\" data-prefetch=\"0\" data-mute=\"0\" data-show-cover-on-pause=\"1\">\n    <div class=\"o-youtube-embed__video\">\n        <div class=\"c-play o-youtube-embed__play\"><\/div>\n        <div class=\"o-youtube-embed__iframe\"><\/div>\n    <\/div>\n            <div class=\"o-youtube-embed__caption\">\n                            <span class=\"o-youtube-embed__title\">\n                T\u00fcp Tav Tesisleri - Sistem Teknik Sanayi F\u0131r\u0131nlar\u0131 A.\u015e.            <\/span>\n                    <\/div>\n    <\/div>[\/vc_column][vc_column width=&#8221;1\/3&#8243;]\n<div class=\"o-youtube-embed\" data-url=\"https:\/\/www.youtube.com\/watch?v=jBXgbUBkdsg\" data-prefetch=\"0\" data-mute=\"0\" data-show-cover-on-pause=\"1\">\n    <div class=\"o-youtube-embed__video\">\n        <div class=\"c-play o-youtube-embed__play\"><\/div>\n        <div class=\"o-youtube-embed__iframe\"><\/div>\n    <\/div>\n            <div class=\"o-youtube-embed__caption\">\n                            <span class=\"o-youtube-embed__title\">\n                Kuyu Tipi ve \u00c7an Tipi F\u0131r\u0131nlar - Sistem Teknik Sanayi F\u0131r\u0131nlar\u0131 A.\u015e.            <\/span>\n                    <\/div>\n    <\/div>[\/vc_column][\/vc_row][vc_row gap=&#8221;30&#8243; equal_height=&#8221;yes&#8221; el_class=&#8221;c-video-list&#8221;][vc_column width=&#8221;1\/3&#8243;]\n<div class=\"o-youtube-embed\" data-url=\"https:\/\/www.youtube.com\/watch?v=EUSPhPS2550\" data-prefetch=\"0\" data-mute=\"0\" data-show-cover-on-pause=\"1\">\n    <div class=\"o-youtube-embed__video\" style=\"background-image: url(https:\/\/www.sistemteknik.com\/ferrous\/wp-content\/uploads\/2020\/05\/banner-1-1200x444.jpg);\">\n        <div class=\"c-play o-youtube-embed__play\"><\/div>\n        <div class=\"o-youtube-embed__iframe\"><\/div>\n    <\/div>\n            <div class=\"o-youtube-embed__caption\">\n                            <span class=\"o-youtube-embed__title\">\n                Y\u00fcr\u00fcyen Kiri\u015f F\u0131r\u0131n\u0131            <\/span>\n                    <\/div>\n    <\/div>[\/vc_column][vc_column width=&#8221;1\/3&#8243;]\n<div class=\"o-youtube-embed\" data-url=\"https:\/\/www.youtube.com\/watch?v=_UaKx4s8F8Y\" data-prefetch=\"0\" data-mute=\"0\" data-show-cover-on-pause=\"1\">\n    <div class=\"o-youtube-embed__video\">\n        <div class=\"c-play o-youtube-embed__play\"><\/div>\n        <div class=\"o-youtube-embed__iframe\"><\/div>\n    <\/div>\n            <div class=\"o-youtube-embed__caption\">\n                            <span class=\"o-youtube-embed__title\">\n                Otoklav ve Kurutma F\u0131r\u0131nlar\u0131 - Sistem Teknik Sanayi F\u0131r\u0131nlar\u0131 A.\u015e.            <\/span>\n                    <\/div>\n    <\/div>[\/vc_column][vc_column width=&#8221;1\/3&#8243;]\n<div class=\"o-youtube-embed\" data-url=\"https:\/\/www.youtube.com\/watch?v=cbfbRGP15eE\" data-prefetch=\"0\" data-mute=\"0\" data-show-cover-on-pause=\"1\">\n    <div class=\"o-youtube-embed__video\">\n        <div class=\"c-play o-youtube-embed__play\"><\/div>\n        <div class=\"o-youtube-embed__iframe\"><\/div>\n    <\/div>\n            <div class=\"o-youtube-embed__caption\">\n                            <span class=\"o-youtube-embed__title\">\n                Gaz Sementasyon F\u0131r\u0131nlar\u0131 - Sistem Teknik Sanayi F\u0131r\u0131nlar\u0131 A.\u015e.            <\/span>\n                    <\/div>\n    <\/div>[\/vc_column][vc_column width=&#8221;1\/3&#8243;]\n<div class=\"o-youtube-embed\" data-url=\"https:\/\/www.youtube.com\/watch?v=RdCeWiCwj9M\" data-prefetch=\"0\" data-mute=\"0\" data-show-cover-on-pause=\"1\">\n    <div class=\"o-youtube-embed__video\">\n        <div class=\"c-play o-youtube-embed__play\"><\/div>\n        <div class=\"o-youtube-embed__iframe\"><\/div>\n    <\/div>\n            <div class=\"o-youtube-embed__caption\">\n                            <span class=\"o-youtube-embed__title\">\n                D\u00f6vme Is\u0131l \u0130\u015flemi \u0130\u00e7in F\u0131r\u0131nlar - Sistem Teknik Sanayi F\u0131r\u0131nlar\u0131 A.\u015e.            <\/span>\n                    <\/div>\n    <\/div>[\/vc_column][vc_column width=&#8221;1\/3&#8243;]\n<div class=\"o-youtube-embed\" data-url=\"https:\/\/www.youtube.com\/watch?v=79S_fmGkWzc\" data-prefetch=\"0\" data-mute=\"0\" data-show-cover-on-pause=\"1\">\n    <div class=\"o-youtube-embed__video\">\n        <div class=\"c-play o-youtube-embed__play\"><\/div>\n        <div class=\"o-youtube-embed__iframe\"><\/div>\n    <\/div>\n            <div class=\"o-youtube-embed__caption\">\n                            <span class=\"o-youtube-embed__title\">\n                C\u0131vata Tav Tesisleri - Sistem Teknik Sanayi F\u0131r\u0131nlar\u0131 A.\u015e.            <\/span>\n                    <\/div>\n    <\/div>[\/vc_column][vc_column width=&#8221;1\/3&#8243;]\n<div class=\"o-youtube-embed\" data-url=\"https:\/\/www.youtube.com\/watch?v=JhODadY4L_Q\" data-prefetch=\"0\" data-mute=\"0\" data-show-cover-on-pause=\"1\">\n    <div class=\"o-youtube-embed__video\">\n        <div class=\"c-play o-youtube-embed__play\"><\/div>\n        <div class=\"o-youtube-embed__iframe\"><\/div>\n    <\/div>\n            <div class=\"o-youtube-embed__caption\">\n                            <span class=\"o-youtube-embed__title\">\n                Kuyu Tipi ve \u00c7an Tipi F\u0131r\u0131nlar - Sistem Teknik Sanayi F\u0131r\u0131nlar\u0131 A.\u015e.            <\/span>\n                    <\/div>\n    <\/div>[\/vc_column][\/vc_row][vc_row gap=&#8221;30&#8243; equal_height=&#8221;yes&#8221; el_class=&#8221;c-video-list&#8221;][vc_column width=&#8221;1\/3&#8243;]\n<div class=\"o-youtube-embed\" data-url=\"https:\/\/www.youtube.com\/watch?v=uD-eOPvuvmI\" data-prefetch=\"0\" data-mute=\"0\" data-show-cover-on-pause=\"1\">\n    <div class=\"o-youtube-embed__video\">\n        <div class=\"c-play o-youtube-embed__play\"><\/div>\n        <div class=\"o-youtube-embed__iframe\"><\/div>\n    <\/div>\n            <div class=\"o-youtube-embed__caption\">\n                            <span class=\"o-youtube-embed__title\">\n                Yaprak Yaylar ve Stabilizat\u00f6r \u00c7ubu\u011fu \u0130\u00e7in Is\u0131l \u0130\u015flem Hatlar\u0131            <\/span>\n                    <\/div>\n    <\/div>[\/vc_column][vc_column width=&#8221;1\/3&#8243;]\n<div class=\"o-youtube-embed\" data-url=\"https:\/\/www.youtube.com\/watch?v=MkT_pivFmE4\" data-prefetch=\"0\" data-mute=\"0\" data-show-cover-on-pause=\"1\">\n    <div class=\"o-youtube-embed__video\">\n        <div class=\"c-play o-youtube-embed__play\"><\/div>\n        <div class=\"o-youtube-embed__iframe\"><\/div>\n    <\/div>\n            <div class=\"o-youtube-embed__caption\">\n                            <span class=\"o-youtube-embed__title\">\n                Vakum F\u0131r\u0131nlar\u0131 - Sistem Teknik Sanayi F\u0131r\u0131nlar\u0131 A.\u015e.            <\/span>\n                    <\/div>\n    <\/div>[\/vc_column][vc_column width=&#8221;1\/3&#8243;]\n<div class=\"o-youtube-embed\" data-url=\"https:\/\/www.youtube.com\/watch?v=FslErDwaTJg\" data-prefetch=\"0\" data-mute=\"0\" data-show-cover-on-pause=\"1\">\n    <div class=\"o-youtube-embed__video\">\n        <div class=\"c-play o-youtube-embed__play\"><\/div>\n        <div class=\"o-youtube-embed__iframe\"><\/div>\n    <\/div>\n            <div class=\"o-youtube-embed__caption\">\n                            <span class=\"o-youtube-embed__title\">\n                Ba\u011flant\u0131 Elemanlar\u0131 \u0130\u00e7in Is\u0131l \u0130\u015flem Hatlar\u0131 - Sistem Teknik Sanayi F\u0131r\u0131nlar\u0131            <\/span>\n                    <\/div>\n    <\/div>[\/vc_column][vc_column width=&#8221;1\/3&#8243;]\n<div class=\"o-youtube-embed\" data-url=\"https:\/\/www.youtube.com\/watch?v=6RpsqsXPB9s\" data-prefetch=\"0\" data-mute=\"0\" data-show-cover-on-pause=\"1\">\n    <div class=\"o-youtube-embed__video\">\n        <div class=\"c-play o-youtube-embed__play\"><\/div>\n        <div class=\"o-youtube-embed__iframe\"><\/div>\n    <\/div>\n            <div class=\"o-youtube-embed__caption\">\n                            <span class=\"o-youtube-embed__title\">\n                D\u00f6vme End\u00fcstrisi i\u00e7in Is\u0131l \u0130\u015flem Hatlar\u0131 - Sistem Teknik Sanayi F\u0131r\u0131nlar\u0131 A.\u015e            <\/span>\n                    <\/div>\n    <\/div>[\/vc_column][vc_column width=&#8221;1\/3&#8243;]\n<div class=\"o-youtube-embed\" data-url=\"https:\/\/www.youtube.com\/watch?v=r332Sl8pxfI\" data-prefetch=\"0\" data-mute=\"0\" data-show-cover-on-pause=\"1\">\n    <div class=\"o-youtube-embed__video\">\n        <div class=\"c-play o-youtube-embed__play\"><\/div>\n        <div class=\"o-youtube-embed__iframe\"><\/div>\n    <\/div>\n            <div class=\"o-youtube-embed__caption\">\n                            <span class=\"o-youtube-embed__title\">\n                Gaz Karbonlama F\u0131r\u0131nlar\u0131 - Sistem Teknik Sanayi F\u0131r\u0131nlar\u0131 A.\u015e            <\/span>\n                    <\/div>\n    <\/div>[\/vc_column][vc_column width=&#8221;1\/3&#8243;][\/vc_column][\/vc_row]<\/p>\n<\/div>","protected":false},"excerpt":{"rendered":"<p>[vc_row gap=&#8221;30&#8243; equal_height=&#8221;yes&#8221; el_class=&#8221;c-video-list&#8221;][vc_column width=&#8221;1\/3&#8243;][\/vc_column][vc_column width=&#8221;1\/3&#8243;][\/vc_column][vc_column width=&#8221;1\/3&#8243;][\/vc_column][vc_column width=&#8221;1\/3&#8243;][\/vc_column][vc_column width=&#8221;1\/3&#8243;][\/vc_column][\/vc_row][vc_row gap=&#8221;30&#8243; [&hellip;]<\/p>\n","protected":false},"author":1,"featured_media":0,"parent":0,"menu_order":102,"comment_status":"closed","ping_status":"closed","template":"","meta":{"footnotes":""},"acf":[],"yoast_head":"<!-- This site is optimized with the Yoast SEO plugin v21.8.1 - https:\/\/yoast.com\/wordpress\/plugins\/seo\/ -->\n<title>Videolar - Sistem Teknik Sanayi F\u0131r\u0131nlar\u0131 A.\u015e.<\/title>\n<meta name=\"robots\" content=\"index, follow, max-snippet:-1, max-image-preview:large, max-video-preview:-1\" \/>\n<link rel=\"canonical\" href=\"https:\/\/www.sistemteknik.com\/ferrous\/videolar\/\" \/>\n<meta property=\"og:locale\" content=\"tr_TR\" \/>\n<meta property=\"og:type\" content=\"article\" \/>\n<meta property=\"og:title\" content=\"Videolar - Sistem Teknik Sanayi F\u0131r\u0131nlar\u0131 A.\u015e.\" \/>\n<meta property=\"og:description\" content=\"[vc_row gap=&#8221;30&#8243; equal_height=&#8221;yes&#8221; el_class=&#8221;c-video-list&#8221;][vc_column width=&#8221;1\/3&#8243;][\/vc_column][vc_column width=&#8221;1\/3&#8243;][\/vc_column][vc_column width=&#8221;1\/3&#8243;][\/vc_column][vc_column width=&#8221;1\/3&#8243;][\/vc_column][vc_column width=&#8221;1\/3&#8243;][\/vc_column][\/vc_row][vc_row gap=&#8221;30&#8243; [&hellip;]\" \/>\n<meta property=\"og:url\" content=\"https:\/\/www.sistemteknik.com\/ferrous\/videolar\/\" \/>\n<meta property=\"og:site_name\" content=\"Sistem Teknik Sanayi F\u0131r\u0131nlar\u0131 A.\u015e.\" \/>\n<meta property=\"article:publisher\" content=\"https:\/\/www.facebook.com\/sistemteknikindustrialfurnace\" \/>\n<meta property=\"article:modified_time\" content=\"2021-04-02T15:16:57+00:00\" \/>\n<meta property=\"og:image\" content=\"https:\/\/www.sistemteknik.com\/ferrous\/wp-content\/uploads\/2022\/08\/logo2x-1.png\" \/>\n\t<meta property=\"og:image:width\" content=\"200\" \/>\n\t<meta property=\"og:image:height\" content=\"140\" \/>\n\t<meta property=\"og:image:type\" content=\"image\/png\" \/>\n<meta name=\"twitter:card\" content=\"summary_large_image\" \/>\n<meta name=\"twitter:label1\" content=\"Tahmini okuma s\u00fcresi\" \/>\n\t<meta name=\"twitter:data1\" content=\"4 dakika\" \/>\n<script type=\"application\/ld+json\" class=\"yoast-schema-graph\">{\"@context\":\"https:\/\/schema.org\",\"@graph\":[{\"@type\":\"WebPage\",\"@id\":\"https:\/\/www.sistemteknik.com\/ferrous\/videolar\/\",\"url\":\"https:\/\/www.sistemteknik.com\/ferrous\/videolar\/\",\"name\":\"Videolar - Sistem Teknik Sanayi F\u0131r\u0131nlar\u0131 A.\u015e.\",\"isPartOf\":{\"@id\":\"https:\/\/www.sistemteknik.com\/ferrous\/#website\"},\"datePublished\":\"2020-06-03T15:47:37+00:00\",\"dateModified\":\"2021-04-02T15:16:57+00:00\",\"breadcrumb\":{\"@id\":\"https:\/\/www.sistemteknik.com\/ferrous\/videolar\/#breadcrumb\"},\"inLanguage\":\"tr\",\"potentialAction\":[{\"@type\":\"ReadAction\",\"target\":[\"https:\/\/www.sistemteknik.com\/ferrous\/videolar\/\"]}]},{\"@type\":\"BreadcrumbList\",\"@id\":\"https:\/\/www.sistemteknik.com\/ferrous\/videolar\/#breadcrumb\",\"itemListElement\":[{\"@type\":\"ListItem\",\"position\":1,\"name\":\"Ana sayfa\",\"item\":\"https:\/\/www.sistemteknik.com\/ferrous\/\"},{\"@type\":\"ListItem\",\"position\":2,\"name\":\"Videolar\"}]},{\"@type\":\"WebSite\",\"@id\":\"https:\/\/www.sistemteknik.com\/ferrous\/#website\",\"url\":\"https:\/\/www.sistemteknik.com\/ferrous\/\",\"name\":\"Sistem Teknik Sanayi F\u0131r\u0131nlar\u0131 A.\u015e.\",\"description\":\"\",\"publisher\":{\"@id\":\"https:\/\/www.sistemteknik.com\/ferrous\/#organization\"},\"potentialAction\":[{\"@type\":\"SearchAction\",\"target\":{\"@type\":\"EntryPoint\",\"urlTemplate\":\"https:\/\/www.sistemteknik.com\/ferrous\/?s={search_term_string}\"},\"query-input\":\"required name=search_term_string\"}],\"inLanguage\":\"tr\"},{\"@type\":\"Organization\",\"@id\":\"https:\/\/www.sistemteknik.com\/ferrous\/#organization\",\"name\":\"Sistem Teknik Sanayi F\u0131r\u0131nlar\u0131 A.\u015e.\",\"url\":\"https:\/\/www.sistemteknik.com\/ferrous\/\",\"logo\":{\"@type\":\"ImageObject\",\"inLanguage\":\"tr\",\"@id\":\"https:\/\/www.sistemteknik.com\/ferrous\/#\/schema\/logo\/image\/\",\"url\":\"https:\/\/www.sistemteknik.com\/ferrous\/wp-content\/uploads\/2022\/08\/logo2x-1.png\",\"contentUrl\":\"https:\/\/www.sistemteknik.com\/ferrous\/wp-content\/uploads\/2022\/08\/logo2x-1.png\",\"width\":200,\"height\":140,\"caption\":\"Sistem Teknik Sanayi F\u0131r\u0131nlar\u0131 A.\u015e.\"},\"image\":{\"@id\":\"https:\/\/www.sistemteknik.com\/ferrous\/#\/schema\/logo\/image\/\"},\"sameAs\":[\"https:\/\/www.facebook.com\/sistemteknikindustrialfurnace\",\"https:\/\/www.linkedin.com\/company\/sistem-teknik-industrial-furnaces\/\",\"https:\/\/www.instagram.com\/sistemteknikas\/\"]}]}<\/script>\n<!-- \/ Yoast SEO plugin. -->","yoast_head_json":{"title":"Videolar - Sistem Teknik Sanayi F\u0131r\u0131nlar\u0131 A.\u015e.","robots":{"index":"index","follow":"follow","max-snippet":"max-snippet:-1","max-image-preview":"max-image-preview:large","max-video-preview":"max-video-preview:-1"},"canonical":"https:\/\/www.sistemteknik.com\/ferrous\/videolar\/","og_locale":"tr_TR","og_type":"article","og_title":"Videolar - Sistem Teknik Sanayi F\u0131r\u0131nlar\u0131 A.\u015e.","og_description":"[vc_row gap=&#8221;30&#8243; equal_height=&#8221;yes&#8221; el_class=&#8221;c-video-list&#8221;][vc_column width=&#8221;1\/3&#8243;][\/vc_column][vc_column width=&#8221;1\/3&#8243;][\/vc_column][vc_column width=&#8221;1\/3&#8243;][\/vc_column][vc_column width=&#8221;1\/3&#8243;][\/vc_column][vc_column width=&#8221;1\/3&#8243;][\/vc_column][\/vc_row][vc_row gap=&#8221;30&#8243; [&hellip;]","og_url":"https:\/\/www.sistemteknik.com\/ferrous\/videolar\/","og_site_name":"Sistem Teknik Sanayi F\u0131r\u0131nlar\u0131 A.\u015e.","article_publisher":"https:\/\/www.facebook.com\/sistemteknikindustrialfurnace","article_modified_time":"2021-04-02T15:16:57+00:00","og_image":[{"width":200,"height":140,"url":"https:\/\/www.sistemteknik.com\/ferrous\/wp-content\/uploads\/2022\/08\/logo2x-1.png","type":"image\/png"}],"twitter_card":"summary_large_image","twitter_misc":{"Tahmini okuma s\u00fcresi":"4 dakika"},"schema":{"@context":"https:\/\/schema.org","@graph":[{"@type":"WebPage","@id":"https:\/\/www.sistemteknik.com\/ferrous\/videolar\/","url":"https:\/\/www.sistemteknik.com\/ferrous\/videolar\/","name":"Videolar - Sistem Teknik Sanayi F\u0131r\u0131nlar\u0131 A.\u015e.","isPartOf":{"@id":"https:\/\/www.sistemteknik.com\/ferrous\/#website"},"datePublished":"2020-06-03T15:47:37+00:00","dateModified":"2021-04-02T15:16:57+00:00","breadcrumb":{"@id":"https:\/\/www.sistemteknik.com\/ferrous\/videolar\/#breadcrumb"},"inLanguage":"tr","potentialAction":[{"@type":"ReadAction","target":["https:\/\/www.sistemteknik.com\/ferrous\/videolar\/"]}]},{"@type":"BreadcrumbList","@id":"https:\/\/www.sistemteknik.com\/ferrous\/videolar\/#breadcrumb","itemListElement":[{"@type":"ListItem","position":1,"name":"Ana sayfa","item":"https:\/\/www.sistemteknik.com\/ferrous\/"},{"@type":"ListItem","position":2,"name":"Videolar"}]},{"@type":"WebSite","@id":"https:\/\/www.sistemteknik.com\/ferrous\/#website","url":"https:\/\/www.sistemteknik.com\/ferrous\/","name":"Sistem Teknik Sanayi F\u0131r\u0131nlar\u0131 A.\u015e.","description":"","publisher":{"@id":"https:\/\/www.sistemteknik.com\/ferrous\/#organization"},"potentialAction":[{"@type":"SearchAction","target":{"@type":"EntryPoint","urlTemplate":"https:\/\/www.sistemteknik.com\/ferrous\/?s={search_term_string}"},"query-input":"required name=search_term_string"}],"inLanguage":"tr"},{"@type":"Organization","@id":"https:\/\/www.sistemteknik.com\/ferrous\/#organization","name":"Sistem Teknik Sanayi F\u0131r\u0131nlar\u0131 A.\u015e.","url":"https:\/\/www.sistemteknik.com\/ferrous\/","logo":{"@type":"ImageObject","inLanguage":"tr","@id":"https:\/\/www.sistemteknik.com\/ferrous\/#\/schema\/logo\/image\/","url":"https:\/\/www.sistemteknik.com\/ferrous\/wp-content\/uploads\/2022\/08\/logo2x-1.png","contentUrl":"https:\/\/www.sistemteknik.com\/ferrous\/wp-content\/uploads\/2022\/08\/logo2x-1.png","width":200,"height":140,"caption":"Sistem Teknik Sanayi F\u0131r\u0131nlar\u0131 A.\u015e."},"image":{"@id":"https:\/\/www.sistemteknik.com\/ferrous\/#\/schema\/logo\/image\/"},"sameAs":["https:\/\/www.facebook.com\/sistemteknikindustrialfurnace","https:\/\/www.linkedin.com\/company\/sistem-teknik-industrial-furnaces\/","https:\/\/www.instagram.com\/sistemteknikas\/"]}]}},"_links":{"self":[{"href":"https:\/\/www.sistemteknik.com\/ferrous\/wp-json\/wp\/v2\/pages\/1928"}],"collection":[{"href":"https:\/\/www.sistemteknik.com\/ferrous\/wp-json\/wp\/v2\/pages"}],"about":[{"href":"https:\/\/www.sistemteknik.com\/ferrous\/wp-json\/wp\/v2\/types\/page"}],"author":[{"embeddable":true,"href":"https:\/\/www.sistemteknik.com\/ferrous\/wp-json\/wp\/v2\/users\/1"}],"replies":[{"embeddable":true,"href":"https:\/\/www.sistemteknik.com\/ferrous\/wp-json\/wp\/v2\/comments?post=1928"}],"version-history":[{"count":0,"href":"https:\/\/www.sistemteknik.com\/ferrous\/wp-json\/wp\/v2\/pages\/1928\/revisions"}],"wp:attachment":[{"href":"https:\/\/www.sistemteknik.com\/ferrous\/wp-json\/wp\/v2\/media?parent=1928"}],"curies":[{"name":"wp","href":"https:\/\/api.w.org\/{rel}","templated":true}]}}