{"id":1036,"date":"2019-09-10T10:21:12","date_gmt":"2019-09-10T07:21:12","guid":{"rendered":"https:\/\/www.sistemteknik.com\/ferrous\/?page_id=1036"},"modified":"2019-09-10T14:37:14","modified_gmt":"2019-09-10T11:37:14","slug":"maxon-honeywell-company","status":"publish","type":"page","link":"https:\/\/www.sistemteknik.com\/ferrous\/maxon-honeywell-company\/","title":{"rendered":"Sistem Teknik Otomotiv Yan Sanayi"},"content":{"rendered":"<div class=\"wpb-content-wrapper\"><p>[vc_row][vc_column][vc_row_inner equal_height=&#8221;yes&#8221; content_placement=&#8221;middle&#8221;][vc_column_inner width=&#8221;1\/2&#8243; offset=&#8221;vc_col-xs-6&#8243;][vc_single_image image=&#8221;1053&#8243; img_size=&#8221;full&#8221; css=&#8221;.vc_custom_1568114980047{margin-bottom: 0px !important;}&#8221;][\/vc_column_inner][vc_column_inner width=&#8221;1\/2&#8243; offset=&#8221;vc_col-xs-6&#8243;][vc_single_image image=&#8221;1060&#8243; img_size=&#8221;full&#8221; alignment=&#8221;right&#8221; css=&#8221;.vc_custom_1568114998939{margin-bottom: 0px !important;}&#8221;][\/vc_column_inner][\/vc_row_inner][vc_row_inner equal_height=&#8221;yes&#8221;][vc_column_inner width=&#8221;1\/2&#8243; css=&#8221;.vc_custom_1567770585671{padding-bottom: 0px !important;}&#8221;][vc_column_text]Honeywell Maxon, end\u00fcstriyel proses \u0131s\u0131tma uygulamalar\u0131na y\u00f6nelik \u00e7\u00f6z\u00fcmler \u00fcretmektedir.<\/p>\n<p><strong>Br\u00fcl\u00f6rler<\/strong><\/p>\n<ul>\n<li>Kanal tipi yak\u0131c\u0131lar<\/li>\n<li>Nozul tipi yak\u0131c\u0131lar<\/li>\n<li>Premix yak\u0131c\u0131lar<\/li>\n<li>Radyant tipi yak\u0131c\u0131lar<\/li>\n<li>Ya\u011f yak\u0131tl\u0131 yak\u0131c\u0131lar<\/li>\n<li>\u0130ki yak\u0131tl\u0131 oksijen br\u00fcl\u00f6rleri<\/li>\n<li>D\u00fc\u015f\u00fck NOx Br\u00fcl\u00f6rleri<\/li>\n<\/ul>\n<p>[\/vc_column_text][\/vc_column_inner][vc_column_inner width=&#8221;1\/2&#8243; css=&#8221;.vc_custom_1567770590504{padding-bottom: 0px !important;}&#8221;][vc_gallery type=&#8221;flexslider_slide&#8221; interval=&#8221;0&#8243; images=&#8221;1045,1039,1042,1048&#8243; img_size=&#8221;full&#8221; onclick=&#8221;&#8221;][\/vc_column_inner][\/vc_row_inner][\/vc_column][\/vc_row][vc_row][vc_column width=&#8221;1\/2&#8243;][vc_column_text]<strong>M\u00fc\u015fteriye \u00f6zel tasarlanan komple yakma sistemleri<\/strong><\/p>\n<p>(Br\u00fcl\u00f6r, gaz hatt\u0131, kontrol panosu ve cehennemlik)<\/p>\n<p><strong>Hava\/Gaz Oransal Kontrol Valfleri<\/strong><\/p>\n<p>Yak\u0131t ve yanma havas\u0131 oran ve debi kontrol\u00fc i\u00e7in basit ve g\u00fcvenilir \u00e7\u00f6z\u00fcmler mevcuttur.<\/p>\n<ul>\n<li>Mekanik Konrol valfleri<\/li>\n<li>Elektronik debi kontrol valfleri<\/li>\n<li>K\u00fctlesel debimetre (Mass Flowmetre)<\/li>\n<li>Elektronik k\u00fctlesel debi kontrol valfleri<\/li>\n<\/ul>\n<p>[\/vc_column_text][\/vc_column][vc_column width=&#8221;1\/2&#8243;][vc_column_text]<strong>Safety Shut-o\ufb00 Valfler<\/strong><\/p>\n<p>Y\u00fcksek g\u00fcvenlik standartlar\u0131na uygun emniyet vanalar\u0131<\/p>\n<ul>\n<li>Gaz vanalar\u0131<\/li>\n<li>Ya\u011f vanalar\u0131<\/li>\n<\/ul>\n<p><strong>Premix yanma ekipmanlar\u0131<\/strong><\/p>\n<ul>\n<li>Mikserler<\/li>\n<li>Hava\/gaz oransal kar\u0131\u015ft\u0131rma borular\u0131<\/li>\n<li>Vent\u00fcri t\u00fcpleri<\/li>\n<\/ul>\n<p>[\/vc_column_text][\/vc_column][\/vc_row][vc_row full_width=&#8221;stretch_row&#8221; css=&#8221;.vc_custom_1568115435674{border-top-width: 1px !important;border-top-color: #e1e1e1 !important;border-top-style: solid !important;}&#8221;][vc_column width=&#8221;1\/2&#8243;][vc_column_text]<strong>Maxon Honeywell \u00a0<\/strong><\/p>\n<p>Maxon Honeywell \u00a0internet sitesi\u00a0<a href=\"https:\/\/www.maxoncorp.com\/index.php\" target=\"_blank\" rel=\"noopener noreferrer\" data-saferedirecturl=\"https:\/\/www.google.com\/url?q=https:\/\/www.maxoncorp.com\/index.php&amp;source=gmail&amp;ust=1567594159798000&amp;usg=AFQjCNEIEHZudPuLVasox33R0HVphCAiqA\"><b>https:\/\/www.maxoncorp.com\/<wbr \/>index.php<\/b><\/a>[\/vc_column_text][\/vc_column][vc_column width=&#8221;1\/2&#8243;][vc_column_text]<strong>\u0130leti\u015fim i\u00e7in:<\/strong><\/p>\n<p><a href=\"mailto:honeywell@sistemteknik.com\" target=\"_blank\" rel=\"noopener noreferrer\">honeywell@sistemteknik.com<\/a>[\/vc_column_text][\/vc_column][\/vc_row]<\/p>\n<\/div>","protected":false},"excerpt":{"rendered":"<p>[vc_row][vc_column][vc_row_inner equal_height=&#8221;yes&#8221; content_placement=&#8221;middle&#8221;][vc_column_inner width=&#8221;1\/2&#8243; offset=&#8221;vc_col-xs-6&#8243;][vc_single_image image=&#8221;1053&#8243; img_size=&#8221;full&#8221; css=&#8221;.vc_custom_1568114980047{margin-bottom: 0px !important;}&#8221;][\/vc_column_inner][vc_column_inner [&hellip;]<\/p>\n","protected":false},"author":2,"featured_media":815,"parent":0,"menu_order":101,"comment_status":"closed","ping_status":"closed","template":"","meta":{"footnotes":""},"acf":[],"yoast_head":"<!-- This site is optimized with the Yoast SEO plugin v21.8.1 - https:\/\/yoast.com\/wordpress\/plugins\/seo\/ -->\n<title>Sistem Teknik Otomotiv Yan Sanayi - Sistem Teknik Sanayi F\u0131r\u0131nlar\u0131 A.\u015e.<\/title>\n<meta name=\"robots\" content=\"index, follow, max-snippet:-1, max-image-preview:large, max-video-preview:-1\" \/>\n<link rel=\"canonical\" href=\"https:\/\/www.sistemteknik.com\/ferrous\/maxon-honeywell-company\/\" \/>\n<meta property=\"og:locale\" content=\"tr_TR\" \/>\n<meta property=\"og:type\" content=\"article\" \/>\n<meta property=\"og:title\" content=\"Sistem Teknik Otomotiv Yan Sanayi - Sistem Teknik Sanayi F\u0131r\u0131nlar\u0131 A.\u015e.\" \/>\n<meta property=\"og:description\" content=\"[vc_row][vc_column][vc_row_inner equal_height=&#8221;yes&#8221; content_placement=&#8221;middle&#8221;][vc_column_inner width=&#8221;1\/2&#8243; offset=&#8221;vc_col-xs-6&#8243;][vc_single_image image=&#8221;1053&#8243; img_size=&#8221;full&#8221; css=&#8221;.vc_custom_1568114980047{margin-bottom: 0px !important;}&#8221;][\/vc_column_inner][vc_column_inner [&hellip;]\" \/>\n<meta property=\"og:url\" content=\"https:\/\/www.sistemteknik.com\/ferrous\/maxon-honeywell-company\/\" \/>\n<meta property=\"og:site_name\" content=\"Sistem Teknik Sanayi F\u0131r\u0131nlar\u0131 A.\u015e.\" \/>\n<meta property=\"article:publisher\" content=\"https:\/\/www.facebook.com\/sistemteknikindustrialfurnace\" \/>\n<meta property=\"article:modified_time\" content=\"2019-09-10T11:37:14+00:00\" \/>\n<meta property=\"og:image\" content=\"https:\/\/www.sistemteknik.com\/ferrous\/wp-content\/uploads\/2019\/07\/1-3.jpg\" \/>\n\t<meta property=\"og:image:width\" content=\"1500\" \/>\n\t<meta property=\"og:image:height\" content=\"1004\" \/>\n\t<meta property=\"og:image:type\" content=\"image\/jpeg\" \/>\n<meta name=\"twitter:card\" content=\"summary_large_image\" \/>\n<meta name=\"twitter:label1\" content=\"Tahmini okuma s\u00fcresi\" \/>\n\t<meta name=\"twitter:data1\" content=\"2 dakika\" \/>\n<script type=\"application\/ld+json\" class=\"yoast-schema-graph\">{\"@context\":\"https:\/\/schema.org\",\"@graph\":[{\"@type\":\"WebPage\",\"@id\":\"https:\/\/www.sistemteknik.com\/ferrous\/maxon-honeywell-company\/\",\"url\":\"https:\/\/www.sistemteknik.com\/ferrous\/maxon-honeywell-company\/\",\"name\":\"Sistem Teknik Otomotiv Yan Sanayi - Sistem Teknik Sanayi F\u0131r\u0131nlar\u0131 A.\u015e.\",\"isPartOf\":{\"@id\":\"https:\/\/www.sistemteknik.com\/ferrous\/#website\"},\"datePublished\":\"2019-09-10T07:21:12+00:00\",\"dateModified\":\"2019-09-10T11:37:14+00:00\",\"breadcrumb\":{\"@id\":\"https:\/\/www.sistemteknik.com\/ferrous\/maxon-honeywell-company\/#breadcrumb\"},\"inLanguage\":\"tr\",\"potentialAction\":[{\"@type\":\"ReadAction\",\"target\":[\"https:\/\/www.sistemteknik.com\/ferrous\/maxon-honeywell-company\/\"]}]},{\"@type\":\"BreadcrumbList\",\"@id\":\"https:\/\/www.sistemteknik.com\/ferrous\/maxon-honeywell-company\/#breadcrumb\",\"itemListElement\":[{\"@type\":\"ListItem\",\"position\":1,\"name\":\"Ana sayfa\",\"item\":\"https:\/\/www.sistemteknik.com\/ferrous\/\"},{\"@type\":\"ListItem\",\"position\":2,\"name\":\"Sistem Teknik Otomotiv Yan Sanayi\"}]},{\"@type\":\"WebSite\",\"@id\":\"https:\/\/www.sistemteknik.com\/ferrous\/#website\",\"url\":\"https:\/\/www.sistemteknik.com\/ferrous\/\",\"name\":\"Sistem Teknik Sanayi F\u0131r\u0131nlar\u0131 A.\u015e.\",\"description\":\"\",\"publisher\":{\"@id\":\"https:\/\/www.sistemteknik.com\/ferrous\/#organization\"},\"potentialAction\":[{\"@type\":\"SearchAction\",\"target\":{\"@type\":\"EntryPoint\",\"urlTemplate\":\"https:\/\/www.sistemteknik.com\/ferrous\/?s={search_term_string}\"},\"query-input\":\"required name=search_term_string\"}],\"inLanguage\":\"tr\"},{\"@type\":\"Organization\",\"@id\":\"https:\/\/www.sistemteknik.com\/ferrous\/#organization\",\"name\":\"Sistem Teknik Sanayi F\u0131r\u0131nlar\u0131 A.\u015e.\",\"url\":\"https:\/\/www.sistemteknik.com\/ferrous\/\",\"logo\":{\"@type\":\"ImageObject\",\"inLanguage\":\"tr\",\"@id\":\"https:\/\/www.sistemteknik.com\/ferrous\/#\/schema\/logo\/image\/\",\"url\":\"https:\/\/www.sistemteknik.com\/ferrous\/wp-content\/uploads\/2022\/08\/logo2x-1.png\",\"contentUrl\":\"https:\/\/www.sistemteknik.com\/ferrous\/wp-content\/uploads\/2022\/08\/logo2x-1.png\",\"width\":200,\"height\":140,\"caption\":\"Sistem Teknik Sanayi F\u0131r\u0131nlar\u0131 A.\u015e.\"},\"image\":{\"@id\":\"https:\/\/www.sistemteknik.com\/ferrous\/#\/schema\/logo\/image\/\"},\"sameAs\":[\"https:\/\/www.facebook.com\/sistemteknikindustrialfurnace\",\"https:\/\/www.linkedin.com\/company\/sistem-teknik-industrial-furnaces\/\",\"https:\/\/www.instagram.com\/sistemteknikas\/\"]}]}<\/script>\n<!-- \/ Yoast SEO plugin. -->","yoast_head_json":{"title":"Sistem Teknik Otomotiv Yan Sanayi - Sistem Teknik Sanayi F\u0131r\u0131nlar\u0131 A.\u015e.","robots":{"index":"index","follow":"follow","max-snippet":"max-snippet:-1","max-image-preview":"max-image-preview:large","max-video-preview":"max-video-preview:-1"},"canonical":"https:\/\/www.sistemteknik.com\/ferrous\/maxon-honeywell-company\/","og_locale":"tr_TR","og_type":"article","og_title":"Sistem Teknik Otomotiv Yan Sanayi - Sistem Teknik Sanayi F\u0131r\u0131nlar\u0131 A.\u015e.","og_description":"[vc_row][vc_column][vc_row_inner equal_height=&#8221;yes&#8221; content_placement=&#8221;middle&#8221;][vc_column_inner width=&#8221;1\/2&#8243; offset=&#8221;vc_col-xs-6&#8243;][vc_single_image image=&#8221;1053&#8243; img_size=&#8221;full&#8221; css=&#8221;.vc_custom_1568114980047{margin-bottom: 0px !important;}&#8221;][\/vc_column_inner][vc_column_inner [&hellip;]","og_url":"https:\/\/www.sistemteknik.com\/ferrous\/maxon-honeywell-company\/","og_site_name":"Sistem Teknik Sanayi F\u0131r\u0131nlar\u0131 A.\u015e.","article_publisher":"https:\/\/www.facebook.com\/sistemteknikindustrialfurnace","article_modified_time":"2019-09-10T11:37:14+00:00","og_image":[{"width":1500,"height":1004,"url":"https:\/\/www.sistemteknik.com\/ferrous\/wp-content\/uploads\/2019\/07\/1-3.jpg","type":"image\/jpeg"}],"twitter_card":"summary_large_image","twitter_misc":{"Tahmini okuma s\u00fcresi":"2 dakika"},"schema":{"@context":"https:\/\/schema.org","@graph":[{"@type":"WebPage","@id":"https:\/\/www.sistemteknik.com\/ferrous\/maxon-honeywell-company\/","url":"https:\/\/www.sistemteknik.com\/ferrous\/maxon-honeywell-company\/","name":"Sistem Teknik Otomotiv Yan Sanayi - Sistem Teknik Sanayi F\u0131r\u0131nlar\u0131 A.\u015e.","isPartOf":{"@id":"https:\/\/www.sistemteknik.com\/ferrous\/#website"},"datePublished":"2019-09-10T07:21:12+00:00","dateModified":"2019-09-10T11:37:14+00:00","breadcrumb":{"@id":"https:\/\/www.sistemteknik.com\/ferrous\/maxon-honeywell-company\/#breadcrumb"},"inLanguage":"tr","potentialAction":[{"@type":"ReadAction","target":["https:\/\/www.sistemteknik.com\/ferrous\/maxon-honeywell-company\/"]}]},{"@type":"BreadcrumbList","@id":"https:\/\/www.sistemteknik.com\/ferrous\/maxon-honeywell-company\/#breadcrumb","itemListElement":[{"@type":"ListItem","position":1,"name":"Ana sayfa","item":"https:\/\/www.sistemteknik.com\/ferrous\/"},{"@type":"ListItem","position":2,"name":"Sistem Teknik Otomotiv Yan Sanayi"}]},{"@type":"WebSite","@id":"https:\/\/www.sistemteknik.com\/ferrous\/#website","url":"https:\/\/www.sistemteknik.com\/ferrous\/","name":"Sistem Teknik Sanayi F\u0131r\u0131nlar\u0131 A.\u015e.","description":"","publisher":{"@id":"https:\/\/www.sistemteknik.com\/ferrous\/#organization"},"potentialAction":[{"@type":"SearchAction","target":{"@type":"EntryPoint","urlTemplate":"https:\/\/www.sistemteknik.com\/ferrous\/?s={search_term_string}"},"query-input":"required name=search_term_string"}],"inLanguage":"tr"},{"@type":"Organization","@id":"https:\/\/www.sistemteknik.com\/ferrous\/#organization","name":"Sistem Teknik Sanayi F\u0131r\u0131nlar\u0131 A.\u015e.","url":"https:\/\/www.sistemteknik.com\/ferrous\/","logo":{"@type":"ImageObject","inLanguage":"tr","@id":"https:\/\/www.sistemteknik.com\/ferrous\/#\/schema\/logo\/image\/","url":"https:\/\/www.sistemteknik.com\/ferrous\/wp-content\/uploads\/2022\/08\/logo2x-1.png","contentUrl":"https:\/\/www.sistemteknik.com\/ferrous\/wp-content\/uploads\/2022\/08\/logo2x-1.png","width":200,"height":140,"caption":"Sistem Teknik Sanayi F\u0131r\u0131nlar\u0131 A.\u015e."},"image":{"@id":"https:\/\/www.sistemteknik.com\/ferrous\/#\/schema\/logo\/image\/"},"sameAs":["https:\/\/www.facebook.com\/sistemteknikindustrialfurnace","https:\/\/www.linkedin.com\/company\/sistem-teknik-industrial-furnaces\/","https:\/\/www.instagram.com\/sistemteknikas\/"]}]}},"_links":{"self":[{"href":"https:\/\/www.sistemteknik.com\/ferrous\/wp-json\/wp\/v2\/pages\/1036"}],"collection":[{"href":"https:\/\/www.sistemteknik.com\/ferrous\/wp-json\/wp\/v2\/pages"}],"about":[{"href":"https:\/\/www.sistemteknik.com\/ferrous\/wp-json\/wp\/v2\/types\/page"}],"author":[{"embeddable":true,"href":"https:\/\/www.sistemteknik.com\/ferrous\/wp-json\/wp\/v2\/users\/2"}],"replies":[{"embeddable":true,"href":"https:\/\/www.sistemteknik.com\/ferrous\/wp-json\/wp\/v2\/comments?post=1036"}],"version-history":[{"count":0,"href":"https:\/\/www.sistemteknik.com\/ferrous\/wp-json\/wp\/v2\/pages\/1036\/revisions"}],"wp:featuredmedia":[{"embeddable":true,"href":"https:\/\/www.sistemteknik.com\/ferrous\/wp-json\/wp\/v2\/media\/815"}],"wp:attachment":[{"href":"https:\/\/www.sistemteknik.com\/ferrous\/wp-json\/wp\/v2\/media?parent=1036"}],"curies":[{"name":"wp","href":"https:\/\/api.w.org\/{rel}","templated":true}]}}