{"id":2210,"date":"2020-07-29T11:28:11","date_gmt":"2020-07-29T08:28:11","guid":{"rendered":"https:\/\/www.sistemteknik.com\/ferrous\/?page_id=2210"},"modified":"2024-01-04T10:22:21","modified_gmt":"2024-01-04T07:22:21","slug":"videos","status":"publish","type":"page","link":"https:\/\/www.sistemteknik.com\/ferrous\/en\/videos\/","title":{"rendered":"Videos"},"content":{"rendered":"<div class=\"wpb-content-wrapper\"><p>[vc_row gap=&#8221;30&#8243; equal_height=&#8221;yes&#8221; el_class=&#8221;c-video-list&#8221;][vc_column width=&#8221;1\/3&#8243;]\n<div class=\"o-youtube-embed\" data-url=\"https:\/\/www.youtube.com\/watch?v=x9McA-h1PLc\" data-prefetch=\"0\" data-mute=\"0\" data-show-cover-on-pause=\"1\">\n    <div class=\"o-youtube-embed__video\">\n        <div class=\"c-play o-youtube-embed__play\"><\/div>\n        <div class=\"o-youtube-embed__iframe\"><\/div>\n    <\/div>\n            <div class=\"o-youtube-embed__caption\">\n                            <span class=\"o-youtube-embed__title\">\n                Chamber Type Heat Treatment Furnace and Quenching \u0131n Salth Bath            <\/span>\n                    <\/div>\n    <\/div>[\/vc_column][vc_column width=&#8221;1\/3&#8243;]\n<div class=\"o-youtube-embed\" data-url=\"https:\/\/www.youtube.com\/watch?v=zw6BiUXHgeY\" data-prefetch=\"0\" data-mute=\"0\" data-show-cover-on-pause=\"1\">\n    <div class=\"o-youtube-embed__video\">\n        <div class=\"c-play o-youtube-embed__play\"><\/div>\n        <div class=\"o-youtube-embed__iframe\"><\/div>\n    <\/div>\n            <div class=\"o-youtube-embed__caption\">\n                            <span class=\"o-youtube-embed__title\">\n                Ammunition Separation and Waste Sorting Plant            <\/span>\n                    <\/div>\n    <\/div>[\/vc_column][vc_column width=&#8221;1\/3&#8243;]\n<div class=\"o-youtube-embed\" data-url=\"https:\/\/www.youtube.com\/watch?v=H1axx1razEo\" data-prefetch=\"0\" data-mute=\"0\" data-show-cover-on-pause=\"1\">\n    <div class=\"o-youtube-embed__video\">\n        <div class=\"c-play o-youtube-embed__play\"><\/div>\n        <div class=\"o-youtube-embed__iframe\"><\/div>\n    <\/div>\n            <div class=\"o-youtube-embed__caption\">\n                            <span class=\"o-youtube-embed__title\">\n                Auto Clave Furnaces - Sistem Teknik Industrial Furnace            <\/span>\n                    <\/div>\n    <\/div>[\/vc_column][vc_column width=&#8221;1\/3&#8243;]\n<div class=\"o-youtube-embed\" data-url=\"https:\/\/www.youtube.com\/watch?v=QhMOAlm13M0\" data-prefetch=\"0\" data-mute=\"0\" data-show-cover-on-pause=\"1\">\n    <div class=\"o-youtube-embed__video\">\n        <div class=\"c-play o-youtube-embed__play\"><\/div>\n        <div class=\"o-youtube-embed__iframe\"><\/div>\n    <\/div>\n            <div class=\"o-youtube-embed__caption\">\n                            <span class=\"o-youtube-embed__title\">\n                Bogie Hearth Type Annealing Furnace - Sistem Teknik Industrial Furnace            <\/span>\n                    <\/div>\n    <\/div>[\/vc_column][vc_column width=&#8221;1\/3&#8243;]\n<div class=\"o-youtube-embed\" data-url=\"https:\/\/www.youtube.com\/watch?v=763bXlRThrs\" data-prefetch=\"0\" data-mute=\"0\" data-show-cover-on-pause=\"1\">\n    <div class=\"o-youtube-embed__video\">\n        <div class=\"c-play o-youtube-embed__play\"><\/div>\n        <div class=\"o-youtube-embed__iframe\"><\/div>\n    <\/div>\n            <div class=\"o-youtube-embed__caption\">\n                            <span class=\"o-youtube-embed__title\">\n                Sistem Teknik Industrial Furnaceses Introduction Video            <\/span>\n                    <\/div>\n    <\/div>[\/vc_column][vc_column width=&#8221;1\/3&#8243;]\n<div class=\"o-youtube-embed\" data-url=\"https:\/\/www.youtube.com\/watch?v=MyGDPWCkvtg\" data-prefetch=\"0\" data-mute=\"0\" data-show-cover-on-pause=\"1\">\n    <div class=\"o-youtube-embed__video\">\n        <div class=\"c-play o-youtube-embed__play\"><\/div>\n        <div class=\"o-youtube-embed__iframe\"><\/div>\n    <\/div>\n            <div class=\"o-youtube-embed__caption\">\n                            <span class=\"o-youtube-embed__title\">\n                LPG Cylinders Annealing Furnaces - Sistem Teknik Industrial Furnace            <\/span>\n                    <\/div>\n    <\/div>[\/vc_column][\/vc_row][vc_row gap=&#8221;30&#8243; equal_height=&#8221;yes&#8221; el_class=&#8221;c-video-list&#8221;][vc_column width=&#8221;1\/3&#8243;]\n<div class=\"o-youtube-embed\" data-url=\"https:\/\/www.youtube.com\/watch?v=wq_LTfKQtdA\" data-prefetch=\"0\" data-mute=\"0\" data-show-cover-on-pause=\"1\">\n    <div class=\"o-youtube-embed__video\">\n        <div class=\"c-play o-youtube-embed__play\"><\/div>\n        <div class=\"o-youtube-embed__iframe\"><\/div>\n    <\/div>\n            <div class=\"o-youtube-embed__caption\">\n                            <span class=\"o-youtube-embed__title\">\n                LPG Cylinder Annealing \/ Stress Relieving Furnaces            <\/span>\n                    <\/div>\n    <\/div>[\/vc_column][vc_column width=&#8221;1\/3&#8243;]\n<div class=\"o-youtube-embed\" data-url=\"https:\/\/www.youtube.com\/watch?v=dK8lMhrRjgE\" data-prefetch=\"0\" data-mute=\"0\" data-show-cover-on-pause=\"1\">\n    <div class=\"o-youtube-embed__video\">\n        <div class=\"c-play o-youtube-embed__play\"><\/div>\n        <div class=\"o-youtube-embed__iframe\"><\/div>\n    <\/div>\n            <div class=\"o-youtube-embed__caption\">\n                            <span class=\"o-youtube-embed__title\">\n                Leaf Spring and Balance Bar Light Heat Treatment Facility\/ Sistem Teknik Industry Furnaces A.\u015e Promotion Movie            <\/span>\n                    <\/div>\n    <\/div>[\/vc_column][vc_column width=&#8221;1\/3&#8243;]\n<div class=\"o-youtube-embed\" data-url=\"https:\/\/www.youtube.com\/watch?v=7qnmqq-Ri1M\" data-prefetch=\"0\" data-mute=\"0\" data-show-cover-on-pause=\"1\">\n    <div class=\"o-youtube-embed__video\">\n        <div class=\"c-play o-youtube-embed__play\"><\/div>\n        <div class=\"o-youtube-embed__iframe\"><\/div>\n    <\/div>\n            <div class=\"o-youtube-embed__caption\">\n                            <span class=\"o-youtube-embed__title\">\n                Vaccum Furnaces -Sistem Teknik Industry Furnaces A.\u015e            <\/span>\n                    <\/div>\n    <\/div>[\/vc_column][vc_column width=&#8221;1\/3&#8243;]\n<div class=\"o-youtube-embed\" data-url=\"https:\/\/www.youtube.com\/watch?v=kt59qCrI4-M\" data-prefetch=\"0\" data-mute=\"0\" data-show-cover-on-pause=\"1\">\n    <div class=\"o-youtube-embed__video\">\n        <div class=\"c-play o-youtube-embed__play\"><\/div>\n        <div class=\"o-youtube-embed__iframe\"><\/div>\n    <\/div>\n            <div class=\"o-youtube-embed__caption\">\n                            <span class=\"o-youtube-embed__title\">\n                Cylinder Annealing Facility- Sistem Teknik Industry Furnaces A.\u015e            <\/span>\n                    <\/div>\n    <\/div>[\/vc_column][vc_column width=&#8221;1\/3&#8243;]\n<div class=\"o-youtube-embed\" data-url=\"https:\/\/www.youtube.com\/watch?v=jBXgbUBkdsg\" data-prefetch=\"0\" data-mute=\"0\" data-show-cover-on-pause=\"1\">\n    <div class=\"o-youtube-embed__video\">\n        <div class=\"c-play o-youtube-embed__play\"><\/div>\n        <div class=\"o-youtube-embed__iframe\"><\/div>\n    <\/div>\n            <div class=\"o-youtube-embed__caption\">\n                            <span class=\"o-youtube-embed__title\">\n                Pit and Bell Type Furnaces - Sistem Teknik Industry Furnaces A.\u015e            <\/span>\n                    <\/div>\n    <\/div>[\/vc_column][\/vc_row][vc_row gap=&#8221;30&#8243; equal_height=&#8221;yes&#8221; el_class=&#8221;c-video-list&#8221;][vc_column width=&#8221;1\/3&#8243;]\n<div class=\"o-youtube-embed\" data-url=\"https:\/\/www.youtube.com\/watch?v=EUSPhPS2550\" data-prefetch=\"0\" data-mute=\"0\" data-show-cover-on-pause=\"1\">\n    <div class=\"o-youtube-embed__video\" style=\"background-image: url(https:\/\/www.sistemteknik.com\/ferrous\/wp-content\/uploads\/2020\/05\/banner-1-1200x444.jpg);\">\n        <div class=\"c-play o-youtube-embed__play\"><\/div>\n        <div class=\"o-youtube-embed__iframe\"><\/div>\n    <\/div>\n            <div class=\"o-youtube-embed__caption\">\n                            <span class=\"o-youtube-embed__title\">\n                Walking Beam Furnace            <\/span>\n                    <\/div>\n    <\/div>[\/vc_column][vc_column width=&#8221;1\/3&#8243;]\n<div class=\"o-youtube-embed\" data-url=\"https:\/\/www.youtube.com\/watch?v=_UaKx4s8F8Y\" data-prefetch=\"0\" data-mute=\"0\" data-show-cover-on-pause=\"1\">\n    <div class=\"o-youtube-embed__video\">\n        <div class=\"c-play o-youtube-embed__play\"><\/div>\n        <div class=\"o-youtube-embed__iframe\"><\/div>\n    <\/div>\n            <div class=\"o-youtube-embed__caption\">\n                            <span class=\"o-youtube-embed__title\">\n                Auto clave and Drying Furnaces - Sistem Teknik Industry Furnaces A.\u015e            <\/span>\n                    <\/div>\n    <\/div>[\/vc_column][vc_column width=&#8221;1\/3&#8243;]\n<div class=\"o-youtube-embed\" data-url=\"https:\/\/www.youtube.com\/watch?v=cbfbRGP15eE\" data-prefetch=\"0\" data-mute=\"0\" data-show-cover-on-pause=\"1\">\n    <div class=\"o-youtube-embed__video\">\n        <div class=\"c-play o-youtube-embed__play\"><\/div>\n        <div class=\"o-youtube-embed__iframe\"><\/div>\n    <\/div>\n            <div class=\"o-youtube-embed__caption\">\n                            <span class=\"o-youtube-embed__title\">\n                Gas Cementation Furnaces - Sistem Teknik Industry Furnaces A.\u015e            <\/span>\n                    <\/div>\n    <\/div>[\/vc_column][vc_column width=&#8221;1\/3&#8243;]\n<div class=\"o-youtube-embed\" data-url=\"https:\/\/www.youtube.com\/watch?v=RdCeWiCwj9M\" data-prefetch=\"0\" data-mute=\"0\" data-show-cover-on-pause=\"1\">\n    <div class=\"o-youtube-embed__video\">\n        <div class=\"c-play o-youtube-embed__play\"><\/div>\n        <div class=\"o-youtube-embed__iframe\"><\/div>\n    <\/div>\n            <div class=\"o-youtube-embed__caption\">\n                            <span class=\"o-youtube-embed__title\">\n                Furnaces for Forging Heat Treatment Sistem Teknik Industry Furnaces A.\u015e            <\/span>\n                    <\/div>\n    <\/div>[\/vc_column][vc_column width=&#8221;1\/3&#8243;]\n<div class=\"o-youtube-embed\" data-url=\"https:\/\/www.youtube.com\/watch?v=79S_fmGkWzc\" data-prefetch=\"0\" data-mute=\"0\" data-show-cover-on-pause=\"1\">\n    <div class=\"o-youtube-embed__video\">\n        <div class=\"c-play o-youtube-embed__play\"><\/div>\n        <div class=\"o-youtube-embed__iframe\"><\/div>\n    <\/div>\n            <div class=\"o-youtube-embed__caption\">\n                            <span class=\"o-youtube-embed__title\">\n                Bolt Annealing facility- Sistem Teknik Industry Furnaces A.\u015e            <\/span>\n                    <\/div>\n    <\/div>[\/vc_column][vc_column width=&#8221;1\/3&#8243;]\n<div class=\"o-youtube-embed\" data-url=\"https:\/\/www.youtube.com\/watch?v=JhODadY4L_Q\" data-prefetch=\"0\" data-mute=\"0\" data-show-cover-on-pause=\"1\">\n    <div class=\"o-youtube-embed__video\">\n        <div class=\"c-play o-youtube-embed__play\"><\/div>\n        <div class=\"o-youtube-embed__iframe\"><\/div>\n    <\/div>\n            <div class=\"o-youtube-embed__caption\">\n                            <span class=\"o-youtube-embed__title\">\n                Pit and Bell Type Annealing Furnace - Sistem Teknik Industrial Furnaces            <\/span>\n                    <\/div>\n    <\/div>[\/vc_column][\/vc_row][vc_row gap=&#8221;30&#8243; equal_height=&#8221;yes&#8221; el_class=&#8221;c-video-list&#8221;][vc_column width=&#8221;1\/3&#8243;]\n<div class=\"o-youtube-embed\" data-url=\"https:\/\/www.youtube.com\/watch?v=uD-eOPvuvmI\" data-prefetch=\"0\" data-mute=\"0\" data-show-cover-on-pause=\"1\">\n    <div class=\"o-youtube-embed__video\">\n        <div class=\"c-play o-youtube-embed__play\"><\/div>\n        <div class=\"o-youtube-embed__iframe\"><\/div>\n    <\/div>\n            <div class=\"o-youtube-embed__caption\">\n                            <span class=\"o-youtube-embed__title\">\n                Heat Treatment Lines For Leaf Springs And Stablizer Bar - Sistem Teknik Industrial Furnaces            <\/span>\n                    <\/div>\n    <\/div>[\/vc_column][vc_column width=&#8221;1\/3&#8243;]\n<div class=\"o-youtube-embed\" data-url=\"https:\/\/www.youtube.com\/watch?v=MkT_pivFmE4\" data-prefetch=\"0\" data-mute=\"0\" data-show-cover-on-pause=\"1\">\n    <div class=\"o-youtube-embed__video\">\n        <div class=\"c-play o-youtube-embed__play\"><\/div>\n        <div class=\"o-youtube-embed__iframe\"><\/div>\n    <\/div>\n            <div class=\"o-youtube-embed__caption\">\n                            <span class=\"o-youtube-embed__title\">\n                Vacuum Furnaces - Sistem Teknik Industrial Furnaces            <\/span>\n                    <\/div>\n    <\/div>[\/vc_column][vc_column width=&#8221;1\/3&#8243;]\n<div class=\"o-youtube-embed\" data-url=\"https:\/\/www.youtube.com\/watch?v=FslErDwaTJg\" data-prefetch=\"0\" data-mute=\"0\" data-show-cover-on-pause=\"1\">\n    <div class=\"o-youtube-embed__video\">\n        <div class=\"c-play o-youtube-embed__play\"><\/div>\n        <div class=\"o-youtube-embed__iframe\"><\/div>\n    <\/div>\n            <div class=\"o-youtube-embed__caption\">\n                            <span class=\"o-youtube-embed__title\">\n                Heat Treatment Lines For Fasteners - Sistem Teknik Industrial Furnace            <\/span>\n                    <\/div>\n    <\/div>[\/vc_column][vc_column width=&#8221;1\/3&#8243;]\n<div class=\"o-youtube-embed\" data-url=\"https:\/\/www.youtube.com\/watch?v=6RpsqsXPB9s\" data-prefetch=\"0\" data-mute=\"0\" data-show-cover-on-pause=\"1\">\n    <div class=\"o-youtube-embed__video\">\n        <div class=\"c-play o-youtube-embed__play\"><\/div>\n        <div class=\"o-youtube-embed__iframe\"><\/div>\n    <\/div>\n            <div class=\"o-youtube-embed__caption\">\n                            <span class=\"o-youtube-embed__title\">\n                Heat Treatment Lines For Forging Industry - Sistem Teknik Industrial Furnaces            <\/span>\n                    <\/div>\n    <\/div>[\/vc_column][vc_column width=&#8221;1\/3&#8243;]\n<div class=\"o-youtube-embed\" data-url=\"https:\/\/www.youtube.com\/watch?v=r332Sl8pxfI\" data-prefetch=\"0\" data-mute=\"0\" data-show-cover-on-pause=\"1\">\n    <div class=\"o-youtube-embed__video\">\n        <div class=\"c-play o-youtube-embed__play\"><\/div>\n        <div class=\"o-youtube-embed__iframe\"><\/div>\n    <\/div>\n            <div class=\"o-youtube-embed__caption\">\n                            <span class=\"o-youtube-embed__title\">\n                Gas Carburizing Furnaces - Sistem Teknik Industrial Furnace            <\/span>\n                    <\/div>\n    <\/div>[\/vc_column][vc_column width=&#8221;1\/3&#8243;][\/vc_column][\/vc_row]<\/p>\n<\/div>","protected":false},"excerpt":{"rendered":"<p>[vc_row gap=&#8221;30&#8243; equal_height=&#8221;yes&#8221; el_class=&#8221;c-video-list&#8221;][vc_column width=&#8221;1\/3&#8243;][\/vc_column][vc_column width=&#8221;1\/3&#8243;][\/vc_column][vc_column width=&#8221;1\/3&#8243;][\/vc_column][vc_column width=&#8221;1\/3&#8243;][\/vc_column][vc_column width=&#8221;1\/3&#8243;][\/vc_column][vc_column width=&#8221;1\/3&#8243;][\/vc_column][\/vc_row][vc_row [&hellip;]<\/p>\n","protected":false},"author":6,"featured_media":0,"parent":0,"menu_order":102,"comment_status":"closed","ping_status":"closed","template":"","meta":{"footnotes":""},"acf":[],"yoast_head":"<!-- This site is optimized with the Yoast SEO plugin v21.8.1 - https:\/\/yoast.com\/wordpress\/plugins\/seo\/ -->\n<title>Videos | Sistem Teknik<\/title>\n<meta name=\"description\" content=\"Click now to watch Sistemteknik.com videos!\" \/>\n<meta name=\"robots\" content=\"index, follow, max-snippet:-1, max-image-preview:large, max-video-preview:-1\" \/>\n<link rel=\"canonical\" href=\"https:\/\/www.sistemteknik.com\/ferrous\/en\/videos\/\" \/>\n<meta property=\"og:locale\" content=\"en_US\" \/>\n<meta property=\"og:type\" content=\"article\" \/>\n<meta property=\"og:title\" content=\"Videos | Sistem Teknik\" \/>\n<meta property=\"og:description\" content=\"Click now to watch Sistemteknik.com videos!\" \/>\n<meta property=\"og:url\" content=\"https:\/\/www.sistemteknik.com\/ferrous\/en\/videos\/\" \/>\n<meta property=\"og:site_name\" content=\"Sistem Teknik Sanayi F\u0131r\u0131nlar\u0131 A.\u015e.\" \/>\n<meta property=\"article:publisher\" content=\"https:\/\/www.facebook.com\/sistemteknikindustrialfurnace\" \/>\n<meta property=\"article:modified_time\" content=\"2024-01-04T07:22:21+00:00\" \/>\n<meta property=\"og:image\" content=\"https:\/\/www.sistemteknik.com\/ferrous\/wp-content\/uploads\/2022\/08\/logo2x-1.png\" \/>\n\t<meta property=\"og:image:width\" content=\"200\" \/>\n\t<meta property=\"og:image:height\" content=\"140\" \/>\n\t<meta property=\"og:image:type\" content=\"image\/png\" \/>\n<meta name=\"twitter:card\" content=\"summary_large_image\" \/>\n<meta name=\"twitter:label1\" content=\"Est. reading time\" \/>\n\t<meta name=\"twitter:data1\" content=\"2 minutes\" \/>\n<script type=\"application\/ld+json\" class=\"yoast-schema-graph\">{\"@context\":\"https:\/\/schema.org\",\"@graph\":[{\"@type\":\"WebPage\",\"@id\":\"https:\/\/www.sistemteknik.com\/ferrous\/en\/videos\/\",\"url\":\"https:\/\/www.sistemteknik.com\/ferrous\/en\/videos\/\",\"name\":\"Videos | Sistem Teknik\",\"isPartOf\":{\"@id\":\"https:\/\/www.sistemteknik.com\/ferrous\/#website\"},\"datePublished\":\"2020-07-29T08:28:11+00:00\",\"dateModified\":\"2024-01-04T07:22:21+00:00\",\"description\":\"Click now to watch Sistemteknik.com videos!\",\"breadcrumb\":{\"@id\":\"https:\/\/www.sistemteknik.com\/ferrous\/en\/videos\/#breadcrumb\"},\"inLanguage\":\"en-US\",\"potentialAction\":[{\"@type\":\"ReadAction\",\"target\":[\"https:\/\/www.sistemteknik.com\/ferrous\/en\/videos\/\"]}]},{\"@type\":\"BreadcrumbList\",\"@id\":\"https:\/\/www.sistemteknik.com\/ferrous\/en\/videos\/#breadcrumb\",\"itemListElement\":[{\"@type\":\"ListItem\",\"position\":1,\"name\":\"Ana sayfa\",\"item\":\"https:\/\/www.sistemteknik.com\/ferrous\/en\/anasayfa\/\"},{\"@type\":\"ListItem\",\"position\":2,\"name\":\"Videos\"}]},{\"@type\":\"WebSite\",\"@id\":\"https:\/\/www.sistemteknik.com\/ferrous\/#website\",\"url\":\"https:\/\/www.sistemteknik.com\/ferrous\/\",\"name\":\"Sistem Teknik Sanayi F\u0131r\u0131nlar\u0131 A.\u015e.\",\"description\":\"\",\"publisher\":{\"@id\":\"https:\/\/www.sistemteknik.com\/ferrous\/#organization\"},\"potentialAction\":[{\"@type\":\"SearchAction\",\"target\":{\"@type\":\"EntryPoint\",\"urlTemplate\":\"https:\/\/www.sistemteknik.com\/ferrous\/?s={search_term_string}\"},\"query-input\":\"required name=search_term_string\"}],\"inLanguage\":\"en-US\"},{\"@type\":\"Organization\",\"@id\":\"https:\/\/www.sistemteknik.com\/ferrous\/#organization\",\"name\":\"Sistem Teknik Sanayi F\u0131r\u0131nlar\u0131 A.\u015e.\",\"url\":\"https:\/\/www.sistemteknik.com\/ferrous\/\",\"logo\":{\"@type\":\"ImageObject\",\"inLanguage\":\"en-US\",\"@id\":\"https:\/\/www.sistemteknik.com\/ferrous\/#\/schema\/logo\/image\/\",\"url\":\"https:\/\/www.sistemteknik.com\/ferrous\/wp-content\/uploads\/2022\/08\/logo2x-1.png\",\"contentUrl\":\"https:\/\/www.sistemteknik.com\/ferrous\/wp-content\/uploads\/2022\/08\/logo2x-1.png\",\"width\":200,\"height\":140,\"caption\":\"Sistem Teknik Sanayi F\u0131r\u0131nlar\u0131 A.\u015e.\"},\"image\":{\"@id\":\"https:\/\/www.sistemteknik.com\/ferrous\/#\/schema\/logo\/image\/\"},\"sameAs\":[\"https:\/\/www.facebook.com\/sistemteknikindustrialfurnace\",\"https:\/\/www.linkedin.com\/company\/sistem-teknik-industrial-furnaces\/\",\"https:\/\/www.instagram.com\/sistemteknikas\/\"]}]}<\/script>\n<!-- \/ Yoast SEO plugin. -->","yoast_head_json":{"title":"Videos | Sistem Teknik","description":"Click now to watch Sistemteknik.com videos!","robots":{"index":"index","follow":"follow","max-snippet":"max-snippet:-1","max-image-preview":"max-image-preview:large","max-video-preview":"max-video-preview:-1"},"canonical":"https:\/\/www.sistemteknik.com\/ferrous\/en\/videos\/","og_locale":"en_US","og_type":"article","og_title":"Videos | Sistem Teknik","og_description":"Click now to watch Sistemteknik.com videos!","og_url":"https:\/\/www.sistemteknik.com\/ferrous\/en\/videos\/","og_site_name":"Sistem Teknik Sanayi F\u0131r\u0131nlar\u0131 A.\u015e.","article_publisher":"https:\/\/www.facebook.com\/sistemteknikindustrialfurnace","article_modified_time":"2024-01-04T07:22:21+00:00","og_image":[{"width":200,"height":140,"url":"https:\/\/www.sistemteknik.com\/ferrous\/wp-content\/uploads\/2022\/08\/logo2x-1.png","type":"image\/png"}],"twitter_card":"summary_large_image","twitter_misc":{"Est. reading time":"2 minutes"},"schema":{"@context":"https:\/\/schema.org","@graph":[{"@type":"WebPage","@id":"https:\/\/www.sistemteknik.com\/ferrous\/en\/videos\/","url":"https:\/\/www.sistemteknik.com\/ferrous\/en\/videos\/","name":"Videos | Sistem Teknik","isPartOf":{"@id":"https:\/\/www.sistemteknik.com\/ferrous\/#website"},"datePublished":"2020-07-29T08:28:11+00:00","dateModified":"2024-01-04T07:22:21+00:00","description":"Click now to watch Sistemteknik.com videos!","breadcrumb":{"@id":"https:\/\/www.sistemteknik.com\/ferrous\/en\/videos\/#breadcrumb"},"inLanguage":"en-US","potentialAction":[{"@type":"ReadAction","target":["https:\/\/www.sistemteknik.com\/ferrous\/en\/videos\/"]}]},{"@type":"BreadcrumbList","@id":"https:\/\/www.sistemteknik.com\/ferrous\/en\/videos\/#breadcrumb","itemListElement":[{"@type":"ListItem","position":1,"name":"Ana sayfa","item":"https:\/\/www.sistemteknik.com\/ferrous\/en\/anasayfa\/"},{"@type":"ListItem","position":2,"name":"Videos"}]},{"@type":"WebSite","@id":"https:\/\/www.sistemteknik.com\/ferrous\/#website","url":"https:\/\/www.sistemteknik.com\/ferrous\/","name":"Sistem Teknik Sanayi F\u0131r\u0131nlar\u0131 A.\u015e.","description":"","publisher":{"@id":"https:\/\/www.sistemteknik.com\/ferrous\/#organization"},"potentialAction":[{"@type":"SearchAction","target":{"@type":"EntryPoint","urlTemplate":"https:\/\/www.sistemteknik.com\/ferrous\/?s={search_term_string}"},"query-input":"required name=search_term_string"}],"inLanguage":"en-US"},{"@type":"Organization","@id":"https:\/\/www.sistemteknik.com\/ferrous\/#organization","name":"Sistem Teknik Sanayi F\u0131r\u0131nlar\u0131 A.\u015e.","url":"https:\/\/www.sistemteknik.com\/ferrous\/","logo":{"@type":"ImageObject","inLanguage":"en-US","@id":"https:\/\/www.sistemteknik.com\/ferrous\/#\/schema\/logo\/image\/","url":"https:\/\/www.sistemteknik.com\/ferrous\/wp-content\/uploads\/2022\/08\/logo2x-1.png","contentUrl":"https:\/\/www.sistemteknik.com\/ferrous\/wp-content\/uploads\/2022\/08\/logo2x-1.png","width":200,"height":140,"caption":"Sistem Teknik Sanayi F\u0131r\u0131nlar\u0131 A.\u015e."},"image":{"@id":"https:\/\/www.sistemteknik.com\/ferrous\/#\/schema\/logo\/image\/"},"sameAs":["https:\/\/www.facebook.com\/sistemteknikindustrialfurnace","https:\/\/www.linkedin.com\/company\/sistem-teknik-industrial-furnaces\/","https:\/\/www.instagram.com\/sistemteknikas\/"]}]}},"_links":{"self":[{"href":"https:\/\/www.sistemteknik.com\/ferrous\/en\/wp-json\/wp\/v2\/pages\/2210"}],"collection":[{"href":"https:\/\/www.sistemteknik.com\/ferrous\/en\/wp-json\/wp\/v2\/pages"}],"about":[{"href":"https:\/\/www.sistemteknik.com\/ferrous\/en\/wp-json\/wp\/v2\/types\/page"}],"author":[{"embeddable":true,"href":"https:\/\/www.sistemteknik.com\/ferrous\/en\/wp-json\/wp\/v2\/users\/6"}],"replies":[{"embeddable":true,"href":"https:\/\/www.sistemteknik.com\/ferrous\/en\/wp-json\/wp\/v2\/comments?post=2210"}],"version-history":[{"count":1,"href":"https:\/\/www.sistemteknik.com\/ferrous\/en\/wp-json\/wp\/v2\/pages\/2210\/revisions"}],"predecessor-version":[{"id":3963,"href":"https:\/\/www.sistemteknik.com\/ferrous\/en\/wp-json\/wp\/v2\/pages\/2210\/revisions\/3963"}],"wp:attachment":[{"href":"https:\/\/www.sistemteknik.com\/ferrous\/en\/wp-json\/wp\/v2\/media?parent=2210"}],"curies":[{"name":"wp","href":"https:\/\/api.w.org\/{rel}","templated":true}]}}