{"id":1302,"date":"2019-10-08T13:59:25","date_gmt":"2019-10-08T10:59:25","guid":{"rendered":"https:\/\/www.sistemteknik.com\/ferrous\/?page_id=1302"},"modified":"2025-08-20T17:23:37","modified_gmt":"2025-08-20T14:23:37","slug":"vacuum-furnaces","status":"publish","type":"page","link":"https:\/\/www.sistemteknik.com\/ferrous\/en\/vacuum-furnaces\/","title":{"rendered":"Aichelin Vacuum Furnaces"},"content":{"rendered":"<div class=\"wpb-content-wrapper\"><p>[vc_row][vc_column][vc_row_inner equal_height=&#8221;yes&#8221;][vc_column_inner width=&#8221;1\/2&#8243; css=&#8221;.vc_custom_1568132476724{margin-bottom: 0px !important;padding-bottom: 0px !important;}&#8221;][vc_column_text]<\/p>\n<article class=\"text-token-text-primary w-full focus:outline-none scroll-mt-[calc(var(--header-height)+min(200px,max(70px,20svh)))]\" dir=\"auto\" tabindex=\"-1\" data-turn-id=\"request-WEB:ff726459-9343-40da-a3ad-048fbb3bb3c6-2\" data-testid=\"conversation-turn-6\" data-scroll-anchor=\"true\" data-turn=\"assistant\">\n<div class=\"text-base my-auto mx-auto pb-10 [--thread-content-margin:--spacing(4)] @[37rem]:[--thread-content-margin:--spacing(6)] @[72rem]:[--thread-content-margin:--spacing(16)] px-(--thread-content-margin)\">\n<div class=\"[--thread-content-max-width:32rem] @[34rem]:[--thread-content-max-width:40rem] @[64rem]:[--thread-content-max-width:48rem] mx-auto max-w-(--thread-content-max-width) flex-1 group\/turn-messages focus-visible:outline-hidden relative flex w-full min-w-0 flex-col agent-turn\" tabindex=\"-1\">\n<div class=\"flex max-w-full flex-col grow\">\n<div class=\"min-h-8 text-message relative flex w-full flex-col items-end gap-2 text-start break-words whitespace-normal [.text-message+&amp;]:mt-5\" dir=\"auto\" data-message-author-role=\"assistant\" data-message-id=\"02099fc9-e00c-4370-b428-7950a02c0246\" data-message-model-slug=\"gpt-4o\">\n<div class=\"flex w-full flex-col gap-1 empty:hidden first:pt-[3px]\">\n<div class=\"markdown prose dark:prose-invert w-full break-words dark markdown-new-styling\">\n<p><strong>Aichelin ST Vacuum <\/strong>is a joint venture between Aichelin Holding GmbH (Austria) and Sistem Teknik A.\u015e. (T\u00fcrkiye), combining more than 20 years of expertise in industrial vacuum furnace technology. With our headquarters in M\u00f6dling, Austria and the Turkish subsidiary <strong>AICHELIN ST Vakum F\u0131r\u0131nlar\u0131 A.\u015e.<\/strong>\u00a0in Kocaeli, T\u00fcrkiye, we deliver state-of-the-art vacuum heat treatment systems engineered to meet global industry demands. Our customers benefit from advanced process technology, tailored solutions, and the worldwide service and support network of the AICHELIN Group.<\/p>\n<p>Vacuum hardening furnaces are used in industrial sectors such asaviation, aerospace, energy, tooling, die and mold, automotive,medical industries and heat treatment companies.<\/p>\n<p>AICHELIN offers solutions for vacuum heat treatment in full compliancewith international standards such as AMS 2750, ASTM standarts, NADCAP,NADCA CQI-9 etc.<\/p>\n<p><strong>Options including<\/strong>:<\/p>\n<p>Different materials for heating chambers including graphite, molybdenum and tungsten<\/p>\n<p>Wide vacuum range up to 10-2 mbar and higher<\/p>\n<div class=\"col-12 col-md-6\">\n<div class=\"content-snippet-content\">\n<p>Process temperatures between 200\u00b0C to 2200\u00b0C<\/p>\n<p>Cooling gas pressure up to 20 bar<\/p>\n<\/div>\n<\/div>\n<div class=\"col-12 col-md-6\"><\/div>\n<\/div>\n<\/div>\n<\/div>\n<\/div>\n<\/div>\n<\/div>\n<\/article>\n<p>[\/vc_column_text][\/vc_column_inner][vc_column_inner width=&#8221;1\/2&#8243; css=&#8221;.vc_custom_1568132484002{margin-bottom: 0px !important;padding-bottom: 0px !important;}&#8221;][vc_single_image image=&#8221;4424&#8243; img_size=&#8221;large&#8221; alignment=&#8221;center&#8221; style=&#8221;vc_box_rounded&#8221; css=&#8221;.vc_custom_1754560613977{border-radius: 2px !important;}&#8221;][\/vc_column_inner][\/vc_row_inner][\/vc_column][vc_column width=&#8221;1\/2&#8243; css=&#8221;.vc_custom_1568132491353{padding-top: 0px !important;}&#8221;][vc_column_text]<\/p>\n<div class=\"container content-snippet content-snippet-headline-text\">\n<div class=\"row\">\n<div class=\"col-12 content-snippet-content\">\n<h2 style=\"color: #333333;\"><strong>Benefits of Vacuum Furnaces<\/strong><\/h2>\n<p><strong>EXTENDED LIFETIME AND RELIABILITY\u00a0<\/strong><\/p>\n<p>Achieve an extended lifespan with consistent, reproducibleresults, ensuring reliable performance over time.<\/p>\n<p><strong>USER-FRIENDLY DESIGN\u00a0<\/strong><\/p>\n<p>Benefit from easy operation and maintenance, enhancing userexperience and reducing downtime.<\/p>\n<p><strong>ENERGY EFFICIENCY\u00a0<\/strong><\/p>\n<p>Maximize energy efficiency with advanced insulation and a coldwall design that minimizes surface losses.<\/p>\n<p><strong>RAPID HEATING AND COOLING\u00a0<\/strong><\/p>\n<p>Rapidly heat and cool both small and heavy charges, reducingcycle times, improving process efficiency and throughput.<\/p>\n<p><strong>PRECISE PROCESS CONTROL\u00a0<\/strong><\/p>\n<p>Perform accurate process cycles using both furnace and loadthermocouples for precise temperature control.<\/p>\n<p><strong>LOW MAINTENANCE COSTS<\/strong><\/p>\n<p>Utilize the optimized furnace design based on years of experienceto ensure low maintenance costs combined with efficient performance.<\/p>\n<p><strong>FULL COMPLIANCE<\/strong><\/p>\n<p>Compliant with applicable international standards such as CQI-9, NADCA, NADCAP, AMS 2750 etc.<\/p>\n<\/div>\n<\/div>\n<\/div>\n<div class=\"container content-snippet snippet-text-right-img-left\">\n<div class=\"row\">\n<div class=\"col-12 col-md-6\"><\/div>\n<\/div>\n<\/div>\n<p>[\/vc_column_text][\/vc_column][vc_column width=&#8221;1\/2&#8243; css=&#8221;.vc_custom_1568132497116{padding-top: 0px !important;}&#8221;][vc_custom_heading text=&#8221;Technical Specifications&#8221; use_theme_fonts=&#8221;yes&#8221;][vc_single_image image=&#8221;4426&#8243; img_size=&#8221;full&#8221; alignment=&#8221;center&#8221; style=&#8221;vc_box_rounded&#8221; css_animation=&#8221;none&#8221;][vc_custom_heading text=&#8221;Contact&#8221; font_container=&#8221;tag:h2|text_align:center&#8221; use_theme_fonts=&#8221;yes&#8221;][vc_column_text]<\/p>\n<p style=\"text-align: center;\"><em><strong>Anda\u00e7 G\u00fczel<\/strong><\/em><\/p>\n<p style=\"text-align: center;\"><strong>andac.guzel@aichelin.com<\/strong><\/p>\n<p style=\"text-align: center;\"><strong>0545 893 9693<\/strong><\/p>\n<p>[\/vc_column_text][vc_btn title=&#8221;Aichelin Europe&#8221; style=&#8221;outline-custom&#8221; outline_custom_color=&#8221;#be2427&#8243; outline_custom_hover_background=&#8221;#be2427&#8243; outline_custom_hover_text=&#8221;#ffffff&#8221; shape=&#8221;round&#8221; size=&#8221;sm&#8221; align=&#8221;center&#8221; button_block=&#8221;true&#8221; link=&#8221;url:https%3A%2F%2Fwww.aichelin.at%2Fen%2Fproducts%2Fvacuum-furnaces%2Fvacuum-furnaces|title:Aichelin%20Avrupa|target:_blank&#8221;][\/vc_column][\/vc_row][vc_row][vc_column][vc_empty_space][\/vc_column][\/vc_row]<\/p>\n<\/div>","protected":false},"excerpt":{"rendered":"<p>[vc_row][vc_column][vc_row_inner equal_height=&#8221;yes&#8221;][vc_column_inner width=&#8221;1\/2&#8243; css=&#8221;.vc_custom_1568132476724{margin-bottom: 0px !important;padding-bottom: 0px !important;}&#8221;][vc_column_text] Aichelin ST [&hellip;]<\/p>\n","protected":false},"author":2,"featured_media":647,"parent":0,"menu_order":22,"comment_status":"closed","ping_status":"closed","template":"","meta":{"footnotes":""},"acf":[],"yoast_head":"<!-- This site is optimized with the Yoast SEO plugin v21.8.1 - https:\/\/yoast.com\/wordpress\/plugins\/seo\/ -->\n<title>Vacuum Furnaces &amp; Vacuum Drying Systems | Sistem Teknik<\/title>\n<meta name=\"description\" content=\"Get information with the assurance of Sistemteknik.com for vacuum furnaces used in processes such as low pressure cementation, LPC, and oil hardening!\" \/>\n<meta name=\"robots\" content=\"index, follow, max-snippet:-1, max-image-preview:large, max-video-preview:-1\" \/>\n<link rel=\"canonical\" href=\"https:\/\/www.sistemteknik.com\/ferrous\/en\/vacuum-furnaces\/\" \/>\n<meta property=\"og:locale\" content=\"en_US\" \/>\n<meta property=\"og:type\" content=\"article\" \/>\n<meta property=\"og:title\" content=\"Vacuum Furnaces &amp; Vacuum Drying Systems | Sistem Teknik\" \/>\n<meta property=\"og:description\" content=\"Get information with the assurance of Sistemteknik.com for vacuum furnaces used in processes such as low pressure cementation, LPC, and oil hardening!\" \/>\n<meta property=\"og:url\" content=\"https:\/\/www.sistemteknik.com\/ferrous\/en\/vacuum-furnaces\/\" \/>\n<meta property=\"og:site_name\" content=\"Sistem Teknik Sanayi F\u0131r\u0131nlar\u0131 A.\u015e.\" \/>\n<meta property=\"article:publisher\" content=\"https:\/\/www.facebook.com\/sistemteknikindustrialfurnace\" \/>\n<meta property=\"article:modified_time\" content=\"2025-08-20T14:23:37+00:00\" \/>\n<meta property=\"og:image\" content=\"https:\/\/www.sistemteknik.com\/ferrous\/wp-content\/uploads\/2019\/04\/vakum-firinlari.jpg\" \/>\n\t<meta property=\"og:image:width\" content=\"640\" \/>\n\t<meta property=\"og:image:height\" content=\"428\" \/>\n\t<meta property=\"og:image:type\" content=\"image\/jpeg\" \/>\n<meta name=\"twitter:card\" content=\"summary_large_image\" \/>\n<meta name=\"twitter:label1\" content=\"Est. reading time\" \/>\n\t<meta name=\"twitter:data1\" content=\"3 minutes\" \/>\n<script type=\"application\/ld+json\" class=\"yoast-schema-graph\">{\"@context\":\"https:\/\/schema.org\",\"@graph\":[{\"@type\":\"TechArticle\",\"@id\":\"https:\/\/www.sistemteknik.com\/ferrous\/en\/vacuum-furnaces\/#article\",\"isPartOf\":{\"@id\":\"https:\/\/www.sistemteknik.com\/ferrous\/en\/vacuum-furnaces\/\"},\"author\":{\"name\":\"levent\",\"@id\":\"https:\/\/www.sistemteknik.com\/ferrous\/#\/schema\/person\/75132085906856e76b395571c680f61e\"},\"headline\":\"Aichelin Vacuum Furnaces\",\"datePublished\":\"2019-10-08T10:59:25+00:00\",\"dateModified\":\"2025-08-20T14:23:37+00:00\",\"mainEntityOfPage\":{\"@id\":\"https:\/\/www.sistemteknik.com\/ferrous\/en\/vacuum-furnaces\/\"},\"wordCount\":499,\"publisher\":{\"@id\":\"https:\/\/www.sistemteknik.com\/ferrous\/#organization\"},\"inLanguage\":\"en-US\"},{\"@type\":[\"WebPage\",\"ItemPage\"],\"@id\":\"https:\/\/www.sistemteknik.com\/ferrous\/en\/vacuum-furnaces\/\",\"url\":\"https:\/\/www.sistemteknik.com\/ferrous\/en\/vacuum-furnaces\/\",\"name\":\"Vacuum Furnaces & Vacuum Drying Systems | Sistem Teknik\",\"isPartOf\":{\"@id\":\"https:\/\/www.sistemteknik.com\/ferrous\/#website\"},\"datePublished\":\"2019-10-08T10:59:25+00:00\",\"dateModified\":\"2025-08-20T14:23:37+00:00\",\"description\":\"Get information with the assurance of Sistemteknik.com for vacuum furnaces used in processes such as low pressure cementation, LPC, and oil hardening!\",\"breadcrumb\":{\"@id\":\"https:\/\/www.sistemteknik.com\/ferrous\/en\/vacuum-furnaces\/#breadcrumb\"},\"inLanguage\":\"en-US\",\"potentialAction\":[{\"@type\":\"ReadAction\",\"target\":[\"https:\/\/www.sistemteknik.com\/ferrous\/en\/vacuum-furnaces\/\"]}]},{\"@type\":\"BreadcrumbList\",\"@id\":\"https:\/\/www.sistemteknik.com\/ferrous\/en\/vacuum-furnaces\/#breadcrumb\",\"itemListElement\":[{\"@type\":\"ListItem\",\"position\":1,\"name\":\"Ana sayfa\",\"item\":\"https:\/\/www.sistemteknik.com\/ferrous\/en\/anasayfa\/\"},{\"@type\":\"ListItem\",\"position\":2,\"name\":\"Aichelin Vacuum Furnaces\"}]},{\"@type\":\"WebSite\",\"@id\":\"https:\/\/www.sistemteknik.com\/ferrous\/#website\",\"url\":\"https:\/\/www.sistemteknik.com\/ferrous\/\",\"name\":\"Sistem Teknik Sanayi F\u0131r\u0131nlar\u0131 A.\u015e.\",\"description\":\"\",\"publisher\":{\"@id\":\"https:\/\/www.sistemteknik.com\/ferrous\/#organization\"},\"potentialAction\":[{\"@type\":\"SearchAction\",\"target\":{\"@type\":\"EntryPoint\",\"urlTemplate\":\"https:\/\/www.sistemteknik.com\/ferrous\/?s={search_term_string}\"},\"query-input\":\"required name=search_term_string\"}],\"inLanguage\":\"en-US\"},{\"@type\":\"Organization\",\"@id\":\"https:\/\/www.sistemteknik.com\/ferrous\/#organization\",\"name\":\"Sistem Teknik Sanayi F\u0131r\u0131nlar\u0131 A.\u015e.\",\"url\":\"https:\/\/www.sistemteknik.com\/ferrous\/\",\"logo\":{\"@type\":\"ImageObject\",\"inLanguage\":\"en-US\",\"@id\":\"https:\/\/www.sistemteknik.com\/ferrous\/#\/schema\/logo\/image\/\",\"url\":\"https:\/\/www.sistemteknik.com\/ferrous\/wp-content\/uploads\/2022\/08\/logo2x-1.png\",\"contentUrl\":\"https:\/\/www.sistemteknik.com\/ferrous\/wp-content\/uploads\/2022\/08\/logo2x-1.png\",\"width\":200,\"height\":140,\"caption\":\"Sistem Teknik Sanayi F\u0131r\u0131nlar\u0131 A.\u015e.\"},\"image\":{\"@id\":\"https:\/\/www.sistemteknik.com\/ferrous\/#\/schema\/logo\/image\/\"},\"sameAs\":[\"https:\/\/www.facebook.com\/sistemteknikindustrialfurnace\",\"https:\/\/www.linkedin.com\/company\/sistem-teknik-industrial-furnaces\/\",\"https:\/\/www.instagram.com\/sistemteknikas\/\"]},{\"@type\":\"Person\",\"@id\":\"https:\/\/www.sistemteknik.com\/ferrous\/#\/schema\/person\/75132085906856e76b395571c680f61e\",\"name\":\"levent\",\"image\":{\"@type\":\"ImageObject\",\"inLanguage\":\"en-US\",\"@id\":\"https:\/\/www.sistemteknik.com\/ferrous\/#\/schema\/person\/image\/\",\"url\":\"https:\/\/secure.gravatar.com\/avatar\/0ac5caeef10db431ce4a54333c2e43fc?s=96&d=mm&r=g\",\"contentUrl\":\"https:\/\/secure.gravatar.com\/avatar\/0ac5caeef10db431ce4a54333c2e43fc?s=96&d=mm&r=g\",\"caption\":\"levent\"},\"url\":\"https:\/\/www.sistemteknik.com\/ferrous\/en\/author\/levent\/\"}]}<\/script>\n<!-- \/ Yoast SEO plugin. -->","yoast_head_json":{"title":"Vacuum Furnaces & Vacuum Drying Systems | Sistem Teknik","description":"Get information with the assurance of Sistemteknik.com for vacuum furnaces used in processes such as low pressure cementation, LPC, and oil hardening!","robots":{"index":"index","follow":"follow","max-snippet":"max-snippet:-1","max-image-preview":"max-image-preview:large","max-video-preview":"max-video-preview:-1"},"canonical":"https:\/\/www.sistemteknik.com\/ferrous\/en\/vacuum-furnaces\/","og_locale":"en_US","og_type":"article","og_title":"Vacuum Furnaces & Vacuum Drying Systems | Sistem Teknik","og_description":"Get information with the assurance of Sistemteknik.com for vacuum furnaces used in processes such as low pressure cementation, LPC, and oil hardening!","og_url":"https:\/\/www.sistemteknik.com\/ferrous\/en\/vacuum-furnaces\/","og_site_name":"Sistem Teknik Sanayi F\u0131r\u0131nlar\u0131 A.\u015e.","article_publisher":"https:\/\/www.facebook.com\/sistemteknikindustrialfurnace","article_modified_time":"2025-08-20T14:23:37+00:00","og_image":[{"width":640,"height":428,"url":"https:\/\/www.sistemteknik.com\/ferrous\/wp-content\/uploads\/2019\/04\/vakum-firinlari.jpg","type":"image\/jpeg"}],"twitter_card":"summary_large_image","twitter_misc":{"Est. reading time":"3 minutes"},"schema":{"@context":"https:\/\/schema.org","@graph":[{"@type":"TechArticle","@id":"https:\/\/www.sistemteknik.com\/ferrous\/en\/vacuum-furnaces\/#article","isPartOf":{"@id":"https:\/\/www.sistemteknik.com\/ferrous\/en\/vacuum-furnaces\/"},"author":{"name":"levent","@id":"https:\/\/www.sistemteknik.com\/ferrous\/#\/schema\/person\/75132085906856e76b395571c680f61e"},"headline":"Aichelin Vacuum Furnaces","datePublished":"2019-10-08T10:59:25+00:00","dateModified":"2025-08-20T14:23:37+00:00","mainEntityOfPage":{"@id":"https:\/\/www.sistemteknik.com\/ferrous\/en\/vacuum-furnaces\/"},"wordCount":499,"publisher":{"@id":"https:\/\/www.sistemteknik.com\/ferrous\/#organization"},"inLanguage":"en-US"},{"@type":["WebPage","ItemPage"],"@id":"https:\/\/www.sistemteknik.com\/ferrous\/en\/vacuum-furnaces\/","url":"https:\/\/www.sistemteknik.com\/ferrous\/en\/vacuum-furnaces\/","name":"Vacuum Furnaces & Vacuum Drying Systems | Sistem Teknik","isPartOf":{"@id":"https:\/\/www.sistemteknik.com\/ferrous\/#website"},"datePublished":"2019-10-08T10:59:25+00:00","dateModified":"2025-08-20T14:23:37+00:00","description":"Get information with the assurance of Sistemteknik.com for vacuum furnaces used in processes such as low pressure cementation, LPC, and oil hardening!","breadcrumb":{"@id":"https:\/\/www.sistemteknik.com\/ferrous\/en\/vacuum-furnaces\/#breadcrumb"},"inLanguage":"en-US","potentialAction":[{"@type":"ReadAction","target":["https:\/\/www.sistemteknik.com\/ferrous\/en\/vacuum-furnaces\/"]}]},{"@type":"BreadcrumbList","@id":"https:\/\/www.sistemteknik.com\/ferrous\/en\/vacuum-furnaces\/#breadcrumb","itemListElement":[{"@type":"ListItem","position":1,"name":"Ana sayfa","item":"https:\/\/www.sistemteknik.com\/ferrous\/en\/anasayfa\/"},{"@type":"ListItem","position":2,"name":"Aichelin Vacuum Furnaces"}]},{"@type":"WebSite","@id":"https:\/\/www.sistemteknik.com\/ferrous\/#website","url":"https:\/\/www.sistemteknik.com\/ferrous\/","name":"Sistem Teknik Sanayi F\u0131r\u0131nlar\u0131 A.\u015e.","description":"","publisher":{"@id":"https:\/\/www.sistemteknik.com\/ferrous\/#organization"},"potentialAction":[{"@type":"SearchAction","target":{"@type":"EntryPoint","urlTemplate":"https:\/\/www.sistemteknik.com\/ferrous\/?s={search_term_string}"},"query-input":"required name=search_term_string"}],"inLanguage":"en-US"},{"@type":"Organization","@id":"https:\/\/www.sistemteknik.com\/ferrous\/#organization","name":"Sistem Teknik Sanayi F\u0131r\u0131nlar\u0131 A.\u015e.","url":"https:\/\/www.sistemteknik.com\/ferrous\/","logo":{"@type":"ImageObject","inLanguage":"en-US","@id":"https:\/\/www.sistemteknik.com\/ferrous\/#\/schema\/logo\/image\/","url":"https:\/\/www.sistemteknik.com\/ferrous\/wp-content\/uploads\/2022\/08\/logo2x-1.png","contentUrl":"https:\/\/www.sistemteknik.com\/ferrous\/wp-content\/uploads\/2022\/08\/logo2x-1.png","width":200,"height":140,"caption":"Sistem Teknik Sanayi F\u0131r\u0131nlar\u0131 A.\u015e."},"image":{"@id":"https:\/\/www.sistemteknik.com\/ferrous\/#\/schema\/logo\/image\/"},"sameAs":["https:\/\/www.facebook.com\/sistemteknikindustrialfurnace","https:\/\/www.linkedin.com\/company\/sistem-teknik-industrial-furnaces\/","https:\/\/www.instagram.com\/sistemteknikas\/"]},{"@type":"Person","@id":"https:\/\/www.sistemteknik.com\/ferrous\/#\/schema\/person\/75132085906856e76b395571c680f61e","name":"levent","image":{"@type":"ImageObject","inLanguage":"en-US","@id":"https:\/\/www.sistemteknik.com\/ferrous\/#\/schema\/person\/image\/","url":"https:\/\/secure.gravatar.com\/avatar\/0ac5caeef10db431ce4a54333c2e43fc?s=96&d=mm&r=g","contentUrl":"https:\/\/secure.gravatar.com\/avatar\/0ac5caeef10db431ce4a54333c2e43fc?s=96&d=mm&r=g","caption":"levent"},"url":"https:\/\/www.sistemteknik.com\/ferrous\/en\/author\/levent\/"}]}},"_links":{"self":[{"href":"https:\/\/www.sistemteknik.com\/ferrous\/en\/wp-json\/wp\/v2\/pages\/1302"}],"collection":[{"href":"https:\/\/www.sistemteknik.com\/ferrous\/en\/wp-json\/wp\/v2\/pages"}],"about":[{"href":"https:\/\/www.sistemteknik.com\/ferrous\/en\/wp-json\/wp\/v2\/types\/page"}],"author":[{"embeddable":true,"href":"https:\/\/www.sistemteknik.com\/ferrous\/en\/wp-json\/wp\/v2\/users\/2"}],"replies":[{"embeddable":true,"href":"https:\/\/www.sistemteknik.com\/ferrous\/en\/wp-json\/wp\/v2\/comments?post=1302"}],"version-history":[{"count":14,"href":"https:\/\/www.sistemteknik.com\/ferrous\/en\/wp-json\/wp\/v2\/pages\/1302\/revisions"}],"predecessor-version":[{"id":4526,"href":"https:\/\/www.sistemteknik.com\/ferrous\/en\/wp-json\/wp\/v2\/pages\/1302\/revisions\/4526"}],"wp:featuredmedia":[{"embeddable":true,"href":"https:\/\/www.sistemteknik.com\/ferrous\/en\/wp-json\/wp\/v2\/media\/647"}],"wp:attachment":[{"href":"https:\/\/www.sistemteknik.com\/ferrous\/en\/wp-json\/wp\/v2\/media?parent=1302"}],"curies":[{"name":"wp","href":"https:\/\/api.w.org\/{rel}","templated":true}]}}