{"id":1264,"date":"2019-10-08T13:22:04","date_gmt":"2019-10-08T10:22:04","guid":{"rendered":"https:\/\/www.sistemteknik.com\/ferrous\/?page_id=1264"},"modified":"2024-01-03T18:31:30","modified_gmt":"2024-01-03T15:31:30","slug":"gas-generators","status":"publish","type":"page","link":"https:\/\/www.sistemteknik.com\/ferrous\/en\/gas-generators\/","title":{"rendered":"Gas Generators"},"content":{"rendered":"<div class=\"wpb-content-wrapper\"><p>[vc_row][vc_column][vc_row_inner equal_height=&#8221;yes&#8221;][vc_column_inner width=&#8221;1\/2&#8243; css=&#8221;.vc_custom_1568128769143{margin-bottom: 0px !important;padding-bottom: 0px !important;}&#8221;][vc_column_text]Sistem Teknik Industrial Furnaces manufactures wide range of atmosphere generators, ranging from Endothermic Generator, Ammonia Crackers, Exothermic generator and Nitrogen-Methanol systems. All generators engineered by precision control of finish gas analysis with maximum operating reliability and economy.<\/p>\n<p><strong>Generator Types;<\/strong><\/p>\n<p><strong>Endothermic Gas Generator:<\/strong><\/p>\n<p>Capacity : 15 to 200 m\u00b3\/hour<\/p>\n<p><strong>Exothermic Gas Generator:<\/strong><\/p>\n<p>Capacity : 15 to 120 m\u00b3\/hour<\/p>\n<p><strong>Ammonia Cracker:<\/strong><\/p>\n<p>This unit is used for cracking of Ammonia to Hydrogen (%75) and Nitrogen(%25), with very low dew point out put gases.<\/p>\n<p>Capacity : 15 to 80 m\u00b3\/hour[\/vc_column_text][\/vc_column_inner][vc_column_inner width=&#8221;1\/2&#8243; css=&#8221;.vc_custom_1568128777852{margin-bottom: 0px !important;padding-bottom: 0px !important;}&#8221;][vc_gallery type=&#8221;flexslider_slide&#8221; interval=&#8221;0&#8243; images=&#8221;680,894&#8243; img_size=&#8221;full&#8221; onclick=&#8221;&#8221;][\/vc_column_inner][\/vc_row_inner][\/vc_column][vc_column width=&#8221;1\/2&#8243; css=&#8221;.vc_custom_1568128785919{padding-top: 0px !important;}&#8221;][vc_custom_heading text=&#8221;Product Features&#8221; use_theme_fonts=&#8221;yes&#8221;][vc_column_text]<\/p>\n<ul>\n<li>Simple structure requires easy and minimal maintenance work<\/li>\n<li>Low energy consumption due to efficient insulation<\/li>\n<li>Short heat up time<\/li>\n<li>Easy operation<\/li>\n<li>Easy output control<\/li>\n<li>Low cooling water consumption<\/li>\n<\/ul>\n<p>[\/vc_column_text][\/vc_column][vc_column width=&#8221;1\/2&#8243; css=&#8221;.vc_custom_1568128792680{padding-top: 0px !important;}&#8221;][vc_custom_heading text=&#8221;Technicial Specifications&#8221; use_theme_fonts=&#8221;yes&#8221;][vc_column_text]<strong>Volume % of Different Atmosphere Constituents<\/strong>[\/vc_column_text][vc_table vc_table_theme=&#8221;classic&#8221; el_class=&#8221;table-nowrap-first-column table-compact&#8221;]Method,N%E2%82%82,H%E2%82%82,CO,CO%E2%82%82,H%E2%82%82O,CH%E2%82%84|Exogas,79,7,5,8,0.5,%E2%80%93|Endogas,40,40,20,0.3,0.7,%E2%80%93|Monogas,87,7,5,0.05,0.05,%E2%80%93|Cracked%20Ammonia,25,75,%E2%80%93,%E2%80%93,%E2%80%93,%E2%80%93[\/vc_table][vc_btn title=&#8221;DOWNLOAD CATALOG&#8221; style=&#8221;outline-custom&#8221; outline_custom_color=&#8221;#cf291e&#8221; outline_custom_hover_background=&#8221;#cf291e&#8221; outline_custom_hover_text=&#8221;#ffffff&#8221; align=&#8221;left&#8221; i_icon_fontawesome=&#8221;fas fa-file-pdf&#8221; add_icon=&#8221;true&#8221; link=&#8221;url:https%3A%2F%2Fwww.sistemteknik.com%2Fferrous%2Fwp-content%2Fuploads%2F2019%2F03%2Fornek-pdf.pdf||target:%20_blank|&#8221;][\/vc_column][vc_column][vc_custom_heading text=&#8221;Request an Offer&#8221; use_theme_fonts=&#8221;yes&#8221;]\n<div class=\"wpcf7 no-js\" id=\"wpcf7-f1404-o1\" lang=\"en-US\" dir=\"ltr\">\n<div class=\"screen-reader-response\"><p role=\"status\" aria-live=\"polite\" aria-atomic=\"true\"><\/p> <ul><\/ul><\/div>\n<form action=\"\/ferrous\/en\/wp-json\/wp\/v2\/pages\/1264#wpcf7-f1404-o1\" method=\"post\" class=\"wpcf7-form init\" aria-label=\"Contact form\" novalidate=\"novalidate\" data-status=\"init\">\n<div style=\"display: none;\">\n<input type=\"hidden\" name=\"_wpcf7\" value=\"1404\" \/>\n<input type=\"hidden\" name=\"_wpcf7_version\" value=\"5.8.6\" \/>\n<input type=\"hidden\" name=\"_wpcf7_locale\" value=\"en_US\" \/>\n<input type=\"hidden\" name=\"_wpcf7_unit_tag\" value=\"wpcf7-f1404-o1\" \/>\n<input type=\"hidden\" name=\"_wpcf7_container_post\" value=\"0\" \/>\n<input type=\"hidden\" name=\"_wpcf7_posted_data_hash\" value=\"\" \/>\n<\/div>\n<div class=\"c-form o-layout\">\n\t<div class=\"o-layout__item u-1\/2@tablet\">\n\t\t<div class=\"c-form__group\">\n\t\t\t<p><span class=\"wpcf7-form-control-wrap\" data-name=\"adsoyad\"><input size=\"40\" class=\"wpcf7-form-control wpcf7-text wpcf7-validates-as-required c-form__input\" aria-required=\"true\" aria-invalid=\"false\" placeholder=\"Name*\" value=\"\" type=\"text\" name=\"adsoyad\" \/><\/span>\n\t\t\t<\/p>\n\t\t<\/div>\n\t\t<div class=\"c-form__group\">\n\t\t\t<p><span class=\"wpcf7-form-control-wrap\" data-name=\"eposta\"><input size=\"40\" class=\"wpcf7-form-control wpcf7-email wpcf7-validates-as-required wpcf7-text wpcf7-validates-as-email c-form__input\" aria-required=\"true\" aria-invalid=\"false\" placeholder=\"Email*\" value=\"\" type=\"email\" name=\"eposta\" \/><\/span>\n\t\t\t<\/p>\n\t\t<\/div>\n\t\t<div class=\"c-form__group\">\n\t\t\t<p><span class=\"wpcf7-form-control-wrap\" data-name=\"telefon\"><input size=\"40\" class=\"wpcf7-form-control wpcf7-text wpcf7-validates-as-required c-form__input\" aria-required=\"true\" aria-invalid=\"false\" placeholder=\"Phone*\" value=\"\" type=\"text\" name=\"telefon\" \/><\/span>\n\t\t\t<\/p>\n\t\t<\/div>\n\t\t<div class=\"c-form__group\">\n\t\t\t<p><span class=\"wpcf7-form-control-wrap\" data-name=\"firma\"><input size=\"40\" class=\"wpcf7-form-control wpcf7-text c-form__input\" aria-invalid=\"false\" placeholder=\"Company\" value=\"\" type=\"text\" name=\"firma\" \/><\/span>\n\t\t\t<\/p>\n\t\t<\/div>\n\t\t<div class=\"c-form__group\">\n\t\t\t<p><span class=\"wpcf7-form-control-wrap\" data-name=\"adres\"><textarea cols=\"40\" rows=\"2\" class=\"wpcf7-form-control wpcf7-textarea c-form__input\" aria-invalid=\"false\" placeholder=\"Address\" name=\"adres\"><\/textarea><\/span>\n\t\t\t<\/p>\n\t\t<\/div>\n\t<\/div>\n\t<div class=\"o-layout__item u-1\/2@tablet\">\n\t\t<div class=\"c-form__group\">\n\t\t\t<p><span class=\"wpcf7-form-control-wrap\" data-name=\"mesaj\"><textarea cols=\"40\" rows=\"19\" class=\"wpcf7-form-control wpcf7-textarea c-form__input\" aria-invalid=\"false\" placeholder=\"Message\" name=\"mesaj\"><\/textarea><\/span>\n\t\t\t<\/p>\n\t\t<\/div>\n\t<\/div>\n\t<div class=\"o-layout__item\">\n\t\t<div class=\"c-form__group u-align-right\">\n\t\t\t<p><input class=\"wpcf7-form-control wpcf7-submit has-spinner c-form__submit\" type=\"submit\" value=\"Send\" \/>\n\t\t\t<\/p>\n\t\t<\/div>\n\t<\/div>\n<\/div><p style=\"display: none !important;\" class=\"akismet-fields-container\" data-prefix=\"_wpcf7_ak_\"><label>&#916;<textarea name=\"_wpcf7_ak_hp_textarea\" cols=\"45\" rows=\"8\" maxlength=\"100\"><\/textarea><\/label><input type=\"hidden\" id=\"ak_js_1\" name=\"_wpcf7_ak_js\" value=\"22\"\/><script>document.getElementById( \"ak_js_1\" ).setAttribute( \"value\", ( new Date() ).getTime() );<\/script><\/p><div class=\"wpcf7-response-output\" aria-hidden=\"true\"><\/div>\n<\/form>\n<\/div>\n[\/vc_column][\/vc_row]<\/p>\n<\/div>","protected":false},"excerpt":{"rendered":"<p>[vc_row][vc_column][vc_row_inner equal_height=&#8221;yes&#8221;][vc_column_inner width=&#8221;1\/2&#8243; css=&#8221;.vc_custom_1568128769143{margin-bottom: 0px !important;padding-bottom: 0px !important;}&#8221;][vc_column_text]Sistem Teknik Industrial [&hellip;]<\/p>\n","protected":false},"author":2,"featured_media":3475,"parent":0,"menu_order":51,"comment_status":"closed","ping_status":"closed","template":"","meta":{"footnotes":""},"acf":[],"yoast_head":"<!-- This site is optimized with the Yoast SEO plugin v21.8.1 - https:\/\/yoast.com\/wordpress\/plugins\/seo\/ -->\n<title>Gas Generators - Endothermic, Exothermic, Ammonia | SistemTeknik<\/title>\n<meta name=\"description\" content=\"Gas generators are at Sistemteknik.com. Request an offer for endogas, exogas, and ammonia crusher generators that will take your heat treatment to the next level!\" \/>\n<meta name=\"robots\" content=\"index, follow, max-snippet:-1, max-image-preview:large, max-video-preview:-1\" \/>\n<link rel=\"canonical\" href=\"https:\/\/www.sistemteknik.com\/ferrous\/en\/gas-generators\/\" \/>\n<meta property=\"og:locale\" content=\"en_US\" \/>\n<meta property=\"og:type\" content=\"article\" \/>\n<meta property=\"og:title\" content=\"Gas Generators - Endothermic, Exothermic, Ammonia | SistemTeknik\" \/>\n<meta property=\"og:description\" content=\"Gas generators are at Sistemteknik.com. Request an offer for endogas, exogas, and ammonia crusher generators that will take your heat treatment to the next level!\" \/>\n<meta property=\"og:url\" content=\"https:\/\/www.sistemteknik.com\/ferrous\/en\/gas-generators\/\" \/>\n<meta property=\"og:site_name\" content=\"Sistem Teknik Sanayi F\u0131r\u0131nlar\u0131 A.\u015e.\" \/>\n<meta property=\"article:publisher\" content=\"https:\/\/www.facebook.com\/sistemteknikindustrialfurnace\" \/>\n<meta property=\"article:modified_time\" content=\"2024-01-03T15:31:30+00:00\" \/>\n<meta property=\"og:image\" content=\"https:\/\/www.sistemteknik.com\/ferrous\/wp-content\/uploads\/2022\/09\/gaz-jeneratorleri.jpg\" \/>\n\t<meta property=\"og:image:width\" content=\"1500\" \/>\n\t<meta property=\"og:image:height\" content=\"2250\" \/>\n\t<meta property=\"og:image:type\" content=\"image\/jpeg\" \/>\n<meta name=\"twitter:card\" content=\"summary_large_image\" \/>\n<meta name=\"twitter:label1\" content=\"Est. reading time\" \/>\n\t<meta name=\"twitter:data1\" content=\"2 minutes\" \/>\n<script type=\"application\/ld+json\" class=\"yoast-schema-graph\">{\"@context\":\"https:\/\/schema.org\",\"@graph\":[{\"@type\":\"TechArticle\",\"@id\":\"https:\/\/www.sistemteknik.com\/ferrous\/en\/gas-generators\/#article\",\"isPartOf\":{\"@id\":\"https:\/\/www.sistemteknik.com\/ferrous\/en\/gas-generators\/\"},\"author\":{\"name\":\"levent\",\"@id\":\"https:\/\/www.sistemteknik.com\/ferrous\/#\/schema\/person\/75132085906856e76b395571c680f61e\"},\"headline\":\"Gas Generators\",\"datePublished\":\"2019-10-08T10:22:04+00:00\",\"dateModified\":\"2024-01-03T15:31:30+00:00\",\"mainEntityOfPage\":{\"@id\":\"https:\/\/www.sistemteknik.com\/ferrous\/en\/gas-generators\/\"},\"wordCount\":338,\"publisher\":{\"@id\":\"https:\/\/www.sistemteknik.com\/ferrous\/#organization\"},\"inLanguage\":\"en-US\"},{\"@type\":[\"WebPage\",\"ItemPage\"],\"@id\":\"https:\/\/www.sistemteknik.com\/ferrous\/en\/gas-generators\/\",\"url\":\"https:\/\/www.sistemteknik.com\/ferrous\/en\/gas-generators\/\",\"name\":\"Gas Generators - Endothermic, Exothermic, Ammonia | SistemTeknik\",\"isPartOf\":{\"@id\":\"https:\/\/www.sistemteknik.com\/ferrous\/#website\"},\"datePublished\":\"2019-10-08T10:22:04+00:00\",\"dateModified\":\"2024-01-03T15:31:30+00:00\",\"description\":\"Gas generators are at Sistemteknik.com. Request an offer for endogas, exogas, and ammonia crusher generators that will take your heat treatment to the next level!\",\"breadcrumb\":{\"@id\":\"https:\/\/www.sistemteknik.com\/ferrous\/en\/gas-generators\/#breadcrumb\"},\"inLanguage\":\"en-US\",\"potentialAction\":[{\"@type\":\"ReadAction\",\"target\":[\"https:\/\/www.sistemteknik.com\/ferrous\/en\/gas-generators\/\"]}]},{\"@type\":\"BreadcrumbList\",\"@id\":\"https:\/\/www.sistemteknik.com\/ferrous\/en\/gas-generators\/#breadcrumb\",\"itemListElement\":[{\"@type\":\"ListItem\",\"position\":1,\"name\":\"Ana sayfa\",\"item\":\"https:\/\/www.sistemteknik.com\/ferrous\/en\/anasayfa\/\"},{\"@type\":\"ListItem\",\"position\":2,\"name\":\"Gas Generators\"}]},{\"@type\":\"WebSite\",\"@id\":\"https:\/\/www.sistemteknik.com\/ferrous\/#website\",\"url\":\"https:\/\/www.sistemteknik.com\/ferrous\/\",\"name\":\"Sistem Teknik Sanayi F\u0131r\u0131nlar\u0131 A.\u015e.\",\"description\":\"\",\"publisher\":{\"@id\":\"https:\/\/www.sistemteknik.com\/ferrous\/#organization\"},\"potentialAction\":[{\"@type\":\"SearchAction\",\"target\":{\"@type\":\"EntryPoint\",\"urlTemplate\":\"https:\/\/www.sistemteknik.com\/ferrous\/?s={search_term_string}\"},\"query-input\":\"required name=search_term_string\"}],\"inLanguage\":\"en-US\"},{\"@type\":\"Organization\",\"@id\":\"https:\/\/www.sistemteknik.com\/ferrous\/#organization\",\"name\":\"Sistem Teknik Sanayi F\u0131r\u0131nlar\u0131 A.\u015e.\",\"url\":\"https:\/\/www.sistemteknik.com\/ferrous\/\",\"logo\":{\"@type\":\"ImageObject\",\"inLanguage\":\"en-US\",\"@id\":\"https:\/\/www.sistemteknik.com\/ferrous\/#\/schema\/logo\/image\/\",\"url\":\"https:\/\/www.sistemteknik.com\/ferrous\/wp-content\/uploads\/2022\/08\/logo2x-1.png\",\"contentUrl\":\"https:\/\/www.sistemteknik.com\/ferrous\/wp-content\/uploads\/2022\/08\/logo2x-1.png\",\"width\":200,\"height\":140,\"caption\":\"Sistem Teknik Sanayi F\u0131r\u0131nlar\u0131 A.\u015e.\"},\"image\":{\"@id\":\"https:\/\/www.sistemteknik.com\/ferrous\/#\/schema\/logo\/image\/\"},\"sameAs\":[\"https:\/\/www.facebook.com\/sistemteknikindustrialfurnace\",\"https:\/\/www.linkedin.com\/company\/sistem-teknik-industrial-furnaces\/\",\"https:\/\/www.instagram.com\/sistemteknikas\/\"]},{\"@type\":\"Person\",\"@id\":\"https:\/\/www.sistemteknik.com\/ferrous\/#\/schema\/person\/75132085906856e76b395571c680f61e\",\"name\":\"levent\",\"image\":{\"@type\":\"ImageObject\",\"inLanguage\":\"en-US\",\"@id\":\"https:\/\/www.sistemteknik.com\/ferrous\/#\/schema\/person\/image\/\",\"url\":\"https:\/\/secure.gravatar.com\/avatar\/0ac5caeef10db431ce4a54333c2e43fc?s=96&d=mm&r=g\",\"contentUrl\":\"https:\/\/secure.gravatar.com\/avatar\/0ac5caeef10db431ce4a54333c2e43fc?s=96&d=mm&r=g\",\"caption\":\"levent\"},\"url\":\"https:\/\/www.sistemteknik.com\/ferrous\/en\/author\/levent\/\"}]}<\/script>\n<!-- \/ Yoast SEO plugin. -->","yoast_head_json":{"title":"Gas Generators - Endothermic, Exothermic, Ammonia | SistemTeknik","description":"Gas generators are at Sistemteknik.com. Request an offer for endogas, exogas, and ammonia crusher generators that will take your heat treatment to the next level!","robots":{"index":"index","follow":"follow","max-snippet":"max-snippet:-1","max-image-preview":"max-image-preview:large","max-video-preview":"max-video-preview:-1"},"canonical":"https:\/\/www.sistemteknik.com\/ferrous\/en\/gas-generators\/","og_locale":"en_US","og_type":"article","og_title":"Gas Generators - Endothermic, Exothermic, Ammonia | SistemTeknik","og_description":"Gas generators are at Sistemteknik.com. Request an offer for endogas, exogas, and ammonia crusher generators that will take your heat treatment to the next level!","og_url":"https:\/\/www.sistemteknik.com\/ferrous\/en\/gas-generators\/","og_site_name":"Sistem Teknik Sanayi F\u0131r\u0131nlar\u0131 A.\u015e.","article_publisher":"https:\/\/www.facebook.com\/sistemteknikindustrialfurnace","article_modified_time":"2024-01-03T15:31:30+00:00","og_image":[{"width":1500,"height":2250,"url":"https:\/\/www.sistemteknik.com\/ferrous\/wp-content\/uploads\/2022\/09\/gaz-jeneratorleri.jpg","type":"image\/jpeg"}],"twitter_card":"summary_large_image","twitter_misc":{"Est. reading time":"2 minutes"},"schema":{"@context":"https:\/\/schema.org","@graph":[{"@type":"TechArticle","@id":"https:\/\/www.sistemteknik.com\/ferrous\/en\/gas-generators\/#article","isPartOf":{"@id":"https:\/\/www.sistemteknik.com\/ferrous\/en\/gas-generators\/"},"author":{"name":"levent","@id":"https:\/\/www.sistemteknik.com\/ferrous\/#\/schema\/person\/75132085906856e76b395571c680f61e"},"headline":"Gas Generators","datePublished":"2019-10-08T10:22:04+00:00","dateModified":"2024-01-03T15:31:30+00:00","mainEntityOfPage":{"@id":"https:\/\/www.sistemteknik.com\/ferrous\/en\/gas-generators\/"},"wordCount":338,"publisher":{"@id":"https:\/\/www.sistemteknik.com\/ferrous\/#organization"},"inLanguage":"en-US"},{"@type":["WebPage","ItemPage"],"@id":"https:\/\/www.sistemteknik.com\/ferrous\/en\/gas-generators\/","url":"https:\/\/www.sistemteknik.com\/ferrous\/en\/gas-generators\/","name":"Gas Generators - Endothermic, Exothermic, Ammonia | SistemTeknik","isPartOf":{"@id":"https:\/\/www.sistemteknik.com\/ferrous\/#website"},"datePublished":"2019-10-08T10:22:04+00:00","dateModified":"2024-01-03T15:31:30+00:00","description":"Gas generators are at Sistemteknik.com. Request an offer for endogas, exogas, and ammonia crusher generators that will take your heat treatment to the next level!","breadcrumb":{"@id":"https:\/\/www.sistemteknik.com\/ferrous\/en\/gas-generators\/#breadcrumb"},"inLanguage":"en-US","potentialAction":[{"@type":"ReadAction","target":["https:\/\/www.sistemteknik.com\/ferrous\/en\/gas-generators\/"]}]},{"@type":"BreadcrumbList","@id":"https:\/\/www.sistemteknik.com\/ferrous\/en\/gas-generators\/#breadcrumb","itemListElement":[{"@type":"ListItem","position":1,"name":"Ana sayfa","item":"https:\/\/www.sistemteknik.com\/ferrous\/en\/anasayfa\/"},{"@type":"ListItem","position":2,"name":"Gas Generators"}]},{"@type":"WebSite","@id":"https:\/\/www.sistemteknik.com\/ferrous\/#website","url":"https:\/\/www.sistemteknik.com\/ferrous\/","name":"Sistem Teknik Sanayi F\u0131r\u0131nlar\u0131 A.\u015e.","description":"","publisher":{"@id":"https:\/\/www.sistemteknik.com\/ferrous\/#organization"},"potentialAction":[{"@type":"SearchAction","target":{"@type":"EntryPoint","urlTemplate":"https:\/\/www.sistemteknik.com\/ferrous\/?s={search_term_string}"},"query-input":"required name=search_term_string"}],"inLanguage":"en-US"},{"@type":"Organization","@id":"https:\/\/www.sistemteknik.com\/ferrous\/#organization","name":"Sistem Teknik Sanayi F\u0131r\u0131nlar\u0131 A.\u015e.","url":"https:\/\/www.sistemteknik.com\/ferrous\/","logo":{"@type":"ImageObject","inLanguage":"en-US","@id":"https:\/\/www.sistemteknik.com\/ferrous\/#\/schema\/logo\/image\/","url":"https:\/\/www.sistemteknik.com\/ferrous\/wp-content\/uploads\/2022\/08\/logo2x-1.png","contentUrl":"https:\/\/www.sistemteknik.com\/ferrous\/wp-content\/uploads\/2022\/08\/logo2x-1.png","width":200,"height":140,"caption":"Sistem Teknik Sanayi F\u0131r\u0131nlar\u0131 A.\u015e."},"image":{"@id":"https:\/\/www.sistemteknik.com\/ferrous\/#\/schema\/logo\/image\/"},"sameAs":["https:\/\/www.facebook.com\/sistemteknikindustrialfurnace","https:\/\/www.linkedin.com\/company\/sistem-teknik-industrial-furnaces\/","https:\/\/www.instagram.com\/sistemteknikas\/"]},{"@type":"Person","@id":"https:\/\/www.sistemteknik.com\/ferrous\/#\/schema\/person\/75132085906856e76b395571c680f61e","name":"levent","image":{"@type":"ImageObject","inLanguage":"en-US","@id":"https:\/\/www.sistemteknik.com\/ferrous\/#\/schema\/person\/image\/","url":"https:\/\/secure.gravatar.com\/avatar\/0ac5caeef10db431ce4a54333c2e43fc?s=96&d=mm&r=g","contentUrl":"https:\/\/secure.gravatar.com\/avatar\/0ac5caeef10db431ce4a54333c2e43fc?s=96&d=mm&r=g","caption":"levent"},"url":"https:\/\/www.sistemteknik.com\/ferrous\/en\/author\/levent\/"}]}},"_links":{"self":[{"href":"https:\/\/www.sistemteknik.com\/ferrous\/en\/wp-json\/wp\/v2\/pages\/1264"}],"collection":[{"href":"https:\/\/www.sistemteknik.com\/ferrous\/en\/wp-json\/wp\/v2\/pages"}],"about":[{"href":"https:\/\/www.sistemteknik.com\/ferrous\/en\/wp-json\/wp\/v2\/types\/page"}],"author":[{"embeddable":true,"href":"https:\/\/www.sistemteknik.com\/ferrous\/en\/wp-json\/wp\/v2\/users\/2"}],"replies":[{"embeddable":true,"href":"https:\/\/www.sistemteknik.com\/ferrous\/en\/wp-json\/wp\/v2\/comments?post=1264"}],"version-history":[{"count":1,"href":"https:\/\/www.sistemteknik.com\/ferrous\/en\/wp-json\/wp\/v2\/pages\/1264\/revisions"}],"predecessor-version":[{"id":3954,"href":"https:\/\/www.sistemteknik.com\/ferrous\/en\/wp-json\/wp\/v2\/pages\/1264\/revisions\/3954"}],"wp:featuredmedia":[{"embeddable":true,"href":"https:\/\/www.sistemteknik.com\/ferrous\/en\/wp-json\/wp\/v2\/media\/3475"}],"wp:attachment":[{"href":"https:\/\/www.sistemteknik.com\/ferrous\/en\/wp-json\/wp\/v2\/media?parent=1264"}],"curies":[{"name":"wp","href":"https:\/\/api.w.org\/{rel}","templated":true}]}}