{"id":1028,"date":"2018-12-10T19:41:38","date_gmt":"2018-12-10T16:41:38","guid":{"rendered":"https:\/\/www.sistemteknik.com\/ferrous\/anasayfa\/"},"modified":"2025-11-03T08:42:48","modified_gmt":"2025-11-03T05:42:48","slug":"anasayfa","status":"publish","type":"page","link":"https:\/\/www.sistemteknik.com\/ferrous\/en\/","title":{"rendered":"Home"},"content":{"rendered":"<div class=\"wpb-content-wrapper\"><p>[vc_row full_width=&#8221;stretch_row_content_no_spaces&#8221; el_class=&#8221;pulled-section&#8221;][vc_column css=&#8221;.vc_custom_1544374678670{padding-top: 0px !important;padding-bottom: 0px !important;}&#8221;][vc_single_image image=&#8221;3921&#8243; img_size=&#8221;full&#8221; css_animation=&#8221;fadeIn&#8221; el_class=&#8221;u-full&#8221;][\/vc_column][\/vc_row][vc_row full_width=&#8221;stretch_row&#8221; css=&#8221;.vc_custom_1544441112532{background: #2c353d url(https:\/\/www.sistemteknik.com\/ferrous\/wp-content\/uploads\/2018\/12\/house-wire-model-fade-white-v2.png?id=369) !important;background-position: center !important;background-repeat: no-repeat !important;background-size: cover !important;}&#8221; el_class=&#8221;request-a-quote request-a-quote&#8211;v2&#8243;][vc_column css=&#8221;.vc_custom_1544441193063{padding-top: 45px !important;padding-bottom: 45px !important;}&#8221;][vc_custom_heading text=&#8221;Sistem Teknik is one of the world\u2019s leading manufacturers of industrial furnaces&#8221; font_container=&#8221;tag:h2|font_size:20px|text_align:center|color:%23ffffff|line_height:36px&#8221; use_theme_fonts=&#8221;yes&#8221; css_animation=&#8221;fadeIn&#8221; el_class=&#8221;c-home-text&#8221;][\/vc_column][\/vc_row][vc_row full_width=&#8221;stretch_row&#8221; gap=&#8221;35&#8243; equal_height=&#8221;yes&#8221; content_placement=&#8221;middle&#8221; css=&#8221;.vc_custom_1753338827262{margin-right: 0px !important;margin-left: 0px !important;padding-right: 50px !important;padding-left: 50px !important;}&#8221;][vc_column][vc_row_inner gap=&#8221;25&#8243;][vc_column_inner el_class=&#8221;equal-column&#8221; width=&#8221;1\/2&#8243; offset=&#8221;vc_hidden-xs&#8221;][vc_single_image image=&#8221;4404&#8243; img_size=&#8221;full&#8221; style=&#8221;vc_box_rounded&#8221; css_animation=&#8221;fadeInLeft&#8221;][vc_column_text css_animation=&#8221;fadeInLeft&#8221;]<\/p>\n<h2 style=\"text-align: center;\"><strong><span style=\"color: #000000;\">Vacuum Furnaces<\/span>\u00a0<\/strong><\/h2>\n<p>Vacuum hardening furnaces are used in industrial sectors such asaviation, aerospace, energy, tooling, die and mold, automotive,medical industries and heat treatment companies.<\/p>\n<p>AICHELIN offers solutions for vacuum heat treatment in full compliancewith international standards such as AMS 2750, ASTM, NADCAP,NADCA CQI-9 etc.[\/vc_column_text][\/vc_column_inner][vc_column_inner el_class=&#8221;equal-column&#8221; width=&#8221;1\/2&#8243; offset=&#8221;vc_hidden-xs&#8221;][vc_single_image image=&#8221;4397&#8243; img_size=&#8221;full&#8221; alignment=&#8221;center&#8221; style=&#8221;vc_box_rounded&#8221; css_animation=&#8221;fadeInRight&#8221;][vc_column_text css_animation=&#8221;fadeInRight&#8221;]<\/p>\n<h2 style=\"text-align: center;\"><strong><span style=\"color: #000000;\">Defense Industry Furnaces<\/span>\u00a0<\/strong><\/h2>\n<p><span data-contrast=\"auto\">We design and manufacture precision and reliable heat treatment furnaces and facilities that meet the high standards and strict requirements of the defense industry.<\/span> <span data-contrast=\"auto\">From <\/span><span data-contrast=\"auto\">heat treatment furnaces<\/span><span data-contrast=\"auto\"> for ammunition<\/span> <span data-contrast=\"auto\">structure <\/span><span data-contrast=\"auto\">production to composite <\/span><span data-contrast=\"auto\">material <\/span><span data-contrast=\"auto\">manufacturing, we offer customized solutions including <\/span><span data-contrast=\"auto\">pressured treated furnaces<\/span><span data-contrast=\"auto\">, <\/span><b><span data-contrast=\"auto\">composite curing<\/span><\/b><span data-contrast=\"auto\">, <\/span><b><span data-contrast=\"auto\">stress relieving<\/span><\/b><span data-contrast=\"auto\">, <\/span><b><span data-contrast=\"auto\">hardening<\/span><\/b><span data-contrast=\"auto\">, and <\/span><b><span data-contrast=\"auto\">special production <\/span><\/b><b><span data-contrast=\"auto\">heat treatment <\/span><\/b><b><span data-contrast=\"auto\">lines<\/span><\/b><span data-contrast=\"auto\">.<\/span><span data-ccp-props=\"{&quot;134233117&quot;:true,&quot;134233118&quot;:true}\">\u00a0<\/span>[\/vc_column_text][\/vc_column_inner][\/vc_row_inner][vc_row_inner gap=&#8221;25&#8243;][vc_column_inner el_class=&#8221;equal-column&#8221; width=&#8221;1\/2&#8243; offset=&#8221;vc_hidden-lg vc_hidden-md vc_hidden-sm&#8221;][vc_single_image image=&#8221;4404&#8243; img_size=&#8221;full&#8221; style=&#8221;vc_box_rounded&#8221; css_animation=&#8221;fadeInLeft&#8221;][vc_column_text css_animation=&#8221;fadeInLeft&#8221;]<\/p>\n<h2 style=\"text-align: center;\"><strong><span style=\"color: #000000;\">Vacuum Furnaces<\/span>\u00a0<\/strong><\/h2>\n<p>Vacuum hardening furnaces are used in industrial sectors such asaviation, aerospace, energy, tooling, die and mold, automotive,medical industries and heat treatment companies.<\/p>\n<p>AICHELIN offers solutions for vacuum heat treatment in full compliancewith international standards such as AMS 2750, ASTM, NADCAP,NADCA CQI-9 etc.[\/vc_column_text][vc_btn title=&#8221;Read More&#8221; style=&#8221;custom&#8221; custom_background=&#8221;#cf291e&#8221; custom_text=&#8221;#ffffff&#8221; shape=&#8221;round&#8221; size=&#8221;lg&#8221; align=&#8221;center&#8221; css_animation=&#8221;fadeInUp&#8221; button_block=&#8221;true&#8221; link=&#8221;url:https%3A%2F%2Fwww.sistemteknik.com%2Fferrous%2Fen%2Fvacuum-furnaces%2F|title:Vakum%20F%C4%B1r%C4%B1nlar%C4%B1&#8243;][\/vc_column_inner][vc_column_inner el_class=&#8221;equal-column&#8221; width=&#8221;1\/2&#8243; offset=&#8221;vc_hidden-lg vc_hidden-md vc_hidden-sm&#8221;][vc_single_image image=&#8221;4398&#8243; img_size=&#8221;full&#8221; alignment=&#8221;center&#8221; style=&#8221;vc_box_rounded&#8221; css_animation=&#8221;fadeInRight&#8221;][vc_column_text css_animation=&#8221;fadeInRight&#8221; css=&#8221;.vc_custom_1754628689741{padding-top: 0px !important;padding-right: 0px !important;padding-left: 0px !important;}&#8221;]<span data-contrast=\"auto\">\u00a0 \u00a0 \u00a0We design and manufacture precision and reliable heat treatment furnaces and facilities that meet the high standards and strict requirements of the defense industry.<\/span><span data-ccp-props=\"{&quot;134233117&quot;:true,&quot;134233118&quot;:true}\">\u00a0<\/span><span data-contrast=\"auto\">From <\/span><span data-contrast=\"auto\">heat treatment furnaces<\/span><span data-contrast=\"auto\"> for ammunition<\/span> <span data-contrast=\"auto\">structure <\/span><span data-contrast=\"auto\">production to composite <\/span><span data-contrast=\"auto\">material <\/span><span data-contrast=\"auto\">manufacturing, we offer customized solutions including <\/span><span data-contrast=\"auto\">pressured treated furnaces<\/span><span data-contrast=\"auto\">, <\/span><b><span data-contrast=\"auto\">composite curing<\/span><\/b><span data-contrast=\"auto\">, <\/span><b><span data-contrast=\"auto\">stress relieving<\/span><\/b><span data-contrast=\"auto\">, <\/span><b><span data-contrast=\"auto\">hardening<\/span><\/b><span data-contrast=\"auto\">, and <\/span><b><span data-contrast=\"auto\">special production <\/span><\/b><b><span data-contrast=\"auto\">heat treatment <\/span><\/b><b><span data-contrast=\"auto\">lines<\/span><\/b><span data-contrast=\"auto\">.<\/span><span data-ccp-props=\"{&quot;134233117&quot;:true,&quot;134233118&quot;:true}\">\u00a0<\/span><\/p>\n<p><span data-contrast=\"auto\">\u00a0 \u00a0 \u00a0Thanks to our flexible design capabilities in <\/span><b><span data-contrast=\"auto\">car-bottom<\/span><\/b><span data-contrast=\"auto\">, <\/span><b><span data-contrast=\"auto\">pit-type<\/span><\/b><span data-contrast=\"auto\">, <\/span><b><span data-contrast=\"auto\">chamber-type<\/span><\/b><span data-contrast=\"auto\">, and <\/span><b><span data-contrast=\"auto\">continuous <\/span><\/b><span data-contrast=\"auto\">systems, we develop tailor-made solutions for each project.<\/span><span data-ccp-props=\"{&quot;134233117&quot;:true,&quot;134233118&quot;:true}\">\u00a0<\/span><span data-contrast=\"auto\">For critical applications, our engineering expertise ensures <\/span><b><span data-contrast=\"auto\">maximum safety<\/span><\/b><span data-contrast=\"auto\">, <\/span><b><span data-contrast=\"auto\">high efficiency<\/span><\/b><span data-contrast=\"auto\">, and <\/span><b><span data-contrast=\"auto\">long service life<\/span><\/b><span data-contrast=\"auto\">.<\/span><span data-ccp-props=\"{&quot;134233117&quot;:true,&quot;134233118&quot;:true}\">\u00a0<\/span>[\/vc_column_text][vc_btn title=&#8221;Read More&#8221; style=&#8221;custom&#8221; custom_background=&#8221;#cf291e&#8221; custom_text=&#8221;#ffffff&#8221; shape=&#8221;round&#8221; size=&#8221;lg&#8221; align=&#8221;center&#8221; css_animation=&#8221;fadeInUp&#8221; button_block=&#8221;true&#8221; link=&#8221;url:https%3A%2F%2Fwww.sistemteknik.com%2Fferrous%2Fen%2Fdefense-industry-furnaces%2F|title:Defense%20Industry%20Furnaces&#8221;][\/vc_column_inner][\/vc_row_inner][vc_row_inner gap=&#8221;25&#8243;][vc_column_inner width=&#8221;1\/2&#8243; offset=&#8221;vc_hidden-xs&#8221;][vc_btn title=&#8221;Read More&#8221; style=&#8221;custom&#8221; custom_background=&#8221;#cf291e&#8221; custom_text=&#8221;#ffffff&#8221; shape=&#8221;round&#8221; size=&#8221;lg&#8221; align=&#8221;center&#8221; css_animation=&#8221;fadeInUp&#8221; button_block=&#8221;true&#8221; link=&#8221;url:https%3A%2F%2Fwww.sistemteknik.com%2Fferrous%2Fen%2Fvacuum-furnaces%2F|title:Vakum%20F%C4%B1r%C4%B1nlar%C4%B1&#8243;][\/vc_column_inner][vc_column_inner width=&#8221;1\/2&#8243; offset=&#8221;vc_hidden-xs&#8221;][vc_btn title=&#8221;Read More&#8221; style=&#8221;custom&#8221; custom_background=&#8221;#cf291e&#8221; custom_text=&#8221;#ffffff&#8221; shape=&#8221;round&#8221; size=&#8221;lg&#8221; align=&#8221;center&#8221; css_animation=&#8221;fadeInUp&#8221; button_block=&#8221;true&#8221; link=&#8221;url:https%3A%2F%2Fwww.sistemteknik.com%2Fferrous%2Fen%2Fdefense-industry-furnaces%2F|title:Defense%20Industry%20Furnaces&#8221;][\/vc_column_inner][\/vc_row_inner][\/vc_column][\/vc_row][vc_row full_width=&#8221;stretch_row&#8221; gap=&#8221;35&#8243; equal_height=&#8221;yes&#8221; content_placement=&#8221;middle&#8221; css=&#8221;.vc_custom_1753338827262{margin-right: 0px !important;margin-left: 0px !important;padding-right: 50px !important;padding-left: 50px !important;}&#8221;][vc_column][vc_row_inner gap=&#8221;25&#8243;][vc_column_inner el_class=&#8221;equal-column&#8221; width=&#8221;1\/2&#8243; offset=&#8221;vc_hidden-xs&#8221;][vc_single_image image=&#8221;2715&#8243; img_size=&#8221;full&#8221; style=&#8221;vc_box_rounded&#8221; css_animation=&#8221;fadeInLeft&#8221;][vc_column_text css_animation=&#8221;fadeInLeft&#8221;]<\/p>\n<h2 style=\"text-align: center;\"><span style=\"color: #000000;\">Yang\u0131n Test F\u0131r\u0131nlar\u0131<\/span><\/h2>\n<p>Duvar, zemin, kap\u0131, pencere, Kiri\u015f Kolon ve benzeri yap\u0131 bile\u015fenlerinin ve yap\u0131 malzemelerinin dikey veya yatay d\u00fczlemde yang\u0131na kar\u015f\u0131 dayan\u0131m ve duman s\u0131zd\u0131rmazl\u0131k testlerinin ger\u00e7ekle\u015ftirilmesi amac\u0131 ile dizayn edilen f\u0131r\u0131nlard\u0131r.[\/vc_column_text][\/vc_column_inner][vc_column_inner el_class=&#8221;equal-column&#8221; width=&#8221;1\/2&#8243; offset=&#8221;vc_hidden-xs&#8221;][vc_single_image image=&#8221;4533&#8243; img_size=&#8221;full&#8221; alignment=&#8221;center&#8221; style=&#8221;vc_box_rounded&#8221; css_animation=&#8221;fadeInRight&#8221;][vc_column_text css_animation=&#8221;fadeInRight&#8221;]<\/p>\n<h2 style=\"text-align: center;\"><span style=\"color: #000000;\">Transformer Drying Furnaces<\/span><\/h2>\n<p>Furnaces for the transformer industry, designed for the process of drying transformers under vacuum. By improving the product quality with its competent and homogenous heating system, it shortens the production time and contributes directly to the production.[\/vc_column_text][\/vc_column_inner][\/vc_row_inner][vc_row_inner gap=&#8221;25&#8243;][vc_column_inner el_class=&#8221;equal-column&#8221; width=&#8221;1\/2&#8243; offset=&#8221;vc_hidden-lg vc_hidden-md vc_hidden-sm&#8221;][vc_single_image image=&#8221;2715&#8243; img_size=&#8221;full&#8221; style=&#8221;vc_box_rounded&#8221; css_animation=&#8221;fadeInLeft&#8221;][vc_column_text css_animation=&#8221;fadeInLeft&#8221;]<\/p>\n<h2 style=\"text-align: center;\"><span style=\"color: #000000;\">Fire Testing Furnaces<\/span><\/h2>\n<p>Sistem Teknik Fire Resistance Test Furnaces are the choice of the leading laboratories globally. Test furnaces are manufactured specially for performance of maximum resistance and smoke-tightness tests to be ensured and certified against fire on vertical and horizontal planes for the most important components of a building such as doors, columns, beams and walls. Sistem Teknik considers the standards as well as customer requirements and needs, and thus is preferred by many fire test laboratories in various countries of the world.[\/vc_column_text][vc_btn title=&#8221;Read More&#8221; style=&#8221;custom&#8221; custom_background=&#8221;#cf291e&#8221; custom_text=&#8221;#ffffff&#8221; shape=&#8221;round&#8221; size=&#8221;lg&#8221; align=&#8221;center&#8221; css_animation=&#8221;fadeInUp&#8221; button_block=&#8221;true&#8221; link=&#8221;url:https%3A%2F%2Fwww.sistemteknik.com%2Fferrous%2Fen%2Ffire-test-furnaces%2F|title:Fire%20Testing%20Furnaces&#8221;][\/vc_column_inner][vc_column_inner el_class=&#8221;equal-column&#8221; width=&#8221;1\/2&#8243; offset=&#8221;vc_hidden-lg vc_hidden-md vc_hidden-sm&#8221;][vc_single_image image=&#8221;4533&#8243; img_size=&#8221;full&#8221; alignment=&#8221;center&#8221; style=&#8221;vc_box_rounded&#8221; css_animation=&#8221;fadeInRight&#8221;][vc_column_text css_animation=&#8221;fadeInRight&#8221;]<\/p>\n<h2 style=\"text-align: center;\"><span style=\"color: #000000;\">Transformer Drying Furnaces<\/span><\/h2>\n<p>Furnaces for the transformer industry, designed for the process of drying transformers under vacuum. By improving the product quality with its competent and homogenous heating system, it shortens the production time and contributes directly to the production.[\/vc_column_text][vc_btn title=&#8221;Read More&#8221; style=&#8221;custom&#8221; custom_background=&#8221;#cf291e&#8221; custom_text=&#8221;#ffffff&#8221; shape=&#8221;round&#8221; size=&#8221;lg&#8221; align=&#8221;center&#8221; css_animation=&#8221;fadeInUp&#8221; button_block=&#8221;true&#8221; link=&#8221;url:https%3A%2F%2Fwww.sistemteknik.com%2Fferrous%2Fen%2Fvacuum-drying-and-transformer-drying-furnaces%2F|title:Transformer%20Drying%20Furnaces&#8221;][\/vc_column_inner][\/vc_row_inner][vc_row_inner gap=&#8221;25&#8243;][vc_column_inner width=&#8221;1\/2&#8243; offset=&#8221;vc_hidden-xs&#8221;][vc_btn title=&#8221;Read More&#8221; style=&#8221;custom&#8221; custom_background=&#8221;#cf291e&#8221; custom_text=&#8221;#ffffff&#8221; shape=&#8221;round&#8221; size=&#8221;lg&#8221; align=&#8221;center&#8221; css_animation=&#8221;fadeInUp&#8221; button_block=&#8221;true&#8221; link=&#8221;url:https%3A%2F%2Fwww.sistemteknik.com%2Fferrous%2Fen%2Ffire-test-furnaces%2F|title:Fire%20Testing%20Furnaces&#8221;][\/vc_column_inner][vc_column_inner width=&#8221;1\/2&#8243; offset=&#8221;vc_hidden-xs&#8221;][vc_btn title=&#8221;Read More&#8221; style=&#8221;custom&#8221; custom_background=&#8221;#cf291e&#8221; custom_text=&#8221;#ffffff&#8221; shape=&#8221;round&#8221; size=&#8221;lg&#8221; align=&#8221;center&#8221; css_animation=&#8221;fadeInUp&#8221; button_block=&#8221;true&#8221; link=&#8221;url:https%3A%2F%2Fwww.sistemteknik.com%2Fferrous%2Ftrafo-kurutma-firinlari%2F|title:Trafo%20Kurutma%20F%C4%B1r%C4%B1nlar%C4%B1&#8243;][\/vc_column_inner][\/vc_row_inner][\/vc_column][\/vc_row][vc_row full_width=&#8221;stretch_row&#8221; css=&#8221;.vc_custom_1544457557873{background-color: #f9f9f9 !important;}&#8221;][vc_column][vc_custom_heading text=&#8221;ST &#8216; News&#8221; font_container=&#8221;tag:h2|text_align:center&#8221; use_theme_fonts=&#8221;yes&#8221; css_animation=&#8221;fadeIn&#8221;][vc_text_separator title=&#8221;&#8221; i_icon_fontawesome=&#8221;far fa-newspaper&#8221; i_color=&#8221;custom&#8221; i_size=&#8221;lg&#8221; border_width=&#8221;3&#8243; css_animation=&#8221;fadeInDown&#8221; add_icon=&#8221;true&#8221; i_custom_color=&#8221;#5f5f5f&#8221;][vc_basic_grid post_type=&#8221;post&#8221; max_items=&#8221;3&#8243; style=&#8221;pagination&#8221; items_per_page=&#8221;3&#8243; item=&#8221;246&#8243; grid_id=&#8221;vc_gid:1762148463117-4346fdc2-0708-6&#8243; el_class=&#8221;home-blog&#8221; taxonomies=&#8221;1&#8243; offset=&#8221;0&#8243; paging_animation_in=&#8221;fadeInRight&#8221; paging_animation_out=&#8221;fadeOutLeft&#8221;][vc_separator css_animation=&#8221;fadeIn&#8221;][vc_btn title=&#8221;ALL NEWS&#8221; style=&#8221;outline-custom&#8221; outline_custom_color=&#8221;#2f2f2f&#8221; outline_custom_hover_background=&#8221;#cf291e&#8221; outline_custom_hover_text=&#8221;#ffffff&#8221; shape=&#8221;round&#8221; align=&#8221;center&#8221; css_animation=&#8221;fadeInUp&#8221; link=&#8221;url:https%3A%2F%2Fwww.sistemteknik.com%2Fferrous%2Fen%2Fblogs%2F|title:News%20Page&#8221;][\/vc_column][\/vc_row]<\/p>\n<\/div>","protected":false},"excerpt":{"rendered":"<p>[vc_row full_width=&#8221;stretch_row_content_no_spaces&#8221; el_class=&#8221;pulled-section&#8221;][vc_column css=&#8221;.vc_custom_1544374678670{padding-top: 0px !important;padding-bottom: 0px !important;}&#8221;][vc_single_image image=&#8221;3921&#8243; img_size=&#8221;full&#8221; [&hellip;]<\/p>\n","protected":false},"author":1,"featured_media":0,"parent":0,"menu_order":8,"comment_status":"closed","ping_status":"closed","template":"","meta":{"footnotes":""},"acf":[],"yoast_head":"<!-- This site is optimized with the Yoast SEO plugin v21.8.1 - https:\/\/yoast.com\/wordpress\/plugins\/seo\/ -->\n<title>Sistem Teknik | Heavy Industry Furnaces Production, Automation<\/title>\n<meta name=\"description\" content=\"Sistem Teknik, which undertakes the production and maintenance of state-of-the-art industrial furnaces, carries out production and furnace automation.\" \/>\n<meta name=\"robots\" content=\"index, follow, max-snippet:-1, max-image-preview:large, max-video-preview:-1\" \/>\n<link rel=\"canonical\" href=\"https:\/\/www.sistemteknik.com\/ferrous\/en\/anasayfa\/\" \/>\n<meta property=\"og:locale\" content=\"en_US\" \/>\n<meta property=\"og:type\" content=\"article\" \/>\n<meta property=\"og:title\" content=\"Sistem Teknik | Heavy Industry Furnaces Production, Automation\" \/>\n<meta property=\"og:description\" content=\"Sistem Teknik, which undertakes the production and maintenance of state-of-the-art industrial furnaces, carries out production and furnace automation.\" \/>\n<meta property=\"og:url\" content=\"https:\/\/www.sistemteknik.com\/ferrous\/en\/anasayfa\/\" \/>\n<meta property=\"og:site_name\" content=\"Sistem Teknik Sanayi F\u0131r\u0131nlar\u0131 A.\u015e.\" \/>\n<meta property=\"article:publisher\" content=\"https:\/\/www.facebook.com\/sistemteknikindustrialfurnace\" \/>\n<meta property=\"article:modified_time\" content=\"2025-11-03T05:42:48+00:00\" \/>\n<meta property=\"og:image\" content=\"https:\/\/www.sistemteknik.com\/ferrous\/wp-content\/uploads\/2022\/08\/logo2x-1.png\" \/>\n\t<meta property=\"og:image:width\" content=\"200\" \/>\n\t<meta property=\"og:image:height\" content=\"140\" \/>\n\t<meta property=\"og:image:type\" content=\"image\/png\" \/>\n<meta name=\"twitter:card\" content=\"summary_large_image\" \/>\n<meta name=\"twitter:label1\" content=\"Est. reading time\" \/>\n\t<meta name=\"twitter:data1\" content=\"7 minutes\" \/>\n<script type=\"application\/ld+json\" class=\"yoast-schema-graph\">{\"@context\":\"https:\/\/schema.org\",\"@graph\":[{\"@type\":\"WebPage\",\"@id\":\"https:\/\/www.sistemteknik.com\/ferrous\/en\/anasayfa\/\",\"url\":\"https:\/\/www.sistemteknik.com\/ferrous\/en\/anasayfa\/\",\"name\":\"Sistem Teknik | Heavy Industry Furnaces Production, Automation\",\"isPartOf\":{\"@id\":\"https:\/\/www.sistemteknik.com\/ferrous\/#website\"},\"datePublished\":\"2018-12-10T16:41:38+00:00\",\"dateModified\":\"2025-11-03T05:42:48+00:00\",\"description\":\"Sistem Teknik, which undertakes the production and maintenance of state-of-the-art industrial furnaces, carries out production and furnace automation.\",\"breadcrumb\":{\"@id\":\"https:\/\/www.sistemteknik.com\/ferrous\/en\/anasayfa\/#breadcrumb\"},\"inLanguage\":\"en-US\",\"potentialAction\":[{\"@type\":\"ReadAction\",\"target\":[\"https:\/\/www.sistemteknik.com\/ferrous\/en\/anasayfa\/\"]}]},{\"@type\":\"BreadcrumbList\",\"@id\":\"https:\/\/www.sistemteknik.com\/ferrous\/en\/anasayfa\/#breadcrumb\",\"itemListElement\":[{\"@type\":\"ListItem\",\"position\":1,\"name\":\"Ana sayfa\",\"item\":\"https:\/\/www.sistemteknik.com\/ferrous\/en\/anasayfa\/\"},{\"@type\":\"ListItem\",\"position\":2,\"name\":\"Home\"}]},{\"@type\":\"WebSite\",\"@id\":\"https:\/\/www.sistemteknik.com\/ferrous\/#website\",\"url\":\"https:\/\/www.sistemteknik.com\/ferrous\/\",\"name\":\"Sistem Teknik Sanayi F\u0131r\u0131nlar\u0131 A.\u015e.\",\"description\":\"\",\"publisher\":{\"@id\":\"https:\/\/www.sistemteknik.com\/ferrous\/#organization\"},\"potentialAction\":[{\"@type\":\"SearchAction\",\"target\":{\"@type\":\"EntryPoint\",\"urlTemplate\":\"https:\/\/www.sistemteknik.com\/ferrous\/?s={search_term_string}\"},\"query-input\":\"required name=search_term_string\"}],\"inLanguage\":\"en-US\"},{\"@type\":\"Organization\",\"@id\":\"https:\/\/www.sistemteknik.com\/ferrous\/#organization\",\"name\":\"Sistem Teknik Sanayi F\u0131r\u0131nlar\u0131 A.\u015e.\",\"url\":\"https:\/\/www.sistemteknik.com\/ferrous\/\",\"logo\":{\"@type\":\"ImageObject\",\"inLanguage\":\"en-US\",\"@id\":\"https:\/\/www.sistemteknik.com\/ferrous\/#\/schema\/logo\/image\/\",\"url\":\"https:\/\/www.sistemteknik.com\/ferrous\/wp-content\/uploads\/2022\/08\/logo2x-1.png\",\"contentUrl\":\"https:\/\/www.sistemteknik.com\/ferrous\/wp-content\/uploads\/2022\/08\/logo2x-1.png\",\"width\":200,\"height\":140,\"caption\":\"Sistem Teknik Sanayi F\u0131r\u0131nlar\u0131 A.\u015e.\"},\"image\":{\"@id\":\"https:\/\/www.sistemteknik.com\/ferrous\/#\/schema\/logo\/image\/\"},\"sameAs\":[\"https:\/\/www.facebook.com\/sistemteknikindustrialfurnace\",\"https:\/\/www.linkedin.com\/company\/sistem-teknik-industrial-furnaces\/\",\"https:\/\/www.instagram.com\/sistemteknikas\/\"]}]}<\/script>\n<!-- \/ Yoast SEO plugin. -->","yoast_head_json":{"title":"Sistem Teknik | Heavy Industry Furnaces Production, Automation","description":"Sistem Teknik, which undertakes the production and maintenance of state-of-the-art industrial furnaces, carries out production and furnace automation.","robots":{"index":"index","follow":"follow","max-snippet":"max-snippet:-1","max-image-preview":"max-image-preview:large","max-video-preview":"max-video-preview:-1"},"canonical":"https:\/\/www.sistemteknik.com\/ferrous\/en\/anasayfa\/","og_locale":"en_US","og_type":"article","og_title":"Sistem Teknik | Heavy Industry Furnaces Production, Automation","og_description":"Sistem Teknik, which undertakes the production and maintenance of state-of-the-art industrial furnaces, carries out production and furnace automation.","og_url":"https:\/\/www.sistemteknik.com\/ferrous\/en\/anasayfa\/","og_site_name":"Sistem Teknik Sanayi F\u0131r\u0131nlar\u0131 A.\u015e.","article_publisher":"https:\/\/www.facebook.com\/sistemteknikindustrialfurnace","article_modified_time":"2025-11-03T05:42:48+00:00","og_image":[{"width":200,"height":140,"url":"https:\/\/www.sistemteknik.com\/ferrous\/wp-content\/uploads\/2022\/08\/logo2x-1.png","type":"image\/png"}],"twitter_card":"summary_large_image","twitter_misc":{"Est. reading time":"7 minutes"},"schema":{"@context":"https:\/\/schema.org","@graph":[{"@type":"WebPage","@id":"https:\/\/www.sistemteknik.com\/ferrous\/en\/anasayfa\/","url":"https:\/\/www.sistemteknik.com\/ferrous\/en\/anasayfa\/","name":"Sistem Teknik | Heavy Industry Furnaces Production, Automation","isPartOf":{"@id":"https:\/\/www.sistemteknik.com\/ferrous\/#website"},"datePublished":"2018-12-10T16:41:38+00:00","dateModified":"2025-11-03T05:42:48+00:00","description":"Sistem Teknik, which undertakes the production and maintenance of state-of-the-art industrial furnaces, carries out production and furnace automation.","breadcrumb":{"@id":"https:\/\/www.sistemteknik.com\/ferrous\/en\/anasayfa\/#breadcrumb"},"inLanguage":"en-US","potentialAction":[{"@type":"ReadAction","target":["https:\/\/www.sistemteknik.com\/ferrous\/en\/anasayfa\/"]}]},{"@type":"BreadcrumbList","@id":"https:\/\/www.sistemteknik.com\/ferrous\/en\/anasayfa\/#breadcrumb","itemListElement":[{"@type":"ListItem","position":1,"name":"Ana sayfa","item":"https:\/\/www.sistemteknik.com\/ferrous\/en\/anasayfa\/"},{"@type":"ListItem","position":2,"name":"Home"}]},{"@type":"WebSite","@id":"https:\/\/www.sistemteknik.com\/ferrous\/#website","url":"https:\/\/www.sistemteknik.com\/ferrous\/","name":"Sistem Teknik Sanayi F\u0131r\u0131nlar\u0131 A.\u015e.","description":"","publisher":{"@id":"https:\/\/www.sistemteknik.com\/ferrous\/#organization"},"potentialAction":[{"@type":"SearchAction","target":{"@type":"EntryPoint","urlTemplate":"https:\/\/www.sistemteknik.com\/ferrous\/?s={search_term_string}"},"query-input":"required name=search_term_string"}],"inLanguage":"en-US"},{"@type":"Organization","@id":"https:\/\/www.sistemteknik.com\/ferrous\/#organization","name":"Sistem Teknik Sanayi F\u0131r\u0131nlar\u0131 A.\u015e.","url":"https:\/\/www.sistemteknik.com\/ferrous\/","logo":{"@type":"ImageObject","inLanguage":"en-US","@id":"https:\/\/www.sistemteknik.com\/ferrous\/#\/schema\/logo\/image\/","url":"https:\/\/www.sistemteknik.com\/ferrous\/wp-content\/uploads\/2022\/08\/logo2x-1.png","contentUrl":"https:\/\/www.sistemteknik.com\/ferrous\/wp-content\/uploads\/2022\/08\/logo2x-1.png","width":200,"height":140,"caption":"Sistem Teknik Sanayi F\u0131r\u0131nlar\u0131 A.\u015e."},"image":{"@id":"https:\/\/www.sistemteknik.com\/ferrous\/#\/schema\/logo\/image\/"},"sameAs":["https:\/\/www.facebook.com\/sistemteknikindustrialfurnace","https:\/\/www.linkedin.com\/company\/sistem-teknik-industrial-furnaces\/","https:\/\/www.instagram.com\/sistemteknikas\/"]}]}},"_links":{"self":[{"href":"https:\/\/www.sistemteknik.com\/ferrous\/en\/wp-json\/wp\/v2\/pages\/1028"}],"collection":[{"href":"https:\/\/www.sistemteknik.com\/ferrous\/en\/wp-json\/wp\/v2\/pages"}],"about":[{"href":"https:\/\/www.sistemteknik.com\/ferrous\/en\/wp-json\/wp\/v2\/types\/page"}],"author":[{"embeddable":true,"href":"https:\/\/www.sistemteknik.com\/ferrous\/en\/wp-json\/wp\/v2\/users\/1"}],"replies":[{"embeddable":true,"href":"https:\/\/www.sistemteknik.com\/ferrous\/en\/wp-json\/wp\/v2\/comments?post=1028"}],"version-history":[{"count":20,"href":"https:\/\/www.sistemteknik.com\/ferrous\/en\/wp-json\/wp\/v2\/pages\/1028\/revisions"}],"predecessor-version":[{"id":4563,"href":"https:\/\/www.sistemteknik.com\/ferrous\/en\/wp-json\/wp\/v2\/pages\/1028\/revisions\/4563"}],"wp:attachment":[{"href":"https:\/\/www.sistemteknik.com\/ferrous\/en\/wp-json\/wp\/v2\/media?parent=1028"}],"curies":[{"name":"wp","href":"https:\/\/api.w.org\/{rel}","templated":true}]}}